{"id":1080,"date":"2020-01-28T12:42:31","date_gmt":"2020-01-28T12:42:31","guid":{"rendered":"http:\/\/landfillsolutions.eu\/?page_id=1080"},"modified":"2021-09-03T09:00:26","modified_gmt":"2021-09-03T09:00:26","slug":"aviso-legal","status":"publish","type":"page","link":"https:\/\/landfillsolutions.es\/es\/aviso-legal\/","title":{"rendered":"Aviso Legal"},"content":{"rendered":"<p>[et_pb_section fb_built=\u00bb1&#8243; fullwidth=\u00bbon\u00bb _builder_version=\u00bb4.4.8&#8243; background_enable_color=\u00bboff\u00bb use_background_color_gradient=\u00bbon\u00bb background_color_gradient_start=\u00bbrgba(255,255,255,0.66)\u00bb background_color_gradient_end=\u00bb#29c695&#8243; background_image=\u00bbhttps:\/\/landfillsolutions.es\/es\/wp-content\/uploads\/2020\/01\/meadow-3743023_1920.jpg\u00bb background_position=\u00bbbottom_center\u00bb custom_padding=\u00bb0px|0px|0px|0px\u00bb filter_saturate=\u00bb111%\u00bb locked=\u00bboff\u00bb global_colors_info=\u00bb{}\u00bb][et_pb_fullwidth_header title=\u00bbAviso Legal\u00bb text_orientation=\u00bbcenter\u00bb header_scroll_down=\u00bbon\u00bb scroll_down_icon=\u00bb%%1%%\u00bb _builder_version=\u00bb4.4.8&#8243; title_font=\u00bb|700|||||||\u00bb title_text_color=\u00bb#ffffff\u00bb title_font_size=\u00bb50px\u00bb content_font=\u00bb||||||||\u00bb background_color=\u00bbrgba(255,255,255,0.7)\u00bb use_background_color_gradient=\u00bbon\u00bb background_color_gradient_start=\u00bbrgba(0,126,61,0.41)\u00bb background_color_gradient_end=\u00bbrgba(54,40,131,0.22)\u00bb background_enable_image=\u00bboff\u00bb background_layout=\u00bblight\u00bb custom_margin=\u00bb|||\u00bb custom_padding=\u00bb100px||150px|\u00bb custom_padding_tablet=\u00bb\u00bb custom_padding_phone=\u00bb12%||12%||true|false\u00bb custom_padding_last_edited=\u00bbon|phone\u00bb title_font_size_tablet=\u00bb\u00bb title_font_size_phone=\u00bb30px\u00bb title_font_size_last_edited=\u00bbon|phone\u00bb global_colors_info=\u00bb{}\u00bb button_one_text_size__hover_enabled=\u00bboff\u00bb button_two_text_size__hover_enabled=\u00bboff\u00bb button_one_text_color__hover_enabled=\u00bboff\u00bb button_two_text_color__hover_enabled=\u00bboff\u00bb button_one_border_width__hover_enabled=\u00bboff\u00bb button_two_border_width__hover_enabled=\u00bboff\u00bb button_one_border_color__hover_enabled=\u00bboff\u00bb button_two_border_color__hover_enabled=\u00bboff\u00bb button_one_border_radius__hover_enabled=\u00bboff\u00bb button_two_border_radius__hover_enabled=\u00bboff\u00bb button_one_letter_spacing__hover_enabled=\u00bboff\u00bb button_two_letter_spacing__hover_enabled=\u00bboff\u00bb button_one_bg_color__hover_enabled=\u00bboff\u00bb button_two_bg_color__hover_enabled=\u00bboff\u00bb][\/et_pb_fullwidth_header][\/et_pb_section][et_pb_section fb_built=\u00bb1&#8243; _builder_version=\u00bb4.2.2&#8243; global_colors_info=\u00bb{}\u00bb][et_pb_row _builder_version=\u00bb4.2.2&#8243; custom_padding=\u00bb39px|||||\u00bb global_colors_info=\u00bb{}\u00bb][et_pb_column type=\u00bb4_4&#8243; _builder_version=\u00bb4.2.2&#8243; global_colors_info=\u00bb{}\u00bb][et_pb_text _builder_version=\u00bb4.4.7&#8243; text_font=\u00bb|700|||||||\u00bb text_text_color=\u00bb#000000&#8243; text_font_size=\u00bb26px\u00bb global_colors_info=\u00bb{}\u00bb]<\/p>\n<p>Aviso legal<\/p>\n<p>[\/et_pb_text][et_pb_text _builder_version=\u00bb4.10.5&#8243; text_text_color=\u00bb#000000&#8243; text_font_size=\u00bb18px\u00bb text_line_height=\u00bb1.2em\u00bb text_orientation=\u00bbjustified\u00bb hover_enabled=\u00bb0&#8243; global_colors_info=\u00bb{}\u00bb sticky_enabled=\u00bb0&#8243;]<\/p>\n<p>DATOS IDENTIFICATIVOS: LANDFILLSOLUTIONS es una marca de PIPOTE S.L. En cumplimiento con el deber de informaci\u00f3n recogido en art\u00edculo 10 de la Ley 34\/2002, de 11 de julio, de Servicios de la Sociedad de la Informaci\u00f3n y del Comercio Electr\u00f3nico, a continuaci\u00f3n se reflejan los siguientes datos: la empresa titular de dominio web es Pipote S.L., con domicilio a estos efectos en Calle Raimundo Fdez. Villaverde 45, 28003 \u2013 Madrid n\u00famero de C.I.F.: B84959113 inscrita en el Registro Mercantil de Madrid en el tomo 23722, folio 123, Hoja M-425760. Correo electr\u00f3nico de contacto: info@landfillsolutions.eu del sitio web.<\/p>\n<p>USUARIOS: El acceso y\/o uso de este portal de Pipote S.L. del sitio web atribuye la condici\u00f3n de USUARIO, que acepta, desde dicho acceso y\/o uso, las Condiciones Generales de Uso aqu\u00ed reflejadas. Las citadas Condiciones ser\u00e1n de aplicaci\u00f3n independientemente de las Condiciones Generales de Contrataci\u00f3n que en su caso resulten de obligado cumplimiento.<\/p>\n<p> USO DEL PORTAL: indicar dominio proporciona el acceso a multitud de informaciones, servicios, programas o datos (en adelante, \u00ablos contenidos\u00bb) en Internet pertenecientes a Pipote S.L. \u00a0o a sus licenciantes a los que el USUARIO pueda tener acceso. El USUARIO asume la responsabilidad del uso del portal. Dicha responsabilidad se extiende al registro que fuese necesario para acceder a determinados servicios o contenidos. En dicho registro el USUARIO ser\u00e1 responsable de aportar informaci\u00f3n veraz y l\u00edcita. Como consecuencia de este registro, al USUARIO se le puede proporcionar una contrase\u00f1a de la que ser\u00e1 responsable, comprometi\u00e9ndose a hacer un uso diligente y confidencial de la misma. El USUARIO se compromete a hacer un uso adecuado de los contenidos y servicios (como por ejemplo servicios de chat, foros de discusi\u00f3n o grupos de noticias) que Nombre de la empresa creadora del sitio web ofrece a trav\u00e9s de su portal y con car\u00e1cter enunciativo pero no limitativo, a no emplearlos para (i) incurrir en actividades il\u00edcitas, ilegales o contrarias a la buena fe y al orden p\u00fablico; (ii) difundir contenidos o propaganda de car\u00e1cter racista, xen\u00f3fobo, pornogr\u00e1fico-ilegal, de apolog\u00eda del terrorismo o atentatorio contra los derechos humanos; (iii) provocar da\u00f1os en los sistemas f\u00edsicos y l\u00f3gicos de Pipote S.L. , de sus proveedores o de terceras personas, introducir o difundir en la red virus inform\u00e1ticos o cualesquiera otros sistemas f\u00edsicos o l\u00f3gicos que sean susceptibles de provocar los da\u00f1os anteriormente mencionados; (iv) intentar acceder y, en su caso, utilizar las cuentas de correo electr\u00f3nico de otros usuarios y modificar o manipular sus mensajes. Nombre de la empresa creadora del sitio web se reserva el derecho de retirar todos aquellos comentarios y aportaciones que vulneren el respeto a la dignidad de la persona, que sean discriminatorios, xen\u00f3fobos, racistas, pornogr\u00e1ficos, que atenten contra la juventud o la infancia, el orden o la seguridad p\u00fablica o que, a su juicio, no resultaran adecuados para su publicaci\u00f3n. En cualquier caso, Nombre de la empresa creadora del sitio web no ser\u00e1 responsable de las opiniones vertidas por los usuarios a trav\u00e9s de los foros, chats, u otras herramientas de participaci\u00f3n.<\/p>\n<p> PROTECCI\u00d3N DE DATOS: Leer Pol\u00edtica de privacidad.<\/p>\n<p> PROPIEDAD INTELECTUAL E INDUSTRIAL: Pipote S.L. por s\u00ed o como cesionaria, es titular de todos los derechos de propiedad intelectual e industrial de su p\u00e1gina web, as\u00ed como de los elementos contenidos en la misma (a t\u00edtulo enunciativo, im\u00e1genes, sonido, audio, v\u00eddeo, software o textos; marcas o logotipos, combinaciones de colores, estructura y dise\u00f1o, selecci\u00f3n de materiales usados, acceso y uso, etc.), titularidad de Pipote S.L. del sitio web o bien de sus licenciantes. Todos los derechos reservados. En virtud de lo dispuesto en los art\u00edculos 8 y 32.1, p\u00e1rrafo segundo, de la Ley de Propiedad Intelectual, quedan expresamente prohibidas la reproducci\u00f3n, la distribuci\u00f3n y la comunicaci\u00f3n p\u00fablica, incluida su modalidad de puesta a disposici\u00f3n, de la totalidad o parte de los contenidos de esta p\u00e1gina web, con fines comerciales, en cualquier soporte y por cualquier medio t\u00e9cnico, sin la autorizaci\u00f3n de Pipote S.L. . El USUARIO se compromete a respetar los derechos de Propiedad Intelectual e Industrial titularidad de Pipote S.L.. Podr\u00e1 visualizar los elementos del portal e incluso imprimirlos, copiarlos y almacenarlos en el disco duro de su ordenador o en cualquier otro soporte f\u00edsico siempre y cuando sea, \u00fanica y exclusivamente, para su uso personal y privado. El USUARIO deber\u00e1 abstenerse de suprimir, alterar, eludir o manipular cualquier dispositivo de protecci\u00f3n o sistema de seguridad que estuviera instalado en el las p\u00e1ginas de Pipote S.L..<\/p>\n<p> EXCLUSI\u00d3N DE GARANT\u00cdAS Y RESPONSABILIDAD: Pipote S.L. no se hace responsable, en ning\u00fan caso, de los da\u00f1os y perjuicios de cualquier naturaleza que pudieran ocasionar, a t\u00edtulo enunciativo: errores u omisiones en los contenidos, falta de disponibilidad del portal o la transmisi\u00f3n de virus o programas maliciosos o lesivos en los contenidos, a pesar de haber adoptado todas las medidas tecnol\u00f3gicas necesarias para evitarlo.<\/p>\n<p> MODIFICACIONES: Pipote S.L. se reserva el derecho de efectuar sin previo aviso las modificaciones que considere oportunas en su portal, pudiendo cambiar, suprimir o a\u00f1adir tanto los contenidos y servicios que se presten a trav\u00e9s de la misma como la forma en la que \u00e9stos aparezcan presentados o localizados en su portal.<\/p>\n<p> ENLACES: En el caso de que en www.landfillsolutions.eu se dispusiesen enlaces o hiperv\u00ednculos hac\u00eda otros sitios de Internet, Pipote S.L. no ejercer\u00e1 ning\u00fan tipo de control sobre dichos sitios y contenidos. En ning\u00fan caso Pipote S.L. asumir\u00e1 responsabilidad alguna por los contenidos de alg\u00fan enlace perteneciente a un sitio web ajeno, ni garantizar\u00e1 la disponibilidad t\u00e9cnica, calidad, fiabilidad, exactitud, amplitud, veracidad, validez y constitucionalidad de cualquier material o informaci\u00f3n contenida en ninguno de dichos hiperv\u00ednculos u otros sitios de Internet. Igualmente la inclusi\u00f3n de estas conexiones externas no implicar\u00e1 ning\u00fan tipo de asociaci\u00f3n, fusi\u00f3n o participaci\u00f3n con las entidades conectadas.<\/p>\n<p> DERECHO DE EXCLUSI\u00d3N: Pipote S.L. se reserva el derecho a denegar o retirar el acceso a portal y\/o los servicios ofrecidos sin necesidad de preaviso, a instancia propia o de un tercero, a aquellos usuarios que incumplan las presentes Condiciones Generales de Uso.<\/p>\n<p> GENERALIDADES: Pipote S.L. perseguir\u00e1 el incumplimiento de las presentes condiciones as\u00ed como cualquier utilizaci\u00f3n indebida de su portal ejerciendo todas las acciones civiles y penales que le puedan corresponder en derecho.<\/p>\n<p> MODIFICACI\u00d3N DE LAS PRESENTES CONDICIONES Y DURACI\u00d3N: Pipote S.L. podr\u00e1 modificar en cualquier momento las condiciones aqu\u00ed determinadas, siendo debidamente publicadas como aqu\u00ed aparecen. La vigencia de las citadas condiciones ir\u00e1 en funci\u00f3n de su exposici\u00f3n y estar\u00e1n vigentes hasta que sean modificadas por otras debidamente publicadas.<\/p>\n<p> LEGISLACI\u00d3N APLICABLE Y JURISDICCI\u00d3N: La relaci\u00f3n entre Pipote S.L. y el USUARIO se regir\u00e1 por la normativa espa\u00f1ola vigente y cualquier controversia se someter\u00e1 a los Juzgados y tribunales de la ciudad de Madrid.<\/p>\n<p>[\/et_pb_text][\/et_pb_column][\/et_pb_row][\/et_pb_section][et_pb_section fb_built=\u00bb1&#8243; fullwidth=\u00bbon\u00bb _builder_version=\u00bb4.9.4&#8243; background_color=\u00bbrgba(0,126,61,0.32)\u00bb width=\u00bb100%\u00bb max_width=\u00bb100%\u00bb custom_margin=\u00bb||||false|false\u00bb custom_padding=\u00bb0.5%||||false|false\u00bb global_module=\u00bb1767&#8243; global_colors_info=\u00bb{}\u00bb][\/et_pb_section]<\/p>\n","protected":false},"excerpt":{"rendered":"<p>Aviso legalDATOS IDENTIFICATIVOS: LANDFILLSOLUTIONS es una marca de PIPOTE S.L. En cumplimiento con el deber de informaci\u00f3n recogido en art\u00edculo 10 de la Ley 34\/2002, de 11 de julio, de Servicios de la Sociedad de la Informaci\u00f3n y del Comercio Electr\u00f3nico, a continuaci\u00f3n se reflejan los siguientes datos: la empresa titular de dominio web es [&hellip;]<\/p>\n","protected":false},"author":3,"featured_media":0,"parent":0,"menu_order":0,"comment_status":"closed","ping_status":"closed","template":"","meta":{"_et_pb_use_builder":"on","_et_pb_old_content":"","_et_gb_content_width":""},"yoast_head":"<!-- This site is optimized with the Yoast SEO plugin v20.0 - https:\/\/yoast.com\/wordpress\/plugins\/seo\/ -->\n<title>Aviso Legal - Landfillsolutions<\/title>\n<meta name=\"robots\" content=\"noindex, follow\" \/>\n<meta property=\"og:locale\" content=\"es_ES\" \/>\n<meta property=\"og:type\" content=\"article\" \/>\n<meta property=\"og:title\" content=\"Aviso Legal - Landfillsolutions\" \/>\n<meta property=\"og:description\" content=\"Aviso legalDATOS IDENTIFICATIVOS: LANDFILLSOLUTIONS es una marca de PIPOTE S.L. En cumplimiento con el deber de informaci\u00f3n recogido en art\u00edculo 10 de la Ley 34\/2002, de 11 de julio, de Servicios de la Sociedad de la Informaci\u00f3n y del Comercio Electr\u00f3nico, a continuaci\u00f3n se reflejan los siguientes datos: la empresa titular de dominio web es [&hellip;]\" \/>\n<meta property=\"og:url\" content=\"https:\/\/landfillsolutions.es\/es\/aviso-legal\/\" \/>\n<meta property=\"og:site_name\" content=\"Landfillsolutions\" \/>\n<meta property=\"article:modified_time\" content=\"2021-09-03T09:00:26+00:00\" \/>\n<meta name=\"twitter:card\" content=\"summary_large_image\" \/>\n<meta name=\"twitter:label1\" content=\"Tiempo de lectura\" \/>\n\t<meta name=\"twitter:data1\" content=\"8 minutos\" \/>\n<script type=\"application\/ld+json\" class=\"yoast-schema-graph\">{\"@context\":\"https:\/\/schema.org\",\"@graph\":[{\"@type\":\"WebPage\",\"@id\":\"https:\/\/landfillsolutions.es\/es\/aviso-legal\/\",\"url\":\"https:\/\/landfillsolutions.es\/es\/aviso-legal\/\",\"name\":\"Aviso Legal - Landfillsolutions\",\"isPartOf\":{\"@id\":\"https:\/\/landfillsolutions.es\/es\/#website\"},\"datePublished\":\"2020-01-28T12:42:31+00:00\",\"dateModified\":\"2021-09-03T09:00:26+00:00\",\"breadcrumb\":{\"@id\":\"https:\/\/landfillsolutions.es\/es\/aviso-legal\/#breadcrumb\"},\"inLanguage\":\"es\",\"potentialAction\":[{\"@type\":\"ReadAction\",\"target\":[\"https:\/\/landfillsolutions.es\/es\/aviso-legal\/\"]}]},{\"@type\":\"BreadcrumbList\",\"@id\":\"https:\/\/landfillsolutions.es\/es\/aviso-legal\/#breadcrumb\",\"itemListElement\":[{\"@type\":\"ListItem\",\"position\":1,\"name\":\"Portada\",\"item\":\"https:\/\/landfillsolutions.es\/es\/\"},{\"@type\":\"ListItem\",\"position\":2,\"name\":\"Aviso Legal\"}]},{\"@type\":\"WebSite\",\"@id\":\"https:\/\/landfillsolutions.es\/es\/#website\",\"url\":\"https:\/\/landfillsolutions.es\/es\/\",\"name\":\"Landfillsolutions\",\"description\":\"Con el sistema REVALUO logramos reducir en torno al 85 \u2013 90% la cantidad de residuo que va a parar al vertedero\",\"publisher\":{\"@id\":\"https:\/\/landfillsolutions.es\/es\/#organization\"},\"potentialAction\":[{\"@type\":\"SearchAction\",\"target\":{\"@type\":\"EntryPoint\",\"urlTemplate\":\"https:\/\/landfillsolutions.es\/es\/?s={search_term_string}\"},\"query-input\":\"required name=search_term_string\"}],\"inLanguage\":\"es\"},{\"@type\":\"Organization\",\"@id\":\"https:\/\/landfillsolutions.es\/es\/#organization\",\"name\":\"Landfillsolutions\",\"url\":\"https:\/\/landfillsolutions.es\/es\/\",\"logo\":{\"@type\":\"ImageObject\",\"inLanguage\":\"es\",\"@id\":\"https:\/\/landfillsolutions.es\/es\/#\/schema\/logo\/image\/\",\"url\":\"https:\/\/landfillsolutions.es\/es\/wp-content\/uploads\/2021\/03\/logo-menu.png\",\"contentUrl\":\"https:\/\/landfillsolutions.es\/es\/wp-content\/uploads\/2021\/03\/logo-menu.png\",\"width\":290,\"height\":35,\"caption\":\"Landfillsolutions\"},\"image\":{\"@id\":\"https:\/\/landfillsolutions.es\/es\/#\/schema\/logo\/image\/\"}}]}<\/script>\n<!-- \/ Yoast SEO plugin. -->","yoast_head_json":{"title":"Aviso Legal - Landfillsolutions","robots":{"index":"noindex","follow":"follow"},"og_locale":"es_ES","og_type":"article","og_title":"Aviso Legal - Landfillsolutions","og_description":"Aviso legalDATOS IDENTIFICATIVOS: LANDFILLSOLUTIONS es una marca de PIPOTE S.L. En cumplimiento con el deber de informaci\u00f3n recogido en art\u00edculo 10 de la Ley 34\/2002, de 11 de julio, de Servicios de la Sociedad de la Informaci\u00f3n y del Comercio Electr\u00f3nico, a continuaci\u00f3n se reflejan los siguientes datos: la empresa titular de dominio web es [&hellip;]","og_url":"https:\/\/landfillsolutions.es\/es\/aviso-legal\/","og_site_name":"Landfillsolutions","article_modified_time":"2021-09-03T09:00:26+00:00","twitter_card":"summary_large_image","twitter_misc":{"Tiempo de lectura":"8 minutos"},"schema":{"@context":"https:\/\/schema.org","@graph":[{"@type":"WebPage","@id":"https:\/\/landfillsolutions.es\/es\/aviso-legal\/","url":"https:\/\/landfillsolutions.es\/es\/aviso-legal\/","name":"Aviso Legal - Landfillsolutions","isPartOf":{"@id":"https:\/\/landfillsolutions.es\/es\/#website"},"datePublished":"2020-01-28T12:42:31+00:00","dateModified":"2021-09-03T09:00:26+00:00","breadcrumb":{"@id":"https:\/\/landfillsolutions.es\/es\/aviso-legal\/#breadcrumb"},"inLanguage":"es","potentialAction":[{"@type":"ReadAction","target":["https:\/\/landfillsolutions.es\/es\/aviso-legal\/"]}]},{"@type":"BreadcrumbList","@id":"https:\/\/landfillsolutions.es\/es\/aviso-legal\/#breadcrumb","itemListElement":[{"@type":"ListItem","position":1,"name":"Portada","item":"https:\/\/landfillsolutions.es\/es\/"},{"@type":"ListItem","position":2,"name":"Aviso Legal"}]},{"@type":"WebSite","@id":"https:\/\/landfillsolutions.es\/es\/#website","url":"https:\/\/landfillsolutions.es\/es\/","name":"Landfillsolutions","description":"Con el sistema REVALUO logramos reducir en torno al 85 \u2013 90% la cantidad de residuo que va a parar al vertedero","publisher":{"@id":"https:\/\/landfillsolutions.es\/es\/#organization"},"potentialAction":[{"@type":"SearchAction","target":{"@type":"EntryPoint","urlTemplate":"https:\/\/landfillsolutions.es\/es\/?s={search_term_string}"},"query-input":"required name=search_term_string"}],"inLanguage":"es"},{"@type":"Organization","@id":"https:\/\/landfillsolutions.es\/es\/#organization","name":"Landfillsolutions","url":"https:\/\/landfillsolutions.es\/es\/","logo":{"@type":"ImageObject","inLanguage":"es","@id":"https:\/\/landfillsolutions.es\/es\/#\/schema\/logo\/image\/","url":"https:\/\/landfillsolutions.es\/es\/wp-content\/uploads\/2021\/03\/logo-menu.png","contentUrl":"https:\/\/landfillsolutions.es\/es\/wp-content\/uploads\/2021\/03\/logo-menu.png","width":290,"height":35,"caption":"Landfillsolutions"},"image":{"@id":"https:\/\/landfillsolutions.es\/es\/#\/schema\/logo\/image\/"}}]}},"_links":{"self":[{"href":"https:\/\/landfillsolutions.es\/es\/wp-json\/wp\/v2\/pages\/1080"}],"collection":[{"href":"https:\/\/landfillsolutions.es\/es\/wp-json\/wp\/v2\/pages"}],"about":[{"href":"https:\/\/landfillsolutions.es\/es\/wp-json\/wp\/v2\/types\/page"}],"author":[{"embeddable":true,"href":"https:\/\/landfillsolutions.es\/es\/wp-json\/wp\/v2\/users\/3"}],"replies":[{"embeddable":true,"href":"https:\/\/landfillsolutions.es\/es\/wp-json\/wp\/v2\/comments?post=1080"}],"version-history":[{"count":10,"href":"https:\/\/landfillsolutions.es\/es\/wp-json\/wp\/v2\/pages\/1080\/revisions"}],"predecessor-version":[{"id":256119,"href":"https:\/\/landfillsolutions.es\/es\/wp-json\/wp\/v2\/pages\/1080\/revisions\/256119"}],"wp:attachment":[{"href":"https:\/\/landfillsolutions.es\/es\/wp-json\/wp\/v2\/media?parent=1080"}],"curies":[{"name":"wp","href":"https:\/\/api.w.org\/{rel}","templated":true}]}}