{"id":1113,"date":"2020-01-29T10:26:00","date_gmt":"2020-01-29T10:26:00","guid":{"rendered":"http:\/\/landfillsolutions.eu\/?page_id=1113"},"modified":"2021-10-21T10:07:09","modified_gmt":"2021-10-21T10:07:09","slug":"meriolisis","status":"publish","type":"page","link":"https:\/\/landfillsolutions.es\/es\/meriolisis\/","title":{"rendered":"Meri\u00f3lisis"},"content":{"rendered":"<p>[et_pb_section fb_built=\u00bb1&#8243; fullwidth=\u00bbon\u00bb _builder_version=\u00bb4.9.10&#8243; background_enable_color=\u00bboff\u00bb use_background_color_gradient=\u00bbon\u00bb background_color_gradient_start=\u00bbrgba(255,255,255,0.66)\u00bb background_color_gradient_end=\u00bb#29c695&#8243; background_image=\u00bbhttps:\/\/landfillsolutions.es\/es\/wp-content\/uploads\/2021\/08\/Planta-de-meriolisis.jpg\u00bb background_position=\u00bbbottom_center\u00bb custom_padding=\u00bb0px|0px|0px|0px\u00bb filter_saturate=\u00bb111%\u00bb locked=\u00bboff\u00bb global_colors_info=\u00bb{}\u00bb][et_pb_fullwidth_header title=\u00bbMeri\u00f3lisis: Descomposici\u00f3n t\u00e9rmica de residuos\u00bb text_orientation=\u00bbcenter\u00bb header_scroll_down=\u00bbon\u00bb scroll_down_icon=\u00bb%%1%%\u00bb scroll_down_icon_color_tablet=\u00bb\u00bb scroll_down_icon_color_phone=\u00bbRGBA(0,0,0,0)\u00bb scroll_down_icon_color_last_edited=\u00bbon|phone\u00bb _builder_version=\u00bb4.11.2&#8243; title_font=\u00bb|700|||||||\u00bb title_text_color=\u00bb#ffffff\u00bb title_font_size=\u00bb60px\u00bb content_font=\u00bb||||||||\u00bb background_color=\u00bbrgba(255,255,255,0.7)\u00bb use_background_color_gradient=\u00bbon\u00bb background_color_gradient_start=\u00bbrgba(0,126,61,0.41)\u00bb background_color_gradient_end=\u00bbrgba(0,126,61,0.41)\u00bb background_enable_image=\u00bboff\u00bb background_layout=\u00bblight\u00bb custom_margin=\u00bb|||\u00bb custom_padding=\u00bb7.3%||7.3%||true|false\u00bb custom_padding_tablet=\u00bb5%||5%||true|false\u00bb custom_padding_phone=\u00bb0%||0%||true|false\u00bb custom_padding_last_edited=\u00bbon|phone\u00bb title_font_size_tablet=\u00bb40px\u00bb title_font_size_phone=\u00bb38px\u00bb title_font_size_last_edited=\u00bbon|phone\u00bb global_colors_info=\u00bb{}\u00bb button_one_text_size__hover_enabled=\u00bboff\u00bb button_two_text_size__hover_enabled=\u00bboff\u00bb button_one_text_color__hover_enabled=\u00bboff\u00bb button_two_text_color__hover_enabled=\u00bboff\u00bb button_one_border_width__hover_enabled=\u00bboff\u00bb button_two_border_width__hover_enabled=\u00bboff\u00bb button_one_border_color__hover_enabled=\u00bboff\u00bb button_two_border_color__hover_enabled=\u00bboff\u00bb button_one_border_radius__hover_enabled=\u00bboff\u00bb button_two_border_radius__hover_enabled=\u00bboff\u00bb button_one_letter_spacing__hover_enabled=\u00bboff\u00bb button_two_letter_spacing__hover_enabled=\u00bboff\u00bb button_one_bg_color__hover_enabled=\u00bboff\u00bb button_two_bg_color__hover_enabled=\u00bboff\u00bb][\/et_pb_fullwidth_header][\/et_pb_section][et_pb_section fb_built=\u00bb1&#8243; _builder_version=\u00bb4.9.10&#8243; custom_margin=\u00bb0px||0px||true|false\u00bb custom_padding=\u00bb0px||0px||true|false\u00bb locked=\u00bboff\u00bb global_colors_info=\u00bb{}\u00bb][et_pb_row column_structure=\u00bb1_2,1_2&#8243; use_custom_gutter=\u00bbon\u00bb gutter_width=\u00bb1&#8243; make_equal=\u00bbon\u00bb _builder_version=\u00bb4.9.10&#8243; width=\u00bb100%\u00bb min_height=\u00bb487.95px\u00bb custom_margin=\u00bb0px||0px||true|false\u00bb custom_padding=\u00bb0px||0px||true|false\u00bb animation_style=\u00bbslide\u00bb animation_direction=\u00bbright\u00bb animation_intensity_slide=\u00bb5%\u00bb global_colors_info=\u00bb{}\u00bb][et_pb_column type=\u00bb1_2&#8243; _builder_version=\u00bb4.3.2&#8243; background_color=\u00bb#f9f9f9&#8243; custom_padding=\u00bb3%|3%|3%|3%|true|true\u00bb global_colors_info=\u00bb{}\u00bb][et_pb_text ul_type=\u00bbsquare\u00bb ul_position=\u00bbinside\u00bb _builder_version=\u00bb4.11.3&#8243; text_text_color=\u00bb#000000&#8243; text_font_size=\u00bb18px\u00bb ul_line_height=\u00bb1.3em\u00bb text_orientation=\u00bbjustified\u00bb text_font_size_tablet=\u00bb\u00bb text_font_size_phone=\u00bb16px\u00bb text_font_size_last_edited=\u00bbon|phone\u00bb global_colors_info=\u00bb{}\u00bb]<\/p>\n<p>La Meri\u00f3lisis supone la <strong>descomposici\u00f3n t\u00e9rmica (Termodescomposici\u00f3n) de residuos<\/strong> por medio de presi\u00f3n y \u00a0temperatura entre 650\u00b0C y 1200\u00b0C (<span style=\"color: #339966;\"><strong>calentando<\/strong><\/span>, <span style=\"color: #ff0000;\"><strong><span style=\"text-decoration: line-through;\">no quemando<\/span><\/strong><\/span>). <strong>En ausencia de ox\u00edgeno<\/strong>, la uni\u00f3n de las mol\u00e9culas contenidas en el residuo s\u00f3lido se rompe, reagrupando los \u00e1tomos de los gases y carbonos combustibles y liberando ox\u00edgeno.<\/p>\n<p>La Meri\u00f3lisis tiene <strong>emisiones m\u00ednimas, muy por debajo <\/strong>de lo indicado por la normativa europea ya que los residuos, son controlados y transformados en energ\u00eda, evitando as\u00ed la liberaci\u00f3n de toxinas a la atm\u00f3sfera.<\/p>\n<p>A continuaci\u00f3n, se muestra una comparativa con indicadores orientativos de emisiones nocivas de otras tecnolog\u00edas:<\/p>\n<ul>\n<li>Incinerador: Entre 1,13-18,52 kg\/h of CO<sub style=\"font-size: 12px;\">2<\/sub><\/li>\n<li>Coche de Gasolina: &gt;112g\/km 5,6 kg\/h en ciudad, 13,44 kg\/h en carretera<\/li>\n<li>Coche h\u00edbrido europeo (el\u00e9ctrico + Gasolina): &gt; 55g\/km. 2,75 kg\/h en ciudad, 6,6 kg\/h en carretera.<\/li>\n<li>Planta de Meri\u00f3lisis: 1,7 g\/h con RSU, 3,9 g\/h con pl\u00e1stico.<\/li>\n<\/ul>\n<p>[\/et_pb_text][\/et_pb_column][et_pb_column type=\u00bb1_2&#8243; _builder_version=\u00bb4.3.2&#8243; background_color=\u00bb#ffffff\u00bb background_enable_image=\u00bboff\u00bb custom_padding=\u00bb||||true|true\u00bb custom_padding_tablet=\u00bb0px||0px||true|true\u00bb custom_padding_phone=\u00bb\u00bb custom_padding_last_edited=\u00bbon|tablet\u00bb global_colors_info=\u00bb{}\u00bb][et_pb_slider use_bg_overlay=\u00bboff\u00bb use_text_overlay=\u00bboff\u00bb _builder_version=\u00bb4.10.5&#8243; header_font=\u00bb|300|||||||\u00bb header_text_color=\u00bbRGBA(0,0,0,0)\u00bb body_font=\u00bb|300|||||||\u00bb body_text_color=\u00bbRGBA(0,0,0,0)\u00bb background_enable_color=\u00bboff\u00bb custom_button=\u00bbon\u00bb button_text_color=\u00bbRGBA(0,0,0,0)\u00bb min_height=\u00bb583px\u00bb min_height_tablet=\u00bb\u00bb min_height_phone=\u00bb300px\u00bb min_height_last_edited=\u00bbon|phone\u00bb custom_margin=\u00bb||||false|true\u00bb custom_margin_tablet=\u00bb0%||||false|true\u00bb custom_margin_phone=\u00bb\u00bb custom_margin_last_edited=\u00bbon|tablet\u00bb custom_padding=\u00bb194.1px||194.1px||true|true\u00bb custom_padding_tablet=\u00bb13%||13%||true|true\u00bb custom_padding_phone=\u00bb\u00bb custom_padding_last_edited=\u00bbon|phone\u00bb auto=\u00bbon\u00bb hover_transition_duration=\u00bb20ms\u00bb border_color_all=\u00bbrgba(0,0,0,0)\u00bb global_colors_info=\u00bb{}\u00bb][et_pb_slide _builder_version=\u00bb4.9.10&#8243; _module_preset=\u00bbdefault\u00bb background_image=\u00bbhttps:\/\/landfillsolutions.es\/es\/wp-content\/uploads\/2021\/08\/Planta-de-meriolisis-para-residuos-urbanos.jpg\u00bb background_enable_image=\u00bbon\u00bb global_colors_info=\u00bb{}\u00bb sticky_transition=\u00bbon\u00bb][\/et_pb_slide][et_pb_slide _builder_version=\u00bb4.9.10&#8243; _module_preset=\u00bbdefault\u00bb background_image=\u00bbhttps:\/\/landfillsolutions.es\/es\/wp-content\/uploads\/2021\/08\/Valorizacion-de-residuos.png\u00bb background_enable_image=\u00bbon\u00bb global_colors_info=\u00bb{}\u00bb sticky_transition=\u00bbon\u00bb][\/et_pb_slide][et_pb_slide _builder_version=\u00bb4.9.10&#8243; _module_preset=\u00bbdefault\u00bb background_image=\u00bbhttps:\/\/landfillsolutions.es\/es\/wp-content\/uploads\/2021\/08\/Planta-de-meriolisis-para-valoricacion-de-residuos-industriales.png\u00bb background_enable_image=\u00bbon\u00bb global_colors_info=\u00bb{}\u00bb sticky_transition=\u00bbon\u00bb][\/et_pb_slide][et_pb_slide _builder_version=\u00bb4.9.10&#8243; _module_preset=\u00bbdefault\u00bb background_image=\u00bbhttps:\/\/landfillsolutions.es\/es\/wp-content\/uploads\/2021\/08\/Planta-de-meriolisis-para-tratamiento-de-residuos-.png\u00bb background_enable_image=\u00bbon\u00bb global_colors_info=\u00bb{}\u00bb sticky_transition=\u00bbon\u00bb][\/et_pb_slide][et_pb_slide _builder_version=\u00bb4.9.10&#8243; _module_preset=\u00bbdefault\u00bb background_image=\u00bbhttps:\/\/landfillsolutions.es\/es\/wp-content\/uploads\/2021\/08\/Planta-de-meriolisis-para-tratamiento-de-residuos.png\u00bb background_enable_image=\u00bbon\u00bb global_colors_info=\u00bb{}\u00bb sticky_transition=\u00bbon\u00bb][\/et_pb_slide][\/et_pb_slider][\/et_pb_column][\/et_pb_row][et_pb_row column_structure=\u00bb1_2,1_2&#8243; use_custom_gutter=\u00bbon\u00bb gutter_width=\u00bb1&#8243; make_equal=\u00bbon\u00bb _builder_version=\u00bb4.9.10&#8243; width=\u00bb100%\u00bb min_height=\u00bb487.95px\u00bb custom_margin=\u00bb0px||0px||true|false\u00bb custom_padding=\u00bb0px||0px||false|false\u00bb animation_style=\u00bbslide\u00bb animation_direction=\u00bbleft\u00bb animation_intensity_slide=\u00bb5%\u00bb global_colors_info=\u00bb{}\u00bb][et_pb_column type=\u00bb1_2&#8243; _builder_version=\u00bb4.9.10&#8243; background_color=\u00bb#ffffff\u00bb background_enable_image=\u00bboff\u00bb background_size=\u00bbcontain\u00bb custom_padding=\u00bb||||true|true\u00bb custom_padding_tablet=\u00bb0px||0px||true|true\u00bb custom_padding_phone=\u00bb\u00bb custom_padding_last_edited=\u00bbon|tablet\u00bb global_colors_info=\u00bb{}\u00bb][et_pb_image src=\u00bbhttps:\/\/landfillsolutions.es\/es\/wp-content\/uploads\/2021\/10\/Proceso-meriolisis-valorizacion-de-residuos.jpg\u00bb alt=\u00bbValorizaci\u00f3n energ\u00e9tica de residuos\u00bb title_text=\u00bbEl proceso de la Meri\u00f3lisis en la valorizaci\u00f3n de residuos\u00bb _builder_version=\u00bb4.11.3&#8243; _module_preset=\u00bbdefault\u00bb custom_margin=\u00bb13%||||false|false\u00bb global_colors_info=\u00bb{}\u00bb][\/et_pb_image][\/et_pb_column][et_pb_column type=\u00bb1_2&#8243; _builder_version=\u00bb4.3.2&#8243; background_color=\u00bb#f9f9f9&#8243; custom_padding=\u00bb3%|3%|3%|3%|true|true\u00bb global_colors_info=\u00bb{}\u00bb][et_pb_text _builder_version=\u00bb4.10.6&#8243; text_text_color=\u00bb#000000&#8243; text_font_size=\u00bb18px\u00bb text_orientation=\u00bbjustified\u00bb custom_margin=\u00bb||||false|false\u00bb custom_padding=\u00bb||0px||false|false\u00bb text_font_size_tablet=\u00bb\u00bb text_font_size_phone=\u00bb16px\u00bb text_font_size_last_edited=\u00bbon|phone\u00bb global_colors_info=\u00bb{}\u00bb]<\/p>\n<p>Esquema b\u00e1sico de la planta y gasificadora:<\/p>\n<p>En el <strong>proceso de Meri\u00f3lisis<\/strong>, los <strong>pellets<\/strong> ya secados y preparados en el proceso anterior se introducen por una tolva \u201cA\u201d. La m\u00e1quina ha de ser alimentada continuamente. Un sistema de cuchillas permite su entrada a la vez que limita la entrada de ox\u00edgeno para que no se produzca combusti\u00f3n de ning\u00fan tipo.<\/p>\n<p>\u201cB\u201d Es un motor que hace girar de forma continuada unos cilindros (\u201cC\u201d) por los que van discurriendo los pellets en un proceso que dura entre 1 y 3 horas en funci\u00f3n de la morfolog\u00eda de los <strong>pellets<\/strong> a tratar. La retorta se calienta con la ignici\u00f3n del propio gas recuperado por la planta, la temperatura en el tubo superior es menor que en el inferior.<\/p>\n<p>En funci\u00f3n del producto que se quiera obtener, se ajustar\u00e1 la temperatura. Cuanta m\u00e1s temperatura, m\u00e1s <strong>syngas<\/strong> y menos carb\u00f3n y viceversa. Gracias a esta posibilidad, se obtiene un mayor rendimiento que en las <strong>plantas de pir\u00f3lisis.<\/strong><\/p>\n<p>[\/et_pb_text][\/et_pb_column][\/et_pb_row][et_pb_row use_custom_gutter=\u00bbon\u00bb gutter_width=\u00bb1&#8243; make_equal=\u00bbon\u00bb _builder_version=\u00bb4.9.10&#8243; background_color=\u00bb#f9f9f9&#8243; width=\u00bb100%\u00bb width_tablet=\u00bb100%\u00bb width_phone=\u00bb100%\u00bb width_last_edited=\u00bbon|desktop\u00bb custom_margin=\u00bb0px||0px||true|false\u00bb custom_padding=\u00bb3%|3%|3%|3%|true|true\u00bb animation_style=\u00bbslide\u00bb animation_direction=\u00bbright\u00bb animation_intensity_slide=\u00bb5%\u00bb global_colors_info=\u00bb{}\u00bb][et_pb_column type=\u00bb4_4&#8243; _builder_version=\u00bb4.3.2&#8243; global_colors_info=\u00bb{}\u00bb][et_pb_text _builder_version=\u00bb4.10.6&#8243; text_text_color=\u00bb#000000&#8243; text_font_size=\u00bb18px\u00bb text_orientation=\u00bbjustified\u00bb custom_margin=\u00bb||||false|false\u00bb custom_padding=\u00bb||0px||false|false\u00bb text_font_size_tablet=\u00bb\u00bb text_font_size_phone=\u00bb16px\u00bb text_font_size_last_edited=\u00bbon|phone\u00bb global_colors_info=\u00bb{}\u00bb]<\/p>\n<p>La presi\u00f3n interna dentro de la retorta est\u00e1 entre 1 y -1kPa (0,01 y -0,01 bares). En caso de subida de presi\u00f3n, existe una v\u00e1lvula de seguridad que se activa a partir de los 15kPa (0,15 bares).<\/p>\n<p>Una vez los <strong>pellets<\/strong> han discurrido a lo largo de ambos cilindros, se han descompuesto y liberado todos los gases contenidos en su interior caen a unas cintas transportadoras (\u201cD\u201d) en forma de humo de carb\u00f3n si la basura tratada tiene componente inorg\u00e1nico o en forma de <strong>biochar<\/strong> si se ha tratado solamente material org\u00e1nico.<\/p>\n<p>Los gases producidos por la descomposici\u00f3n de los pellets pasan a una gasificadora donde se purifican a la vez que se van enfriando, pasando de 650 a 40\u00baC en el proceso.<\/p>\n<p>[\/et_pb_text][et_pb_button button_url=\u00bbhttps:\/\/landfillsolutions.es\/es\/tratamiento-de-residuos\/\u00bb button_text=\u00bbVolver al proceso\u00bb button_alignment=\u00bbcenter\u00bb _builder_version=\u00bb4.10.5&#8243; custom_button=\u00bbon\u00bb button_text_size=\u00bb14px\u00bb button_text_color=\u00bb#362883&#8243; button_border_width=\u00bb1px\u00bb custom_margin=\u00bb5%||||false|false\u00bb global_colors_info=\u00bb{}\u00bb][\/et_pb_button][\/et_pb_column][\/et_pb_row][\/et_pb_section][et_pb_section fb_built=\u00bb1&#8243; fullwidth=\u00bbon\u00bb _builder_version=\u00bb4.9.4&#8243; background_color=\u00bbrgba(0,126,61,0.32)\u00bb width=\u00bb100%\u00bb max_width=\u00bb100%\u00bb custom_margin=\u00bb||||false|false\u00bb custom_padding=\u00bb0.5%||||false|false\u00bb global_module=\u00bb1767&#8243; global_colors_info=\u00bb{}\u00bb][\/et_pb_section]<\/p>\n","protected":false},"excerpt":{"rendered":"<p>La Meri\u00f3lisis supone la descomposici\u00f3n t\u00e9rmica (Termodescomposici\u00f3n) de residuos por medio de presi\u00f3n y \u00a0temperatura entre 650\u00b0C y 1200\u00b0C (calentando, no quemando). En ausencia de ox\u00edgeno, la uni\u00f3n de las mol\u00e9culas contenidas en el residuo s\u00f3lido se rompe, reagrupando los \u00e1tomos de los gases y carbonos combustibles y liberando ox\u00edgeno. La Meri\u00f3lisis tiene emisiones m\u00ednimas, [&hellip;]<\/p>\n","protected":false},"author":3,"featured_media":0,"parent":0,"menu_order":0,"comment_status":"closed","ping_status":"closed","template":"","meta":{"_et_pb_use_builder":"on","_et_pb_old_content":"","_et_gb_content_width":""},"yoast_head":"<!-- This site is optimized with the Yoast SEO plugin v20.0 - https:\/\/yoast.com\/wordpress\/plugins\/seo\/ -->\n<title>Meri\u00f3lisis - Landfillsolutions<\/title>\n<meta name=\"description\" content=\"La Meri\u00f3lisis es la descomposici\u00f3n t\u00e9rmica de los residuos por medio de presi\u00f3n y temperatura entre 650\u00b0C y 1200\u00b0C (calentando, no quemando)\" \/>\n<meta name=\"robots\" content=\"index, follow, max-snippet:-1, max-image-preview:large, max-video-preview:-1\" \/>\n<link rel=\"canonical\" href=\"https:\/\/landfillsolutions.es\/es\/meriolisis\/\" \/>\n<meta property=\"og:locale\" content=\"es_ES\" \/>\n<meta property=\"og:type\" content=\"article\" \/>\n<meta property=\"og:title\" content=\"Meri\u00f3lisis - Landfillsolutions\" \/>\n<meta property=\"og:description\" content=\"La Meri\u00f3lisis es la descomposici\u00f3n t\u00e9rmica de los residuos por medio de presi\u00f3n y temperatura entre 650\u00b0C y 1200\u00b0C (calentando, no quemando)\" \/>\n<meta property=\"og:url\" content=\"https:\/\/landfillsolutions.es\/es\/meriolisis\/\" \/>\n<meta property=\"og:site_name\" content=\"Landfillsolutions\" \/>\n<meta property=\"article:modified_time\" content=\"2021-10-21T10:07:09+00:00\" \/>\n<meta name=\"twitter:card\" content=\"summary_large_image\" \/>\n<meta name=\"twitter:label1\" content=\"Tiempo de lectura\" \/>\n\t<meta name=\"twitter:data1\" content=\"8 minutos\" \/>\n<script type=\"application\/ld+json\" class=\"yoast-schema-graph\">{\"@context\":\"https:\/\/schema.org\",\"@graph\":[{\"@type\":\"WebPage\",\"@id\":\"https:\/\/landfillsolutions.es\/es\/meriolisis\/\",\"url\":\"https:\/\/landfillsolutions.es\/es\/meriolisis\/\",\"name\":\"Meri\u00f3lisis - Landfillsolutions\",\"isPartOf\":{\"@id\":\"https:\/\/landfillsolutions.es\/es\/#website\"},\"datePublished\":\"2020-01-29T10:26:00+00:00\",\"dateModified\":\"2021-10-21T10:07:09+00:00\",\"description\":\"La Meri\u00f3lisis es la descomposici\u00f3n t\u00e9rmica de los residuos por medio de presi\u00f3n y temperatura entre 650\u00b0C y 1200\u00b0C (calentando, no quemando)\",\"breadcrumb\":{\"@id\":\"https:\/\/landfillsolutions.es\/es\/meriolisis\/#breadcrumb\"},\"inLanguage\":\"es\",\"potentialAction\":[{\"@type\":\"ReadAction\",\"target\":[\"https:\/\/landfillsolutions.es\/es\/meriolisis\/\"]}]},{\"@type\":\"BreadcrumbList\",\"@id\":\"https:\/\/landfillsolutions.es\/es\/meriolisis\/#breadcrumb\",\"itemListElement\":[{\"@type\":\"ListItem\",\"position\":1,\"name\":\"Portada\",\"item\":\"https:\/\/landfillsolutions.es\/es\/\"},{\"@type\":\"ListItem\",\"position\":2,\"name\":\"Meri\u00f3lisis\"}]},{\"@type\":\"WebSite\",\"@id\":\"https:\/\/landfillsolutions.es\/es\/#website\",\"url\":\"https:\/\/landfillsolutions.es\/es\/\",\"name\":\"Landfillsolutions\",\"description\":\"Con el sistema REVALUO logramos reducir en torno al 85 \u2013 90% la cantidad de residuo que va a parar al vertedero\",\"publisher\":{\"@id\":\"https:\/\/landfillsolutions.es\/es\/#organization\"},\"potentialAction\":[{\"@type\":\"SearchAction\",\"target\":{\"@type\":\"EntryPoint\",\"urlTemplate\":\"https:\/\/landfillsolutions.es\/es\/?s={search_term_string}\"},\"query-input\":\"required name=search_term_string\"}],\"inLanguage\":\"es\"},{\"@type\":\"Organization\",\"@id\":\"https:\/\/landfillsolutions.es\/es\/#organization\",\"name\":\"Landfillsolutions\",\"url\":\"https:\/\/landfillsolutions.es\/es\/\",\"logo\":{\"@type\":\"ImageObject\",\"inLanguage\":\"es\",\"@id\":\"https:\/\/landfillsolutions.es\/es\/#\/schema\/logo\/image\/\",\"url\":\"https:\/\/landfillsolutions.es\/es\/wp-content\/uploads\/2021\/03\/logo-menu.png\",\"contentUrl\":\"https:\/\/landfillsolutions.es\/es\/wp-content\/uploads\/2021\/03\/logo-menu.png\",\"width\":290,\"height\":35,\"caption\":\"Landfillsolutions\"},\"image\":{\"@id\":\"https:\/\/landfillsolutions.es\/es\/#\/schema\/logo\/image\/\"}}]}<\/script>\n<!-- \/ Yoast SEO plugin. -->","yoast_head_json":{"title":"Meri\u00f3lisis - Landfillsolutions","description":"La Meri\u00f3lisis es la descomposici\u00f3n t\u00e9rmica de los residuos por medio de presi\u00f3n y temperatura entre 650\u00b0C y 1200\u00b0C (calentando, no quemando)","robots":{"index":"index","follow":"follow","max-snippet":"max-snippet:-1","max-image-preview":"max-image-preview:large","max-video-preview":"max-video-preview:-1"},"canonical":"https:\/\/landfillsolutions.es\/es\/meriolisis\/","og_locale":"es_ES","og_type":"article","og_title":"Meri\u00f3lisis - Landfillsolutions","og_description":"La Meri\u00f3lisis es la descomposici\u00f3n t\u00e9rmica de los residuos por medio de presi\u00f3n y temperatura entre 650\u00b0C y 1200\u00b0C (calentando, no quemando)","og_url":"https:\/\/landfillsolutions.es\/es\/meriolisis\/","og_site_name":"Landfillsolutions","article_modified_time":"2021-10-21T10:07:09+00:00","twitter_card":"summary_large_image","twitter_misc":{"Tiempo de lectura":"8 minutos"},"schema":{"@context":"https:\/\/schema.org","@graph":[{"@type":"WebPage","@id":"https:\/\/landfillsolutions.es\/es\/meriolisis\/","url":"https:\/\/landfillsolutions.es\/es\/meriolisis\/","name":"Meri\u00f3lisis - Landfillsolutions","isPartOf":{"@id":"https:\/\/landfillsolutions.es\/es\/#website"},"datePublished":"2020-01-29T10:26:00+00:00","dateModified":"2021-10-21T10:07:09+00:00","description":"La Meri\u00f3lisis es la descomposici\u00f3n t\u00e9rmica de los residuos por medio de presi\u00f3n y temperatura entre 650\u00b0C y 1200\u00b0C (calentando, no quemando)","breadcrumb":{"@id":"https:\/\/landfillsolutions.es\/es\/meriolisis\/#breadcrumb"},"inLanguage":"es","potentialAction":[{"@type":"ReadAction","target":["https:\/\/landfillsolutions.es\/es\/meriolisis\/"]}]},{"@type":"BreadcrumbList","@id":"https:\/\/landfillsolutions.es\/es\/meriolisis\/#breadcrumb","itemListElement":[{"@type":"ListItem","position":1,"name":"Portada","item":"https:\/\/landfillsolutions.es\/es\/"},{"@type":"ListItem","position":2,"name":"Meri\u00f3lisis"}]},{"@type":"WebSite","@id":"https:\/\/landfillsolutions.es\/es\/#website","url":"https:\/\/landfillsolutions.es\/es\/","name":"Landfillsolutions","description":"Con el sistema REVALUO logramos reducir en torno al 85 \u2013 90% la cantidad de residuo que va a parar al vertedero","publisher":{"@id":"https:\/\/landfillsolutions.es\/es\/#organization"},"potentialAction":[{"@type":"SearchAction","target":{"@type":"EntryPoint","urlTemplate":"https:\/\/landfillsolutions.es\/es\/?s={search_term_string}"},"query-input":"required name=search_term_string"}],"inLanguage":"es"},{"@type":"Organization","@id":"https:\/\/landfillsolutions.es\/es\/#organization","name":"Landfillsolutions","url":"https:\/\/landfillsolutions.es\/es\/","logo":{"@type":"ImageObject","inLanguage":"es","@id":"https:\/\/landfillsolutions.es\/es\/#\/schema\/logo\/image\/","url":"https:\/\/landfillsolutions.es\/es\/wp-content\/uploads\/2021\/03\/logo-menu.png","contentUrl":"https:\/\/landfillsolutions.es\/es\/wp-content\/uploads\/2021\/03\/logo-menu.png","width":290,"height":35,"caption":"Landfillsolutions"},"image":{"@id":"https:\/\/landfillsolutions.es\/es\/#\/schema\/logo\/image\/"}}]}},"_links":{"self":[{"href":"https:\/\/landfillsolutions.es\/es\/wp-json\/wp\/v2\/pages\/1113"}],"collection":[{"href":"https:\/\/landfillsolutions.es\/es\/wp-json\/wp\/v2\/pages"}],"about":[{"href":"https:\/\/landfillsolutions.es\/es\/wp-json\/wp\/v2\/types\/page"}],"author":[{"embeddable":true,"href":"https:\/\/landfillsolutions.es\/es\/wp-json\/wp\/v2\/users\/3"}],"replies":[{"embeddable":true,"href":"https:\/\/landfillsolutions.es\/es\/wp-json\/wp\/v2\/comments?post=1113"}],"version-history":[{"count":87,"href":"https:\/\/landfillsolutions.es\/es\/wp-json\/wp\/v2\/pages\/1113\/revisions"}],"predecessor-version":[{"id":257221,"href":"https:\/\/landfillsolutions.es\/es\/wp-json\/wp\/v2\/pages\/1113\/revisions\/257221"}],"wp:attachment":[{"href":"https:\/\/landfillsolutions.es\/es\/wp-json\/wp\/v2\/media?parent=1113"}],"curies":[{"name":"wp","href":"https:\/\/api.w.org\/{rel}","templated":true}]}}