{"id":1116,"date":"2020-01-29T10:27:46","date_gmt":"2020-01-29T10:27:46","guid":{"rendered":"http:\/\/landfillsolutions.eu\/?page_id=1116"},"modified":"2021-09-09T11:03:07","modified_gmt":"2021-09-09T11:03:07","slug":"explotacion-y-tratamiento","status":"publish","type":"page","link":"https:\/\/landfillsolutions.es\/es\/explotacion-y-tratamiento\/","title":{"rendered":"Explotaci\u00f3n y Tratamiento"},"content":{"rendered":"<p>[et_pb_section fb_built=\u00bb1&#8243; fullwidth=\u00bbon\u00bb _builder_version=\u00bb4.9.4&#8243; background_enable_color=\u00bboff\u00bb use_background_color_gradient=\u00bbon\u00bb background_color_gradient_start=\u00bbrgba(255,255,255,0.66)\u00bb background_color_gradient_end=\u00bb#29c695&#8243; background_image=\u00bbhttps:\/\/landfillsolutions.es\/es\/wp-content\/uploads\/2021\/04\/Proceso-de-explotacion-y-tratamiento-de-residuos-urbanos.jpg\u00bb width=\u00bb100%\u00bb max_width=\u00bb100%\u00bb module_alignment=\u00bbcenter\u00bb custom_padding=\u00bb0px|0px|0px|0px\u00bb filter_saturate=\u00bb111%\u00bb locked=\u00bboff\u00bb global_colors_info=\u00bb{}\u00bb][et_pb_fullwidth_header title=\u00bbExplotaci\u00f3n y Tratamiento\u00bb text_orientation=\u00bbcenter\u00bb header_scroll_down=\u00bbon\u00bb scroll_down_icon=\u00bb%%1%%\u00bb scroll_down_icon_color_tablet=\u00bb\u00bb scroll_down_icon_color_phone=\u00bbRGBA(0,0,0,0)\u00bb scroll_down_icon_color_last_edited=\u00bbon|phone\u00bb _builder_version=\u00bb4.10.2&#8243; title_font=\u00bb|700|||||||\u00bb title_text_align=\u00bbcenter\u00bb title_text_color=\u00bb#ffffff\u00bb title_font_size=\u00bb55px\u00bb content_font=\u00bb||||||||\u00bb background_color=\u00bbrgba(255,255,255,0.7)\u00bb use_background_color_gradient=\u00bbon\u00bb background_color_gradient_start=\u00bbrgba(0,126,61,0.41)\u00bb background_color_gradient_end=\u00bbrgba(0,126,61,0.41)\u00bb background_enable_image=\u00bboff\u00bb background_layout=\u00bblight\u00bb width=\u00bb100%\u00bb max_width=\u00bb100%\u00bb custom_margin=\u00bb|||\u00bb custom_padding=\u00bb7.5%||7.5%||true|false\u00bb custom_padding_tablet=\u00bb5%||5%||true|false\u00bb custom_padding_phone=\u00bb0%||0%||true|false\u00bb custom_padding_last_edited=\u00bbon|phone\u00bb title_font_size_tablet=\u00bb40px\u00bb title_font_size_phone=\u00bb36px\u00bb title_font_size_last_edited=\u00bbon|phone\u00bb title_line_height_tablet=\u00bb\u00bb title_line_height_phone=\u00bb1.1em\u00bb title_line_height_last_edited=\u00bbon|phone\u00bb global_colors_info=\u00bb{}\u00bb button_one_text_size__hover_enabled=\u00bboff\u00bb button_two_text_size__hover_enabled=\u00bboff\u00bb button_one_text_color__hover_enabled=\u00bboff\u00bb button_two_text_color__hover_enabled=\u00bboff\u00bb button_one_border_width__hover_enabled=\u00bboff\u00bb button_two_border_width__hover_enabled=\u00bboff\u00bb button_one_border_color__hover_enabled=\u00bboff\u00bb button_two_border_color__hover_enabled=\u00bboff\u00bb button_one_border_radius__hover_enabled=\u00bboff\u00bb button_two_border_radius__hover_enabled=\u00bboff\u00bb button_one_letter_spacing__hover_enabled=\u00bboff\u00bb button_two_letter_spacing__hover_enabled=\u00bboff\u00bb button_one_bg_color__hover_enabled=\u00bboff\u00bb button_two_bg_color__hover_enabled=\u00bboff\u00bb][\/et_pb_fullwidth_header][\/et_pb_section][et_pb_section fb_built=\u00bb1&#8243; _builder_version=\u00bb4.2.2&#8243; custom_padding=\u00bb4px||1px||false|false\u00bb global_colors_info=\u00bb{}\u00bb][et_pb_row column_structure=\u00bb1_2,1_2&#8243; use_custom_gutter=\u00bbon\u00bb gutter_width=\u00bb1&#8243; make_equal=\u00bbon\u00bb _builder_version=\u00bb4.9.4&#8243; width=\u00bb100%\u00bb min_height=\u00bb487.95px\u00bb custom_margin=\u00bb-6px||-4px||false|false\u00bb custom_padding=\u00bb2px||0px||false|false\u00bb animation_style=\u00bbslide\u00bb animation_direction=\u00bbright\u00bb animation_intensity_slide=\u00bb5%\u00bb global_colors_info=\u00bb{}\u00bb][et_pb_column type=\u00bb1_2&#8243; _builder_version=\u00bb4.3.2&#8243; background_color=\u00bb#f9f9f9&#8243; custom_padding=\u00bb5%|3%|5%|3%|true|true\u00bb global_colors_info=\u00bb{}\u00bb][et_pb_text _builder_version=\u00bb4.10.6&#8243; text_text_color=\u00bb#000000&#8243; text_font_size=\u00bb18px\u00bb text_orientation=\u00bbjustified\u00bb hover_enabled=\u00bb0&#8243; global_colors_info=\u00bb{}\u00bb text_font_size_last_edited=\u00bbon|phone\u00bb text_font_size_phone=\u00bb16px\u00bb sticky_enabled=\u00bb0&#8243;]<\/p>\n<p>En el proceso de <strong>separaci\u00f3n y clasificaci\u00f3n<\/strong> se recuperan determinados productos que tienen un valor econ\u00f3mico en el mercado que de otra manera quedar\u00edan enterrados y olvidados en el <strong>vertedero<\/strong>. Por citar algunos ejemplos:<\/p>\n<p>\u2013 Papel y cart\u00f3n que puede ser <strong>reciclado<\/strong>.<\/p>\n<p>\u2013 Metales f\u00e9rricos y otros no f\u00e9rricos como el cobre y el aluminio que se pueden fundir y <strong>reutilizarse<\/strong> de nuevo.<\/p>\n<p>\u2013 Pl\u00e1sticos espec\u00edficos que se quieran reciclar.<\/p>\n<p>\u2013 Vidrios, que pueden venderse a f\u00e1bricas productoras y reciclarse, darles un segundo uso en f\u00e1bricas de encimeras, mesas para exterior o bien pulverizarlo y venderse a f\u00e1bricas de pintura para se\u00f1alizaci\u00f3n vial etc.<\/p>\n<p>Tambi\u00e9n se recuperan elementos con alto poder contaminante como las pilas y bater\u00edas que con el paso de los a\u00f1os contaminan el agua procedente de la lluvia y se filtran en el terreno contaminando aguas subterr\u00e1neas de las que se nutren los pozos, el regad\u00edo, etc.<\/p>\n<p>[\/et_pb_text][\/et_pb_column][et_pb_column type=\u00bb1_2&#8243; _builder_version=\u00bb4.9.4&#8243; background_color=\u00bb#0c71c3&#8243; background_image=\u00bbhttps:\/\/landfillsolutions.es\/es\/wp-content\/uploads\/2021\/04\/Proceso-de-tratamiento-de-residuos-urbanos-Explotacion-y-tratamiento.jpg\u00bb custom_padding_tablet=\u00bb||||true|false\u00bb custom_padding_phone=\u00bb||||true|false\u00bb custom_padding_last_edited=\u00bbon|tablet\u00bb global_colors_info=\u00bb{}\u00bb][et_pb_text _builder_version=\u00bb4.2.2&#8243; text_text_color=\u00bbrgba(0,0,0,0)\u00bb custom_padding=\u00bb20%|20%|20%|20%|true|true\u00bb custom_padding_tablet=\u00bb10%||10%||true|true\u00bb custom_padding_phone=\u00bb15%||15%||true|true\u00bb custom_padding_last_edited=\u00bbon|desktop\u00bb global_colors_info=\u00bb{}\u00bb]<\/p>\n<p>Your content goes here. Edit or remove this text inline or in the module Content settings. You can also style every aspect of this content in the module Design settings and even apply custom CSS to this text in the module Advanced settings.<\/p>\n<p>[\/et_pb_text][\/et_pb_column][\/et_pb_row][\/et_pb_section][et_pb_section fb_built=\u00bb1&#8243; _builder_version=\u00bb4.3.2&#8243; global_colors_info=\u00bb{}\u00bb][et_pb_row use_custom_gutter=\u00bbon\u00bb gutter_width=\u00bb1&#8243; make_equal=\u00bbon\u00bb _builder_version=\u00bb4.3.2&#8243; background_color=\u00bb#f9f9f9&#8243; width=\u00bb100%\u00bb custom_margin=\u00bb-25px||-25px||false|false\u00bb custom_padding=\u00bb2%|2%|2%|2%|true|true\u00bb animation_style=\u00bbslide\u00bb animation_direction=\u00bbleft\u00bb animation_intensity_slide=\u00bb5%\u00bb global_colors_info=\u00bb{}\u00bb][et_pb_column type=\u00bb4_4&#8243; _builder_version=\u00bb4.3.2&#8243; global_colors_info=\u00bb{}\u00bb][et_pb_text ul_type=\u00bbsquare\u00bb _builder_version=\u00bb4.10.6&#8243; text_text_color=\u00bb#000000&#8243; text_font_size=\u00bb18px\u00bb ul_text_align=\u00bbjustify\u00bb ul_line_height=\u00bb2.1em\u00bb background_color=\u00bb#ffffff\u00bb text_orientation=\u00bbjustified\u00bb custom_padding=\u00bb3%|3%|3%|3%|true|true\u00bb hover_enabled=\u00bb0&#8243; global_colors_info=\u00bb{}\u00bb text_font_size_last_edited=\u00bbon|phone\u00bb text_font_size_phone=\u00bb16px\u00bb sticky_enabled=\u00bb0&#8243;]<\/p>\n<p><a href=\"https:\/\/landfillsolutions.es\/es\/valorizacion-de-residuos-2\/\"><span style=\"color: #000000;\">Los productos resultantes<\/span> <span style=\"color: #339966;\">(ver resultados)<\/span><\/a> tras el proceso de <strong>Meri\u00f3lisis<\/strong> var\u00edan en funci\u00f3n de la tipolog\u00eda del residuo tratado y se resumen en:<\/p>\n<p>&nbsp;<\/p>\n<ul>\n<li><a href=\"https:\/\/landfillsolutions.es\/es\/valorizacion-de-residuos-2\/#bioetanol\"><span style=\"color: #362883;\">BioEtanol:<\/span><\/a> que se puede usar para transporte como oxigenante de gasolinas reduciendo emisiones, para la generaci\u00f3n de otro tipo de energ\u00eda motriz o el\u00e9ctrica, o la generaci\u00f3n de calor.<\/li>\n<li><a href=\"https:\/\/landfillsolutions.es\/es\/valorizacion-de-residuos-2\/#agua-destilada\"><span style=\"color: #362883;\">Agua destilada:<\/span><\/a> El agua utilizada en el <strong>proceso de<\/strong> <strong>Hidr\u00f3lisis<\/strong> se recupera como agua destilada. Esta agua se puede reutilizar en otro proceso de Hidr\u00f3lisis posterior o bien, si hay mercado para ello, embotellar y vender a un precio mayor.<\/li>\n<li><span style=\"color: #362883;\"><a href=\"https:\/\/landfillsolutions.es\/es\/valorizacion-de-residuos-2\/#biochar\" style=\"color: #362883;\"><\/a><\/span><a href=\"https:\/\/landfillsolutions.es\/es\/valorizacion-de-residuos-2\/#biochar\"><span style=\"color: #362883;\"><\/span><span style=\"color: #362883;\">Biochar o carb\u00f3n vegetal:<\/span> <\/a>Que se vende como mejorante de suelo.<\/li>\n<li><span style=\"color: #362883;\"><a href=\"https:\/\/landfillsolutions.es\/es\/valorizacion-de-residuos-2\/#miscelaneo\" style=\"color: #362883;\">Humo de carb\u00f3n:<\/a> <\/span>se vende principalmente como combustible en plantas cementeras, plantas t\u00e9rmicas, f\u00e1bricas de cristal as\u00ed como cualquier otra industria que lo precise<\/li>\n<li><a href=\"https:\/\/landfillsolutions.es\/es\/valorizacion-de-residuos-2\/#syngas\"><span style=\"color: #362883;\">Syngas:<\/span><\/a> que se utiliza para generar electricidad para autoconsumo o para vender a la red existente.<\/li>\n<li><a href=\"https:\/\/landfillsolutions.es\/es\/valorizacion-de-residuos-2\/#bunker\"><span style=\"color: #362883;\">Fuel B\u00fanker:<\/span><\/a> se vende como combustible para grandes buques, para centrales t\u00e9rmicas o para industrias que precisen altas temperaturas como cementeras, f\u00e1bricas de vidrio, etc.<\/li>\n<li><a href=\"https:\/\/landfillsolutions.es\/es\/valorizacion-de-residuos-2\/#calor\"><span style=\"color: #362883;\">Calor;<\/span> <\/a>ser\u00e1 utilizado:<\/li>\n<\/ul>\n<p>&#8211; Para calentar agua por medio de un sistema de calderas y, con el uso de turbinas, generar electricidad.<\/p>\n<p>&#8211; En una planta desalinizadora para proporcionar calor a trav\u00e9s de tuber\u00edas aisladas.<\/p>\n<p>&#8211; Para calentar los pellets antes de que entren en la <strong>planta de Meri\u00f3lisis<\/strong> (en zonas de alta humedad).<\/p>\n<ul>\n<li><a href=\"https:\/\/landfillsolutions.es\/es\/valorizacion-de-residuos-2\/#suelo\"><span style=\"color: #362883;\">Mejorante de suelo:<\/span><\/a> debido al tratamiento de Lodos lixiviados. Para venderse a agricultores como fertilizante natural.<\/li>\n<\/ul>\n<p>[\/et_pb_text][et_pb_button button_url=\u00bbhttps:\/\/landfillsolutions.es\/es\/tratamiento-de-residuos\/\u00bb button_text=\u00bbVolver al proceso\u00bb button_alignment=\u00bbcenter\u00bb _builder_version=\u00bb4.10.5&#8243; custom_button=\u00bbon\u00bb button_text_size=\u00bb14px\u00bb button_text_color=\u00bb#362883&#8243; button_border_width=\u00bb1px\u00bb custom_margin=\u00bb5%||||false|false\u00bb global_colors_info=\u00bb{}\u00bb][\/et_pb_button][\/et_pb_column][\/et_pb_row][\/et_pb_section][et_pb_section fb_built=\u00bb1&#8243; fullwidth=\u00bbon\u00bb _builder_version=\u00bb4.9.4&#8243; background_color=\u00bbrgba(0,126,61,0.32)\u00bb width=\u00bb100%\u00bb max_width=\u00bb100%\u00bb custom_margin=\u00bb||||false|false\u00bb custom_padding=\u00bb0.5%||||false|false\u00bb global_module=\u00bb1767&#8243; global_colors_info=\u00bb{}\u00bb][\/et_pb_section]<\/p>\n","protected":false},"excerpt":{"rendered":"<p>En el proceso de separaci\u00f3n y clasificaci\u00f3n se recuperan determinados productos que tienen un valor econ\u00f3mico en el mercado que de otra manera quedar\u00edan enterrados y olvidados en el vertedero. Por citar algunos ejemplos: \u2013 Papel y cart\u00f3n que puede ser reciclado. \u2013 Metales f\u00e9rricos y otros no f\u00e9rricos como el cobre y el aluminio [&hellip;]<\/p>\n","protected":false},"author":3,"featured_media":0,"parent":0,"menu_order":0,"comment_status":"closed","ping_status":"closed","template":"","meta":{"_et_pb_use_builder":"on","_et_pb_old_content":"","_et_gb_content_width":""},"yoast_head":"<!-- This site is optimized with the Yoast SEO plugin v20.0 - https:\/\/yoast.com\/wordpress\/plugins\/seo\/ -->\n<title>Explotaci\u00f3n y Tratamiento - Landfillsolutions<\/title>\n<meta name=\"description\" content=\"En el proceso de explotaci\u00f3n y tratamiento se recuperan determinados productos que tienen un valor econ\u00f3mico en el mercado.\" \/>\n<meta name=\"robots\" content=\"index, follow, max-snippet:-1, max-image-preview:large, max-video-preview:-1\" \/>\n<link rel=\"canonical\" href=\"https:\/\/landfillsolutions.es\/es\/explotacion-y-tratamiento\/\" \/>\n<meta property=\"og:locale\" content=\"es_ES\" \/>\n<meta property=\"og:type\" content=\"article\" \/>\n<meta property=\"og:title\" content=\"Explotaci\u00f3n y Tratamiento - Landfillsolutions\" \/>\n<meta property=\"og:description\" content=\"En el proceso de explotaci\u00f3n y tratamiento se recuperan determinados productos que tienen un valor econ\u00f3mico en el mercado.\" \/>\n<meta property=\"og:url\" content=\"https:\/\/landfillsolutions.es\/es\/explotacion-y-tratamiento\/\" \/>\n<meta property=\"og:site_name\" content=\"Landfillsolutions\" \/>\n<meta property=\"article:modified_time\" content=\"2021-09-09T11:03:07+00:00\" \/>\n<meta name=\"twitter:card\" content=\"summary_large_image\" \/>\n<meta name=\"twitter:label1\" content=\"Tiempo de lectura\" \/>\n\t<meta name=\"twitter:data1\" content=\"6 minutos\" \/>\n<script type=\"application\/ld+json\" class=\"yoast-schema-graph\">{\"@context\":\"https:\/\/schema.org\",\"@graph\":[{\"@type\":\"WebPage\",\"@id\":\"https:\/\/landfillsolutions.es\/es\/explotacion-y-tratamiento\/\",\"url\":\"https:\/\/landfillsolutions.es\/es\/explotacion-y-tratamiento\/\",\"name\":\"Explotaci\u00f3n y Tratamiento - Landfillsolutions\",\"isPartOf\":{\"@id\":\"https:\/\/landfillsolutions.es\/es\/#website\"},\"datePublished\":\"2020-01-29T10:27:46+00:00\",\"dateModified\":\"2021-09-09T11:03:07+00:00\",\"description\":\"En el proceso de explotaci\u00f3n y tratamiento se recuperan determinados productos que tienen un valor econ\u00f3mico en el mercado.\",\"breadcrumb\":{\"@id\":\"https:\/\/landfillsolutions.es\/es\/explotacion-y-tratamiento\/#breadcrumb\"},\"inLanguage\":\"es\",\"potentialAction\":[{\"@type\":\"ReadAction\",\"target\":[\"https:\/\/landfillsolutions.es\/es\/explotacion-y-tratamiento\/\"]}]},{\"@type\":\"BreadcrumbList\",\"@id\":\"https:\/\/landfillsolutions.es\/es\/explotacion-y-tratamiento\/#breadcrumb\",\"itemListElement\":[{\"@type\":\"ListItem\",\"position\":1,\"name\":\"Portada\",\"item\":\"https:\/\/landfillsolutions.es\/es\/\"},{\"@type\":\"ListItem\",\"position\":2,\"name\":\"Explotaci\u00f3n y Tratamiento\"}]},{\"@type\":\"WebSite\",\"@id\":\"https:\/\/landfillsolutions.es\/es\/#website\",\"url\":\"https:\/\/landfillsolutions.es\/es\/\",\"name\":\"Landfillsolutions\",\"description\":\"Con el sistema REVALUO logramos reducir en torno al 85 \u2013 90% la cantidad de residuo que va a parar al vertedero\",\"publisher\":{\"@id\":\"https:\/\/landfillsolutions.es\/es\/#organization\"},\"potentialAction\":[{\"@type\":\"SearchAction\",\"target\":{\"@type\":\"EntryPoint\",\"urlTemplate\":\"https:\/\/landfillsolutions.es\/es\/?s={search_term_string}\"},\"query-input\":\"required name=search_term_string\"}],\"inLanguage\":\"es\"},{\"@type\":\"Organization\",\"@id\":\"https:\/\/landfillsolutions.es\/es\/#organization\",\"name\":\"Landfillsolutions\",\"url\":\"https:\/\/landfillsolutions.es\/es\/\",\"logo\":{\"@type\":\"ImageObject\",\"inLanguage\":\"es\",\"@id\":\"https:\/\/landfillsolutions.es\/es\/#\/schema\/logo\/image\/\",\"url\":\"https:\/\/landfillsolutions.es\/es\/wp-content\/uploads\/2021\/03\/logo-menu.png\",\"contentUrl\":\"https:\/\/landfillsolutions.es\/es\/wp-content\/uploads\/2021\/03\/logo-menu.png\",\"width\":290,\"height\":35,\"caption\":\"Landfillsolutions\"},\"image\":{\"@id\":\"https:\/\/landfillsolutions.es\/es\/#\/schema\/logo\/image\/\"}}]}<\/script>\n<!-- \/ Yoast SEO plugin. -->","yoast_head_json":{"title":"Explotaci\u00f3n y Tratamiento - Landfillsolutions","description":"En el proceso de explotaci\u00f3n y tratamiento se recuperan determinados productos que tienen un valor econ\u00f3mico en el mercado.","robots":{"index":"index","follow":"follow","max-snippet":"max-snippet:-1","max-image-preview":"max-image-preview:large","max-video-preview":"max-video-preview:-1"},"canonical":"https:\/\/landfillsolutions.es\/es\/explotacion-y-tratamiento\/","og_locale":"es_ES","og_type":"article","og_title":"Explotaci\u00f3n y Tratamiento - Landfillsolutions","og_description":"En el proceso de explotaci\u00f3n y tratamiento se recuperan determinados productos que tienen un valor econ\u00f3mico en el mercado.","og_url":"https:\/\/landfillsolutions.es\/es\/explotacion-y-tratamiento\/","og_site_name":"Landfillsolutions","article_modified_time":"2021-09-09T11:03:07+00:00","twitter_card":"summary_large_image","twitter_misc":{"Tiempo de lectura":"6 minutos"},"schema":{"@context":"https:\/\/schema.org","@graph":[{"@type":"WebPage","@id":"https:\/\/landfillsolutions.es\/es\/explotacion-y-tratamiento\/","url":"https:\/\/landfillsolutions.es\/es\/explotacion-y-tratamiento\/","name":"Explotaci\u00f3n y Tratamiento - Landfillsolutions","isPartOf":{"@id":"https:\/\/landfillsolutions.es\/es\/#website"},"datePublished":"2020-01-29T10:27:46+00:00","dateModified":"2021-09-09T11:03:07+00:00","description":"En el proceso de explotaci\u00f3n y tratamiento se recuperan determinados productos que tienen un valor econ\u00f3mico en el mercado.","breadcrumb":{"@id":"https:\/\/landfillsolutions.es\/es\/explotacion-y-tratamiento\/#breadcrumb"},"inLanguage":"es","potentialAction":[{"@type":"ReadAction","target":["https:\/\/landfillsolutions.es\/es\/explotacion-y-tratamiento\/"]}]},{"@type":"BreadcrumbList","@id":"https:\/\/landfillsolutions.es\/es\/explotacion-y-tratamiento\/#breadcrumb","itemListElement":[{"@type":"ListItem","position":1,"name":"Portada","item":"https:\/\/landfillsolutions.es\/es\/"},{"@type":"ListItem","position":2,"name":"Explotaci\u00f3n y Tratamiento"}]},{"@type":"WebSite","@id":"https:\/\/landfillsolutions.es\/es\/#website","url":"https:\/\/landfillsolutions.es\/es\/","name":"Landfillsolutions","description":"Con el sistema REVALUO logramos reducir en torno al 85 \u2013 90% la cantidad de residuo que va a parar al vertedero","publisher":{"@id":"https:\/\/landfillsolutions.es\/es\/#organization"},"potentialAction":[{"@type":"SearchAction","target":{"@type":"EntryPoint","urlTemplate":"https:\/\/landfillsolutions.es\/es\/?s={search_term_string}"},"query-input":"required name=search_term_string"}],"inLanguage":"es"},{"@type":"Organization","@id":"https:\/\/landfillsolutions.es\/es\/#organization","name":"Landfillsolutions","url":"https:\/\/landfillsolutions.es\/es\/","logo":{"@type":"ImageObject","inLanguage":"es","@id":"https:\/\/landfillsolutions.es\/es\/#\/schema\/logo\/image\/","url":"https:\/\/landfillsolutions.es\/es\/wp-content\/uploads\/2021\/03\/logo-menu.png","contentUrl":"https:\/\/landfillsolutions.es\/es\/wp-content\/uploads\/2021\/03\/logo-menu.png","width":290,"height":35,"caption":"Landfillsolutions"},"image":{"@id":"https:\/\/landfillsolutions.es\/es\/#\/schema\/logo\/image\/"}}]}},"_links":{"self":[{"href":"https:\/\/landfillsolutions.es\/es\/wp-json\/wp\/v2\/pages\/1116"}],"collection":[{"href":"https:\/\/landfillsolutions.es\/es\/wp-json\/wp\/v2\/pages"}],"about":[{"href":"https:\/\/landfillsolutions.es\/es\/wp-json\/wp\/v2\/types\/page"}],"author":[{"embeddable":true,"href":"https:\/\/landfillsolutions.es\/es\/wp-json\/wp\/v2\/users\/3"}],"replies":[{"embeddable":true,"href":"https:\/\/landfillsolutions.es\/es\/wp-json\/wp\/v2\/comments?post=1116"}],"version-history":[{"count":74,"href":"https:\/\/landfillsolutions.es\/es\/wp-json\/wp\/v2\/pages\/1116\/revisions"}],"predecessor-version":[{"id":256218,"href":"https:\/\/landfillsolutions.es\/es\/wp-json\/wp\/v2\/pages\/1116\/revisions\/256218"}],"wp:attachment":[{"href":"https:\/\/landfillsolutions.es\/es\/wp-json\/wp\/v2\/media?parent=1116"}],"curies":[{"name":"wp","href":"https:\/\/api.w.org\/{rel}","templated":true}]}}