{"id":1947,"date":"2020-02-18T11:38:23","date_gmt":"2020-02-18T11:38:23","guid":{"rendered":"http:\/\/landfillsolutions.eu\/?page_id=1947"},"modified":"2021-11-24T07:58:55","modified_gmt":"2021-11-24T07:58:55","slug":"preguntas-frecuentes","status":"publish","type":"page","link":"https:\/\/landfillsolutions.es\/es\/preguntas-frecuentes\/","title":{"rendered":"FAQ- Preguntas frecuentes"},"content":{"rendered":"<p>[et_pb_section fb_built=\u00bb1&#8243; fullwidth=\u00bbon\u00bb _builder_version=\u00bb4.13.1&#8243; background_color=\u00bbRGBA(0,0,0,0)\u00bb background_color_gradient_start=\u00bb#ffffff\u00bb background_color_gradient_end=\u00bb#29c695&#8243; background_image=\u00bbhttps:\/\/landfillsolutions.es\/es\/wp-content\/uploads\/2021\/11\/mineria-de-vertedero-REVALUO.jpg\u00bb custom_padding=\u00bb0px|0px|0px|0px\u00bb filter_saturate=\u00bb111%\u00bb locked=\u00bboff\u00bb global_colors_info=\u00bb{}\u00bb][et_pb_fullwidth_header title=\u00bbFAQ\u00bb text_orientation=\u00bbcenter\u00bb scroll_down_icon_color_tablet=\u00bb\u00bb scroll_down_icon_color_phone=\u00bbRGBA(0,0,0,0)\u00bb scroll_down_icon_color_last_edited=\u00bbon|phone\u00bb _builder_version=\u00bb4.13.1&#8243; title_font=\u00bb|700|||||||\u00bb title_text_color=\u00bb#ffffff\u00bb title_font_size=\u00bb60px\u00bb content_font=\u00bb||||||||\u00bb background_enable_color=\u00bboff\u00bb background_color_gradient_start=\u00bbrgba(0,126,61,0.41)\u00bb background_color_gradient_end=\u00bbrgba(0,126,61,0.41)\u00bb background_enable_image=\u00bboff\u00bb background_layout=\u00bblight\u00bb custom_margin=\u00bb|||\u00bb custom_padding=\u00bb7.3%||7.3%||true|false\u00bb custom_padding_tablet=\u00bb\u00bb custom_padding_phone=\u00bb0%||0%||true|false\u00bb custom_padding_last_edited=\u00bbon|desktop\u00bb hover_enabled=\u00bb0&#8243; title_font_size_tablet=\u00bb\u00bb title_font_size_phone=\u00bb38px\u00bb title_font_size_last_edited=\u00bbon|phone\u00bb global_colors_info=\u00bb{}\u00bb button_one_text_size__hover_enabled=\u00bboff\u00bb button_two_text_size__hover_enabled=\u00bboff\u00bb button_one_text_color__hover_enabled=\u00bboff\u00bb button_two_text_color__hover_enabled=\u00bboff\u00bb button_one_border_width__hover_enabled=\u00bboff\u00bb button_two_border_width__hover_enabled=\u00bboff\u00bb button_one_border_color__hover_enabled=\u00bboff\u00bb button_two_border_color__hover_enabled=\u00bboff\u00bb button_one_border_radius__hover_enabled=\u00bboff\u00bb button_two_border_radius__hover_enabled=\u00bboff\u00bb button_one_letter_spacing__hover_enabled=\u00bboff\u00bb button_two_letter_spacing__hover_enabled=\u00bboff\u00bb button_one_bg_color__hover_enabled=\u00bboff\u00bb button_two_bg_color__hover_enabled=\u00bboff\u00bb sticky_enabled=\u00bb0&#8243;][\/et_pb_fullwidth_header][\/et_pb_section][et_pb_section fb_built=\u00bb1&#8243; _builder_version=\u00bb4.3.2&#8243; global_colors_info=\u00bb{}\u00bb][et_pb_row custom_padding_last_edited=\u00bbon|tablet\u00bb _builder_version=\u00bb4.3.2&#8243; background_color=\u00bbrgba(255,255,255,0.97)\u00bb background_enable_image=\u00bboff\u00bb background_blend=\u00bbhue\u00bb width_tablet=\u00bb\u00bb width_phone=\u00bb95%\u00bb width_last_edited=\u00bbon|phone\u00bb custom_padding=\u00bb2%|5%|2%|5%|true|true\u00bb custom_padding_tablet=\u00bb2%|1%|2%|1%|true|true\u00bb custom_padding_phone=\u00bb\u00bb global_colors_info=\u00bb{}\u00bb][et_pb_column type=\u00bb4_4&#8243; _builder_version=\u00bb4.3.2&#8243; global_colors_info=\u00bb{}\u00bb][et_pb_toggle title=\u00bb\u00bfQu\u00e9 materiales puede procesar la Meri\u00f3lisis?\u00bb open_toggle_text_color=\u00bb#000000&#8243; open_toggle_background_color=\u00bb#ffffff\u00bb closed_toggle_background_color=\u00bb#ffffff\u00bb icon_color=\u00bbrgba(0,126,61,0.11)\u00bb open_icon_color=\u00bbrgba(0,126,61,0.11)\u00bb _builder_version=\u00bb4.13.0&#8243; title_text_color=\u00bb#000000&#8243; title_font=\u00bb|600|||||||\u00bb title_font_size=\u00bb20px\u00bb body_font_size=\u00bb18px\u00bb text_orientation=\u00bbjustified\u00bb custom_padding=\u00bb5%||5%||false|false\u00bb animation_style=\u00bbslide\u00bb animation_direction=\u00bbbottom\u00bb animation_intensity_slide=\u00bb5%\u00bb body_font_size_tablet=\u00bb\u00bb body_font_size_phone=\u00bb16px\u00bb body_font_size_last_edited=\u00bbon|phone\u00bb border_color_all=\u00bbrgba(0,0,0,0)\u00bb border_color_top=\u00bb#007e3d\u00bb border_color_bottom=\u00bb#007e3d\u00bb global_colors_info=\u00bb{}\u00bb]<\/p>\n<p>La Meri\u00f3lisis puede procesar una amplia gama de materiales de desecho, incluyendo residuos municipales (RSU), residuos comerciales e industriales, combustible derivado de la basura, pl\u00e1sticos, neum\u00e1ticos, residuos de madera, residuos verdes, lodos de depuraci\u00f3n y muchos residuos peligrosos y hospitalarios. Es posible mezclar varios de estos tipos de residuos y procesarlos juntos.<\/p>\n<p>[\/et_pb_toggle][et_pb_toggle title=\u00bb\u00bfCu\u00e1ntas casas pueden ser abastecidas con energ\u00eda con una planta de 2MWh?\u00bb open_toggle_text_color=\u00bb#000000&#8243; open_toggle_background_color=\u00bb#ffffff\u00bb closed_toggle_background_color=\u00bb#ffffff\u00bb icon_color=\u00bbrgba(0,126,61,0.11)\u00bb open_icon_color=\u00bbrgba(0,126,61,0.11)\u00bb _builder_version=\u00bb4.13.0&#8243; title_text_color=\u00bb#000000&#8243; title_font=\u00bb|600|||||||\u00bb title_font_size=\u00bb20px\u00bb body_font_size=\u00bb18px\u00bb text_orientation=\u00bbjustified\u00bb custom_padding=\u00bb||5%||false|false\u00bb custom_padding_tablet=\u00bb\u00bb custom_padding_phone=\u00bb0px||||false|false\u00bb custom_padding_last_edited=\u00bbon|phone\u00bb animation_style=\u00bbslide\u00bb animation_direction=\u00bbbottom\u00bb animation_intensity_slide=\u00bb5%\u00bb title_line_height_tablet=\u00bb1.2em\u00bb title_line_height_phone=\u00bb1.3em\u00bb title_line_height_last_edited=\u00bbon|tablet\u00bb body_font_size_tablet=\u00bb\u00bb body_font_size_phone=\u00bb16px\u00bb body_font_size_last_edited=\u00bbon|phone\u00bb border_color_all=\u00bbrgba(0,0,0,0)\u00bb border_color_bottom=\u00bb#007e3d\u00bb global_colors_info=\u00bb{}\u00bb]<\/p>\n<p>Aproximadamente 5.880 viviendas con un consumo de 3,4 Kw\/h.<\/p>\n<p>[\/et_pb_toggle][et_pb_toggle title=\u00bb\u00bfQu\u00e9 pasa con las emisiones de proceso?\u00bb open_toggle_text_color=\u00bb#000000&#8243; open_toggle_background_color=\u00bb#ffffff\u00bb closed_toggle_background_color=\u00bb#ffffff\u00bb icon_color=\u00bbrgba(0,126,61,0.11)\u00bb open_icon_color=\u00bbrgba(0,126,61,0.11)\u00bb _builder_version=\u00bb4.13.0&#8243; title_text_color=\u00bb#000000&#8243; title_font=\u00bb|600|||||||\u00bb title_font_size=\u00bb20px\u00bb body_font_size=\u00bb18px\u00bb text_orientation=\u00bbjustified\u00bb custom_padding=\u00bb||5%||false|false\u00bb custom_padding_tablet=\u00bb\u00bb custom_padding_phone=\u00bb0px||5%||false|false\u00bb custom_padding_last_edited=\u00bbon|phone\u00bb animation_style=\u00bbslide\u00bb animation_direction=\u00bbbottom\u00bb animation_intensity_slide=\u00bb5%\u00bb title_line_height_tablet=\u00bb\u00bb title_line_height_phone=\u00bb1.3em\u00bb title_line_height_last_edited=\u00bbon|phone\u00bb body_font_size_tablet=\u00bb\u00bb body_font_size_phone=\u00bb16px\u00bb body_font_size_last_edited=\u00bbon|phone\u00bb border_color_all=\u00bbrgba(0,0,0,0)\u00bb border_color_bottom=\u00bb#007e3d\u00bb global_colors_info=\u00bb{}\u00bb]<\/p>\n<p>Las pruebas realizadas en las plantas en funcionamiento en la UE muestran que la Meri\u00f3lisis est\u00e1 muy por debajo de los par\u00e1metros permitidos por la Directiva de Incineraci\u00f3n de Residuos (WID).<\/p>\n<p><span style=\"font-weight: 400;\">Los gases producidos durante el proceso de Meri\u00f3lisis son recogidos por una gasificadora que los trata, limpia y deposita en un tanque. Dentro del mismo mediante un sistema de aireadores se van mezclando los distintos gases para que no vayan deposit\u00e1ndose por capas seg\u00fan su densidad. Estos gases se utilizar\u00e1n como combustible para un\u00a0 motor de cogeneraci\u00f3n con el que se producir\u00e1 electricidad y calor en el mismo acto.<\/span><\/p>\n<p>[\/et_pb_toggle][et_pb_toggle title=\u00bb\u00bfCu\u00e1l es el rendimiento medio de una m\u00e1quina de Meri\u00f3lisis de 2MWh?\u00bb open_toggle_text_color=\u00bb#000000&#8243; open_toggle_background_color=\u00bb#ffffff\u00bb closed_toggle_background_color=\u00bb#ffffff\u00bb icon_color=\u00bbrgba(0,126,61,0.11)\u00bb open_icon_color=\u00bbrgba(0,126,61,0.11)\u00bb _builder_version=\u00bb4.13.0&#8243; title_text_color=\u00bb#000000&#8243; title_font=\u00bb|600|||||||\u00bb title_font_size=\u00bb20px\u00bb closed_title_font_size=\u00bb20px\u00bb body_font_size=\u00bb18px\u00bb text_orientation=\u00bbjustified\u00bb custom_padding=\u00bb||5%||false|false\u00bb custom_padding_tablet=\u00bb\u00bb custom_padding_phone=\u00bb0px||5%||false|false\u00bb custom_padding_last_edited=\u00bbon|phone\u00bb animation_style=\u00bbslide\u00bb animation_direction=\u00bbbottom\u00bb animation_intensity_slide=\u00bb5%\u00bb title_line_height_tablet=\u00bb1.2em\u00bb title_line_height_phone=\u00bb\u00bb title_line_height_last_edited=\u00bbon|tablet\u00bb body_font_size_tablet=\u00bb\u00bb body_font_size_phone=\u00bb16px\u00bb body_font_size_last_edited=\u00bbon|phone\u00bb border_color_all=\u00bbrgba(0,0,0,0)\u00bb border_color_bottom=\u00bb#007e3d\u00bb global_colors_info=\u00bb{}\u00bb]<\/p>\n<p>La m\u00e1quina de Meri\u00f3lisis consumir\u00e1 2 toneladas de pellets por hora durante 8.000 horas (24 x 7 x 11 meses).<\/p>\n<p>[\/et_pb_toggle][et_pb_toggle title=\u00bb\u00bfCu\u00e1ntos residuos podemos procesar?\u00bb open_toggle_text_color=\u00bb#000000&#8243; open_toggle_background_color=\u00bb#ffffff\u00bb closed_toggle_background_color=\u00bb#ffffff\u00bb icon_color=\u00bbrgba(0,126,61,0.11)\u00bb open_icon_color=\u00bbrgba(0,126,61,0.11)\u00bb _builder_version=\u00bb4.13.0&#8243; title_text_color=\u00bb#000000&#8243; title_font=\u00bb|600|||||||\u00bb title_font_size=\u00bb20px\u00bb body_font_size=\u00bb18px\u00bb text_orientation=\u00bbjustified\u00bb custom_padding=\u00bb||5%||false|false\u00bb custom_padding_tablet=\u00bb\u00bb custom_padding_phone=\u00bb0px||5%||false|false\u00bb custom_padding_last_edited=\u00bbon|phone\u00bb animation_style=\u00bbslide\u00bb animation_direction=\u00bbbottom\u00bb animation_intensity_slide=\u00bb5%\u00bb title_line_height_tablet=\u00bb\u00bb title_line_height_phone=\u00bb1.3em\u00bb title_line_height_last_edited=\u00bbon|phone\u00bb body_font_size_tablet=\u00bb\u00bb body_font_size_phone=\u00bb16px\u00bb body_font_size_last_edited=\u00bbon|phone\u00bb border_color_all=\u00bbrgba(0,0,0,0)\u00bb border_color_bottom=\u00bb#007e3d\u00bb global_colors_info=\u00bb{}\u00bb]<\/p>\n<p>El proceso m\u00e1ximo de nuestra planta de term\u00f3lisis es de 2 toneladas de residuos por hora. Se pueden a\u00f1adir m\u00f3dulos de 2 toneladas adicionales para lograr el rendimiento necesario. La construcci\u00f3n modular significa que puede ser dimensionada para cualquier cantidad a\u00f1adiendo varias unidades y optimizando los costes.<\/p>\n<p>[\/et_pb_toggle][\/et_pb_column][\/et_pb_row][\/et_pb_section][et_pb_section fb_built=\u00bb1&#8243; fullwidth=\u00bbon\u00bb _builder_version=\u00bb4.9.4&#8243; background_color=\u00bbrgba(0,126,61,0.32)\u00bb width=\u00bb100%\u00bb max_width=\u00bb100%\u00bb custom_margin=\u00bb||||false|false\u00bb custom_padding=\u00bb0.5%||||false|false\u00bb global_module=\u00bb1767&#8243; global_colors_info=\u00bb{}\u00bb][\/et_pb_section]<\/p>\n","protected":false},"excerpt":{"rendered":"<p>La Meri\u00f3lisis puede procesar una amplia gama de materiales de desecho, incluyendo residuos municipales (RSU), residuos comerciales e industriales, combustible derivado de la basura, pl\u00e1sticos, neum\u00e1ticos, residuos de madera, residuos verdes, lodos de depuraci\u00f3n y muchos residuos peligrosos y hospitalarios. Es posible mezclar varios de estos tipos de residuos y procesarlos juntos.Aproximadamente 5.880 viviendas con [&hellip;]<\/p>\n","protected":false},"author":3,"featured_media":0,"parent":0,"menu_order":0,"comment_status":"closed","ping_status":"closed","template":"","meta":{"_et_pb_use_builder":"on","_et_pb_old_content":"","_et_gb_content_width":""},"yoast_head":"<!-- This site is optimized with the Yoast SEO plugin v20.0 - https:\/\/yoast.com\/wordpress\/plugins\/seo\/ -->\n<title>FAQ- Preguntas frecuentes - Landfillsolutions<\/title>\n<meta name=\"description\" content=\"Preguntas frecuentes sobre el sistema de gesti\u00f3n de residuos urbanos e industriales a trav\u00e9s del proceso Hidr\u00f3lisis y Meri\u00f3lisis.\" \/>\n<meta name=\"robots\" content=\"index, follow, max-snippet:-1, max-image-preview:large, max-video-preview:-1\" \/>\n<link rel=\"canonical\" href=\"https:\/\/landfillsolutions.es\/es\/preguntas-frecuentes\/\" \/>\n<meta property=\"og:locale\" content=\"es_ES\" \/>\n<meta property=\"og:type\" content=\"article\" \/>\n<meta property=\"og:title\" content=\"FAQ- Preguntas frecuentes - Landfillsolutions\" \/>\n<meta property=\"og:description\" content=\"Preguntas frecuentes sobre el sistema de gesti\u00f3n de residuos urbanos e industriales a trav\u00e9s del proceso Hidr\u00f3lisis y Meri\u00f3lisis.\" \/>\n<meta property=\"og:url\" content=\"https:\/\/landfillsolutions.es\/es\/preguntas-frecuentes\/\" \/>\n<meta property=\"og:site_name\" content=\"Landfillsolutions\" \/>\n<meta property=\"article:modified_time\" content=\"2021-11-24T07:58:55+00:00\" \/>\n<meta name=\"twitter:card\" content=\"summary_large_image\" \/>\n<meta name=\"twitter:label1\" content=\"Tiempo de lectura\" \/>\n\t<meta name=\"twitter:data1\" content=\"6 minutos\" \/>\n<script type=\"application\/ld+json\" class=\"yoast-schema-graph\">{\"@context\":\"https:\/\/schema.org\",\"@graph\":[{\"@type\":[\"WebPage\",\"FAQPage\"],\"@id\":\"https:\/\/landfillsolutions.es\/es\/preguntas-frecuentes\/\",\"url\":\"https:\/\/landfillsolutions.es\/es\/preguntas-frecuentes\/\",\"name\":\"FAQ- Preguntas frecuentes - Landfillsolutions\",\"isPartOf\":{\"@id\":\"https:\/\/landfillsolutions.es\/es\/#website\"},\"datePublished\":\"2020-02-18T11:38:23+00:00\",\"dateModified\":\"2021-11-24T07:58:55+00:00\",\"description\":\"Preguntas frecuentes sobre el sistema de gesti\u00f3n de residuos urbanos e industriales a trav\u00e9s del proceso Hidr\u00f3lisis y Meri\u00f3lisis.\",\"breadcrumb\":{\"@id\":\"https:\/\/landfillsolutions.es\/es\/preguntas-frecuentes\/#breadcrumb\"},\"inLanguage\":\"es\",\"potentialAction\":[{\"@type\":\"ReadAction\",\"target\":[\"https:\/\/landfillsolutions.es\/es\/preguntas-frecuentes\/\"]}]},{\"@type\":\"BreadcrumbList\",\"@id\":\"https:\/\/landfillsolutions.es\/es\/preguntas-frecuentes\/#breadcrumb\",\"itemListElement\":[{\"@type\":\"ListItem\",\"position\":1,\"name\":\"Portada\",\"item\":\"https:\/\/landfillsolutions.es\/es\/\"},{\"@type\":\"ListItem\",\"position\":2,\"name\":\"FAQ- Preguntas frecuentes\"}]},{\"@type\":\"WebSite\",\"@id\":\"https:\/\/landfillsolutions.es\/es\/#website\",\"url\":\"https:\/\/landfillsolutions.es\/es\/\",\"name\":\"Landfillsolutions\",\"description\":\"Con el sistema REVALUO logramos reducir en torno al 85 \u2013 90% la cantidad de residuo que va a parar al vertedero\",\"publisher\":{\"@id\":\"https:\/\/landfillsolutions.es\/es\/#organization\"},\"potentialAction\":[{\"@type\":\"SearchAction\",\"target\":{\"@type\":\"EntryPoint\",\"urlTemplate\":\"https:\/\/landfillsolutions.es\/es\/?s={search_term_string}\"},\"query-input\":\"required name=search_term_string\"}],\"inLanguage\":\"es\"},{\"@type\":\"Organization\",\"@id\":\"https:\/\/landfillsolutions.es\/es\/#organization\",\"name\":\"Landfillsolutions\",\"url\":\"https:\/\/landfillsolutions.es\/es\/\",\"logo\":{\"@type\":\"ImageObject\",\"inLanguage\":\"es\",\"@id\":\"https:\/\/landfillsolutions.es\/es\/#\/schema\/logo\/image\/\",\"url\":\"https:\/\/landfillsolutions.es\/es\/wp-content\/uploads\/2021\/03\/logo-menu.png\",\"contentUrl\":\"https:\/\/landfillsolutions.es\/es\/wp-content\/uploads\/2021\/03\/logo-menu.png\",\"width\":290,\"height\":35,\"caption\":\"Landfillsolutions\"},\"image\":{\"@id\":\"https:\/\/landfillsolutions.es\/es\/#\/schema\/logo\/image\/\"}}]}<\/script>\n<!-- \/ Yoast SEO plugin. -->","yoast_head_json":{"title":"FAQ- Preguntas frecuentes - Landfillsolutions","description":"Preguntas frecuentes sobre el sistema de gesti\u00f3n de residuos urbanos e industriales a trav\u00e9s del proceso Hidr\u00f3lisis y Meri\u00f3lisis.","robots":{"index":"index","follow":"follow","max-snippet":"max-snippet:-1","max-image-preview":"max-image-preview:large","max-video-preview":"max-video-preview:-1"},"canonical":"https:\/\/landfillsolutions.es\/es\/preguntas-frecuentes\/","og_locale":"es_ES","og_type":"article","og_title":"FAQ- Preguntas frecuentes - Landfillsolutions","og_description":"Preguntas frecuentes sobre el sistema de gesti\u00f3n de residuos urbanos e industriales a trav\u00e9s del proceso Hidr\u00f3lisis y Meri\u00f3lisis.","og_url":"https:\/\/landfillsolutions.es\/es\/preguntas-frecuentes\/","og_site_name":"Landfillsolutions","article_modified_time":"2021-11-24T07:58:55+00:00","twitter_card":"summary_large_image","twitter_misc":{"Tiempo de lectura":"6 minutos"},"schema":{"@context":"https:\/\/schema.org","@graph":[{"@type":["WebPage","FAQPage"],"@id":"https:\/\/landfillsolutions.es\/es\/preguntas-frecuentes\/","url":"https:\/\/landfillsolutions.es\/es\/preguntas-frecuentes\/","name":"FAQ- Preguntas frecuentes - Landfillsolutions","isPartOf":{"@id":"https:\/\/landfillsolutions.es\/es\/#website"},"datePublished":"2020-02-18T11:38:23+00:00","dateModified":"2021-11-24T07:58:55+00:00","description":"Preguntas frecuentes sobre el sistema de gesti\u00f3n de residuos urbanos e industriales a trav\u00e9s del proceso Hidr\u00f3lisis y Meri\u00f3lisis.","breadcrumb":{"@id":"https:\/\/landfillsolutions.es\/es\/preguntas-frecuentes\/#breadcrumb"},"inLanguage":"es","potentialAction":[{"@type":"ReadAction","target":["https:\/\/landfillsolutions.es\/es\/preguntas-frecuentes\/"]}]},{"@type":"BreadcrumbList","@id":"https:\/\/landfillsolutions.es\/es\/preguntas-frecuentes\/#breadcrumb","itemListElement":[{"@type":"ListItem","position":1,"name":"Portada","item":"https:\/\/landfillsolutions.es\/es\/"},{"@type":"ListItem","position":2,"name":"FAQ- Preguntas frecuentes"}]},{"@type":"WebSite","@id":"https:\/\/landfillsolutions.es\/es\/#website","url":"https:\/\/landfillsolutions.es\/es\/","name":"Landfillsolutions","description":"Con el sistema REVALUO logramos reducir en torno al 85 \u2013 90% la cantidad de residuo que va a parar al vertedero","publisher":{"@id":"https:\/\/landfillsolutions.es\/es\/#organization"},"potentialAction":[{"@type":"SearchAction","target":{"@type":"EntryPoint","urlTemplate":"https:\/\/landfillsolutions.es\/es\/?s={search_term_string}"},"query-input":"required name=search_term_string"}],"inLanguage":"es"},{"@type":"Organization","@id":"https:\/\/landfillsolutions.es\/es\/#organization","name":"Landfillsolutions","url":"https:\/\/landfillsolutions.es\/es\/","logo":{"@type":"ImageObject","inLanguage":"es","@id":"https:\/\/landfillsolutions.es\/es\/#\/schema\/logo\/image\/","url":"https:\/\/landfillsolutions.es\/es\/wp-content\/uploads\/2021\/03\/logo-menu.png","contentUrl":"https:\/\/landfillsolutions.es\/es\/wp-content\/uploads\/2021\/03\/logo-menu.png","width":290,"height":35,"caption":"Landfillsolutions"},"image":{"@id":"https:\/\/landfillsolutions.es\/es\/#\/schema\/logo\/image\/"}}]}},"_links":{"self":[{"href":"https:\/\/landfillsolutions.es\/es\/wp-json\/wp\/v2\/pages\/1947"}],"collection":[{"href":"https:\/\/landfillsolutions.es\/es\/wp-json\/wp\/v2\/pages"}],"about":[{"href":"https:\/\/landfillsolutions.es\/es\/wp-json\/wp\/v2\/types\/page"}],"author":[{"embeddable":true,"href":"https:\/\/landfillsolutions.es\/es\/wp-json\/wp\/v2\/users\/3"}],"replies":[{"embeddable":true,"href":"https:\/\/landfillsolutions.es\/es\/wp-json\/wp\/v2\/comments?post=1947"}],"version-history":[{"count":64,"href":"https:\/\/landfillsolutions.es\/es\/wp-json\/wp\/v2\/pages\/1947\/revisions"}],"predecessor-version":[{"id":257373,"href":"https:\/\/landfillsolutions.es\/es\/wp-json\/wp\/v2\/pages\/1947\/revisions\/257373"}],"wp:attachment":[{"href":"https:\/\/landfillsolutions.es\/es\/wp-json\/wp\/v2\/media?parent=1947"}],"curies":[{"name":"wp","href":"https:\/\/api.w.org\/{rel}","templated":true}]}}