{"id":2359,"date":"2020-04-13T08:50:38","date_gmt":"2020-04-13T08:50:38","guid":{"rendered":"https:\/\/landfillsolutions.es\/es\/?page_id=2359"},"modified":"2021-09-09T11:10:34","modified_gmt":"2021-09-09T11:10:34","slug":"ejemplo-de-plantas-de-meriolisis","status":"publish","type":"page","link":"https:\/\/landfillsolutions.es\/es\/ejemplo-de-plantas-de-meriolisis\/","title":{"rendered":"Ejemplo de plantas de Meri\u00f3lisis"},"content":{"rendered":"<p>[et_pb_section fb_built=\u00bb1&#8243; fullwidth=\u00bbon\u00bb _builder_version=\u00bb4.9.10&#8243; background_enable_color=\u00bboff\u00bb use_background_color_gradient=\u00bbon\u00bb background_color_gradient_start=\u00bb#29c695&#8243; background_color_gradient_end=\u00bb#29c695&#8243; background_image=\u00bbhttps:\/\/landfillsolutions.es\/es\/wp-content\/uploads\/2021\/08\/Maquinaria-de-meriolisis.jpg\u00bb custom_padding=\u00bb0px|0px|0px|0px\u00bb filter_saturate=\u00bb111%\u00bb locked=\u00bboff\u00bb global_colors_info=\u00bb{}\u00bb][et_pb_fullwidth_header title=\u00bbEjemplo de plantas de Meri\u00f3lisis\u00bb text_orientation=\u00bbcenter\u00bb header_scroll_down=\u00bbon\u00bb scroll_down_icon=\u00bb%%1%%\u00bb content_max_width=\u00bb90%\u00bb scroll_down_icon_color_tablet=\u00bb\u00bb scroll_down_icon_color_phone=\u00bbRGBA(0,0,0,0)\u00bb scroll_down_icon_color_last_edited=\u00bbon|phone\u00bb _builder_version=\u00bb4.10.2&#8243; title_font=\u00bb|700|||||||\u00bb title_text_color=\u00bb#ffffff\u00bb title_font_size=\u00bb50px\u00bb title_line_height=\u00bb1.2em\u00bb content_font=\u00bb||||||||\u00bb background_color=\u00bbrgba(255,255,255,0.7)\u00bb use_background_color_gradient=\u00bbon\u00bb background_color_gradient_start=\u00bbrgba(0,126,61,0.41)\u00bb background_color_gradient_end=\u00bbrgba(0,126,61,0.41)\u00bb background_enable_image=\u00bboff\u00bb background_layout=\u00bblight\u00bb custom_margin=\u00bb|||\u00bb custom_padding=\u00bb6%||6%||true|false\u00bb custom_padding_tablet=\u00bb5%||5%||true|false\u00bb custom_padding_phone=\u00bb0%||0%||true|false\u00bb custom_padding_last_edited=\u00bbon|phone\u00bb title_font_size_tablet=\u00bb40px\u00bb title_font_size_phone=\u00bb37px\u00bb title_font_size_last_edited=\u00bbon|phone\u00bb global_colors_info=\u00bb{}\u00bb button_one_text_size__hover_enabled=\u00bboff\u00bb button_two_text_size__hover_enabled=\u00bboff\u00bb button_one_text_color__hover_enabled=\u00bboff\u00bb button_two_text_color__hover_enabled=\u00bboff\u00bb button_one_border_width__hover_enabled=\u00bboff\u00bb button_two_border_width__hover_enabled=\u00bboff\u00bb button_one_border_color__hover_enabled=\u00bboff\u00bb button_two_border_color__hover_enabled=\u00bboff\u00bb button_one_border_radius__hover_enabled=\u00bboff\u00bb button_two_border_radius__hover_enabled=\u00bboff\u00bb button_one_letter_spacing__hover_enabled=\u00bboff\u00bb button_two_letter_spacing__hover_enabled=\u00bboff\u00bb button_one_bg_color__hover_enabled=\u00bboff\u00bb button_two_bg_color__hover_enabled=\u00bboff\u00bb][\/et_pb_fullwidth_header][\/et_pb_section][et_pb_section fb_built=\u00bb1&#8243; custom_padding_last_edited=\u00bbon|phone\u00bb _builder_version=\u00bb4.10.2&#8243; custom_padding_tablet=\u00bb\u00bb custom_padding_phone=\u00bb0px||||false|false\u00bb global_colors_info=\u00bb{}\u00bb][et_pb_row _builder_version=\u00bb4.10.2&#8243; background_color=\u00bbrgba(0,0,0,0.04)\u00bb width_tablet=\u00bb\u00bb width_phone=\u00bb100%\u00bb width_last_edited=\u00bbon|phone\u00bb max_width_tablet=\u00bb\u00bb max_width_phone=\u00bb100%\u00bb max_width_last_edited=\u00bbon|phone\u00bb animation_style=\u00bbslide\u00bb animation_direction=\u00bbbottom\u00bb animation_intensity_slide=\u00bb2%\u00bb global_colors_info=\u00bb{}\u00bb][et_pb_column type=\u00bb4_4&#8243; _builder_version=\u00bb4.4.3&#8243; global_colors_info=\u00bb{}\u00bb][et_pb_text _builder_version=\u00bb4.10.6&#8243; text_text_color=\u00bb#000000&#8243; text_font_size=\u00bb18px\u00bb background_color=\u00bb#ffffff\u00bb text_orientation=\u00bbjustified\u00bb custom_margin=\u00bb-3%|2%|-3%|2%|true|true\u00bb custom_padding=\u00bb2%|2%|2%|2%|true|true\u00bb hover_enabled=\u00bb0&#8243; global_colors_info=\u00bb{}\u00bb text_font_size_last_edited=\u00bbon|phone\u00bb sticky_enabled=\u00bb0&#8243; text_font_size_phone=\u00bb16px\u00bb]<\/p>\n<p>En este apartado explicamos brevemente algunas plantas que han sido instaladas y est\u00e1n funcionando en la actualidad con buenos resultados.<\/p>\n<p>Se dan datos, planos, dimensiones y espacios necesarios para alojar los distintos equipos y partes que componen estas plantas de tratamiento de residuos mediante un proceso de Meri\u00f3lisis.<\/p>\n<p>Tambi\u00e9n se hace un breve <strong>seguimiento del itinerario de la basura<\/strong> o en el caso de <strong>Filakovo<\/strong>, de los pellets una vez entran en el proceso.<\/p>\n<p>Es importante entender que cada planta tiene unas caracter\u00edsticas \u00fanicas que vienen definidas por distintos factores como el espacio disponible, la <strong>basura<\/strong> a tratar, el equipamiento previo que pudiera existir en la planta y que pudiera ser aprovechado y asimilado por la nueva instalaci\u00f3n, o el producto a obtener. Dependiendo un poco de distintas caracter\u00edsticas, el sistema permite en un momento dado, ser calibrado para producir mayor o menor cantidad de un subproducto, ya sea jugando con la temperatura, el tiempo de estancia de la basura dentro de la planta etc.<\/p>\n<p>[\/et_pb_text][\/et_pb_column][\/et_pb_row][et_pb_row column_structure=\u00bb1_2,1_2&#8243; use_custom_gutter=\u00bbon\u00bb gutter_width=\u00bb2&#8243; make_equal=\u00bbon\u00bb custom_padding_last_edited=\u00bbon|phone\u00bb _builder_version=\u00bb4.10.5&#8243; module_alignment=\u00bbcenter\u00bb custom_margin=\u00bb2%||2%||true|false\u00bb custom_padding=\u00bb0px||0px||false|false\u00bb custom_padding_tablet=\u00bb\u00bb custom_padding_phone=\u00bb2%||0px||false|false\u00bb global_colors_info=\u00bb{}\u00bb][et_pb_column type=\u00bb1_2&#8243; _builder_version=\u00bb4.4.8&#8243; background_color=\u00bb#007e3d\u00bb background_enable_image=\u00bboff\u00bb animation_style=\u00bbslide\u00bb animation_direction=\u00bbleft\u00bb animation_intensity_slide=\u00bb5%\u00bb link_option_url=\u00bbhttps:\/\/landfillsolutions.es\/es\/filakovo-slovakia\/\u00bb global_colors_info=\u00bb{}\u00bb][et_pb_text _builder_version=\u00bb4.4.8&#8243; text_font=\u00bb|600|||||||\u00bb text_text_color=\u00bb#ffffff\u00bb text_font_size=\u00bb27px\u00bb background_color=\u00bbrgba(255,255,255,0.5)\u00bb text_orientation=\u00bbcenter\u00bb custom_margin=\u00bb3%||3%||true|false\u00bb custom_padding=\u00bb10%||10%||true|false\u00bb global_colors_info=\u00bb{}\u00bb background__hover_enabled=\u00bbon|hover\u00bb background_color__hover=\u00bbrgba(0,0,0,0.34)\u00bb background_enable_color__hover=\u00bbon\u00bb]<\/p>\n<p>Filakovo, Slovakia<\/p>\n<p>[\/et_pb_text][\/et_pb_column][et_pb_column type=\u00bb1_2&#8243; _builder_version=\u00bb4.10.5&#8243; background_color=\u00bb#362883&#8243; animation_style=\u00bbslide\u00bb animation_direction=\u00bbright\u00bb animation_intensity_slide=\u00bb5%\u00bb global_colors_info=\u00bb{}\u00bb][et_pb_text module_class=\u00bbov-blog\u00bb _builder_version=\u00bb4.9.11&#8243; text_font=\u00bb|600|||||||\u00bb text_text_color=\u00bb#ffffff\u00bb text_font_size=\u00bb27px\u00bb background_color=\u00bbrgba(255,255,255,0.5)\u00bb text_orientation=\u00bbcenter\u00bb custom_margin=\u00bb3%||3%||true|false\u00bb custom_padding=\u00bb10%||10%||true|false\u00bb global_colors_info=\u00bb{}\u00bb background__hover_enabled=\u00bbon|hover\u00bb background_color__hover=\u00bbrgba(0,0,0,0.34)\u00bb background_enable_color__hover=\u00bbon\u00bb]<\/p>\n<p>Almaty, Kazakhstan<\/p>\n<p>[\/et_pb_text][\/et_pb_column][\/et_pb_row][\/et_pb_section][et_pb_section fb_built=\u00bb1&#8243; fullwidth=\u00bbon\u00bb _builder_version=\u00bb4.9.4&#8243; background_color=\u00bbrgba(0,126,61,0.32)\u00bb width=\u00bb100%\u00bb max_width=\u00bb100%\u00bb custom_margin=\u00bb||||false|false\u00bb custom_padding=\u00bb0.5%||||false|false\u00bb global_module=\u00bb1767&#8243; global_colors_info=\u00bb{}\u00bb][\/et_pb_section]<\/p>\n","protected":false},"excerpt":{"rendered":"<p>En este apartado explicamos brevemente algunas plantas que han sido instaladas y est\u00e1n funcionando en la actualidad con buenos resultados. Se dan datos, planos, dimensiones y espacios necesarios para alojar los distintos equipos y partes que componen estas plantas de tratamiento de residuos mediante un proceso de Meri\u00f3lisis. Tambi\u00e9n se hace un breve seguimiento del [&hellip;]<\/p>\n","protected":false},"author":3,"featured_media":0,"parent":0,"menu_order":0,"comment_status":"closed","ping_status":"closed","template":"","meta":{"_et_pb_use_builder":"on","_et_pb_old_content":"","_et_gb_content_width":""},"yoast_head":"<!-- This site is optimized with the Yoast SEO plugin v20.0 - https:\/\/yoast.com\/wordpress\/plugins\/seo\/ -->\n<title>Ejemplo de plantas de Meri\u00f3lisis - Landfillsolutions<\/title>\n<meta name=\"description\" content=\"Ejemplo de plantas de meri\u00f3lisis instaladas y en funcionamiento en la actualidad con buenos resultados para la gesti\u00f3n de residuos.\" \/>\n<meta name=\"robots\" content=\"index, follow, max-snippet:-1, max-image-preview:large, max-video-preview:-1\" \/>\n<link rel=\"canonical\" href=\"https:\/\/landfillsolutions.es\/es\/ejemplo-de-plantas-de-meriolisis\/\" \/>\n<meta property=\"og:locale\" content=\"es_ES\" \/>\n<meta property=\"og:type\" content=\"article\" \/>\n<meta property=\"og:title\" content=\"Ejemplo de plantas de Meri\u00f3lisis - Landfillsolutions\" \/>\n<meta property=\"og:description\" content=\"Ejemplo de plantas de meri\u00f3lisis instaladas y en funcionamiento en la actualidad con buenos resultados para la gesti\u00f3n de residuos.\" \/>\n<meta property=\"og:url\" content=\"https:\/\/landfillsolutions.es\/es\/ejemplo-de-plantas-de-meriolisis\/\" \/>\n<meta property=\"og:site_name\" content=\"Landfillsolutions\" \/>\n<meta property=\"article:modified_time\" content=\"2021-09-09T11:10:34+00:00\" \/>\n<meta name=\"twitter:card\" content=\"summary_large_image\" \/>\n<meta name=\"twitter:label1\" content=\"Tiempo de lectura\" \/>\n\t<meta name=\"twitter:data1\" content=\"4 minutos\" \/>\n<script type=\"application\/ld+json\" class=\"yoast-schema-graph\">{\"@context\":\"https:\/\/schema.org\",\"@graph\":[{\"@type\":\"WebPage\",\"@id\":\"https:\/\/landfillsolutions.es\/es\/ejemplo-de-plantas-de-meriolisis\/\",\"url\":\"https:\/\/landfillsolutions.es\/es\/ejemplo-de-plantas-de-meriolisis\/\",\"name\":\"Ejemplo de plantas de Meri\u00f3lisis - Landfillsolutions\",\"isPartOf\":{\"@id\":\"https:\/\/landfillsolutions.es\/es\/#website\"},\"datePublished\":\"2020-04-13T08:50:38+00:00\",\"dateModified\":\"2021-09-09T11:10:34+00:00\",\"description\":\"Ejemplo de plantas de meri\u00f3lisis instaladas y en funcionamiento en la actualidad con buenos resultados para la gesti\u00f3n de residuos.\",\"breadcrumb\":{\"@id\":\"https:\/\/landfillsolutions.es\/es\/ejemplo-de-plantas-de-meriolisis\/#breadcrumb\"},\"inLanguage\":\"es\",\"potentialAction\":[{\"@type\":\"ReadAction\",\"target\":[\"https:\/\/landfillsolutions.es\/es\/ejemplo-de-plantas-de-meriolisis\/\"]}]},{\"@type\":\"BreadcrumbList\",\"@id\":\"https:\/\/landfillsolutions.es\/es\/ejemplo-de-plantas-de-meriolisis\/#breadcrumb\",\"itemListElement\":[{\"@type\":\"ListItem\",\"position\":1,\"name\":\"Portada\",\"item\":\"https:\/\/landfillsolutions.es\/es\/\"},{\"@type\":\"ListItem\",\"position\":2,\"name\":\"Ejemplo de plantas de Meri\u00f3lisis\"}]},{\"@type\":\"WebSite\",\"@id\":\"https:\/\/landfillsolutions.es\/es\/#website\",\"url\":\"https:\/\/landfillsolutions.es\/es\/\",\"name\":\"Landfillsolutions\",\"description\":\"Con el sistema REVALUO logramos reducir en torno al 85 \u2013 90% la cantidad de residuo que va a parar al vertedero\",\"publisher\":{\"@id\":\"https:\/\/landfillsolutions.es\/es\/#organization\"},\"potentialAction\":[{\"@type\":\"SearchAction\",\"target\":{\"@type\":\"EntryPoint\",\"urlTemplate\":\"https:\/\/landfillsolutions.es\/es\/?s={search_term_string}\"},\"query-input\":\"required name=search_term_string\"}],\"inLanguage\":\"es\"},{\"@type\":\"Organization\",\"@id\":\"https:\/\/landfillsolutions.es\/es\/#organization\",\"name\":\"Landfillsolutions\",\"url\":\"https:\/\/landfillsolutions.es\/es\/\",\"logo\":{\"@type\":\"ImageObject\",\"inLanguage\":\"es\",\"@id\":\"https:\/\/landfillsolutions.es\/es\/#\/schema\/logo\/image\/\",\"url\":\"https:\/\/landfillsolutions.es\/es\/wp-content\/uploads\/2021\/03\/logo-menu.png\",\"contentUrl\":\"https:\/\/landfillsolutions.es\/es\/wp-content\/uploads\/2021\/03\/logo-menu.png\",\"width\":290,\"height\":35,\"caption\":\"Landfillsolutions\"},\"image\":{\"@id\":\"https:\/\/landfillsolutions.es\/es\/#\/schema\/logo\/image\/\"}}]}<\/script>\n<!-- \/ Yoast SEO plugin. -->","yoast_head_json":{"title":"Ejemplo de plantas de Meri\u00f3lisis - Landfillsolutions","description":"Ejemplo de plantas de meri\u00f3lisis instaladas y en funcionamiento en la actualidad con buenos resultados para la gesti\u00f3n de residuos.","robots":{"index":"index","follow":"follow","max-snippet":"max-snippet:-1","max-image-preview":"max-image-preview:large","max-video-preview":"max-video-preview:-1"},"canonical":"https:\/\/landfillsolutions.es\/es\/ejemplo-de-plantas-de-meriolisis\/","og_locale":"es_ES","og_type":"article","og_title":"Ejemplo de plantas de Meri\u00f3lisis - Landfillsolutions","og_description":"Ejemplo de plantas de meri\u00f3lisis instaladas y en funcionamiento en la actualidad con buenos resultados para la gesti\u00f3n de residuos.","og_url":"https:\/\/landfillsolutions.es\/es\/ejemplo-de-plantas-de-meriolisis\/","og_site_name":"Landfillsolutions","article_modified_time":"2021-09-09T11:10:34+00:00","twitter_card":"summary_large_image","twitter_misc":{"Tiempo de lectura":"4 minutos"},"schema":{"@context":"https:\/\/schema.org","@graph":[{"@type":"WebPage","@id":"https:\/\/landfillsolutions.es\/es\/ejemplo-de-plantas-de-meriolisis\/","url":"https:\/\/landfillsolutions.es\/es\/ejemplo-de-plantas-de-meriolisis\/","name":"Ejemplo de plantas de Meri\u00f3lisis - Landfillsolutions","isPartOf":{"@id":"https:\/\/landfillsolutions.es\/es\/#website"},"datePublished":"2020-04-13T08:50:38+00:00","dateModified":"2021-09-09T11:10:34+00:00","description":"Ejemplo de plantas de meri\u00f3lisis instaladas y en funcionamiento en la actualidad con buenos resultados para la gesti\u00f3n de residuos.","breadcrumb":{"@id":"https:\/\/landfillsolutions.es\/es\/ejemplo-de-plantas-de-meriolisis\/#breadcrumb"},"inLanguage":"es","potentialAction":[{"@type":"ReadAction","target":["https:\/\/landfillsolutions.es\/es\/ejemplo-de-plantas-de-meriolisis\/"]}]},{"@type":"BreadcrumbList","@id":"https:\/\/landfillsolutions.es\/es\/ejemplo-de-plantas-de-meriolisis\/#breadcrumb","itemListElement":[{"@type":"ListItem","position":1,"name":"Portada","item":"https:\/\/landfillsolutions.es\/es\/"},{"@type":"ListItem","position":2,"name":"Ejemplo de plantas de Meri\u00f3lisis"}]},{"@type":"WebSite","@id":"https:\/\/landfillsolutions.es\/es\/#website","url":"https:\/\/landfillsolutions.es\/es\/","name":"Landfillsolutions","description":"Con el sistema REVALUO logramos reducir en torno al 85 \u2013 90% la cantidad de residuo que va a parar al vertedero","publisher":{"@id":"https:\/\/landfillsolutions.es\/es\/#organization"},"potentialAction":[{"@type":"SearchAction","target":{"@type":"EntryPoint","urlTemplate":"https:\/\/landfillsolutions.es\/es\/?s={search_term_string}"},"query-input":"required name=search_term_string"}],"inLanguage":"es"},{"@type":"Organization","@id":"https:\/\/landfillsolutions.es\/es\/#organization","name":"Landfillsolutions","url":"https:\/\/landfillsolutions.es\/es\/","logo":{"@type":"ImageObject","inLanguage":"es","@id":"https:\/\/landfillsolutions.es\/es\/#\/schema\/logo\/image\/","url":"https:\/\/landfillsolutions.es\/es\/wp-content\/uploads\/2021\/03\/logo-menu.png","contentUrl":"https:\/\/landfillsolutions.es\/es\/wp-content\/uploads\/2021\/03\/logo-menu.png","width":290,"height":35,"caption":"Landfillsolutions"},"image":{"@id":"https:\/\/landfillsolutions.es\/es\/#\/schema\/logo\/image\/"}}]}},"_links":{"self":[{"href":"https:\/\/landfillsolutions.es\/es\/wp-json\/wp\/v2\/pages\/2359"}],"collection":[{"href":"https:\/\/landfillsolutions.es\/es\/wp-json\/wp\/v2\/pages"}],"about":[{"href":"https:\/\/landfillsolutions.es\/es\/wp-json\/wp\/v2\/types\/page"}],"author":[{"embeddable":true,"href":"https:\/\/landfillsolutions.es\/es\/wp-json\/wp\/v2\/users\/3"}],"replies":[{"embeddable":true,"href":"https:\/\/landfillsolutions.es\/es\/wp-json\/wp\/v2\/comments?post=2359"}],"version-history":[{"count":65,"href":"https:\/\/landfillsolutions.es\/es\/wp-json\/wp\/v2\/pages\/2359\/revisions"}],"predecessor-version":[{"id":256227,"href":"https:\/\/landfillsolutions.es\/es\/wp-json\/wp\/v2\/pages\/2359\/revisions\/256227"}],"wp:attachment":[{"href":"https:\/\/landfillsolutions.es\/es\/wp-json\/wp\/v2\/media?parent=2359"}],"curies":[{"name":"wp","href":"https:\/\/api.w.org\/{rel}","templated":true}]}}