{"id":905,"date":"2020-01-27T12:53:37","date_gmt":"2020-01-27T12:53:37","guid":{"rendered":"http:\/\/landfillsolutions.eu\/?page_id=905"},"modified":"2021-09-03T09:03:04","modified_gmt":"2021-09-03T09:03:04","slug":"politica-de-privacidad","status":"publish","type":"page","link":"https:\/\/landfillsolutions.es\/es\/politica-de-privacidad\/","title":{"rendered":"Pol\u00edtica de Privacidad"},"content":{"rendered":"<p>[et_pb_section fb_built=\u00bb1&#8243; fullwidth=\u00bbon\u00bb _builder_version=\u00bb4.4.8&#8243; background_enable_color=\u00bboff\u00bb use_background_color_gradient=\u00bbon\u00bb background_color_gradient_start=\u00bbrgba(255,255,255,0.66)\u00bb background_color_gradient_end=\u00bb#29c695&#8243; background_image=\u00bbhttps:\/\/landfillsolutions.es\/es\/wp-content\/uploads\/2020\/01\/meadow-3743023_1920.jpg\u00bb background_position=\u00bbbottom_center\u00bb custom_padding=\u00bb0px|0px|0px|0px\u00bb filter_saturate=\u00bb111%\u00bb locked=\u00bboff\u00bb global_colors_info=\u00bb{}\u00bb][et_pb_fullwidth_header title=\u00bbPol\u00edtica de Privacidad\u00bb text_orientation=\u00bbcenter\u00bb header_scroll_down=\u00bbon\u00bb scroll_down_icon=\u00bb%%1%%\u00bb _builder_version=\u00bb4.4.8&#8243; title_font=\u00bb|700|||||||\u00bb title_text_color=\u00bb#ffffff\u00bb title_font_size=\u00bb50px\u00bb content_font=\u00bb||||||||\u00bb background_color=\u00bbrgba(255,255,255,0.7)\u00bb use_background_color_gradient=\u00bbon\u00bb background_color_gradient_start=\u00bbrgba(0,126,61,0.41)\u00bb background_color_gradient_end=\u00bbrgba(54,40,131,0.22)\u00bb background_enable_image=\u00bboff\u00bb background_layout=\u00bblight\u00bb custom_margin=\u00bb|||\u00bb custom_padding=\u00bb100px||150px|\u00bb custom_padding_tablet=\u00bb\u00bb custom_padding_phone=\u00bb12%||12%||true|false\u00bb custom_padding_last_edited=\u00bbon|phone\u00bb title_font_size_tablet=\u00bb\u00bb title_font_size_phone=\u00bb30px\u00bb title_font_size_last_edited=\u00bbon|phone\u00bb global_colors_info=\u00bb{}\u00bb button_one_text_size__hover_enabled=\u00bboff\u00bb button_two_text_size__hover_enabled=\u00bboff\u00bb button_one_text_color__hover_enabled=\u00bboff\u00bb button_two_text_color__hover_enabled=\u00bboff\u00bb button_one_border_width__hover_enabled=\u00bboff\u00bb button_two_border_width__hover_enabled=\u00bboff\u00bb button_one_border_color__hover_enabled=\u00bboff\u00bb button_two_border_color__hover_enabled=\u00bboff\u00bb button_one_border_radius__hover_enabled=\u00bboff\u00bb button_two_border_radius__hover_enabled=\u00bboff\u00bb button_one_letter_spacing__hover_enabled=\u00bboff\u00bb button_two_letter_spacing__hover_enabled=\u00bboff\u00bb button_one_bg_color__hover_enabled=\u00bboff\u00bb button_two_bg_color__hover_enabled=\u00bboff\u00bb][\/et_pb_fullwidth_header][\/et_pb_section][et_pb_section fb_built=\u00bb1&#8243; _builder_version=\u00bb4.2.2&#8243; global_colors_info=\u00bb{}\u00bb][et_pb_row _builder_version=\u00bb4.2.2&#8243; global_colors_info=\u00bb{}\u00bb][et_pb_column type=\u00bb4_4&#8243; _builder_version=\u00bb4.2.2&#8243; global_colors_info=\u00bb{}\u00bb][et_pb_text _builder_version=\u00bb4.4.7&#8243; text_font=\u00bb|700|||||||\u00bb text_text_color=\u00bb#000000&#8243; text_font_size=\u00bb26px\u00bb global_colors_info=\u00bb{}\u00bb]<\/p>\n<p>Pol\u00edtica de privacidad<\/p>\n<p>[\/et_pb_text][et_pb_text _builder_version=\u00bb4.10.5&#8243; text_text_color=\u00bb#000000&#8243; text_font_size=\u00bb18px\u00bb text_line_height=\u00bb1.2em\u00bb text_orientation=\u00bbjustified\u00bb hover_enabled=\u00bb0&#8243; global_colors_info=\u00bb{}\u00bb sticky_enabled=\u00bb0&#8243;]<\/p>\n<p>De conformidad con lo previsto en el Reglamento General de Protecci\u00f3n de Datos, los datos personales facilitados ser\u00e1n tratados por Pipote SL., con CIF B84959113, con la finalidad de gestionar la relaci\u00f3n con el cliente y la facturaci\u00f3n y cobro de nuestros servicios. El suministro de los datos con este fin es obligado, impidi\u00e9ndose en otro caso la prestaci\u00f3n del servicio y cumplimiento del contrato. Los datos de contacto de esta entidad son los siguientes: C\/ Raimundo Fdez. Villaverde 45, 28003 \u2013 Madrid, E-mail: <a href=\"mailto:info@landfillsolutions.eu\">info@landfillsolutions.eu<\/a><\/p>\n<p>Los datos ser\u00e1n tratados sobre la base de la relaci\u00f3n contractual mantenida por las partes y ser\u00e1n conservados durante todo el tiempo en que el contrato est\u00e9 vigente. Una vez finalizada dicha relaci\u00f3n, en su caso, los datos podr\u00e1n ser conservados durante el tiempo exigido por la legislaci\u00f3n aplicable y hasta que prescriban las eventuales responsabilidades derivadas del contrato.<\/p>\n<p> Para la finalidad indicada, sus datos ser\u00e1n cedidos a Administraciones P\u00fablicas competentes, en los casos previstos en la Ley y para los fines en ella definidos y a las entidades financieras a trav\u00e9s de las que se articule la gesti\u00f3n de cobros y pagos.<\/p>\n<p> Del mismo modo, los datos ser\u00e1n tratados para el env\u00edo de comunicaciones comerciales de nuestros servicios, salvo que usted manifieste su voluntad en contra por cualquier medio. En cualquier caso, la autorizaci\u00f3n para tratar sus datos con este fin es voluntaria y su negativa s\u00f3lo tendr\u00eda como consecuencia el hecho de que usted no recibir\u00eda ofertas comerciales de nuestros servicios. Los datos para el env\u00edo de comunicaciones comerciales de nuestros servicios ser\u00e1n conservados indefinidamente, hasta que, en su caso, usted nos manifieste su voluntad de suprimirlos.<\/p>\n<p> Podr\u00e1n ejercerse los derechos de acceso, rectificaci\u00f3n, supresi\u00f3n, limitaci\u00f3n, portabilidad y oposici\u00f3n mediante escrito, al que se adjunte copia del DNI, dirigido a la direcci\u00f3n de contacto (tanto f\u00edsica como electr\u00f3nica) antes mencionada. Ante cualquier eventual violaci\u00f3n de sus derechos, puede presentar una reclamaci\u00f3n ante la Agencia Espa\u00f1ola de Protecci\u00f3n de Datos.<\/p>\n<p> En el caso de que se hayan proporcionado datos de terceras personas es responsabilidad de quien lo haga informales de todo lo establecido en esta cl\u00e1usula y, en concreto, de lo previsto en el art\u00edculo 14 del Reglamento General de Protecci\u00f3n de Datos y haber obtenido su previo consentimiento para ello.<\/p>\n<p>[\/et_pb_text][\/et_pb_column][\/et_pb_row][\/et_pb_section][et_pb_section fb_built=\u00bb1&#8243; fullwidth=\u00bbon\u00bb _builder_version=\u00bb4.9.4&#8243; background_color=\u00bbrgba(0,126,61,0.32)\u00bb width=\u00bb100%\u00bb max_width=\u00bb100%\u00bb custom_margin=\u00bb||||false|false\u00bb custom_padding=\u00bb0.5%||||false|false\u00bb global_module=\u00bb1767&#8243; global_colors_info=\u00bb{}\u00bb][\/et_pb_section]<\/p>\n","protected":false},"excerpt":{"rendered":"<p>Pol\u00edtica de privacidadDe conformidad con lo previsto en el Reglamento General de Protecci\u00f3n de Datos, los datos personales facilitados ser\u00e1n tratados por Pipote SL., con CIF B84959113, con la finalidad de gestionar la relaci\u00f3n con el cliente y la facturaci\u00f3n y cobro de nuestros servicios. El suministro de los datos con este fin es obligado, [&hellip;]<\/p>\n","protected":false},"author":3,"featured_media":0,"parent":0,"menu_order":0,"comment_status":"closed","ping_status":"closed","template":"","meta":{"_et_pb_use_builder":"on","_et_pb_old_content":"","_et_gb_content_width":""},"yoast_head":"<!-- This site is optimized with the Yoast SEO plugin v20.0 - https:\/\/yoast.com\/wordpress\/plugins\/seo\/ -->\n<title>Pol\u00edtica de Privacidad - Landfillsolutions<\/title>\n<meta name=\"robots\" content=\"noindex, follow\" \/>\n<meta property=\"og:locale\" content=\"es_ES\" \/>\n<meta property=\"og:type\" content=\"article\" \/>\n<meta property=\"og:title\" content=\"Pol\u00edtica de Privacidad - Landfillsolutions\" \/>\n<meta property=\"og:description\" content=\"Pol\u00edtica de privacidadDe conformidad con lo previsto en el Reglamento General de Protecci\u00f3n de Datos, los datos personales facilitados ser\u00e1n tratados por Pipote SL., con CIF B84959113, con la finalidad de gestionar la relaci\u00f3n con el cliente y la facturaci\u00f3n y cobro de nuestros servicios. El suministro de los datos con este fin es obligado, [&hellip;]\" \/>\n<meta property=\"og:url\" content=\"https:\/\/landfillsolutions.es\/es\/politica-de-privacidad\/\" \/>\n<meta property=\"og:site_name\" content=\"Landfillsolutions\" \/>\n<meta property=\"article:modified_time\" content=\"2021-09-03T09:03:04+00:00\" \/>\n<meta name=\"twitter:card\" content=\"summary_large_image\" \/>\n<meta name=\"twitter:label1\" content=\"Tiempo de lectura\" \/>\n\t<meta name=\"twitter:data1\" content=\"4 minutos\" \/>\n<script type=\"application\/ld+json\" class=\"yoast-schema-graph\">{\"@context\":\"https:\/\/schema.org\",\"@graph\":[{\"@type\":\"WebPage\",\"@id\":\"https:\/\/landfillsolutions.es\/es\/politica-de-privacidad\/\",\"url\":\"https:\/\/landfillsolutions.es\/es\/politica-de-privacidad\/\",\"name\":\"Pol\u00edtica de Privacidad - Landfillsolutions\",\"isPartOf\":{\"@id\":\"https:\/\/landfillsolutions.es\/es\/#website\"},\"datePublished\":\"2020-01-27T12:53:37+00:00\",\"dateModified\":\"2021-09-03T09:03:04+00:00\",\"breadcrumb\":{\"@id\":\"https:\/\/landfillsolutions.es\/es\/politica-de-privacidad\/#breadcrumb\"},\"inLanguage\":\"es\",\"potentialAction\":[{\"@type\":\"ReadAction\",\"target\":[\"https:\/\/landfillsolutions.es\/es\/politica-de-privacidad\/\"]}]},{\"@type\":\"BreadcrumbList\",\"@id\":\"https:\/\/landfillsolutions.es\/es\/politica-de-privacidad\/#breadcrumb\",\"itemListElement\":[{\"@type\":\"ListItem\",\"position\":1,\"name\":\"Portada\",\"item\":\"https:\/\/landfillsolutions.es\/es\/\"},{\"@type\":\"ListItem\",\"position\":2,\"name\":\"Pol\u00edtica de Privacidad\"}]},{\"@type\":\"WebSite\",\"@id\":\"https:\/\/landfillsolutions.es\/es\/#website\",\"url\":\"https:\/\/landfillsolutions.es\/es\/\",\"name\":\"Landfillsolutions\",\"description\":\"Con el sistema REVALUO logramos reducir en torno al 85 \u2013 90% la cantidad de residuo que va a parar al vertedero\",\"publisher\":{\"@id\":\"https:\/\/landfillsolutions.es\/es\/#organization\"},\"potentialAction\":[{\"@type\":\"SearchAction\",\"target\":{\"@type\":\"EntryPoint\",\"urlTemplate\":\"https:\/\/landfillsolutions.es\/es\/?s={search_term_string}\"},\"query-input\":\"required name=search_term_string\"}],\"inLanguage\":\"es\"},{\"@type\":\"Organization\",\"@id\":\"https:\/\/landfillsolutions.es\/es\/#organization\",\"name\":\"Landfillsolutions\",\"url\":\"https:\/\/landfillsolutions.es\/es\/\",\"logo\":{\"@type\":\"ImageObject\",\"inLanguage\":\"es\",\"@id\":\"https:\/\/landfillsolutions.es\/es\/#\/schema\/logo\/image\/\",\"url\":\"https:\/\/landfillsolutions.es\/es\/wp-content\/uploads\/2021\/03\/logo-menu.png\",\"contentUrl\":\"https:\/\/landfillsolutions.es\/es\/wp-content\/uploads\/2021\/03\/logo-menu.png\",\"width\":290,\"height\":35,\"caption\":\"Landfillsolutions\"},\"image\":{\"@id\":\"https:\/\/landfillsolutions.es\/es\/#\/schema\/logo\/image\/\"}}]}<\/script>\n<!-- \/ Yoast SEO plugin. -->","yoast_head_json":{"title":"Pol\u00edtica de Privacidad - Landfillsolutions","robots":{"index":"noindex","follow":"follow"},"og_locale":"es_ES","og_type":"article","og_title":"Pol\u00edtica de Privacidad - Landfillsolutions","og_description":"Pol\u00edtica de privacidadDe conformidad con lo previsto en el Reglamento General de Protecci\u00f3n de Datos, los datos personales facilitados ser\u00e1n tratados por Pipote SL., con CIF B84959113, con la finalidad de gestionar la relaci\u00f3n con el cliente y la facturaci\u00f3n y cobro de nuestros servicios. El suministro de los datos con este fin es obligado, [&hellip;]","og_url":"https:\/\/landfillsolutions.es\/es\/politica-de-privacidad\/","og_site_name":"Landfillsolutions","article_modified_time":"2021-09-03T09:03:04+00:00","twitter_card":"summary_large_image","twitter_misc":{"Tiempo de lectura":"4 minutos"},"schema":{"@context":"https:\/\/schema.org","@graph":[{"@type":"WebPage","@id":"https:\/\/landfillsolutions.es\/es\/politica-de-privacidad\/","url":"https:\/\/landfillsolutions.es\/es\/politica-de-privacidad\/","name":"Pol\u00edtica de Privacidad - Landfillsolutions","isPartOf":{"@id":"https:\/\/landfillsolutions.es\/es\/#website"},"datePublished":"2020-01-27T12:53:37+00:00","dateModified":"2021-09-03T09:03:04+00:00","breadcrumb":{"@id":"https:\/\/landfillsolutions.es\/es\/politica-de-privacidad\/#breadcrumb"},"inLanguage":"es","potentialAction":[{"@type":"ReadAction","target":["https:\/\/landfillsolutions.es\/es\/politica-de-privacidad\/"]}]},{"@type":"BreadcrumbList","@id":"https:\/\/landfillsolutions.es\/es\/politica-de-privacidad\/#breadcrumb","itemListElement":[{"@type":"ListItem","position":1,"name":"Portada","item":"https:\/\/landfillsolutions.es\/es\/"},{"@type":"ListItem","position":2,"name":"Pol\u00edtica de Privacidad"}]},{"@type":"WebSite","@id":"https:\/\/landfillsolutions.es\/es\/#website","url":"https:\/\/landfillsolutions.es\/es\/","name":"Landfillsolutions","description":"Con el sistema REVALUO logramos reducir en torno al 85 \u2013 90% la cantidad de residuo que va a parar al vertedero","publisher":{"@id":"https:\/\/landfillsolutions.es\/es\/#organization"},"potentialAction":[{"@type":"SearchAction","target":{"@type":"EntryPoint","urlTemplate":"https:\/\/landfillsolutions.es\/es\/?s={search_term_string}"},"query-input":"required name=search_term_string"}],"inLanguage":"es"},{"@type":"Organization","@id":"https:\/\/landfillsolutions.es\/es\/#organization","name":"Landfillsolutions","url":"https:\/\/landfillsolutions.es\/es\/","logo":{"@type":"ImageObject","inLanguage":"es","@id":"https:\/\/landfillsolutions.es\/es\/#\/schema\/logo\/image\/","url":"https:\/\/landfillsolutions.es\/es\/wp-content\/uploads\/2021\/03\/logo-menu.png","contentUrl":"https:\/\/landfillsolutions.es\/es\/wp-content\/uploads\/2021\/03\/logo-menu.png","width":290,"height":35,"caption":"Landfillsolutions"},"image":{"@id":"https:\/\/landfillsolutions.es\/es\/#\/schema\/logo\/image\/"}}]}},"_links":{"self":[{"href":"https:\/\/landfillsolutions.es\/es\/wp-json\/wp\/v2\/pages\/905"}],"collection":[{"href":"https:\/\/landfillsolutions.es\/es\/wp-json\/wp\/v2\/pages"}],"about":[{"href":"https:\/\/landfillsolutions.es\/es\/wp-json\/wp\/v2\/types\/page"}],"author":[{"embeddable":true,"href":"https:\/\/landfillsolutions.es\/es\/wp-json\/wp\/v2\/users\/3"}],"replies":[{"embeddable":true,"href":"https:\/\/landfillsolutions.es\/es\/wp-json\/wp\/v2\/comments?post=905"}],"version-history":[{"count":10,"href":"https:\/\/landfillsolutions.es\/es\/wp-json\/wp\/v2\/pages\/905\/revisions"}],"predecessor-version":[{"id":256121,"href":"https:\/\/landfillsolutions.es\/es\/wp-json\/wp\/v2\/pages\/905\/revisions\/256121"}],"wp:attachment":[{"href":"https:\/\/landfillsolutions.es\/es\/wp-json\/wp\/v2\/media?parent=905"}],"curies":[{"name":"wp","href":"https:\/\/api.w.org\/{rel}","templated":true}]}}