{"id":1080,"date":"2020-01-28T12:42:31","date_gmt":"2020-01-28T12:42:31","guid":{"rendered":"https:\/\/landfillsolutions.es\/fr\/?page_id=1080"},"modified":"2021-08-30T08:52:25","modified_gmt":"2021-08-30T08:52:25","slug":"avise-juridiques","status":"publish","type":"page","link":"https:\/\/landfillsolutions.es\/fr\/avise-juridiques\/","title":{"rendered":"Avise Juridiques"},"content":{"rendered":"<p>[et_pb_section fb_built=\u00a0\u00bb1&Prime; fullwidth=\u00a0\u00bbon\u00a0\u00bb _builder_version=\u00a0\u00bb4.4.8&Prime; background_enable_color=\u00a0\u00bboff\u00a0\u00bb use_background_color_gradient=\u00a0\u00bbon\u00a0\u00bb background_color_gradient_start=\u00a0\u00bbrgba(255,255,255,0.66)\u00a0\u00bb background_color_gradient_end=\u00a0\u00bb#29c695&Prime; background_image=\u00a0\u00bbhttps:\/\/landfillsolutions.es\/fr\/wp-content\/uploads\/2020\/01\/meadow-3743023_1920.jpg\u00a0\u00bb background_position=\u00a0\u00bbbottom_center\u00a0\u00bb custom_padding=\u00a0\u00bb0px|0px|0px|0px\u00a0\u00bb filter_saturate=\u00a0\u00bb111%\u00a0\u00bb locked=\u00a0\u00bboff\u00a0\u00bb global_colors_info=\u00a0\u00bb{}\u00a0\u00bb][et_pb_fullwidth_header title=\u00a0\u00bbAvise Juridiques\u00a0\u00bb text_orientation=\u00a0\u00bbcenter\u00a0\u00bb header_scroll_down=\u00a0\u00bbon\u00a0\u00bb scroll_down_icon=\u00a0\u00bb%%1%%\u00a0\u00bb _builder_version=\u00a0\u00bb4.5.3&Prime; title_font=\u00a0\u00bb|700|||||||\u00a0\u00bb title_text_color=\u00a0\u00bb#ffffff\u00a0\u00bb title_font_size=\u00a0\u00bb50px\u00a0\u00bb content_font=\u00a0\u00bb||||||||\u00a0\u00bb background_color=\u00a0\u00bbrgba(255,255,255,0.7)\u00a0\u00bb use_background_color_gradient=\u00a0\u00bbon\u00a0\u00bb background_color_gradient_start=\u00a0\u00bbrgba(0,126,61,0.41)\u00a0\u00bb background_color_gradient_end=\u00a0\u00bbrgba(54,40,131,0.22)\u00a0\u00bb background_enable_image=\u00a0\u00bboff\u00a0\u00bb background_layout=\u00a0\u00bblight\u00a0\u00bb custom_margin=\u00a0\u00bb|||\u00a0\u00bb custom_padding=\u00a0\u00bb100px||150px|\u00a0\u00bb custom_padding_tablet=\u00a0\u00bb\u00a0\u00bb custom_padding_phone=\u00a0\u00bb12%||12%||true|false\u00a0\u00bb custom_padding_last_edited=\u00a0\u00bbon|phone\u00a0\u00bb title_font_size_tablet=\u00a0\u00bb\u00a0\u00bb title_font_size_phone=\u00a0\u00bb30px\u00a0\u00bb title_font_size_last_edited=\u00a0\u00bbon|phone\u00a0\u00bb global_colors_info=\u00a0\u00bb{}\u00a0\u00bb button_one_text_size__hover_enabled=\u00a0\u00bboff\u00a0\u00bb button_two_text_size__hover_enabled=\u00a0\u00bboff\u00a0\u00bb button_one_text_color__hover_enabled=\u00a0\u00bboff\u00a0\u00bb button_two_text_color__hover_enabled=\u00a0\u00bboff\u00a0\u00bb button_one_border_width__hover_enabled=\u00a0\u00bboff\u00a0\u00bb button_two_border_width__hover_enabled=\u00a0\u00bboff\u00a0\u00bb button_one_border_color__hover_enabled=\u00a0\u00bboff\u00a0\u00bb button_two_border_color__hover_enabled=\u00a0\u00bboff\u00a0\u00bb button_one_border_radius__hover_enabled=\u00a0\u00bboff\u00a0\u00bb button_two_border_radius__hover_enabled=\u00a0\u00bboff\u00a0\u00bb button_one_letter_spacing__hover_enabled=\u00a0\u00bboff\u00a0\u00bb button_two_letter_spacing__hover_enabled=\u00a0\u00bboff\u00a0\u00bb button_one_bg_color__hover_enabled=\u00a0\u00bboff\u00a0\u00bb button_two_bg_color__hover_enabled=\u00a0\u00bboff\u00a0\u00bb][\/et_pb_fullwidth_header][\/et_pb_section][et_pb_section fb_built=\u00a0\u00bb1&Prime; _builder_version=\u00a0\u00bb4.2.2&Prime; global_colors_info=\u00a0\u00bb{}\u00a0\u00bb][et_pb_row _builder_version=\u00a0\u00bb4.2.2&Prime; global_colors_info=\u00a0\u00bb{}\u00a0\u00bb][et_pb_column type=\u00a0\u00bb4_4&Prime; _builder_version=\u00a0\u00bb4.2.2&Prime; global_colors_info=\u00a0\u00bb{}\u00a0\u00bb][et_pb_text _builder_version=\u00a0\u00bb4.10.4&Prime; text_text_color=\u00a0\u00bb#000000&Prime; text_font_size=\u00a0\u00bb18px\u00a0\u00bb text_orientation=\u00a0\u00bbjustified\u00a0\u00bb hover_enabled=\u00a0\u00bb0&Prime; global_colors_info=\u00a0\u00bb{}\u00a0\u00bb sticky_enabled=\u00a0\u00bb0&Prime;]<\/p>\n<p>Avise juridique<\/p>\n<p>DONN\u00c9ES D&rsquo;IDENTIFICATION : LANDFILLSOLUTIONS est une marque de PIPOTE S.L. Conform\u00e9ment \u00e0 l&rsquo;obligation d&rsquo;information contenue dans l&rsquo;article 10 de la loi 34\/2002 du 11 Juillet, Services de la soci\u00e9t\u00e9 de l&rsquo;information et le commerce \u00e9lectronique, puis refl\u00e8tent les informations suivantes : le propri\u00e9taire du domaine web est Pipote S.L., avec adresse \u00e0 ces effets dans Calle Raimundo Fdez. Villaverde 45, 28003 &#8211; Madrid Num\u00e9ro C.I.F. : B84959113 enregistr\u00e9 dans le Registre du Commerce de Madrid dans le volume 23722, folio 123, Page M-425760. Contact e-mail : info@landfillsolutions.eu du site web.<\/p>\n<p>UTILISATEURS : L&rsquo;acc\u00e8s et\/ou l&rsquo;utilisation de ce portail de Pipote S.L. du site web attribue la condition d&rsquo;UTILISATEUR, qui accepte, \u00e0 partir de l&rsquo;acc\u00e8s et\/ou de l&rsquo;utilisation susmentionn\u00e9s, les Conditions G\u00e9n\u00e9rales d&rsquo;Utilisation ici refl\u00e9t\u00e9es. Les Conditions mentionn\u00e9es seront d&rsquo;application ind\u00e9pendamment des Conditions G\u00e9n\u00e9rales de Contrat qui dans son cas s&rsquo;av\u00e8rent \u00eatre d&rsquo;accomplissement obligatoire.<\/p>\n<p>UTILISATION DU PORTAIL : pour indiquer le domaine fournit l&rsquo;acc\u00e8s \u00e0 une multitude d&rsquo;informations, services, programmes ou donn\u00e9es (\u00e0 partir de maintenant, \u00ab\u00a0le contenu\u00a0\u00bb) dans Internet appartenant \u00e0 Pipote S.L. ou \u00e0 ses conc\u00e9dants de licence \u00e0 laquelle l&rsquo;UTILISATEUR peut avoir acc\u00e8s. L&rsquo;UTILISATEUR assume la responsabilit\u00e9 de l&rsquo;utilisation du portail. La responsabilit\u00e9 susmentionn\u00e9e s&rsquo;\u00e9tend au registre qui \u00e9tait n\u00e9cessaire pour acc\u00e9der \u00e0 certains services ou contenus. Dans cet enregistrement, l&rsquo;UTILISATEUR sera responsable de fournir des informations v\u00e9ridiques et l\u00e9gales. En cons\u00e9quence de cet enregistrement, l&rsquo;UTILISATEUR pourra recevoir un mot de passe dont il sera responsable, s&rsquo;engageant \u00e0 l&rsquo;utiliser de mani\u00e8re diligente et confidentielle. L&rsquo;UTILISATEUR s&rsquo;engage \u00e0 faire un usage appropri\u00e9 des contenus et services (tels que les services de chat, les forums de discussion ou les groupes de discussion) que Nom de l&rsquo;entreprise qui a cr\u00e9\u00e9 le site web offre par le biais de son site web et, \u00e0 titre d&rsquo;exemple mais non limitatif, \u00e0 ne pas les utiliser pour (i) se livrer \u00e0 des activit\u00e9s ill\u00e9gales, illicites ou contraires \u00e0 la bonne foi et \u00e0 l&rsquo;ordre public ; (ii) diffuser des contenus ou de la propagande \u00e0 caract\u00e8re raciste, x\u00e9nophobe, pornographique-ill\u00e9gal, d&rsquo;apologie du terrorisme ou de tentative contre les droits de l&rsquo;homme ; (iii) provoquer des dommages dans les syst\u00e8mes physiques et logiques de Pipote S. L. (iii) provoquer des dommages dans les syst\u00e8mes physiques et logiques de Pipote S.L., de ses fournisseurs ou de tiers, introduire ou propager dans le r\u00e9seau des virus informatiques ou tout autre syst\u00e8me physique ou logique capable de provoquer les dommages susmentionn\u00e9s ; (iv) essayer d&rsquo;acc\u00e9der et, dans son cas, utiliser les comptes de courrier \u00e9lectronique d&rsquo;autres utilisateurs et modifier ou manipuler ses messages. Le nom de la soci\u00e9t\u00e9 qui a cr\u00e9\u00e9 le site se r\u00e9serve le droit de supprimer les commentaires et les contributions qui violent le respect de la dignit\u00e9 humaine, qui sont discriminatoires, x\u00e9nophobes, racistes, pornographiques, qui portent atteinte \u00e0 la jeunesse ou \u00e0 l&rsquo;enfance, \u00e0 l&rsquo;ordre ou \u00e0 la s\u00e9curit\u00e9 publique ou qui, \u00e0 son avis, ne sont pas adapt\u00e9s \u00e0 la publication. En tout \u00e9tat de cause, Nom de l&rsquo;entreprise qui a cr\u00e9\u00e9 le site ne sera pas responsable des opinions exprim\u00e9es par les utilisateurs dans les forums, les chats ou autres outils de participation.<\/p>\n<p>PROTECTION DES DONN\u00c9ES : Lire la politique de confidentialit\u00e9.<\/p>\n<p>PROPRI\u00c9T\u00c9 INTELLECTUELLE ET INDUSTRIELLE : Pipote S.L., par elle-m\u00eame ou en tant que cessionnaire, est propri\u00e9taire de tous les droits de propri\u00e9t\u00e9 intellectuelle et industrielle de sa page web, ainsi que des \u00e9l\u00e9ments contenus dans celle-ci (\u00e0 titre d&rsquo;exemple, images, sons, audio, vid\u00e9o, logiciels ou textes ; marques ou logos, combinaisons de couleurs, structure et conception, s\u00e9lection des mat\u00e9riaux utilis\u00e9s, acc\u00e8s et utilisation, etc.), propri\u00e9t\u00e9 de Pipote S.L. du site web ou de ses conc\u00e9dants. Tous droits r\u00e9serv\u00e9s. En vertu des dispositions des articles 8 et 32.1, deuxi\u00e8me paragraphe, de la loi sur la propri\u00e9t\u00e9 intellectuelle, il est express\u00e9ment interdit de reproduire, distribuer et communiquer publiquement, y compris par la mise \u00e0 disposition, la totalit\u00e9 ou une partie du contenu de cette page web, \u00e0 des fins commerciales, sur n&rsquo;importe quel support et par n&rsquo;importe quel moyen technique, sans l&rsquo;autorisation de Pipote S.L.. L&rsquo;UTILISATEUR s&rsquo;engage \u00e0 respecter les droits de propri\u00e9t\u00e9 intellectuelle et industrielle appartenant \u00e0 Pipote S.L.. Il pourra visualiser les \u00e9l\u00e9ments du portail et m\u00eame les imprimer, les copier et les stocker sur le disque dur de son ordinateur ou sur tout autre support physique \u00e0 condition que ce soit, uniquement et exclusivement, pour son usage personnel et priv\u00e9. L&rsquo;UTILISATEUR devra s&rsquo;abstenir de supprimer, alt\u00e9rer, \u00e9luder ou manipuler tout dispositif de protection ou syst\u00e8me de s\u00e9curit\u00e9 qui a \u00e9t\u00e9 install\u00e9 dans les pages de Pipote S.L.<\/p>\n<p>EXCLUSION DE GARANTIES ET DE RESPONSABILIT\u00c9 : Pipote S.L. n&rsquo;est en aucun cas responsable des dommages et pr\u00e9judices de toute nature qui pourraient \u00eatre caus\u00e9s, \u00e0 titre d&rsquo;exemple : erreurs ou omissions dans les contenus, manque de disponibilit\u00e9 du portail ou transmission de virus ou de programmes malveillants ou nuisibles dans les contenus, bien qu&rsquo;ayant adopt\u00e9 toutes les mesures technologiques n\u00e9cessaires pour l&rsquo;\u00e9viter.<\/p>\n<p>MODIFICATIONS : Pipote S.L. se r\u00e9serve le droit d&rsquo;effectuer sans pr\u00e9avis les modifications qu&rsquo;elle consid\u00e8re opportunes dans son portail, pouvant changer, supprimer ou ajouter tant les contenus et services qui sont pr\u00eat\u00e9s \u00e0 travers le m\u00eame que la forme dans laquelle ceux-ci apparaissent pr\u00e9sent\u00e9s ou situ\u00e9s dans son portail.<\/p>\n<p>LIENS : Dans le cas o\u00f9 sur www.landfillsolutions.eu il y aurait des liens ou des hyperliens vers d&rsquo;autres sites Internet, Pipote S.L. n&rsquo;exercera aucun type de contr\u00f4le sur les sites et contenus susmentionn\u00e9s. En aucun cas Pipote S.L. n&rsquo;assumera la responsabilit\u00e9 du contenu d&rsquo;un lien appartenant \u00e0 un site web \u00e9tranger, ni ne garantira la disponibilit\u00e9 technique, la qualit\u00e9, la fiabilit\u00e9, l&rsquo;exactitude, l&rsquo;amplitude, la v\u00e9racit\u00e9, la validit\u00e9 et la constitutionnalit\u00e9 de tout mat\u00e9riel ou information contenu dans l&rsquo;un des hyperliens susmentionn\u00e9s ou dans d&rsquo;autres sites Internet. De m\u00eame, l&rsquo;inclusion de ces connexions externes n&rsquo;implique aucun type d&rsquo;association, de fusion ou de participation avec les entit\u00e9s connect\u00e9es.<\/p>\n<p>DROIT D&rsquo;EXCLUSION : Pipote S.L. se r\u00e9serve le droit de refuser ou de retirer l&rsquo;acc\u00e8s au portail et\/ou aux services offerts sans pr\u00e9avis, \u00e0 sa propre demande ou \u00e0 la demande d&rsquo;un tiers, aux utilisateurs qui ne respectent pas les pr\u00e9sentes conditions g\u00e9n\u00e9rales d&rsquo;utilisation.<\/p>\n<p>GENERALITES : Pipote S.L. poursuivra la violation des pr\u00e9sentes conditions ainsi que toute utilisation indue de son portail en exer\u00e7ant toutes les actions civiles et p\u00e9nales qui peuvent lui correspondre par la loi.<\/p>\n<p>MODIFICATION DES PR\u00c9SENTES CONDITIONS ET DE LA DUR\u00c9E : Pipote S.L. pourra modifier \u00e0 tout moment les conditions ici d\u00e9termin\u00e9es, \u00e9tant d\u00fbment publi\u00e9es telles qu&rsquo;elles apparaissent ici. La validit\u00e9 des conditions mentionn\u00e9es d\u00e9pendra de leur exposition et elles seront en vigueur jusqu&rsquo;\u00e0 ce qu&rsquo;elles soient modifi\u00e9es par d&rsquo;autres d\u00fbment publi\u00e9es.<\/p>\n<p>LOI APPLICABLE ET JURIDICTION : La relation entre Pipote S.L. et l&rsquo;UTILISATEUR sera r\u00e9gie par la r\u00e9glementation espagnole en vigueur et toute controverse sera soumise aux Cours et Tribunaux de la ville de Madrid.<\/p>\n<p>[\/et_pb_text][\/et_pb_column][\/et_pb_row][\/et_pb_section][et_pb_section fb_built=\u00a0\u00bb1&Prime; fullwidth=\u00a0\u00bbon\u00a0\u00bb _builder_version=\u00a0\u00bb4.2.2&Prime; background_color=\u00a0\u00bbrgba(0,126,61,0.32)\u00a0\u00bb width=\u00a0\u00bb100%\u00a0\u00bb max_width=\u00a0\u00bb100%\u00a0\u00bb custom_margin=\u00a0\u00bb||||false|false\u00a0\u00bb custom_padding=\u00a0\u00bb0.5%||||false|false\u00a0\u00bb global_module=\u00a0\u00bb1767&Prime; global_colors_info=\u00a0\u00bb{}\u00a0\u00bb][\/et_pb_section]<\/p>\n","protected":false},"excerpt":{"rendered":"<p>Avise juridique DONN\u00c9ES D&rsquo;IDENTIFICATION : LANDFILLSOLUTIONS est une marque de PIPOTE S.L. Conform\u00e9ment \u00e0 l&rsquo;obligation d&rsquo;information contenue dans l&rsquo;article 10 de la loi 34\/2002 du 11 Juillet, Services de la soci\u00e9t\u00e9 de l&rsquo;information et le commerce \u00e9lectronique, puis refl\u00e8tent les informations suivantes : le propri\u00e9taire du domaine web est Pipote S.L., avec adresse \u00e0 ces [&hellip;]<\/p>\n","protected":false},"author":3,"featured_media":0,"parent":0,"menu_order":0,"comment_status":"closed","ping_status":"closed","template":"","meta":{"_et_pb_use_builder":"on","_et_pb_old_content":"","_et_gb_content_width":""},"yoast_head":"<!-- This site is optimized with the Yoast SEO plugin v20.8 - https:\/\/yoast.com\/wordpress\/plugins\/seo\/ -->\n<title>Avise Juridiques - Landfillsolutions<\/title>\n<meta name=\"robots\" content=\"noindex, follow\" \/>\n<meta property=\"og:locale\" content=\"fr_FR\" \/>\n<meta property=\"og:type\" content=\"article\" \/>\n<meta property=\"og:title\" content=\"Avise Juridiques - Landfillsolutions\" \/>\n<meta property=\"og:description\" content=\"Avise juridique DONN\u00c9ES D&#039;IDENTIFICATION : LANDFILLSOLUTIONS est une marque de PIPOTE S.L. Conform\u00e9ment \u00e0 l&#039;obligation d&#039;information contenue dans l&#039;article 10 de la loi 34\/2002 du 11 Juillet, Services de la soci\u00e9t\u00e9 de l&#039;information et le commerce \u00e9lectronique, puis refl\u00e8tent les informations suivantes : le propri\u00e9taire du domaine web est Pipote S.L., avec adresse \u00e0 ces [&hellip;]\" \/>\n<meta property=\"og:url\" content=\"https:\/\/landfillsolutions.es\/fr\/avise-juridiques\/\" \/>\n<meta property=\"og:site_name\" content=\"Landfillsolutions\" \/>\n<meta property=\"article:modified_time\" content=\"2021-08-30T08:52:25+00:00\" \/>\n<meta name=\"twitter:card\" content=\"summary_large_image\" \/>\n<meta name=\"twitter:label1\" content=\"Dur\u00e9e de lecture estim\u00e9e\" \/>\n\t<meta name=\"twitter:data1\" content=\"8 minutes\" \/>\n<script type=\"application\/ld+json\" class=\"yoast-schema-graph\">{\"@context\":\"https:\/\/schema.org\",\"@graph\":[{\"@type\":\"WebPage\",\"@id\":\"https:\/\/landfillsolutions.es\/fr\/avise-juridiques\/\",\"url\":\"https:\/\/landfillsolutions.es\/fr\/avise-juridiques\/\",\"name\":\"Avise Juridiques - Landfillsolutions\",\"isPartOf\":{\"@id\":\"https:\/\/landfillsolutions.es\/fr\/#website\"},\"datePublished\":\"2020-01-28T12:42:31+00:00\",\"dateModified\":\"2021-08-30T08:52:25+00:00\",\"breadcrumb\":{\"@id\":\"https:\/\/landfillsolutions.es\/fr\/avise-juridiques\/#breadcrumb\"},\"inLanguage\":\"fr-FR\",\"potentialAction\":[{\"@type\":\"ReadAction\",\"target\":[\"https:\/\/landfillsolutions.es\/fr\/avise-juridiques\/\"]}]},{\"@type\":\"BreadcrumbList\",\"@id\":\"https:\/\/landfillsolutions.es\/fr\/avise-juridiques\/#breadcrumb\",\"itemListElement\":[{\"@type\":\"ListItem\",\"position\":1,\"name\":\"Portada\",\"item\":\"https:\/\/landfillsolutions.es\/fr\/\"},{\"@type\":\"ListItem\",\"position\":2,\"name\":\"Avise Juridiques\"}]},{\"@type\":\"WebSite\",\"@id\":\"https:\/\/landfillsolutions.es\/fr\/#website\",\"url\":\"https:\/\/landfillsolutions.es\/fr\/\",\"name\":\"Landfillsolutions\",\"description\":\"REVALUO, traitement et valorisation des d\u00e9chets\",\"publisher\":{\"@id\":\"https:\/\/landfillsolutions.es\/fr\/#organization\"},\"potentialAction\":[{\"@type\":\"SearchAction\",\"target\":{\"@type\":\"EntryPoint\",\"urlTemplate\":\"https:\/\/landfillsolutions.es\/fr\/?s={search_term_string}\"},\"query-input\":\"required name=search_term_string\"}],\"inLanguage\":\"fr-FR\"},{\"@type\":\"Organization\",\"@id\":\"https:\/\/landfillsolutions.es\/fr\/#organization\",\"name\":\"Landfillsolutions\",\"url\":\"https:\/\/landfillsolutions.es\/fr\/\",\"logo\":{\"@type\":\"ImageObject\",\"inLanguage\":\"fr-FR\",\"@id\":\"https:\/\/landfillsolutions.es\/fr\/#\/schema\/logo\/image\/\",\"url\":\"https:\/\/landfillsolutions.es\/fr\/wp-content\/uploads\/2021\/03\/Landfillsolutions-logo-.png\",\"contentUrl\":\"https:\/\/landfillsolutions.es\/fr\/wp-content\/uploads\/2021\/03\/Landfillsolutions-logo-.png\",\"width\":290,\"height\":35,\"caption\":\"Landfillsolutions\"},\"image\":{\"@id\":\"https:\/\/landfillsolutions.es\/fr\/#\/schema\/logo\/image\/\"}}]}<\/script>\n<!-- \/ Yoast SEO plugin. -->","yoast_head_json":{"title":"Avise Juridiques - Landfillsolutions","robots":{"index":"noindex","follow":"follow"},"og_locale":"fr_FR","og_type":"article","og_title":"Avise Juridiques - Landfillsolutions","og_description":"Avise juridique DONN\u00c9ES D'IDENTIFICATION : LANDFILLSOLUTIONS est une marque de PIPOTE S.L. Conform\u00e9ment \u00e0 l'obligation d'information contenue dans l'article 10 de la loi 34\/2002 du 11 Juillet, Services de la soci\u00e9t\u00e9 de l'information et le commerce \u00e9lectronique, puis refl\u00e8tent les informations suivantes : le propri\u00e9taire du domaine web est Pipote S.L., avec adresse \u00e0 ces [&hellip;]","og_url":"https:\/\/landfillsolutions.es\/fr\/avise-juridiques\/","og_site_name":"Landfillsolutions","article_modified_time":"2021-08-30T08:52:25+00:00","twitter_card":"summary_large_image","twitter_misc":{"Dur\u00e9e de lecture estim\u00e9e":"8 minutes"},"schema":{"@context":"https:\/\/schema.org","@graph":[{"@type":"WebPage","@id":"https:\/\/landfillsolutions.es\/fr\/avise-juridiques\/","url":"https:\/\/landfillsolutions.es\/fr\/avise-juridiques\/","name":"Avise Juridiques - Landfillsolutions","isPartOf":{"@id":"https:\/\/landfillsolutions.es\/fr\/#website"},"datePublished":"2020-01-28T12:42:31+00:00","dateModified":"2021-08-30T08:52:25+00:00","breadcrumb":{"@id":"https:\/\/landfillsolutions.es\/fr\/avise-juridiques\/#breadcrumb"},"inLanguage":"fr-FR","potentialAction":[{"@type":"ReadAction","target":["https:\/\/landfillsolutions.es\/fr\/avise-juridiques\/"]}]},{"@type":"BreadcrumbList","@id":"https:\/\/landfillsolutions.es\/fr\/avise-juridiques\/#breadcrumb","itemListElement":[{"@type":"ListItem","position":1,"name":"Portada","item":"https:\/\/landfillsolutions.es\/fr\/"},{"@type":"ListItem","position":2,"name":"Avise Juridiques"}]},{"@type":"WebSite","@id":"https:\/\/landfillsolutions.es\/fr\/#website","url":"https:\/\/landfillsolutions.es\/fr\/","name":"Landfillsolutions","description":"REVALUO, traitement et valorisation des d\u00e9chets","publisher":{"@id":"https:\/\/landfillsolutions.es\/fr\/#organization"},"potentialAction":[{"@type":"SearchAction","target":{"@type":"EntryPoint","urlTemplate":"https:\/\/landfillsolutions.es\/fr\/?s={search_term_string}"},"query-input":"required name=search_term_string"}],"inLanguage":"fr-FR"},{"@type":"Organization","@id":"https:\/\/landfillsolutions.es\/fr\/#organization","name":"Landfillsolutions","url":"https:\/\/landfillsolutions.es\/fr\/","logo":{"@type":"ImageObject","inLanguage":"fr-FR","@id":"https:\/\/landfillsolutions.es\/fr\/#\/schema\/logo\/image\/","url":"https:\/\/landfillsolutions.es\/fr\/wp-content\/uploads\/2021\/03\/Landfillsolutions-logo-.png","contentUrl":"https:\/\/landfillsolutions.es\/fr\/wp-content\/uploads\/2021\/03\/Landfillsolutions-logo-.png","width":290,"height":35,"caption":"Landfillsolutions"},"image":{"@id":"https:\/\/landfillsolutions.es\/fr\/#\/schema\/logo\/image\/"}}]}},"_links":{"self":[{"href":"https:\/\/landfillsolutions.es\/fr\/wp-json\/wp\/v2\/pages\/1080"}],"collection":[{"href":"https:\/\/landfillsolutions.es\/fr\/wp-json\/wp\/v2\/pages"}],"about":[{"href":"https:\/\/landfillsolutions.es\/fr\/wp-json\/wp\/v2\/types\/page"}],"author":[{"embeddable":true,"href":"https:\/\/landfillsolutions.es\/fr\/wp-json\/wp\/v2\/users\/3"}],"replies":[{"embeddable":true,"href":"https:\/\/landfillsolutions.es\/fr\/wp-json\/wp\/v2\/comments?post=1080"}],"version-history":[{"count":14,"href":"https:\/\/landfillsolutions.es\/fr\/wp-json\/wp\/v2\/pages\/1080\/revisions"}],"predecessor-version":[{"id":255743,"href":"https:\/\/landfillsolutions.es\/fr\/wp-json\/wp\/v2\/pages\/1080\/revisions\/255743"}],"wp:attachment":[{"href":"https:\/\/landfillsolutions.es\/fr\/wp-json\/wp\/v2\/media?parent=1080"}],"curies":[{"name":"wp","href":"https:\/\/api.w.org\/{rel}","templated":true}]}}