{"id":1929,"date":"2020-02-27T09:49:48","date_gmt":"2020-02-27T09:49:48","guid":{"rendered":"https:\/\/landfillsolutions.es\/fr\/?page_id=1929"},"modified":"2021-11-25T09:38:42","modified_gmt":"2021-11-25T09:38:42","slug":"questions-frequemment-posees-et-reponses","status":"publish","type":"page","link":"https:\/\/landfillsolutions.es\/fr\/questions-frequemment-posees-et-reponses\/","title":{"rendered":"FAQ &#8211; Questions fr\u00e9quemment pos\u00e9es"},"content":{"rendered":"<p>[et_pb_section fb_built=\u00a0\u00bb1&Prime; fullwidth=\u00a0\u00bbon\u00a0\u00bb _builder_version=\u00a0\u00bb4.14.1&Prime; background_enable_color=\u00a0\u00bboff\u00a0\u00bb background_color_gradient_start=\u00a0\u00bbrgba(255,255,255,0.66)\u00a0\u00bb background_color_gradient_end=\u00a0\u00bb#29c695&Prime; background_image=\u00a0\u00bbhttps:\/\/landfillsolutions.es\/fr\/wp-content\/uploads\/2021\/11\/faq-landfillsolutions-systeme-recyclage-des-dechets-REVALUO.jpeg\u00a0\u00bb custom_padding=\u00a0\u00bb0px|0px|0px|0px\u00a0\u00bb filter_saturate=\u00a0\u00bb111%\u00a0\u00bb hover_enabled=\u00a0\u00bb0&Prime; locked=\u00a0\u00bboff\u00a0\u00bb global_colors_info=\u00a0\u00bb{}\u00a0\u00bb title_text=\u00a0\u00bbfaq-landfillsolutions-systeme-recyclage-des-dechets-REVALUO\u00a0\u00bb sticky_enabled=\u00a0\u00bb0&Prime;][et_pb_fullwidth_header title=\u00a0\u00bbFAQ\u00a0\u00bb text_orientation=\u00a0\u00bbcenter\u00a0\u00bb scroll_down_icon_color_tablet=\u00a0\u00bb\u00a0\u00bb scroll_down_icon_color_phone=\u00a0\u00bbRGBA(0,0,0,0)\u00a0\u00bb scroll_down_icon_color_last_edited=\u00a0\u00bbon|phone\u00a0\u00bb _builder_version=\u00a0\u00bb4.14.1&Prime; title_font=\u00a0\u00bb|700|||||||\u00a0\u00bb title_text_color=\u00a0\u00bb#ffffff\u00a0\u00bb title_font_size=\u00a0\u00bb60px\u00a0\u00bb content_font=\u00a0\u00bb||||||||\u00a0\u00bb background_color_gradient_start=\u00a0\u00bbrgba(0,126,61,0.41)\u00a0\u00bb background_color_gradient_end=\u00a0\u00bbrgba(0,126,61,0.41)\u00a0\u00bb background_enable_image=\u00a0\u00bboff\u00a0\u00bb background_layout=\u00a0\u00bblight\u00a0\u00bb custom_margin=\u00a0\u00bb|||\u00a0\u00bb custom_padding=\u00a0\u00bb7.5%||7.5%||true|false\u00a0\u00bb custom_padding_tablet=\u00a0\u00bb\u00a0\u00bb custom_padding_phone=\u00a0\u00bb0%||0%||true|false\u00a0\u00bb custom_padding_last_edited=\u00a0\u00bbon|phone\u00a0\u00bb hover_enabled=\u00a0\u00bb0&Prime; title_font_size_tablet=\u00a0\u00bb\u00a0\u00bb title_font_size_phone=\u00a0\u00bb38px\u00a0\u00bb title_font_size_last_edited=\u00a0\u00bbon|phone\u00a0\u00bb global_colors_info=\u00a0\u00bb{}\u00a0\u00bb button_one_text_size__hover_enabled=\u00a0\u00bboff\u00a0\u00bb button_two_text_size__hover_enabled=\u00a0\u00bboff\u00a0\u00bb button_one_text_color__hover_enabled=\u00a0\u00bboff\u00a0\u00bb button_two_text_color__hover_enabled=\u00a0\u00bboff\u00a0\u00bb button_one_border_width__hover_enabled=\u00a0\u00bboff\u00a0\u00bb button_two_border_width__hover_enabled=\u00a0\u00bboff\u00a0\u00bb button_one_border_color__hover_enabled=\u00a0\u00bboff\u00a0\u00bb button_two_border_color__hover_enabled=\u00a0\u00bboff\u00a0\u00bb button_one_border_radius__hover_enabled=\u00a0\u00bboff\u00a0\u00bb button_two_border_radius__hover_enabled=\u00a0\u00bboff\u00a0\u00bb button_one_letter_spacing__hover_enabled=\u00a0\u00bboff\u00a0\u00bb button_two_letter_spacing__hover_enabled=\u00a0\u00bboff\u00a0\u00bb button_one_bg_color__hover_enabled=\u00a0\u00bboff\u00a0\u00bb button_two_bg_color__hover_enabled=\u00a0\u00bboff\u00a0\u00bb background_enable_color=\u00a0\u00bboff\u00a0\u00bb sticky_enabled=\u00a0\u00bb0&Prime;][\/et_pb_fullwidth_header][\/et_pb_section][et_pb_section fb_built=\u00a0\u00bb1&Prime; _builder_version=\u00a0\u00bb4.3.2&Prime; global_colors_info=\u00a0\u00bb{}\u00a0\u00bb][et_pb_row custom_padding_last_edited=\u00a0\u00bbon|phone\u00a0\u00bb _builder_version=\u00a0\u00bb4.3.2&Prime; width_tablet=\u00a0\u00bb\u00a0\u00bb width_phone=\u00a0\u00bb95%\u00a0\u00bb width_last_edited=\u00a0\u00bbon|phone\u00a0\u00bb custom_padding=\u00a0\u00bb2%|5%|2%|5%|true|true\u00a0\u00bb custom_padding_tablet=\u00a0\u00bb2%|1%|2%|1%|true|true\u00a0\u00bb custom_padding_phone=\u00a0\u00bb0%|0%|0%|0%|true|true\u00a0\u00bb global_colors_info=\u00a0\u00bb{}\u00a0\u00bb][et_pb_column type=\u00a0\u00bb4_4&Prime; _builder_version=\u00a0\u00bb4.3.2&Prime; global_colors_info=\u00a0\u00bb{}\u00a0\u00bb][et_pb_toggle title=\u00a0\u00bbQuels mat\u00e9riaux l&rsquo;installation de Thermolyse peut-elle traiter?\u00a0\u00bb open_toggle_text_color=\u00a0\u00bb#000000&Prime; open_toggle_background_color=\u00a0\u00bb#ffffff\u00a0\u00bb closed_toggle_background_color=\u00a0\u00bb#ffffff\u00a0\u00bb icon_color=\u00a0\u00bbrgba(0,126,61,0.11)\u00a0\u00bb open_icon_color=\u00a0\u00bbrgba(0,126,61,0.11)\u00a0\u00bb _builder_version=\u00a0\u00bb4.13.0&Prime; title_text_color=\u00a0\u00bb#000000&Prime; title_font=\u00a0\u00bb|600|||||||\u00a0\u00bb title_font_size=\u00a0\u00bb20px\u00a0\u00bb body_text_align=\u00a0\u00bbjustify\u00a0\u00bb body_font_size=\u00a0\u00bb18px\u00a0\u00bb text_orientation=\u00a0\u00bbjustified\u00a0\u00bb custom_padding=\u00a0\u00bb5%||5%||true|false\u00a0\u00bb animation_style=\u00a0\u00bbslide\u00a0\u00bb animation_direction=\u00a0\u00bbbottom\u00a0\u00bb animation_intensity_slide=\u00a0\u00bb5%\u00a0\u00bb title_line_height_tablet=\u00a0\u00bb1.2em\u00a0\u00bb title_line_height_phone=\u00a0\u00bb1.3em\u00a0\u00bb title_line_height_last_edited=\u00a0\u00bbon|tablet\u00a0\u00bb border_color_all=\u00a0\u00bbrgba(0,0,0,0)\u00a0\u00bb border_color_top=\u00a0\u00bb#007e3d\u00a0\u00bb border_color_bottom=\u00a0\u00bb#007e3d\u00a0\u00bb global_colors_info=\u00a0\u00bb{}\u00a0\u00bb]<\/p>\n<p>Une installation de Thermolyse peut traiter une vaste gamme de d\u00e9chets, y compris les d\u00e9chets municipaux, les d\u00e9chets commerciaux et industriels, les combustibles d\u00e9riv\u00e9s des d\u00e9chets, les plastiques, les pneus, les d\u00e9chets de bois, les d\u00e9chets verts, les boues d&rsquo;\u00e9puration et plusieurs d\u00e9chets dangereux. Il est possible de m\u00e9langer plusieurs de ces types de d\u00e9chets et de les traiter ensemble.<\/p>\n<p>[\/et_pb_toggle][et_pb_toggle title=\u00a0\u00bbCombien de foyers peuvent \u00eatre aliment\u00e9s par chaque centrale de Thermolyse 2MWh ?\u00a0\u00bb open_toggle_text_color=\u00a0\u00bb#000000&Prime; open_toggle_background_color=\u00a0\u00bb#ffffff\u00a0\u00bb closed_toggle_background_color=\u00a0\u00bb#ffffff\u00a0\u00bb icon_color=\u00a0\u00bbrgba(0,126,61,0.11)\u00a0\u00bb open_icon_color=\u00a0\u00bbrgba(0,126,61,0.11)\u00a0\u00bb _builder_version=\u00a0\u00bb4.13.0&Prime; title_text_color=\u00a0\u00bb#000000&Prime; title_font=\u00a0\u00bb|600|||||||\u00a0\u00bb title_font_size=\u00a0\u00bb20px\u00a0\u00bb body_text_align=\u00a0\u00bbjustify\u00a0\u00bb body_font_size=\u00a0\u00bb18px\u00a0\u00bb text_orientation=\u00a0\u00bbjustified\u00a0\u00bb custom_padding=\u00a0\u00bb||5%||false|false\u00a0\u00bb custom_padding_tablet=\u00a0\u00bb\u00a0\u00bb custom_padding_phone=\u00a0\u00bb0px||||false|false\u00a0\u00bb custom_padding_last_edited=\u00a0\u00bbon|phone\u00a0\u00bb animation_style=\u00a0\u00bbslide\u00a0\u00bb animation_direction=\u00a0\u00bbbottom\u00a0\u00bb animation_intensity_slide=\u00a0\u00bb5%\u00a0\u00bb title_line_height_tablet=\u00a0\u00bb1.2em\u00a0\u00bb title_line_height_phone=\u00a0\u00bb1.3em\u00a0\u00bb title_line_height_last_edited=\u00a0\u00bbon|tablet\u00a0\u00bb border_color_all=\u00a0\u00bbrgba(0,0,0,0)\u00a0\u00bb border_color_bottom=\u00a0\u00bb#007e3d\u00a0\u00bb global_colors_info=\u00a0\u00bb{}\u00a0\u00bb]<\/p>\n<p>Environ 5.880 foyers avec une consommation de 3,4 Kw\/h.<\/p>\n<p>[\/et_pb_toggle][et_pb_toggle title=\u00a0\u00bbQu&rsquo;en est-il des \u00e9missions du proc\u00e9d\u00e9?\u00a0\u00bb open_toggle_text_color=\u00a0\u00bb#000000&Prime; open_toggle_background_color=\u00a0\u00bb#ffffff\u00a0\u00bb closed_toggle_background_color=\u00a0\u00bb#ffffff\u00a0\u00bb icon_color=\u00a0\u00bbrgba(0,126,61,0.11)\u00a0\u00bb open_icon_color=\u00a0\u00bbrgba(0,126,61,0.11)\u00a0\u00bb _builder_version=\u00a0\u00bb4.13.0&Prime; title_text_color=\u00a0\u00bb#000000&Prime; title_font=\u00a0\u00bb|600|||||||\u00a0\u00bb title_font_size=\u00a0\u00bb20px\u00a0\u00bb body_text_align=\u00a0\u00bbjustify\u00a0\u00bb body_font_size=\u00a0\u00bb18px\u00a0\u00bb text_orientation=\u00a0\u00bbjustified\u00a0\u00bb custom_padding=\u00a0\u00bb||5%||false|false\u00a0\u00bb custom_padding_tablet=\u00a0\u00bb\u00a0\u00bb custom_padding_phone=\u00a0\u00bb0px||5%||false|false\u00a0\u00bb custom_padding_last_edited=\u00a0\u00bbon|phone\u00a0\u00bb animation_style=\u00a0\u00bbslide\u00a0\u00bb animation_direction=\u00a0\u00bbbottom\u00a0\u00bb animation_intensity_slide=\u00a0\u00bb5%\u00a0\u00bb title_line_height_tablet=\u00a0\u00bb\u00a0\u00bb title_line_height_phone=\u00a0\u00bb1.3em\u00a0\u00bb title_line_height_last_edited=\u00a0\u00bbon|phone\u00a0\u00bb border_color_all=\u00a0\u00bbrgba(0,0,0,0)\u00a0\u00bb border_color_bottom=\u00a0\u00bb#007e3d\u00a0\u00bb global_colors_info=\u00a0\u00bb{}\u00a0\u00bb]<\/p>\n<p>Es tests effectu\u00e9s dans les installations en service dans l&rsquo;UE montrent que la Thermolyse est bien inf\u00e9rieure aux param\u00e8tres admis par la Directive sur l&rsquo;incin\u00e9ration des d\u00e9chets (WID).<\/p>\n<p><span style=\"font-weight: 400;\">Les gaz produits lors du processus de Thermolyse sont recueillis par un gaz\u00e9ifieur qui les traite, les nettoie et les d\u00e9pose dans un r\u00e9servoir. \u00c0 l&rsquo;int\u00e9rieur de ce r\u00e9servoir, gr\u00e2ce \u00e0 un syst\u00e8me d&rsquo;a\u00e9rateurs, les diff\u00e9rents gaz sont m\u00e9lang\u00e9s afin qu&rsquo;ils ne se d\u00e9posent pas en couches selon leur densit\u00e9. Ces gaz seront utilis\u00e9s comme carburant pour un moteur de cog\u00e9n\u00e9ration avec lequel l&rsquo;\u00e9lectricit\u00e9 et la chaleur seront produites en m\u00eame temps.<\/span><\/p>\n<p>[\/et_pb_toggle][et_pb_toggle title=\u00a0\u00bbQuelle est la performance moyenne d&rsquo;une machine de Thermolyse de 2MWh?\u00a0\u00bb open_toggle_text_color=\u00a0\u00bb#000000&Prime; open_toggle_background_color=\u00a0\u00bb#ffffff\u00a0\u00bb closed_toggle_background_color=\u00a0\u00bb#ffffff\u00a0\u00bb icon_color=\u00a0\u00bbrgba(0,126,61,0.11)\u00a0\u00bb open_icon_color=\u00a0\u00bbrgba(0,126,61,0.11)\u00a0\u00bb _builder_version=\u00a0\u00bb4.13.0&Prime; title_text_color=\u00a0\u00bb#000000&Prime; title_font=\u00a0\u00bb|600|||||||\u00a0\u00bb title_font_size=\u00a0\u00bb20px\u00a0\u00bb body_text_align=\u00a0\u00bbjustify\u00a0\u00bb body_font_size=\u00a0\u00bb18px\u00a0\u00bb text_orientation=\u00a0\u00bbjustified\u00a0\u00bb custom_padding=\u00a0\u00bb||5%||false|false\u00a0\u00bb custom_padding_tablet=\u00a0\u00bb\u00a0\u00bb custom_padding_phone=\u00a0\u00bb0px||5%||false|false\u00a0\u00bb custom_padding_last_edited=\u00a0\u00bbon|phone\u00a0\u00bb animation_style=\u00a0\u00bbslide\u00a0\u00bb animation_direction=\u00a0\u00bbbottom\u00a0\u00bb animation_intensity_slide=\u00a0\u00bb5%\u00a0\u00bb title_line_height_tablet=\u00a0\u00bb1.2em\u00a0\u00bb title_line_height_phone=\u00a0\u00bb1.3em\u00a0\u00bb title_line_height_last_edited=\u00a0\u00bbon|tablet\u00a0\u00bb border_color_all=\u00a0\u00bbrgba(0,0,0,0)\u00a0\u00bb border_color_bottom=\u00a0\u00bb#007e3d\u00a0\u00bb global_colors_info=\u00a0\u00bb{}\u00a0\u00bb]<\/p>\n<p>La machine de Thermolyse consommera 2 tonnes de pellets par heure pendant 8.000 heures (24 x 7 x 11 mois).<\/p>\n<p>[\/et_pb_toggle][et_pb_toggle title=\u00a0\u00bbQuelle quantit\u00e9 de d\u00e9chets pouvons-nous traiter ?\u00a0\u00bb open_toggle_text_color=\u00a0\u00bb#000000&Prime; open_toggle_background_color=\u00a0\u00bb#ffffff\u00a0\u00bb closed_toggle_background_color=\u00a0\u00bb#ffffff\u00a0\u00bb icon_color=\u00a0\u00bbrgba(0,126,61,0.11)\u00a0\u00bb open_icon_color=\u00a0\u00bbrgba(0,126,61,0.11)\u00a0\u00bb _builder_version=\u00a0\u00bb4.13.0&Prime; title_text_color=\u00a0\u00bb#000000&Prime; title_font=\u00a0\u00bb|600|||||||\u00a0\u00bb title_font_size=\u00a0\u00bb20px\u00a0\u00bb body_text_align=\u00a0\u00bbjustify\u00a0\u00bb body_font_size=\u00a0\u00bb18px\u00a0\u00bb text_orientation=\u00a0\u00bbjustified\u00a0\u00bb custom_padding=\u00a0\u00bb||5%||false|false\u00a0\u00bb custom_padding_tablet=\u00a0\u00bb\u00a0\u00bb custom_padding_phone=\u00a0\u00bb0px||5%||false|false\u00a0\u00bb custom_padding_last_edited=\u00a0\u00bbon|phone\u00a0\u00bb animation_style=\u00a0\u00bbslide\u00a0\u00bb animation_direction=\u00a0\u00bbbottom\u00a0\u00bb animation_intensity_slide=\u00a0\u00bb5%\u00a0\u00bb title_line_height_tablet=\u00a0\u00bb\u00a0\u00bb title_line_height_phone=\u00a0\u00bb1.3em\u00a0\u00bb title_line_height_last_edited=\u00a0\u00bbon|phone\u00a0\u00bb border_color_all=\u00a0\u00bbrgba(0,0,0,0)\u00a0\u00bb border_color_bottom=\u00a0\u00bb#007e3d\u00a0\u00bb global_colors_info=\u00a0\u00bb{}\u00a0\u00bb]<\/p>\n<p>Le proc\u00e9d\u00e9 minimum de notre usine de Thermolyse est de 2 tonnes de d\u00e9chets par heure. Des modules suppl\u00e9mentaires de 2 tonnes peuvent \u00eatre ajout\u00e9s pour atteindre les performances n\u00e9cessaires. La construction modulaire lui permet d&rsquo;\u00eatre dimensionnelle pour n&rsquo;importe quelle quantit\u00e9 en ajoutant plusieurs unit\u00e9s, optimisant ainsi les co\u00fbts.<\/p>\n<p>[\/et_pb_toggle][\/et_pb_column][\/et_pb_row][\/et_pb_section][et_pb_section fb_built=\u00a0\u00bb1&Prime; fullwidth=\u00a0\u00bbon\u00a0\u00bb _builder_version=\u00a0\u00bb4.14.1&Prime; background_color=\u00a0\u00bbrgba(0,126,61,0.32)\u00a0\u00bb use_background_color_gradient=\u00a0\u00bbon\u00a0\u00bb background_color_gradient_start=\u00a0\u00bb#1a8438&Prime; background_color_gradient_end=\u00a0\u00bb#88e0c4&Prime; background_color_gradient_direction=\u00a0\u00bb147deg\u00a0\u00bb width=\u00a0\u00bb100%\u00a0\u00bb max_width=\u00a0\u00bb100%\u00a0\u00bb custom_margin=\u00a0\u00bb||||false|false\u00a0\u00bb custom_padding=\u00a0\u00bb0.5%||||false|false\u00a0\u00bb global_module=\u00a0\u00bb1767&Prime; global_colors_info=\u00a0\u00bb{}\u00a0\u00bb][\/et_pb_section]<\/p>\n","protected":false},"excerpt":{"rendered":"<p>Une installation de Thermolyse peut traiter une vaste gamme de d\u00e9chets, y compris les d\u00e9chets municipaux, les d\u00e9chets commerciaux et industriels, les combustibles d\u00e9riv\u00e9s des d\u00e9chets, les plastiques, les pneus, les d\u00e9chets de bois, les d\u00e9chets verts, les boues d&rsquo;\u00e9puration et plusieurs d\u00e9chets dangereux. Il est possible de m\u00e9langer plusieurs de ces types de d\u00e9chets [&hellip;]<\/p>\n","protected":false},"author":3,"featured_media":0,"parent":0,"menu_order":0,"comment_status":"closed","ping_status":"closed","template":"","meta":{"_et_pb_use_builder":"on","_et_pb_old_content":"","_et_gb_content_width":""},"yoast_head":"<!-- This site is optimized with the Yoast SEO plugin v20.8 - https:\/\/yoast.com\/wordpress\/plugins\/seo\/ -->\n<title>FAQ - Questions fr\u00e9quemment pos\u00e9es - Landfillsolutions<\/title>\n<meta name=\"description\" content=\"Questions fr\u00e9quemment pos\u00e9es sur le syst\u00e8me de gestion des d\u00e9chets urbains et industriels par le proc\u00e9d\u00e9 d&#039;hydrolyse et de m\u00e9liolyse.\" \/>\n<meta name=\"robots\" content=\"index, follow, max-snippet:-1, max-image-preview:large, max-video-preview:-1\" \/>\n<link rel=\"canonical\" href=\"https:\/\/landfillsolutions.es\/fr\/questions-frequemment-posees-et-reponses\/\" \/>\n<meta property=\"og:locale\" content=\"fr_FR\" \/>\n<meta property=\"og:type\" content=\"article\" \/>\n<meta property=\"og:title\" content=\"FAQ - Questions fr\u00e9quemment pos\u00e9es - Landfillsolutions\" \/>\n<meta property=\"og:description\" content=\"Questions fr\u00e9quemment pos\u00e9es sur le syst\u00e8me de gestion des d\u00e9chets urbains et industriels par le proc\u00e9d\u00e9 d&#039;hydrolyse et de m\u00e9liolyse.\" \/>\n<meta property=\"og:url\" content=\"https:\/\/landfillsolutions.es\/fr\/questions-frequemment-posees-et-reponses\/\" \/>\n<meta property=\"og:site_name\" content=\"Landfillsolutions\" \/>\n<meta property=\"article:modified_time\" content=\"2021-11-25T09:38:42+00:00\" \/>\n<meta name=\"twitter:card\" content=\"summary_large_image\" \/>\n<meta name=\"twitter:label1\" content=\"Dur\u00e9e de lecture estim\u00e9e\" \/>\n\t<meta name=\"twitter:data1\" content=\"6 minutes\" \/>\n<script type=\"application\/ld+json\" class=\"yoast-schema-graph\">{\"@context\":\"https:\/\/schema.org\",\"@graph\":[{\"@type\":\"WebPage\",\"@id\":\"https:\/\/landfillsolutions.es\/fr\/questions-frequemment-posees-et-reponses\/\",\"url\":\"https:\/\/landfillsolutions.es\/fr\/questions-frequemment-posees-et-reponses\/\",\"name\":\"FAQ - Questions fr\u00e9quemment pos\u00e9es - Landfillsolutions\",\"isPartOf\":{\"@id\":\"https:\/\/landfillsolutions.es\/fr\/#website\"},\"datePublished\":\"2020-02-27T09:49:48+00:00\",\"dateModified\":\"2021-11-25T09:38:42+00:00\",\"description\":\"Questions fr\u00e9quemment pos\u00e9es sur le syst\u00e8me de gestion des d\u00e9chets urbains et industriels par le proc\u00e9d\u00e9 d'hydrolyse et de m\u00e9liolyse.\",\"breadcrumb\":{\"@id\":\"https:\/\/landfillsolutions.es\/fr\/questions-frequemment-posees-et-reponses\/#breadcrumb\"},\"inLanguage\":\"fr-FR\",\"potentialAction\":[{\"@type\":\"ReadAction\",\"target\":[\"https:\/\/landfillsolutions.es\/fr\/questions-frequemment-posees-et-reponses\/\"]}]},{\"@type\":\"BreadcrumbList\",\"@id\":\"https:\/\/landfillsolutions.es\/fr\/questions-frequemment-posees-et-reponses\/#breadcrumb\",\"itemListElement\":[{\"@type\":\"ListItem\",\"position\":1,\"name\":\"Portada\",\"item\":\"https:\/\/landfillsolutions.es\/fr\/\"},{\"@type\":\"ListItem\",\"position\":2,\"name\":\"FAQ &#8211; Questions fr\u00e9quemment pos\u00e9es\"}]},{\"@type\":\"WebSite\",\"@id\":\"https:\/\/landfillsolutions.es\/fr\/#website\",\"url\":\"https:\/\/landfillsolutions.es\/fr\/\",\"name\":\"Landfillsolutions\",\"description\":\"REVALUO, traitement et valorisation des d\u00e9chets\",\"publisher\":{\"@id\":\"https:\/\/landfillsolutions.es\/fr\/#organization\"},\"potentialAction\":[{\"@type\":\"SearchAction\",\"target\":{\"@type\":\"EntryPoint\",\"urlTemplate\":\"https:\/\/landfillsolutions.es\/fr\/?s={search_term_string}\"},\"query-input\":\"required name=search_term_string\"}],\"inLanguage\":\"fr-FR\"},{\"@type\":\"Organization\",\"@id\":\"https:\/\/landfillsolutions.es\/fr\/#organization\",\"name\":\"Landfillsolutions\",\"url\":\"https:\/\/landfillsolutions.es\/fr\/\",\"logo\":{\"@type\":\"ImageObject\",\"inLanguage\":\"fr-FR\",\"@id\":\"https:\/\/landfillsolutions.es\/fr\/#\/schema\/logo\/image\/\",\"url\":\"https:\/\/landfillsolutions.es\/fr\/wp-content\/uploads\/2021\/03\/Landfillsolutions-logo-.png\",\"contentUrl\":\"https:\/\/landfillsolutions.es\/fr\/wp-content\/uploads\/2021\/03\/Landfillsolutions-logo-.png\",\"width\":290,\"height\":35,\"caption\":\"Landfillsolutions\"},\"image\":{\"@id\":\"https:\/\/landfillsolutions.es\/fr\/#\/schema\/logo\/image\/\"}}]}<\/script>\n<!-- \/ Yoast SEO plugin. -->","yoast_head_json":{"title":"FAQ - Questions fr\u00e9quemment pos\u00e9es - Landfillsolutions","description":"Questions fr\u00e9quemment pos\u00e9es sur le syst\u00e8me de gestion des d\u00e9chets urbains et industriels par le proc\u00e9d\u00e9 d'hydrolyse et de m\u00e9liolyse.","robots":{"index":"index","follow":"follow","max-snippet":"max-snippet:-1","max-image-preview":"max-image-preview:large","max-video-preview":"max-video-preview:-1"},"canonical":"https:\/\/landfillsolutions.es\/fr\/questions-frequemment-posees-et-reponses\/","og_locale":"fr_FR","og_type":"article","og_title":"FAQ - Questions fr\u00e9quemment pos\u00e9es - Landfillsolutions","og_description":"Questions fr\u00e9quemment pos\u00e9es sur le syst\u00e8me de gestion des d\u00e9chets urbains et industriels par le proc\u00e9d\u00e9 d'hydrolyse et de m\u00e9liolyse.","og_url":"https:\/\/landfillsolutions.es\/fr\/questions-frequemment-posees-et-reponses\/","og_site_name":"Landfillsolutions","article_modified_time":"2021-11-25T09:38:42+00:00","twitter_card":"summary_large_image","twitter_misc":{"Dur\u00e9e de lecture estim\u00e9e":"6 minutes"},"schema":{"@context":"https:\/\/schema.org","@graph":[{"@type":"WebPage","@id":"https:\/\/landfillsolutions.es\/fr\/questions-frequemment-posees-et-reponses\/","url":"https:\/\/landfillsolutions.es\/fr\/questions-frequemment-posees-et-reponses\/","name":"FAQ - Questions fr\u00e9quemment pos\u00e9es - Landfillsolutions","isPartOf":{"@id":"https:\/\/landfillsolutions.es\/fr\/#website"},"datePublished":"2020-02-27T09:49:48+00:00","dateModified":"2021-11-25T09:38:42+00:00","description":"Questions fr\u00e9quemment pos\u00e9es sur le syst\u00e8me de gestion des d\u00e9chets urbains et industriels par le proc\u00e9d\u00e9 d'hydrolyse et de m\u00e9liolyse.","breadcrumb":{"@id":"https:\/\/landfillsolutions.es\/fr\/questions-frequemment-posees-et-reponses\/#breadcrumb"},"inLanguage":"fr-FR","potentialAction":[{"@type":"ReadAction","target":["https:\/\/landfillsolutions.es\/fr\/questions-frequemment-posees-et-reponses\/"]}]},{"@type":"BreadcrumbList","@id":"https:\/\/landfillsolutions.es\/fr\/questions-frequemment-posees-et-reponses\/#breadcrumb","itemListElement":[{"@type":"ListItem","position":1,"name":"Portada","item":"https:\/\/landfillsolutions.es\/fr\/"},{"@type":"ListItem","position":2,"name":"FAQ &#8211; Questions fr\u00e9quemment pos\u00e9es"}]},{"@type":"WebSite","@id":"https:\/\/landfillsolutions.es\/fr\/#website","url":"https:\/\/landfillsolutions.es\/fr\/","name":"Landfillsolutions","description":"REVALUO, traitement et valorisation des d\u00e9chets","publisher":{"@id":"https:\/\/landfillsolutions.es\/fr\/#organization"},"potentialAction":[{"@type":"SearchAction","target":{"@type":"EntryPoint","urlTemplate":"https:\/\/landfillsolutions.es\/fr\/?s={search_term_string}"},"query-input":"required name=search_term_string"}],"inLanguage":"fr-FR"},{"@type":"Organization","@id":"https:\/\/landfillsolutions.es\/fr\/#organization","name":"Landfillsolutions","url":"https:\/\/landfillsolutions.es\/fr\/","logo":{"@type":"ImageObject","inLanguage":"fr-FR","@id":"https:\/\/landfillsolutions.es\/fr\/#\/schema\/logo\/image\/","url":"https:\/\/landfillsolutions.es\/fr\/wp-content\/uploads\/2021\/03\/Landfillsolutions-logo-.png","contentUrl":"https:\/\/landfillsolutions.es\/fr\/wp-content\/uploads\/2021\/03\/Landfillsolutions-logo-.png","width":290,"height":35,"caption":"Landfillsolutions"},"image":{"@id":"https:\/\/landfillsolutions.es\/fr\/#\/schema\/logo\/image\/"}}]}},"_links":{"self":[{"href":"https:\/\/landfillsolutions.es\/fr\/wp-json\/wp\/v2\/pages\/1929"}],"collection":[{"href":"https:\/\/landfillsolutions.es\/fr\/wp-json\/wp\/v2\/pages"}],"about":[{"href":"https:\/\/landfillsolutions.es\/fr\/wp-json\/wp\/v2\/types\/page"}],"author":[{"embeddable":true,"href":"https:\/\/landfillsolutions.es\/fr\/wp-json\/wp\/v2\/users\/3"}],"replies":[{"embeddable":true,"href":"https:\/\/landfillsolutions.es\/fr\/wp-json\/wp\/v2\/comments?post=1929"}],"version-history":[{"count":27,"href":"https:\/\/landfillsolutions.es\/fr\/wp-json\/wp\/v2\/pages\/1929\/revisions"}],"predecessor-version":[{"id":257575,"href":"https:\/\/landfillsolutions.es\/fr\/wp-json\/wp\/v2\/pages\/1929\/revisions\/257575"}],"wp:attachment":[{"href":"https:\/\/landfillsolutions.es\/fr\/wp-json\/wp\/v2\/media?parent=1929"}],"curies":[{"name":"wp","href":"https:\/\/api.w.org\/{rel}","templated":true}]}}