{"id":2686,"date":"2020-04-13T10:24:23","date_gmt":"2020-04-13T10:24:23","guid":{"rendered":"https:\/\/landfillsolutions.es\/fr\/?page_id=2686"},"modified":"2021-09-03T09:33:51","modified_gmt":"2021-09-03T09:33:51","slug":"exemple-dinstallations-de-thermolyse","status":"publish","type":"page","link":"https:\/\/landfillsolutions.es\/fr\/exemple-dinstallations-de-thermolyse\/","title":{"rendered":"Exemple d&rsquo;installations de Thermolyse."},"content":{"rendered":"<p>[et_pb_section fb_built=\u00a0\u00bb1&Prime; fullwidth=\u00a0\u00bbon\u00a0\u00bb _builder_version=\u00a0\u00bb4.10.1&Prime; background_enable_color=\u00a0\u00bboff\u00a0\u00bb use_background_color_gradient=\u00a0\u00bbon\u00a0\u00bb background_color_gradient_start=\u00a0\u00bbrgba(255,255,255,0.66)\u00a0\u00bb background_color_gradient_end=\u00a0\u00bb#29c695&Prime; background_image=\u00a0\u00bbhttps:\/\/landfillsolutions.es\/fr\/wp-content\/uploads\/2021\/08\/Exemple-dusine-pour-usine-DSM-en-Slovaquie.jpg\u00a0\u00bb custom_padding=\u00a0\u00bb0px|0px|0px|0px\u00a0\u00bb filter_saturate=\u00a0\u00bb111%\u00a0\u00bb locked=\u00a0\u00bboff\u00a0\u00bb global_colors_info=\u00a0\u00bb{}\u00a0\u00bb][et_pb_fullwidth_header title=\u00a0\u00bb Exemple d&rsquo;installations de Thermolyse.\u00a0\u00bb text_orientation=\u00a0\u00bbcenter\u00a0\u00bb header_scroll_down=\u00a0\u00bbon\u00a0\u00bb scroll_down_icon=\u00a0\u00bb%%1%%\u00a0\u00bb content_max_width=\u00a0\u00bb90%\u00a0\u00bb scroll_down_icon_color_tablet=\u00a0\u00bb\u00a0\u00bb scroll_down_icon_color_phone=\u00a0\u00bbRGBA(0,0,0,0)\u00a0\u00bb scroll_down_icon_color_last_edited=\u00a0\u00bbon|phone\u00a0\u00bb _builder_version=\u00a0\u00bb4.10.4&Prime; title_font=\u00a0\u00bb|700|||||||\u00a0\u00bb title_text_align=\u00a0\u00bbcenter\u00a0\u00bb title_text_color=\u00a0\u00bb#ffffff\u00a0\u00bb title_font_size=\u00a0\u00bb50px\u00a0\u00bb title_line_height=\u00a0\u00bb1.3em\u00a0\u00bb content_font=\u00a0\u00bb||||||||\u00a0\u00bb background_color=\u00a0\u00bbrgba(255,255,255,0.7)\u00a0\u00bb use_background_color_gradient=\u00a0\u00bbon\u00a0\u00bb background_color_gradient_start=\u00a0\u00bbrgba(0,126,61,0.41)\u00a0\u00bb background_color_gradient_end=\u00a0\u00bbrgba(0,126,61,0.41)\u00a0\u00bb background_enable_image=\u00a0\u00bboff\u00a0\u00bb background_layout=\u00a0\u00bblight\u00a0\u00bb width=\u00a0\u00bb100%\u00a0\u00bb max_width=\u00a0\u00bb100%\u00a0\u00bb custom_margin=\u00a0\u00bb|0px||0px|false|false\u00a0\u00bb custom_padding=\u00a0\u00bb100px|0px|150px|0px|false|false\u00a0\u00bb custom_padding_tablet=\u00a0\u00bb5%||5%||true|false\u00a0\u00bb custom_padding_phone=\u00a0\u00bb0px|0px|0px|0px|true|false\u00a0\u00bb custom_padding_last_edited=\u00a0\u00bbon|phone\u00a0\u00bb title_font_size_tablet=\u00a0\u00bb40px\u00a0\u00bb title_font_size_phone=\u00a0\u00bb32px\u00a0\u00bb title_font_size_last_edited=\u00a0\u00bbon|phone\u00a0\u00bb global_colors_info=\u00a0\u00bb{}\u00a0\u00bb button_one_text_size__hover_enabled=\u00a0\u00bboff\u00a0\u00bb button_two_text_size__hover_enabled=\u00a0\u00bboff\u00a0\u00bb button_one_text_color__hover_enabled=\u00a0\u00bboff\u00a0\u00bb button_two_text_color__hover_enabled=\u00a0\u00bboff\u00a0\u00bb button_one_border_width__hover_enabled=\u00a0\u00bboff\u00a0\u00bb button_two_border_width__hover_enabled=\u00a0\u00bboff\u00a0\u00bb button_one_border_color__hover_enabled=\u00a0\u00bboff\u00a0\u00bb button_two_border_color__hover_enabled=\u00a0\u00bboff\u00a0\u00bb button_one_border_radius__hover_enabled=\u00a0\u00bboff\u00a0\u00bb button_two_border_radius__hover_enabled=\u00a0\u00bboff\u00a0\u00bb button_one_letter_spacing__hover_enabled=\u00a0\u00bboff\u00a0\u00bb button_two_letter_spacing__hover_enabled=\u00a0\u00bboff\u00a0\u00bb button_one_bg_color__hover_enabled=\u00a0\u00bboff\u00a0\u00bb button_two_bg_color__hover_enabled=\u00a0\u00bboff\u00a0\u00bb][\/et_pb_fullwidth_header][\/et_pb_section][et_pb_section fb_built=\u00a0\u00bb1&Prime; custom_padding_last_edited=\u00a0\u00bbon|phone\u00a0\u00bb _builder_version=\u00a0\u00bb4.10.1&Prime; custom_padding_tablet=\u00a0\u00bb\u00a0\u00bb custom_padding_phone=\u00a0\u00bb0px||||false|false\u00a0\u00bb global_colors_info=\u00a0\u00bb{}\u00a0\u00bb][et_pb_row custom_padding_last_edited=\u00a0\u00bbon|phone\u00a0\u00bb _builder_version=\u00a0\u00bb4.10.1&Prime; background_color=\u00a0\u00bbrgba(0,0,0,0.04)\u00a0\u00bb width_tablet=\u00a0\u00bb\u00a0\u00bb width_phone=\u00a0\u00bb100%\u00a0\u00bb width_last_edited=\u00a0\u00bbon|phone\u00a0\u00bb max_width_tablet=\u00a0\u00bb\u00a0\u00bb max_width_phone=\u00a0\u00bb100%\u00a0\u00bb max_width_last_edited=\u00a0\u00bbon|phone\u00a0\u00bb custom_padding_tablet=\u00a0\u00bb\u00a0\u00bb custom_padding_phone=\u00a0\u00bb\u00a0\u00bb animation_style=\u00a0\u00bbslide\u00a0\u00bb animation_direction=\u00a0\u00bbbottom\u00a0\u00bb animation_intensity_slide=\u00a0\u00bb2%\u00a0\u00bb global_colors_info=\u00a0\u00bb{}\u00a0\u00bb][et_pb_column type=\u00a0\u00bb4_4&Prime; _builder_version=\u00a0\u00bb4.4.3&Prime; global_colors_info=\u00a0\u00bb{}\u00a0\u00bb][et_pb_text _builder_version=\u00a0\u00bb4.10.4&Prime; text_text_color=\u00a0\u00bb#000000&Prime; text_font_size=\u00a0\u00bb18px\u00a0\u00bb background_color=\u00a0\u00bb#ffffff\u00a0\u00bb text_orientation=\u00a0\u00bbjustified\u00a0\u00bb custom_margin=\u00a0\u00bb-3%|2%|-3%|2%|true|true\u00a0\u00bb custom_padding=\u00a0\u00bb2%|2%|2%|2%|true|true\u00a0\u00bb hover_enabled=\u00a0\u00bb0&Prime; global_colors_info=\u00a0\u00bb{}\u00a0\u00bb sticky_enabled=\u00a0\u00bb0&Prime;]<\/p>\n<p>Dans cette section, nous expliquons bri\u00e8vement certaines installations qui ont \u00e9t\u00e9 install\u00e9es et qui fonctionnent actuellement avec de bons r\u00e9sultats.<\/p>\n<p>Les donn\u00e9es, plans, dimensions et espaces n\u00e9cessaires pour accueillir les diff\u00e9rents \u00e9quipements et pi\u00e8ces qui composent ces installations de traitement des d\u00e9chets par un proc\u00e9d\u00e9 de Thermolyse sont donn\u00e9s.<\/p>\n<p>Un bref <strong>suivi de l&rsquo;itin\u00e9raire des d\u00e9chets<\/strong> ou, dans le cas de <strong>Filakovo<\/strong>, des boulettes une fois qu&rsquo;elles entrent dans le processus est \u00e9galement effectu\u00e9.<\/p>\n<p>Il est important de comprendre que chaque usine a des caract\u00e9ristiques uniques qui sont d\u00e9finies par diff\u00e9rents facteurs tels que l&rsquo;espace disponible, les <strong>d\u00e9chets<\/strong> \u00e0 traiter, les \u00e9quipements ant\u00e9rieurs qui pourraient exister dans l&rsquo;usine et qui pourraient \u00eatre utilis\u00e9s et assimil\u00e9s par la nouvelle installation, ou le produit \u00e0 obtenir. En fonction des diff\u00e9rentes caract\u00e9ristiques, le syst\u00e8me peut \u00eatre calibr\u00e9 pour produire une quantit\u00e9 plus ou moins importante d&rsquo;un sous-produit, soit en jouant sur la temp\u00e9rature, le temps de s\u00e9jour des d\u00e9chets dans l&rsquo;usine, etc.<\/p>\n<p>[\/et_pb_text][\/et_pb_column][\/et_pb_row][et_pb_row column_structure=\u00a0\u00bb1_2,1_2&Prime; use_custom_gutter=\u00a0\u00bbon\u00a0\u00bb gutter_width=\u00a0\u00bb2&Prime; make_equal=\u00a0\u00bbon\u00a0\u00bb _builder_version=\u00a0\u00bb4.5.3&Prime; custom_margin=\u00a0\u00bb2%||2%||true|false\u00a0\u00bb custom_margin_tablet=\u00a0\u00bb\u00a0\u00bb custom_margin_phone=\u00a0\u00bb7%||3%||false|false\u00a0\u00bb custom_margin_last_edited=\u00a0\u00bbon|phone\u00a0\u00bb custom_padding=\u00a0\u00bb0px||0px||true|false\u00a0\u00bb global_colors_info=\u00a0\u00bb{}\u00a0\u00bb][et_pb_column type=\u00a0\u00bb1_2&Prime; _builder_version=\u00a0\u00bb4.4.3&Prime; background_color=\u00a0\u00bb#007e3d\u00a0\u00bb animation_style=\u00a0\u00bbslide\u00a0\u00bb animation_direction=\u00a0\u00bbleft\u00a0\u00bb animation_intensity_slide=\u00a0\u00bb5%\u00a0\u00bb link_option_url=\u00a0\u00bbhttps:\/\/landfillsolutions.es\/fr\/filakovo-slovakia\/\u00a0\u00bb global_colors_info=\u00a0\u00bb{}\u00a0\u00bb][et_pb_text _builder_version=\u00a0\u00bb4.4.3&Prime; text_font=\u00a0\u00bb|600|||||||\u00a0\u00bb text_text_color=\u00a0\u00bb#ffffff\u00a0\u00bb text_font_size=\u00a0\u00bb27px\u00a0\u00bb background_color=\u00a0\u00bbrgba(255,255,255,0.5)\u00a0\u00bb text_orientation=\u00a0\u00bbcenter\u00a0\u00bb custom_margin=\u00a0\u00bb3%||3%||true|false\u00a0\u00bb custom_padding=\u00a0\u00bb10%||10%||true|false\u00a0\u00bb global_colors_info=\u00a0\u00bb{}\u00a0\u00bb background__hover_enabled=\u00a0\u00bbon|desktop\u00a0\u00bb background_color__hover=\u00a0\u00bbrgba(0,0,0,0.34)\u00a0\u00bb background_enable_color__hover=\u00a0\u00bbon\u00a0\u00bb]<\/p>\n<p>Filakovo, Slovakia<\/p>\n<p>[\/et_pb_text][\/et_pb_column][et_pb_column type=\u00a0\u00bb1_2&Prime; _builder_version=\u00a0\u00bb4.4.3&Prime; background_color=\u00a0\u00bb#362883&Prime; animation_style=\u00a0\u00bbslide\u00a0\u00bb animation_direction=\u00a0\u00bbright\u00a0\u00bb animation_intensity_slide=\u00a0\u00bb5%\u00a0\u00bb global_colors_info=\u00a0\u00bb{}\u00a0\u00bb][et_pb_text module_class=\u00a0\u00bbov-blog\u00a0\u00bb _builder_version=\u00a0\u00bb4.10.1&Prime; text_font=\u00a0\u00bb|600|||||||\u00a0\u00bb text_text_color=\u00a0\u00bb#ffffff\u00a0\u00bb text_font_size=\u00a0\u00bb27px\u00a0\u00bb background_color=\u00a0\u00bbrgba(255,255,255,0.5)\u00a0\u00bb text_orientation=\u00a0\u00bbcenter\u00a0\u00bb custom_margin=\u00a0\u00bb3%||3%||true|false\u00a0\u00bb custom_padding=\u00a0\u00bb10%||10%||true|false\u00a0\u00bb global_colors_info=\u00a0\u00bb{}\u00a0\u00bb background__hover_enabled=\u00a0\u00bbon|desktop\u00a0\u00bb background_color__hover=\u00a0\u00bbrgba(0,0,0,0.34)\u00a0\u00bb background_enable_color__hover=\u00a0\u00bbon\u00a0\u00bb]<\/p>\n<p>Almaty, Kazakhstan<\/p>\n<p>[\/et_pb_text][\/et_pb_column][\/et_pb_row][\/et_pb_section][et_pb_section fb_built=\u00a0\u00bb1&Prime; fullwidth=\u00a0\u00bbon\u00a0\u00bb _builder_version=\u00a0\u00bb4.2.2&Prime; background_color=\u00a0\u00bbrgba(0,126,61,0.32)\u00a0\u00bb width=\u00a0\u00bb100%\u00a0\u00bb max_width=\u00a0\u00bb100%\u00a0\u00bb custom_margin=\u00a0\u00bb||||false|false\u00a0\u00bb custom_padding=\u00a0\u00bb0.5%||||false|false\u00a0\u00bb global_module=\u00a0\u00bb1767&Prime; global_colors_info=\u00a0\u00bb{}\u00a0\u00bb][\/et_pb_section]<\/p>\n","protected":false},"excerpt":{"rendered":"<p>Dans cette section, nous expliquons bri\u00e8vement certaines installations qui ont \u00e9t\u00e9 install\u00e9es et qui fonctionnent actuellement avec de bons r\u00e9sultats. Les donn\u00e9es, plans, dimensions et espaces n\u00e9cessaires pour accueillir les diff\u00e9rents \u00e9quipements et pi\u00e8ces qui composent ces installations de traitement des d\u00e9chets par un proc\u00e9d\u00e9 de Thermolyse sont donn\u00e9s. Un bref suivi de l&rsquo;itin\u00e9raire des [&hellip;]<\/p>\n","protected":false},"author":3,"featured_media":0,"parent":0,"menu_order":0,"comment_status":"closed","ping_status":"closed","template":"","meta":{"_et_pb_use_builder":"on","_et_pb_old_content":"","_et_gb_content_width":""},"yoast_head":"<!-- This site is optimized with the Yoast SEO plugin v20.8 - https:\/\/yoast.com\/wordpress\/plugins\/seo\/ -->\n<title>Exemple d&#039;installations de Thermolyse. - Landfillsolutions<\/title>\n<meta name=\"robots\" content=\"index, follow, max-snippet:-1, max-image-preview:large, max-video-preview:-1\" \/>\n<link rel=\"canonical\" href=\"https:\/\/landfillsolutions.es\/fr\/exemple-dinstallations-de-thermolyse\/\" \/>\n<meta property=\"og:locale\" content=\"fr_FR\" \/>\n<meta property=\"og:type\" content=\"article\" \/>\n<meta property=\"og:title\" content=\"Exemple d&#039;installations de Thermolyse. - Landfillsolutions\" \/>\n<meta property=\"og:description\" content=\"Dans cette section, nous expliquons bri\u00e8vement certaines installations qui ont \u00e9t\u00e9 install\u00e9es et qui fonctionnent actuellement avec de bons r\u00e9sultats. Les donn\u00e9es, plans, dimensions et espaces n\u00e9cessaires pour accueillir les diff\u00e9rents \u00e9quipements et pi\u00e8ces qui composent ces installations de traitement des d\u00e9chets par un proc\u00e9d\u00e9 de Thermolyse sont donn\u00e9s. Un bref suivi de l&#039;itin\u00e9raire des [&hellip;]\" \/>\n<meta property=\"og:url\" content=\"https:\/\/landfillsolutions.es\/fr\/exemple-dinstallations-de-thermolyse\/\" \/>\n<meta property=\"og:site_name\" content=\"Landfillsolutions\" \/>\n<meta property=\"article:modified_time\" content=\"2021-09-03T09:33:51+00:00\" \/>\n<meta name=\"twitter:card\" content=\"summary_large_image\" \/>\n<meta name=\"twitter:label1\" content=\"Dur\u00e9e de lecture estim\u00e9e\" \/>\n\t<meta name=\"twitter:data1\" content=\"4 minutes\" \/>\n<script type=\"application\/ld+json\" class=\"yoast-schema-graph\">{\"@context\":\"https:\/\/schema.org\",\"@graph\":[{\"@type\":\"WebPage\",\"@id\":\"https:\/\/landfillsolutions.es\/fr\/exemple-dinstallations-de-thermolyse\/\",\"url\":\"https:\/\/landfillsolutions.es\/fr\/exemple-dinstallations-de-thermolyse\/\",\"name\":\"Exemple d'installations de Thermolyse. - Landfillsolutions\",\"isPartOf\":{\"@id\":\"https:\/\/landfillsolutions.es\/fr\/#website\"},\"datePublished\":\"2020-04-13T10:24:23+00:00\",\"dateModified\":\"2021-09-03T09:33:51+00:00\",\"breadcrumb\":{\"@id\":\"https:\/\/landfillsolutions.es\/fr\/exemple-dinstallations-de-thermolyse\/#breadcrumb\"},\"inLanguage\":\"fr-FR\",\"potentialAction\":[{\"@type\":\"ReadAction\",\"target\":[\"https:\/\/landfillsolutions.es\/fr\/exemple-dinstallations-de-thermolyse\/\"]}]},{\"@type\":\"BreadcrumbList\",\"@id\":\"https:\/\/landfillsolutions.es\/fr\/exemple-dinstallations-de-thermolyse\/#breadcrumb\",\"itemListElement\":[{\"@type\":\"ListItem\",\"position\":1,\"name\":\"Portada\",\"item\":\"https:\/\/landfillsolutions.es\/fr\/\"},{\"@type\":\"ListItem\",\"position\":2,\"name\":\"Exemple d&rsquo;installations de Thermolyse.\"}]},{\"@type\":\"WebSite\",\"@id\":\"https:\/\/landfillsolutions.es\/fr\/#website\",\"url\":\"https:\/\/landfillsolutions.es\/fr\/\",\"name\":\"Landfillsolutions\",\"description\":\"REVALUO, traitement et valorisation des d\u00e9chets\",\"publisher\":{\"@id\":\"https:\/\/landfillsolutions.es\/fr\/#organization\"},\"potentialAction\":[{\"@type\":\"SearchAction\",\"target\":{\"@type\":\"EntryPoint\",\"urlTemplate\":\"https:\/\/landfillsolutions.es\/fr\/?s={search_term_string}\"},\"query-input\":\"required name=search_term_string\"}],\"inLanguage\":\"fr-FR\"},{\"@type\":\"Organization\",\"@id\":\"https:\/\/landfillsolutions.es\/fr\/#organization\",\"name\":\"Landfillsolutions\",\"url\":\"https:\/\/landfillsolutions.es\/fr\/\",\"logo\":{\"@type\":\"ImageObject\",\"inLanguage\":\"fr-FR\",\"@id\":\"https:\/\/landfillsolutions.es\/fr\/#\/schema\/logo\/image\/\",\"url\":\"https:\/\/landfillsolutions.es\/fr\/wp-content\/uploads\/2021\/03\/Landfillsolutions-logo-.png\",\"contentUrl\":\"https:\/\/landfillsolutions.es\/fr\/wp-content\/uploads\/2021\/03\/Landfillsolutions-logo-.png\",\"width\":290,\"height\":35,\"caption\":\"Landfillsolutions\"},\"image\":{\"@id\":\"https:\/\/landfillsolutions.es\/fr\/#\/schema\/logo\/image\/\"}}]}<\/script>\n<!-- \/ Yoast SEO plugin. -->","yoast_head_json":{"title":"Exemple d'installations de Thermolyse. - Landfillsolutions","robots":{"index":"index","follow":"follow","max-snippet":"max-snippet:-1","max-image-preview":"max-image-preview:large","max-video-preview":"max-video-preview:-1"},"canonical":"https:\/\/landfillsolutions.es\/fr\/exemple-dinstallations-de-thermolyse\/","og_locale":"fr_FR","og_type":"article","og_title":"Exemple d'installations de Thermolyse. - Landfillsolutions","og_description":"Dans cette section, nous expliquons bri\u00e8vement certaines installations qui ont \u00e9t\u00e9 install\u00e9es et qui fonctionnent actuellement avec de bons r\u00e9sultats. Les donn\u00e9es, plans, dimensions et espaces n\u00e9cessaires pour accueillir les diff\u00e9rents \u00e9quipements et pi\u00e8ces qui composent ces installations de traitement des d\u00e9chets par un proc\u00e9d\u00e9 de Thermolyse sont donn\u00e9s. Un bref suivi de l'itin\u00e9raire des [&hellip;]","og_url":"https:\/\/landfillsolutions.es\/fr\/exemple-dinstallations-de-thermolyse\/","og_site_name":"Landfillsolutions","article_modified_time":"2021-09-03T09:33:51+00:00","twitter_card":"summary_large_image","twitter_misc":{"Dur\u00e9e de lecture estim\u00e9e":"4 minutes"},"schema":{"@context":"https:\/\/schema.org","@graph":[{"@type":"WebPage","@id":"https:\/\/landfillsolutions.es\/fr\/exemple-dinstallations-de-thermolyse\/","url":"https:\/\/landfillsolutions.es\/fr\/exemple-dinstallations-de-thermolyse\/","name":"Exemple d'installations de Thermolyse. - Landfillsolutions","isPartOf":{"@id":"https:\/\/landfillsolutions.es\/fr\/#website"},"datePublished":"2020-04-13T10:24:23+00:00","dateModified":"2021-09-03T09:33:51+00:00","breadcrumb":{"@id":"https:\/\/landfillsolutions.es\/fr\/exemple-dinstallations-de-thermolyse\/#breadcrumb"},"inLanguage":"fr-FR","potentialAction":[{"@type":"ReadAction","target":["https:\/\/landfillsolutions.es\/fr\/exemple-dinstallations-de-thermolyse\/"]}]},{"@type":"BreadcrumbList","@id":"https:\/\/landfillsolutions.es\/fr\/exemple-dinstallations-de-thermolyse\/#breadcrumb","itemListElement":[{"@type":"ListItem","position":1,"name":"Portada","item":"https:\/\/landfillsolutions.es\/fr\/"},{"@type":"ListItem","position":2,"name":"Exemple d&rsquo;installations de Thermolyse."}]},{"@type":"WebSite","@id":"https:\/\/landfillsolutions.es\/fr\/#website","url":"https:\/\/landfillsolutions.es\/fr\/","name":"Landfillsolutions","description":"REVALUO, traitement et valorisation des d\u00e9chets","publisher":{"@id":"https:\/\/landfillsolutions.es\/fr\/#organization"},"potentialAction":[{"@type":"SearchAction","target":{"@type":"EntryPoint","urlTemplate":"https:\/\/landfillsolutions.es\/fr\/?s={search_term_string}"},"query-input":"required name=search_term_string"}],"inLanguage":"fr-FR"},{"@type":"Organization","@id":"https:\/\/landfillsolutions.es\/fr\/#organization","name":"Landfillsolutions","url":"https:\/\/landfillsolutions.es\/fr\/","logo":{"@type":"ImageObject","inLanguage":"fr-FR","@id":"https:\/\/landfillsolutions.es\/fr\/#\/schema\/logo\/image\/","url":"https:\/\/landfillsolutions.es\/fr\/wp-content\/uploads\/2021\/03\/Landfillsolutions-logo-.png","contentUrl":"https:\/\/landfillsolutions.es\/fr\/wp-content\/uploads\/2021\/03\/Landfillsolutions-logo-.png","width":290,"height":35,"caption":"Landfillsolutions"},"image":{"@id":"https:\/\/landfillsolutions.es\/fr\/#\/schema\/logo\/image\/"}}]}},"_links":{"self":[{"href":"https:\/\/landfillsolutions.es\/fr\/wp-json\/wp\/v2\/pages\/2686"}],"collection":[{"href":"https:\/\/landfillsolutions.es\/fr\/wp-json\/wp\/v2\/pages"}],"about":[{"href":"https:\/\/landfillsolutions.es\/fr\/wp-json\/wp\/v2\/types\/page"}],"author":[{"embeddable":true,"href":"https:\/\/landfillsolutions.es\/fr\/wp-json\/wp\/v2\/users\/3"}],"replies":[{"embeddable":true,"href":"https:\/\/landfillsolutions.es\/fr\/wp-json\/wp\/v2\/comments?post=2686"}],"version-history":[{"count":24,"href":"https:\/\/landfillsolutions.es\/fr\/wp-json\/wp\/v2\/pages\/2686\/revisions"}],"predecessor-version":[{"id":255775,"href":"https:\/\/landfillsolutions.es\/fr\/wp-json\/wp\/v2\/pages\/2686\/revisions\/255775"}],"wp:attachment":[{"href":"https:\/\/landfillsolutions.es\/fr\/wp-json\/wp\/v2\/media?parent=2686"}],"curies":[{"name":"wp","href":"https:\/\/api.w.org\/{rel}","templated":true}]}}