{"id":905,"date":"2020-01-27T12:53:37","date_gmt":"2020-01-27T12:53:37","guid":{"rendered":"https:\/\/landfillsolutions.es\/fr\/?page_id=905"},"modified":"2021-09-03T09:43:17","modified_gmt":"2021-09-03T09:43:17","slug":"politique-de-confidentialite","status":"publish","type":"page","link":"https:\/\/landfillsolutions.es\/fr\/politique-de-confidentialite\/","title":{"rendered":"Politique de confidentialit\u00e9"},"content":{"rendered":"<p>[et_pb_section fb_built=\u00a0\u00bb1&Prime; fullwidth=\u00a0\u00bbon\u00a0\u00bb _builder_version=\u00a0\u00bb4.4.8&Prime; background_enable_color=\u00a0\u00bboff\u00a0\u00bb use_background_color_gradient=\u00a0\u00bbon\u00a0\u00bb background_color_gradient_start=\u00a0\u00bbrgba(255,255,255,0.66)\u00a0\u00bb background_color_gradient_end=\u00a0\u00bb#29c695&Prime; background_image=\u00a0\u00bbhttps:\/\/landfillsolutions.es\/fr\/wp-content\/uploads\/2020\/01\/meadow-3743023_1920.jpg\u00a0\u00bb background_position=\u00a0\u00bbbottom_center\u00a0\u00bb custom_padding=\u00a0\u00bb0px|0px|0px|0px\u00a0\u00bb filter_saturate=\u00a0\u00bb111%\u00a0\u00bb locked=\u00a0\u00bboff\u00a0\u00bb global_colors_info=\u00a0\u00bb{}\u00a0\u00bb][et_pb_fullwidth_header title=\u00a0\u00bbPolitique de Confidentialit\u00e9\u00a0\u00bb text_orientation=\u00a0\u00bbcenter\u00a0\u00bb header_scroll_down=\u00a0\u00bbon\u00a0\u00bb scroll_down_icon=\u00a0\u00bb%%1%%\u00a0\u00bb _builder_version=\u00a0\u00bb4.5.3&Prime; title_font=\u00a0\u00bb|700|||||||\u00a0\u00bb title_text_color=\u00a0\u00bb#ffffff\u00a0\u00bb title_font_size=\u00a0\u00bb50px\u00a0\u00bb content_font=\u00a0\u00bb||||||||\u00a0\u00bb background_color=\u00a0\u00bbrgba(255,255,255,0.7)\u00a0\u00bb use_background_color_gradient=\u00a0\u00bbon\u00a0\u00bb background_color_gradient_start=\u00a0\u00bbrgba(0,126,61,0.41)\u00a0\u00bb background_color_gradient_end=\u00a0\u00bbrgba(54,40,131,0.22)\u00a0\u00bb background_enable_image=\u00a0\u00bboff\u00a0\u00bb background_layout=\u00a0\u00bblight\u00a0\u00bb custom_margin=\u00a0\u00bb|||\u00a0\u00bb custom_padding=\u00a0\u00bb100px||150px|\u00a0\u00bb custom_padding_tablet=\u00a0\u00bb\u00a0\u00bb custom_padding_phone=\u00a0\u00bb12%||12%||true|false\u00a0\u00bb custom_padding_last_edited=\u00a0\u00bbon|phone\u00a0\u00bb title_font_size_tablet=\u00a0\u00bb\u00a0\u00bb title_font_size_phone=\u00a0\u00bb30px\u00a0\u00bb title_font_size_last_edited=\u00a0\u00bbon|phone\u00a0\u00bb global_colors_info=\u00a0\u00bb{}\u00a0\u00bb button_one_text_size__hover_enabled=\u00a0\u00bboff\u00a0\u00bb button_two_text_size__hover_enabled=\u00a0\u00bboff\u00a0\u00bb button_one_text_color__hover_enabled=\u00a0\u00bboff\u00a0\u00bb button_two_text_color__hover_enabled=\u00a0\u00bboff\u00a0\u00bb button_one_border_width__hover_enabled=\u00a0\u00bboff\u00a0\u00bb button_two_border_width__hover_enabled=\u00a0\u00bboff\u00a0\u00bb button_one_border_color__hover_enabled=\u00a0\u00bboff\u00a0\u00bb button_two_border_color__hover_enabled=\u00a0\u00bboff\u00a0\u00bb button_one_border_radius__hover_enabled=\u00a0\u00bboff\u00a0\u00bb button_two_border_radius__hover_enabled=\u00a0\u00bboff\u00a0\u00bb button_one_letter_spacing__hover_enabled=\u00a0\u00bboff\u00a0\u00bb button_two_letter_spacing__hover_enabled=\u00a0\u00bboff\u00a0\u00bb button_one_bg_color__hover_enabled=\u00a0\u00bboff\u00a0\u00bb button_two_bg_color__hover_enabled=\u00a0\u00bboff\u00a0\u00bb][\/et_pb_fullwidth_header][\/et_pb_section][et_pb_section fb_built=\u00a0\u00bb1&Prime; _builder_version=\u00a0\u00bb4.2.2&Prime; global_colors_info=\u00a0\u00bb{}\u00a0\u00bb][et_pb_row _builder_version=\u00a0\u00bb4.2.2&Prime; global_colors_info=\u00a0\u00bb{}\u00a0\u00bb][et_pb_column type=\u00a0\u00bb4_4&Prime; _builder_version=\u00a0\u00bb4.2.2&Prime; global_colors_info=\u00a0\u00bb{}\u00a0\u00bb][et_pb_text _builder_version=\u00a0\u00bb4.10.4&Prime; text_text_color=\u00a0\u00bb#000000&Prime; text_font_size=\u00a0\u00bb18px\u00a0\u00bb text_orientation=\u00a0\u00bbjustified\u00a0\u00bb hover_enabled=\u00a0\u00bb0&Prime; global_colors_info=\u00a0\u00bb{}\u00a0\u00bb sticky_enabled=\u00a0\u00bb0&Prime;]<\/p>\n<p>Politique de la vie priv\u00e9e<\/p>\n<p>Conform\u00e9ment au r\u00e8glement g\u00e9n\u00e9ral sur la protection des donn\u00e9es, les donn\u00e9es personnelles fournies seront trait\u00e9es par Pipote SL, avec CIF B84959113, dans le but de g\u00e9rer la relation avec le client et la facturation et le recouvrement de nos services. La communication des donn\u00e9es \u00e0 cette fin est obligatoire, faute de quoi la prestation du service et l&rsquo;ex\u00e9cution du contrat ne peuvent avoir lieu. Les coordonn\u00e9es de cette entit\u00e9 sont les suivantes : C\/ Raimundo Fdez. Villaverde 45, 28003 &#8211; Madrid, E-mail : <a href=\"mailto:info@landfillsolutions.eu\">info@landfillsolutions.eu<\/a><\/p>\n<p>Les donn\u00e9es seront trait\u00e9es sur la base de la relation contractuelle entretenue par les parties et seront conserv\u00e9es aussi longtemps que le contrat sera en vigueur. Une fois cette relation termin\u00e9e, le cas \u00e9ch\u00e9ant, les donn\u00e9es peuvent \u00eatre conserv\u00e9es pendant la dur\u00e9e requise par la l\u00e9gislation applicable et jusqu&rsquo;\u00e0 l&rsquo;expiration des obligations d\u00e9coulant du contrat.<\/p>\n<p>Aux fins susmentionn\u00e9es, vos donn\u00e9es seront transf\u00e9r\u00e9es aux Administrations publiques comp\u00e9tentes, dans les cas pr\u00e9vus par la loi et aux fins qui y sont d\u00e9finies, ainsi qu&rsquo;aux institutions financi\u00e8res par l&rsquo;interm\u00e9diaire desquelles est effectu\u00e9e la gestion des encaissements et des paiements.<\/p>\n<p>De m\u00eame, les donn\u00e9es seront trait\u00e9es pour l&rsquo;envoi de communications commerciales de nos services, sauf si vous exprimez votre volont\u00e9 de s&rsquo;y opposer par tout moyen. En tout \u00e9tat de cause, l&rsquo;autorisation de traiter vos donn\u00e9es \u00e0 cette fin est volontaire et votre refus aurait pour seul effet de vous emp\u00eacher de recevoir des offres commerciales de nos services. Les donn\u00e9es pour l&rsquo;envoi de communications commerciales de nos services seront conserv\u00e9es ind\u00e9finiment, jusqu&rsquo;\u00e0 ce que, le cas \u00e9ch\u00e9ant, vous exprimiez votre volont\u00e9 de les supprimer.<\/p>\n<p>Vous pouvez exercer vos droits d&rsquo;acc\u00e8s, de rectification, d&rsquo;effacement, de limitation, de portabilit\u00e9 et d&rsquo;opposition par \u00e9crit, en joignant une copie de votre carte d&rsquo;identit\u00e9, \u00e0 l&rsquo;adresse de contact (physique et \u00e9lectronique) mentionn\u00e9e ci-dessus. En cas de violation de vos droits, vous pouvez d\u00e9poser une plainte aupr\u00e8s de l&rsquo;Agence espagnole de protection des donn\u00e9es.<\/p>\n<p>Dans le cas o\u00f9 des donn\u00e9es de tiers ont \u00e9t\u00e9 fournies, il incombe \u00e0 la personne qui le fait de les informer de toutes les dispositions de la pr\u00e9sente clause et, en particulier, des dispositions de l&rsquo;article 14 du R\u00e8glement g\u00e9n\u00e9ral sur la protection des donn\u00e9es et d&rsquo;avoir obtenu leur consentement pr\u00e9alable \u00e0 cet effet.<\/p>\n<p>[\/et_pb_text][\/et_pb_column][\/et_pb_row][\/et_pb_section][et_pb_section fb_built=\u00a0\u00bb1&Prime; fullwidth=\u00a0\u00bbon\u00a0\u00bb _builder_version=\u00a0\u00bb4.2.2&Prime; background_color=\u00a0\u00bbrgba(0,126,61,0.32)\u00a0\u00bb width=\u00a0\u00bb100%\u00a0\u00bb max_width=\u00a0\u00bb100%\u00a0\u00bb custom_margin=\u00a0\u00bb||||false|false\u00a0\u00bb custom_padding=\u00a0\u00bb0.5%||||false|false\u00a0\u00bb global_module=\u00a0\u00bb1767&Prime; global_colors_info=\u00a0\u00bb{}\u00a0\u00bb][\/et_pb_section]<\/p>\n","protected":false},"excerpt":{"rendered":"<p>Politique de la vie priv\u00e9e Conform\u00e9ment au r\u00e8glement g\u00e9n\u00e9ral sur la protection des donn\u00e9es, les donn\u00e9es personnelles fournies seront trait\u00e9es par Pipote SL, avec CIF B84959113, dans le but de g\u00e9rer la relation avec le client et la facturation et le recouvrement de nos services. La communication des donn\u00e9es \u00e0 cette fin est obligatoire, faute [&hellip;]<\/p>\n","protected":false},"author":3,"featured_media":0,"parent":0,"menu_order":0,"comment_status":"closed","ping_status":"closed","template":"","meta":{"_et_pb_use_builder":"on","_et_pb_old_content":"","_et_gb_content_width":""},"yoast_head":"<!-- This site is optimized with the Yoast SEO plugin v20.8 - https:\/\/yoast.com\/wordpress\/plugins\/seo\/ -->\n<title>Politique de confidentialit\u00e9 - Landfillsolutions<\/title>\n<meta name=\"robots\" content=\"noindex, follow\" \/>\n<meta property=\"og:locale\" content=\"fr_FR\" \/>\n<meta property=\"og:type\" content=\"article\" \/>\n<meta property=\"og:title\" content=\"Politique de confidentialit\u00e9 - Landfillsolutions\" \/>\n<meta property=\"og:description\" content=\"Politique de la vie priv\u00e9e Conform\u00e9ment au r\u00e8glement g\u00e9n\u00e9ral sur la protection des donn\u00e9es, les donn\u00e9es personnelles fournies seront trait\u00e9es par Pipote SL, avec CIF B84959113, dans le but de g\u00e9rer la relation avec le client et la facturation et le recouvrement de nos services. La communication des donn\u00e9es \u00e0 cette fin est obligatoire, faute [&hellip;]\" \/>\n<meta property=\"og:url\" content=\"https:\/\/landfillsolutions.es\/fr\/politique-de-confidentialite\/\" \/>\n<meta property=\"og:site_name\" content=\"Landfillsolutions\" \/>\n<meta property=\"article:modified_time\" content=\"2021-09-03T09:43:17+00:00\" \/>\n<meta name=\"twitter:card\" content=\"summary_large_image\" \/>\n<meta name=\"twitter:label1\" content=\"Dur\u00e9e de lecture estim\u00e9e\" \/>\n\t<meta name=\"twitter:data1\" content=\"4 minutes\" \/>\n<script type=\"application\/ld+json\" class=\"yoast-schema-graph\">{\"@context\":\"https:\/\/schema.org\",\"@graph\":[{\"@type\":\"WebPage\",\"@id\":\"https:\/\/landfillsolutions.es\/fr\/politique-de-confidentialite\/\",\"url\":\"https:\/\/landfillsolutions.es\/fr\/politique-de-confidentialite\/\",\"name\":\"Politique de confidentialit\u00e9 - Landfillsolutions\",\"isPartOf\":{\"@id\":\"https:\/\/landfillsolutions.es\/fr\/#website\"},\"datePublished\":\"2020-01-27T12:53:37+00:00\",\"dateModified\":\"2021-09-03T09:43:17+00:00\",\"breadcrumb\":{\"@id\":\"https:\/\/landfillsolutions.es\/fr\/politique-de-confidentialite\/#breadcrumb\"},\"inLanguage\":\"fr-FR\",\"potentialAction\":[{\"@type\":\"ReadAction\",\"target\":[\"https:\/\/landfillsolutions.es\/fr\/politique-de-confidentialite\/\"]}]},{\"@type\":\"BreadcrumbList\",\"@id\":\"https:\/\/landfillsolutions.es\/fr\/politique-de-confidentialite\/#breadcrumb\",\"itemListElement\":[{\"@type\":\"ListItem\",\"position\":1,\"name\":\"Portada\",\"item\":\"https:\/\/landfillsolutions.es\/fr\/\"},{\"@type\":\"ListItem\",\"position\":2,\"name\":\"Politique de confidentialit\u00e9\"}]},{\"@type\":\"WebSite\",\"@id\":\"https:\/\/landfillsolutions.es\/fr\/#website\",\"url\":\"https:\/\/landfillsolutions.es\/fr\/\",\"name\":\"Landfillsolutions\",\"description\":\"REVALUO, traitement et valorisation des d\u00e9chets\",\"publisher\":{\"@id\":\"https:\/\/landfillsolutions.es\/fr\/#organization\"},\"potentialAction\":[{\"@type\":\"SearchAction\",\"target\":{\"@type\":\"EntryPoint\",\"urlTemplate\":\"https:\/\/landfillsolutions.es\/fr\/?s={search_term_string}\"},\"query-input\":\"required name=search_term_string\"}],\"inLanguage\":\"fr-FR\"},{\"@type\":\"Organization\",\"@id\":\"https:\/\/landfillsolutions.es\/fr\/#organization\",\"name\":\"Landfillsolutions\",\"url\":\"https:\/\/landfillsolutions.es\/fr\/\",\"logo\":{\"@type\":\"ImageObject\",\"inLanguage\":\"fr-FR\",\"@id\":\"https:\/\/landfillsolutions.es\/fr\/#\/schema\/logo\/image\/\",\"url\":\"https:\/\/landfillsolutions.es\/fr\/wp-content\/uploads\/2021\/03\/Landfillsolutions-logo-.png\",\"contentUrl\":\"https:\/\/landfillsolutions.es\/fr\/wp-content\/uploads\/2021\/03\/Landfillsolutions-logo-.png\",\"width\":290,\"height\":35,\"caption\":\"Landfillsolutions\"},\"image\":{\"@id\":\"https:\/\/landfillsolutions.es\/fr\/#\/schema\/logo\/image\/\"}}]}<\/script>\n<!-- \/ Yoast SEO plugin. -->","yoast_head_json":{"title":"Politique de confidentialit\u00e9 - Landfillsolutions","robots":{"index":"noindex","follow":"follow"},"og_locale":"fr_FR","og_type":"article","og_title":"Politique de confidentialit\u00e9 - Landfillsolutions","og_description":"Politique de la vie priv\u00e9e Conform\u00e9ment au r\u00e8glement g\u00e9n\u00e9ral sur la protection des donn\u00e9es, les donn\u00e9es personnelles fournies seront trait\u00e9es par Pipote SL, avec CIF B84959113, dans le but de g\u00e9rer la relation avec le client et la facturation et le recouvrement de nos services. La communication des donn\u00e9es \u00e0 cette fin est obligatoire, faute [&hellip;]","og_url":"https:\/\/landfillsolutions.es\/fr\/politique-de-confidentialite\/","og_site_name":"Landfillsolutions","article_modified_time":"2021-09-03T09:43:17+00:00","twitter_card":"summary_large_image","twitter_misc":{"Dur\u00e9e de lecture estim\u00e9e":"4 minutes"},"schema":{"@context":"https:\/\/schema.org","@graph":[{"@type":"WebPage","@id":"https:\/\/landfillsolutions.es\/fr\/politique-de-confidentialite\/","url":"https:\/\/landfillsolutions.es\/fr\/politique-de-confidentialite\/","name":"Politique de confidentialit\u00e9 - Landfillsolutions","isPartOf":{"@id":"https:\/\/landfillsolutions.es\/fr\/#website"},"datePublished":"2020-01-27T12:53:37+00:00","dateModified":"2021-09-03T09:43:17+00:00","breadcrumb":{"@id":"https:\/\/landfillsolutions.es\/fr\/politique-de-confidentialite\/#breadcrumb"},"inLanguage":"fr-FR","potentialAction":[{"@type":"ReadAction","target":["https:\/\/landfillsolutions.es\/fr\/politique-de-confidentialite\/"]}]},{"@type":"BreadcrumbList","@id":"https:\/\/landfillsolutions.es\/fr\/politique-de-confidentialite\/#breadcrumb","itemListElement":[{"@type":"ListItem","position":1,"name":"Portada","item":"https:\/\/landfillsolutions.es\/fr\/"},{"@type":"ListItem","position":2,"name":"Politique de confidentialit\u00e9"}]},{"@type":"WebSite","@id":"https:\/\/landfillsolutions.es\/fr\/#website","url":"https:\/\/landfillsolutions.es\/fr\/","name":"Landfillsolutions","description":"REVALUO, traitement et valorisation des d\u00e9chets","publisher":{"@id":"https:\/\/landfillsolutions.es\/fr\/#organization"},"potentialAction":[{"@type":"SearchAction","target":{"@type":"EntryPoint","urlTemplate":"https:\/\/landfillsolutions.es\/fr\/?s={search_term_string}"},"query-input":"required name=search_term_string"}],"inLanguage":"fr-FR"},{"@type":"Organization","@id":"https:\/\/landfillsolutions.es\/fr\/#organization","name":"Landfillsolutions","url":"https:\/\/landfillsolutions.es\/fr\/","logo":{"@type":"ImageObject","inLanguage":"fr-FR","@id":"https:\/\/landfillsolutions.es\/fr\/#\/schema\/logo\/image\/","url":"https:\/\/landfillsolutions.es\/fr\/wp-content\/uploads\/2021\/03\/Landfillsolutions-logo-.png","contentUrl":"https:\/\/landfillsolutions.es\/fr\/wp-content\/uploads\/2021\/03\/Landfillsolutions-logo-.png","width":290,"height":35,"caption":"Landfillsolutions"},"image":{"@id":"https:\/\/landfillsolutions.es\/fr\/#\/schema\/logo\/image\/"}}]}},"_links":{"self":[{"href":"https:\/\/landfillsolutions.es\/fr\/wp-json\/wp\/v2\/pages\/905"}],"collection":[{"href":"https:\/\/landfillsolutions.es\/fr\/wp-json\/wp\/v2\/pages"}],"about":[{"href":"https:\/\/landfillsolutions.es\/fr\/wp-json\/wp\/v2\/types\/page"}],"author":[{"embeddable":true,"href":"https:\/\/landfillsolutions.es\/fr\/wp-json\/wp\/v2\/users\/3"}],"replies":[{"embeddable":true,"href":"https:\/\/landfillsolutions.es\/fr\/wp-json\/wp\/v2\/comments?post=905"}],"version-history":[{"count":14,"href":"https:\/\/landfillsolutions.es\/fr\/wp-json\/wp\/v2\/pages\/905\/revisions"}],"predecessor-version":[{"id":255782,"href":"https:\/\/landfillsolutions.es\/fr\/wp-json\/wp\/v2\/pages\/905\/revisions\/255782"}],"wp:attachment":[{"href":"https:\/\/landfillsolutions.es\/fr\/wp-json\/wp\/v2\/media?parent=905"}],"curies":[{"name":"wp","href":"https:\/\/api.w.org\/{rel}","templated":true}]}}