{"id":907,"date":"2020-01-27T12:54:21","date_gmt":"2020-01-27T12:54:21","guid":{"rendered":"https:\/\/landfillsolutions.es\/fr\/?page_id=907"},"modified":"2021-09-03T09:42:53","modified_gmt":"2021-09-03T09:42:53","slug":"politique-de-cookies","status":"publish","type":"page","link":"https:\/\/landfillsolutions.es\/fr\/politique-de-cookies\/","title":{"rendered":"Politique de Cookies"},"content":{"rendered":"<p>[et_pb_section fb_built=\u00a0\u00bb1&Prime; fullwidth=\u00a0\u00bbon\u00a0\u00bb _builder_version=\u00a0\u00bb4.4.8&Prime; background_enable_color=\u00a0\u00bboff\u00a0\u00bb use_background_color_gradient=\u00a0\u00bbon\u00a0\u00bb background_color_gradient_start=\u00a0\u00bbrgba(255,255,255,0.66)\u00a0\u00bb background_color_gradient_end=\u00a0\u00bb#29c695&Prime; background_image=\u00a0\u00bbhttps:\/\/landfillsolutions.es\/fr\/wp-content\/uploads\/2020\/01\/meadow-3743023_1920.jpg\u00a0\u00bb background_position=\u00a0\u00bbbottom_center\u00a0\u00bb custom_padding=\u00a0\u00bb0px|0px|0px|0px\u00a0\u00bb filter_saturate=\u00a0\u00bb111%\u00a0\u00bb locked=\u00a0\u00bboff\u00a0\u00bb global_colors_info=\u00a0\u00bb{}\u00a0\u00bb][et_pb_fullwidth_header title=\u00a0\u00bbPolitique de Cookies\u00a0\u00bb text_orientation=\u00a0\u00bbcenter\u00a0\u00bb header_scroll_down=\u00a0\u00bbon\u00a0\u00bb scroll_down_icon=\u00a0\u00bb%%1%%\u00a0\u00bb _builder_version=\u00a0\u00bb4.5.3&Prime; title_font=\u00a0\u00bb|700|||||||\u00a0\u00bb title_text_color=\u00a0\u00bb#ffffff\u00a0\u00bb title_font_size=\u00a0\u00bb50px\u00a0\u00bb title_line_height=\u00a0\u00bb1.3em\u00a0\u00bb content_font=\u00a0\u00bb||||||||\u00a0\u00bb background_color=\u00a0\u00bbrgba(255,255,255,0.7)\u00a0\u00bb use_background_color_gradient=\u00a0\u00bbon\u00a0\u00bb background_color_gradient_start=\u00a0\u00bbrgba(0,126,61,0.41)\u00a0\u00bb background_color_gradient_end=\u00a0\u00bbrgba(54,40,131,0.22)\u00a0\u00bb background_enable_image=\u00a0\u00bboff\u00a0\u00bb background_layout=\u00a0\u00bblight\u00a0\u00bb custom_margin=\u00a0\u00bb|||\u00a0\u00bb custom_padding=\u00a0\u00bb100px||150px|\u00a0\u00bb custom_padding_tablet=\u00a0\u00bb\u00a0\u00bb custom_padding_phone=\u00a0\u00bb12%||12%||true|false\u00a0\u00bb custom_padding_last_edited=\u00a0\u00bbon|phone\u00a0\u00bb title_font_size_tablet=\u00a0\u00bb\u00a0\u00bb title_font_size_phone=\u00a0\u00bb30px\u00a0\u00bb title_font_size_last_edited=\u00a0\u00bbon|phone\u00a0\u00bb global_colors_info=\u00a0\u00bb{}\u00a0\u00bb button_one_text_size__hover_enabled=\u00a0\u00bboff\u00a0\u00bb button_two_text_size__hover_enabled=\u00a0\u00bboff\u00a0\u00bb button_one_text_color__hover_enabled=\u00a0\u00bboff\u00a0\u00bb button_two_text_color__hover_enabled=\u00a0\u00bboff\u00a0\u00bb button_one_border_width__hover_enabled=\u00a0\u00bboff\u00a0\u00bb button_two_border_width__hover_enabled=\u00a0\u00bboff\u00a0\u00bb button_one_border_color__hover_enabled=\u00a0\u00bboff\u00a0\u00bb button_two_border_color__hover_enabled=\u00a0\u00bboff\u00a0\u00bb button_one_border_radius__hover_enabled=\u00a0\u00bboff\u00a0\u00bb button_two_border_radius__hover_enabled=\u00a0\u00bboff\u00a0\u00bb button_one_letter_spacing__hover_enabled=\u00a0\u00bboff\u00a0\u00bb button_two_letter_spacing__hover_enabled=\u00a0\u00bboff\u00a0\u00bb button_one_bg_color__hover_enabled=\u00a0\u00bboff\u00a0\u00bb button_two_bg_color__hover_enabled=\u00a0\u00bboff\u00a0\u00bb][\/et_pb_fullwidth_header][\/et_pb_section][et_pb_section fb_built=\u00a0\u00bb1&Prime; _builder_version=\u00a0\u00bb4.2.2&Prime; global_colors_info=\u00a0\u00bb{}\u00a0\u00bb][et_pb_row _builder_version=\u00a0\u00bb4.2.2&Prime; global_colors_info=\u00a0\u00bb{}\u00a0\u00bb][et_pb_column type=\u00a0\u00bb4_4&Prime; _builder_version=\u00a0\u00bb4.2.2&Prime; global_colors_info=\u00a0\u00bb{}\u00a0\u00bb][et_pb_text _builder_version=\u00a0\u00bb4.10.4&Prime; text_text_color=\u00a0\u00bb#000000&Prime; text_font_size=\u00a0\u00bb18px\u00a0\u00bb header_5_font_size=\u00a0\u00bb26px\u00a0\u00bb text_orientation=\u00a0\u00bbjustified\u00a0\u00bb hover_enabled=\u00a0\u00bb0&Prime; global_colors_info=\u00a0\u00bb{}\u00a0\u00bb sticky_enabled=\u00a0\u00bb0&Prime;]<\/p>\n<p>Politique en mati\u00e8re de cookies de Landfillsolutions<\/p>\n<p>Un cookie est un fichier qui est t\u00e9l\u00e9charg\u00e9 sur votre ordinateur lorsque vous acc\u00e9dez \u00e0 certaines pages web. Les cookies permettent \u00e0 un site web, entre autres, de stocker et de r\u00e9cup\u00e9rer des informations sur les habitudes de navigation d&rsquo;un utilisateur ou de son ordinateur et, en fonction des informations qu&rsquo;ils contiennent et de la mani\u00e8re dont vous utilisez votre ordinateur, ils peuvent \u00eatre utilis\u00e9s pour reconna\u00eetre l&rsquo;utilisateur. Le navigateur de l&rsquo;utilisateur ne stocke les cookies sur le disque dur que pendant la session en cours, occupant un espace m\u00e9moire minimal et n&rsquo;endommageant pas l&rsquo;ordinateur. Les cookies ne contiennent pas d&rsquo;informations personnelles sp\u00e9cifiques et la plupart d&rsquo;entre eux sont supprim\u00e9s du disque dur \u00e0 la fin de la session du navigateur (cookies dits de session).<\/p>\n<p>La plupart des navigateurs acceptent les cookies par d\u00e9faut et, ind\u00e9pendamment d&rsquo;eux, autorisent ou emp\u00eachent les cookies temporaires ou stock\u00e9s dans les param\u00e8tres de s\u00e9curit\u00e9.<\/p>\n<p>Sans votre consentement expr\u00e8s &#8211; par l&rsquo;activation de cookies dans votre navigateur -XXXXX ne reliera pas dans les cookies les donn\u00e9es stock\u00e9es avec vos donn\u00e9es personnelles fournies au moment de l&rsquo;enregistrement ou de l&rsquo;achat.<\/p>\n<p>Exemples de cookies que les sites web peuvent utiliser ?<\/p>\n<p>&#8211; Cookies techniques : Ce sont ceux qui permettent \u00e0 l&rsquo;utilisateur de naviguer sur un site web, une plateforme ou une application et l&rsquo;utilisation de diff\u00e9rentes options ou services qu&rsquo;il existe comme, par exemple, le contr\u00f4le du trafic et de la communication de donn\u00e9es, l&rsquo;identification de la session, l&rsquo;acc\u00e8s \u00e0 des parties d&rsquo;acc\u00e8s restreint, la m\u00e9morisation des \u00e9l\u00e9ments d&rsquo;une commande, le processus d&rsquo;achat d&rsquo;une commande, la demande d&rsquo;inscription ou la participation \u00e0 un \u00e9v\u00e9nement, l&rsquo;utilisation de fonctions de s\u00e9curit\u00e9 pendant la navigation, le stockage de contenus pour la diffusion de vid\u00e9os ou de sons ou le partage de contenus via les r\u00e9seaux sociaux.<\/p>\n<p>&#8211; Cookies de personnalisation : Ce sont ceux qui permettent \u00e0 l&rsquo;utilisateur d&rsquo;acc\u00e9der au service avec certaines caract\u00e9ristiques g\u00e9n\u00e9rales pr\u00e9d\u00e9finies en fonction d&rsquo;un certain nombre de crit\u00e8res dans le terminal de l&rsquo;utilisateur, comme serait la langue, le type de navigateur \u00e0 travers lequel vous acc\u00e9dez au service, la localisation \u00e0 partir de laquelle vous acc\u00e9dez au service, etc.<\/p>\n<p>&#8211; Cookies d&rsquo;analyse : ce sont ceux qui, bien trait\u00e9s par nous ou par des tiers, nous permettent de quantifier le nombre d&rsquo;utilisateurs et d&rsquo;effectuer ainsi la mesure et l&rsquo;analyse statistique de l&rsquo;utilisation faite par les utilisateurs du service offert. Pour ce faire, votre navigation sur notre site est analys\u00e9e afin d&rsquo;am\u00e9liorer la gamme de produits ou de services que nous proposons.<\/p>\n<p>&#8211; Cookies publicitaires : ce sont ceux qui, bien trait\u00e9s par nous ou par des tiers, nous permettent de g\u00e9rer le plus efficacement possible la fourniture d&rsquo;espaces publicitaires sur le site web, en adaptant le contenu du contenu publicitaire au contenu du service demand\u00e9 ou de l&rsquo;utilisation faite de notre site web. Pour ce faire, nous pouvons analyser vos habitudes de navigation sur l&rsquo;internet et vous montrer des publicit\u00e9s li\u00e9es \u00e0 votre profil de navigation.<\/p>\n<p>&#8211; Cookies de publicit\u00e9 comportementale : Ce sont ceux qui permettent de g\u00e9rer, de la mani\u00e8re la plus efficace possible, les espaces publicitaires que, le cas \u00e9ch\u00e9ant, l&rsquo;\u00e9diteur a inclus sur un site web, une application ou une plateforme \u00e0 partir desquels le service demand\u00e9 est fourni. Ces cookies stockent des informations sur le comportement des utilisateurs obtenues par l&rsquo;observation continue de leurs habitudes de navigation, ce qui permet de d\u00e9velopper un profil sp\u00e9cifique pour afficher des publicit\u00e9s bas\u00e9es sur ce dernier.<\/p>\n<p>Cookies de tiers :<a href=\"https:\/\/landfillsolutions.eu\/\"> www.landfillsolutions.eu<\/a> Web peut utiliser des services de tiers au nom de <a href=\"https:\/\/landfillsolutions.eu\/\">www.landfillsolutions.eu<\/a> pour compiler des informations \u00e0 des fins statistiques, d&rsquo;utilisation du site par l&rsquo;utilisateur et pour la fourniture d&rsquo;autres services li\u00e9s \u00e0 l&rsquo;activit\u00e9 du site Web et d&rsquo;autres services Internet.<\/p>\n<p>Ce site Web utilise notamment Google Analytics, un service d&rsquo;analyse Web fourni par Google, Inc. domicili\u00e9 aux \u00c9tats-Unis et dont le si\u00e8ge social est situ\u00e9 au 1600 Amphitheatre Parkway, Mountain View, Californie 94043. \u00a0Pour fournir ces services, ils utilisent des cookies qui collectent des informations, y compris l&rsquo;adresse IP de l&rsquo;utilisateur, qui seront transmises, trait\u00e9es et stock\u00e9es par Google dans les conditions pr\u00e9vues par le site Web Google.com. Y compris la transmission \u00e9ventuelle de ces informations \u00e0 des tiers pour des raisons d&rsquo;obligation l\u00e9gale ou lorsque ces tiers traitent ces informations pour le compte de Google.<\/p>\n<p>L&rsquo;Utilisateur accepte express\u00e9ment, en utilisant ce Site, le traitement des informations recueillies de la mani\u00e8re et aux fins susmentionn\u00e9es. Et reconna\u00eet \u00e9galement la possibilit\u00e9 de s&rsquo;opposer au traitement de ces donn\u00e9es ou informations en rejetant l&rsquo;utilisation de cookies en s\u00e9lectionnant les param\u00e8tres appropri\u00e9s \u00e0 cet effet dans votre navigateur. Bien que cette option de blocage des cookies dans votre navigateur puisse ne pas permettre l&rsquo;utilisation compl\u00e8te de toutes les fonctionnalit\u00e9s du site web.<\/p>\n<p>Vous pouvez autoriser, bloquer ou supprimer les cookies install\u00e9s sur votre ordinateur en configurant les options du navigateur install\u00e9 sur votre ordinateur :<\/p>\n<p>Chrome<br \/>Explorer<br \/>Firefox<br \/>Safari<\/p>\n<p>[\/et_pb_text][\/et_pb_column][\/et_pb_row][\/et_pb_section][et_pb_section fb_built=\u00a0\u00bb1&Prime; fullwidth=\u00a0\u00bbon\u00a0\u00bb _builder_version=\u00a0\u00bb4.2.2&Prime; background_color=\u00a0\u00bbrgba(0,126,61,0.32)\u00a0\u00bb width=\u00a0\u00bb100%\u00a0\u00bb max_width=\u00a0\u00bb100%\u00a0\u00bb custom_margin=\u00a0\u00bb||||false|false\u00a0\u00bb custom_padding=\u00a0\u00bb0.5%||||false|false\u00a0\u00bb global_module=\u00a0\u00bb1767&Prime; global_colors_info=\u00a0\u00bb{}\u00a0\u00bb][\/et_pb_section]<\/p>\n","protected":false},"excerpt":{"rendered":"<p>Politique en mati\u00e8re de cookies de Landfillsolutions Un cookie est un fichier qui est t\u00e9l\u00e9charg\u00e9 sur votre ordinateur lorsque vous acc\u00e9dez \u00e0 certaines pages web. Les cookies permettent \u00e0 un site web, entre autres, de stocker et de r\u00e9cup\u00e9rer des informations sur les habitudes de navigation d&rsquo;un utilisateur ou de son ordinateur et, en fonction [&hellip;]<\/p>\n","protected":false},"author":3,"featured_media":0,"parent":0,"menu_order":0,"comment_status":"closed","ping_status":"closed","template":"","meta":{"_et_pb_use_builder":"on","_et_pb_old_content":"","_et_gb_content_width":""},"yoast_head":"<!-- This site is optimized with the Yoast SEO plugin v20.8 - https:\/\/yoast.com\/wordpress\/plugins\/seo\/ -->\n<title>Politique de Cookies - Landfillsolutions<\/title>\n<meta name=\"robots\" content=\"noindex, follow\" \/>\n<meta property=\"og:locale\" content=\"fr_FR\" \/>\n<meta property=\"og:type\" content=\"article\" \/>\n<meta property=\"og:title\" content=\"Politique de Cookies - Landfillsolutions\" \/>\n<meta property=\"og:description\" content=\"Politique en mati\u00e8re de cookies de Landfillsolutions Un cookie est un fichier qui est t\u00e9l\u00e9charg\u00e9 sur votre ordinateur lorsque vous acc\u00e9dez \u00e0 certaines pages web. Les cookies permettent \u00e0 un site web, entre autres, de stocker et de r\u00e9cup\u00e9rer des informations sur les habitudes de navigation d&#039;un utilisateur ou de son ordinateur et, en fonction [&hellip;]\" \/>\n<meta property=\"og:url\" content=\"https:\/\/landfillsolutions.es\/fr\/politique-de-cookies\/\" \/>\n<meta property=\"og:site_name\" content=\"Landfillsolutions\" \/>\n<meta property=\"article:modified_time\" content=\"2021-09-03T09:42:53+00:00\" \/>\n<meta name=\"twitter:card\" content=\"summary_large_image\" \/>\n<meta name=\"twitter:label1\" content=\"Dur\u00e9e de lecture estim\u00e9e\" \/>\n\t<meta name=\"twitter:data1\" content=\"6 minutes\" \/>\n<script type=\"application\/ld+json\" class=\"yoast-schema-graph\">{\"@context\":\"https:\/\/schema.org\",\"@graph\":[{\"@type\":\"WebPage\",\"@id\":\"https:\/\/landfillsolutions.es\/fr\/politique-de-cookies\/\",\"url\":\"https:\/\/landfillsolutions.es\/fr\/politique-de-cookies\/\",\"name\":\"Politique de Cookies - Landfillsolutions\",\"isPartOf\":{\"@id\":\"https:\/\/landfillsolutions.es\/fr\/#website\"},\"datePublished\":\"2020-01-27T12:54:21+00:00\",\"dateModified\":\"2021-09-03T09:42:53+00:00\",\"breadcrumb\":{\"@id\":\"https:\/\/landfillsolutions.es\/fr\/politique-de-cookies\/#breadcrumb\"},\"inLanguage\":\"fr-FR\",\"potentialAction\":[{\"@type\":\"ReadAction\",\"target\":[\"https:\/\/landfillsolutions.es\/fr\/politique-de-cookies\/\"]}]},{\"@type\":\"BreadcrumbList\",\"@id\":\"https:\/\/landfillsolutions.es\/fr\/politique-de-cookies\/#breadcrumb\",\"itemListElement\":[{\"@type\":\"ListItem\",\"position\":1,\"name\":\"Portada\",\"item\":\"https:\/\/landfillsolutions.es\/fr\/\"},{\"@type\":\"ListItem\",\"position\":2,\"name\":\"Politique de Cookies\"}]},{\"@type\":\"WebSite\",\"@id\":\"https:\/\/landfillsolutions.es\/fr\/#website\",\"url\":\"https:\/\/landfillsolutions.es\/fr\/\",\"name\":\"Landfillsolutions\",\"description\":\"REVALUO, traitement et valorisation des d\u00e9chets\",\"publisher\":{\"@id\":\"https:\/\/landfillsolutions.es\/fr\/#organization\"},\"potentialAction\":[{\"@type\":\"SearchAction\",\"target\":{\"@type\":\"EntryPoint\",\"urlTemplate\":\"https:\/\/landfillsolutions.es\/fr\/?s={search_term_string}\"},\"query-input\":\"required name=search_term_string\"}],\"inLanguage\":\"fr-FR\"},{\"@type\":\"Organization\",\"@id\":\"https:\/\/landfillsolutions.es\/fr\/#organization\",\"name\":\"Landfillsolutions\",\"url\":\"https:\/\/landfillsolutions.es\/fr\/\",\"logo\":{\"@type\":\"ImageObject\",\"inLanguage\":\"fr-FR\",\"@id\":\"https:\/\/landfillsolutions.es\/fr\/#\/schema\/logo\/image\/\",\"url\":\"https:\/\/landfillsolutions.es\/fr\/wp-content\/uploads\/2021\/03\/Landfillsolutions-logo-.png\",\"contentUrl\":\"https:\/\/landfillsolutions.es\/fr\/wp-content\/uploads\/2021\/03\/Landfillsolutions-logo-.png\",\"width\":290,\"height\":35,\"caption\":\"Landfillsolutions\"},\"image\":{\"@id\":\"https:\/\/landfillsolutions.es\/fr\/#\/schema\/logo\/image\/\"}}]}<\/script>\n<!-- \/ Yoast SEO plugin. -->","yoast_head_json":{"title":"Politique de Cookies - Landfillsolutions","robots":{"index":"noindex","follow":"follow"},"og_locale":"fr_FR","og_type":"article","og_title":"Politique de Cookies - Landfillsolutions","og_description":"Politique en mati\u00e8re de cookies de Landfillsolutions Un cookie est un fichier qui est t\u00e9l\u00e9charg\u00e9 sur votre ordinateur lorsque vous acc\u00e9dez \u00e0 certaines pages web. Les cookies permettent \u00e0 un site web, entre autres, de stocker et de r\u00e9cup\u00e9rer des informations sur les habitudes de navigation d'un utilisateur ou de son ordinateur et, en fonction [&hellip;]","og_url":"https:\/\/landfillsolutions.es\/fr\/politique-de-cookies\/","og_site_name":"Landfillsolutions","article_modified_time":"2021-09-03T09:42:53+00:00","twitter_card":"summary_large_image","twitter_misc":{"Dur\u00e9e de lecture estim\u00e9e":"6 minutes"},"schema":{"@context":"https:\/\/schema.org","@graph":[{"@type":"WebPage","@id":"https:\/\/landfillsolutions.es\/fr\/politique-de-cookies\/","url":"https:\/\/landfillsolutions.es\/fr\/politique-de-cookies\/","name":"Politique de Cookies - Landfillsolutions","isPartOf":{"@id":"https:\/\/landfillsolutions.es\/fr\/#website"},"datePublished":"2020-01-27T12:54:21+00:00","dateModified":"2021-09-03T09:42:53+00:00","breadcrumb":{"@id":"https:\/\/landfillsolutions.es\/fr\/politique-de-cookies\/#breadcrumb"},"inLanguage":"fr-FR","potentialAction":[{"@type":"ReadAction","target":["https:\/\/landfillsolutions.es\/fr\/politique-de-cookies\/"]}]},{"@type":"BreadcrumbList","@id":"https:\/\/landfillsolutions.es\/fr\/politique-de-cookies\/#breadcrumb","itemListElement":[{"@type":"ListItem","position":1,"name":"Portada","item":"https:\/\/landfillsolutions.es\/fr\/"},{"@type":"ListItem","position":2,"name":"Politique de Cookies"}]},{"@type":"WebSite","@id":"https:\/\/landfillsolutions.es\/fr\/#website","url":"https:\/\/landfillsolutions.es\/fr\/","name":"Landfillsolutions","description":"REVALUO, traitement et valorisation des d\u00e9chets","publisher":{"@id":"https:\/\/landfillsolutions.es\/fr\/#organization"},"potentialAction":[{"@type":"SearchAction","target":{"@type":"EntryPoint","urlTemplate":"https:\/\/landfillsolutions.es\/fr\/?s={search_term_string}"},"query-input":"required name=search_term_string"}],"inLanguage":"fr-FR"},{"@type":"Organization","@id":"https:\/\/landfillsolutions.es\/fr\/#organization","name":"Landfillsolutions","url":"https:\/\/landfillsolutions.es\/fr\/","logo":{"@type":"ImageObject","inLanguage":"fr-FR","@id":"https:\/\/landfillsolutions.es\/fr\/#\/schema\/logo\/image\/","url":"https:\/\/landfillsolutions.es\/fr\/wp-content\/uploads\/2021\/03\/Landfillsolutions-logo-.png","contentUrl":"https:\/\/landfillsolutions.es\/fr\/wp-content\/uploads\/2021\/03\/Landfillsolutions-logo-.png","width":290,"height":35,"caption":"Landfillsolutions"},"image":{"@id":"https:\/\/landfillsolutions.es\/fr\/#\/schema\/logo\/image\/"}}]}},"_links":{"self":[{"href":"https:\/\/landfillsolutions.es\/fr\/wp-json\/wp\/v2\/pages\/907"}],"collection":[{"href":"https:\/\/landfillsolutions.es\/fr\/wp-json\/wp\/v2\/pages"}],"about":[{"href":"https:\/\/landfillsolutions.es\/fr\/wp-json\/wp\/v2\/types\/page"}],"author":[{"embeddable":true,"href":"https:\/\/landfillsolutions.es\/fr\/wp-json\/wp\/v2\/users\/3"}],"replies":[{"embeddable":true,"href":"https:\/\/landfillsolutions.es\/fr\/wp-json\/wp\/v2\/comments?post=907"}],"version-history":[{"count":16,"href":"https:\/\/landfillsolutions.es\/fr\/wp-json\/wp\/v2\/pages\/907\/revisions"}],"predecessor-version":[{"id":255781,"href":"https:\/\/landfillsolutions.es\/fr\/wp-json\/wp\/v2\/pages\/907\/revisions\/255781"}],"wp:attachment":[{"href":"https:\/\/landfillsolutions.es\/fr\/wp-json\/wp\/v2\/media?parent=907"}],"curies":[{"name":"wp","href":"https:\/\/api.w.org\/{rel}","templated":true}]}}