{"id":1080,"date":"2020-01-28T12:42:31","date_gmt":"2020-01-28T12:42:31","guid":{"rendered":"http:\/\/landfillsolutions.eu\/?page_id=1080"},"modified":"2021-09-28T08:58:21","modified_gmt":"2021-09-28T08:58:21","slug":"termeni-legali","status":"publish","type":"page","link":"https:\/\/landfillsolutions.es\/ro\/termeni-legali\/","title":{"rendered":"Termeni legali"},"content":{"rendered":"<p>[et_pb_section fb_built=\u00bb1&#8243; fullwidth=\u00bbon\u00bb _builder_version=\u00bb4.4.8&#8243; background_enable_color=\u00bboff\u00bb use_background_color_gradient=\u00bbon\u00bb background_color_gradient_start=\u00bbrgba(255,255,255,0.66)\u00bb background_color_gradient_end=\u00bb#29c695&#8243; background_image=\u00bbhttps:\/\/landfillsolutions.es\/ro\/wp-content\/uploads\/2020\/01\/meadow-3743023_1920.jpg\u00bb background_position=\u00bbbottom_center\u00bb custom_padding=\u00bb0px|0px|0px|0px\u00bb filter_saturate=\u00bb111%\u00bb locked=\u00bboff\u00bb global_colors_info=\u00bb{}\u00bb][et_pb_fullwidth_header title=\u00bbTermeni Legali\u00bb text_orientation=\u00bbcenter\u00bb header_scroll_down=\u00bbon\u00bb scroll_down_icon=\u00bb%%1%%\u00bb _builder_version=\u00bb4.7.3&#8243; title_font=\u00bb|700|||||||\u00bb title_text_color=\u00bb#ffffff\u00bb title_font_size=\u00bb50px\u00bb content_font=\u00bb||||||||\u00bb background_color=\u00bbrgba(255,255,255,0.7)\u00bb use_background_color_gradient=\u00bbon\u00bb background_color_gradient_start=\u00bbrgba(0,126,61,0.41)\u00bb background_color_gradient_end=\u00bbrgba(54,40,131,0.22)\u00bb background_enable_image=\u00bboff\u00bb background_layout=\u00bblight\u00bb custom_margin=\u00bb|||\u00bb custom_padding=\u00bb100px||150px|\u00bb custom_padding_tablet=\u00bb\u00bb custom_padding_phone=\u00bb12%||12%||true|false\u00bb custom_padding_last_edited=\u00bbon|phone\u00bb title_font_size_tablet=\u00bb\u00bb title_font_size_phone=\u00bb30px\u00bb title_font_size_last_edited=\u00bbon|phone\u00bb global_colors_info=\u00bb{}\u00bb button_one_text_size__hover_enabled=\u00bboff\u00bb button_two_text_size__hover_enabled=\u00bboff\u00bb button_one_text_color__hover_enabled=\u00bboff\u00bb button_two_text_color__hover_enabled=\u00bboff\u00bb button_one_border_width__hover_enabled=\u00bboff\u00bb button_two_border_width__hover_enabled=\u00bboff\u00bb button_one_border_color__hover_enabled=\u00bboff\u00bb button_two_border_color__hover_enabled=\u00bboff\u00bb button_one_border_radius__hover_enabled=\u00bboff\u00bb button_two_border_radius__hover_enabled=\u00bboff\u00bb button_one_letter_spacing__hover_enabled=\u00bboff\u00bb button_two_letter_spacing__hover_enabled=\u00bboff\u00bb button_one_bg_color__hover_enabled=\u00bboff\u00bb button_two_bg_color__hover_enabled=\u00bboff\u00bb][\/et_pb_fullwidth_header][\/et_pb_section][et_pb_section fb_built=\u00bb1&#8243; _builder_version=\u00bb4.2.2&#8243; global_colors_info=\u00bb{}\u00bb][et_pb_row _builder_version=\u00bb4.2.2&#8243; custom_padding=\u00bb39px|||||\u00bb global_colors_info=\u00bb{}\u00bb][et_pb_column type=\u00bb4_4&#8243; _builder_version=\u00bb4.2.2&#8243; global_colors_info=\u00bb{}\u00bb][et_pb_text _builder_version=\u00bb4.7.3&#8243; text_font=\u00bb|700|||||||\u00bb text_text_color=\u00bb#000000&#8243; text_font_size=\u00bb26px\u00bb global_colors_info=\u00bb{}\u00bb]<\/p>\n<p>Termeni Legali<\/p>\n<p>[\/et_pb_text][et_pb_text _builder_version=\u00bb4.10.5&#8243; text_text_color=\u00bb#000000&#8243; text_font_size=\u00bb18px\u00bb text_line_height=\u00bb1.2em\u00bb text_orientation=\u00bbjustified\u00bb global_colors_info=\u00bb{}\u00bb]<\/p>\n<p>DATE DE IDENTIFICARE: LANDFILLSOLUTIONS este o marc\u0103 a PIPOTE S.L. \u00cen conformitate cu obliga\u021bia de informare cuprins\u0103 \u00een articolul 10 din Legea 34\/2002, din 11 iulie, privind Serviciile Societ\u0103\u021bii Informa\u021bionale \u0219i Comer\u021bului Electronic, urm\u0103toarele date sunt reflectate mai jos: compania care de\u021bine domeniul web este Pipote SL, cu adresa \u00een aceste scopuri la Calle Raimundo Fdez. Villaverde 45, 28003 &#8211; Madrid Num\u0103r CIF: B84959113 \u00eenregistrat \u00een Registrul mercantil din Madrid \u00een volumul 23722, folio 123, foaia M-425760. E-mail de contact: info@landfillsolutions.eu al site-ului web.<\/p>\n<p>UTILIZATORI: Accesul \u0219i \/ sau utilizarea acestui portal al Pipote S.L. al site-ului atribuie condi\u021bia de UTILIZATOR, care accept\u0103, din respectivul acces \u0219i \/ sau utilizare, Condi\u021biile Generale de Utilizare enumerate aici. Condi\u021biile men\u021bionate anterior vor fi aplicabile indiferent de Condi\u021biile Generale de Contractare care, \u00een cazul lor, sunt obligatorii.<\/p>\n<p>UTILIZAREA PORTALULUI: indicarea domeniului ofer\u0103 acces la o multitudine de informa\u021bii, servicii, programe sau date (\u00een continuare, \u201econ\u021binutul\u201d) de pe internet apar\u021bin\u00e2nd Pipote S.L. sau c\u0103tre licen\u021biatorii s\u0103i la care UTILIZATORUL poate avea acces. UTILIZATORUL \u00ee\u0219i asum\u0103 responsabilitatea pentru utilizarea portalului. Aceast\u0103 responsabilitate se extinde la \u00eenregistrarea necesar\u0103 pentru a accesa anumite servicii sau con\u021binut. \u00cen acest registru, UTILIZATORUL va fi responsabil pentru furnizarea de informa\u021bii adev\u0103rate \u0219i legale. Ca o consecin\u021b\u0103 a acestei \u00eenregistr\u0103ri, UTILIZATORULUI poate primi o parol\u0103 pentru care va fi responsabil, angaj\u00e2ndu-se s\u0103 fac\u0103 o utilizare diligent\u0103 \u0219i confiden\u021bial\u0103 a acesteia. UTILIZATORUL este de acord s\u0103 utilizeze corespunz\u0103tor con\u021binutul \u0219i serviciile (cum ar fi serviciile de chat, forumurile de discu\u021bii sau grupurile de \u0219tiri) pe care le ofer\u0103 numele companiei care a creat site-ul web prin portalul s\u0103u \u0219i cu un enun\u021biativ, dar s\u0103 nu se limiteze, s\u0103 nu le foloseasc\u0103 pentru (i) s\u0103 se angajeze \u00een activit\u0103\u021bi ilicite, ilegale sau contrare bunei credin\u021be \u0219i ordinii publice; (ii) r\u00e3sp\u00e2ndire de con\u021binut sau propagand\u0103 de natur\u0103 rasist\u0103, xenofob\u0103, pornografic\u0103-ilegal\u0103, pled\u00e2nd pentru terorism sau \u00eenc\u0103lcarea drepturilor omului; (iii) provoac\u0103 daune sistemelor fizice \u0219i logice ale Pipote S.L. , furnizorii s\u0103i sau ter\u021be p\u0103r\u021bi, introduc\u00e2nd sau r\u0103sp\u00e2ndind viru\u0219i computeriza\u021bi sau orice alte sisteme fizice sau logice care pot provoca daunele men\u021bionate anterior; (iv) \u00eencerca\u021bi s\u0103 accesa\u021bi \u0219i, dup\u0103 caz, s\u0103 utiliza\u021bi conturile de e-mail ale altor utilizatori \u0219i s\u0103 modifica\u021bi sau s\u0103 manipula\u021bi mesajele acestora. Numele companiei care a creat site-ul \u00ee\u0219i rezerv\u0103 dreptul de a retrage toate comentariile \u0219i contribu\u021biile care \u00eencalc\u0103 respectul pentru demnitatea persoanei, care sunt discriminatorii, xenofobe, rasiste, pornografice, care amenin\u021b\u0103 tinerii sau copil\u0103ria, ordinea sau siguran\u021ba public\u0103 sau care, \u00een opinia sa, nu sunt adecvate pentru publicare. \u00cen orice caz, numele companiei care a creat site-ul web nu va fi responsabil pentru opiniile exprimate de utilizatori prin forumuri, chaturi sau alte instrumente de participare.<\/p>\n<p>PROTEC\u021aIA DATELOR: Citi\u021bi Politica de Confiden\u021bialitate.<\/p>\n<p>PROPRIETATE INTELECTUAL\u0102 \u0218I INDUSTRIAL\u0102: Pipote S.L. \u00cen sine sau \u00een calitate de cesionar, este proprietarul tuturor drepturilor de proprietate intelectual\u0103 \u0219i industrial\u0103 ale site-ului s\u0103u web, precum \u0219i a elementelor con\u021binute \u00een acesta (de exemplu, imagini, sunet, audio, video, software sau texte; m\u0103rci comerciale sau logo-uri, combina\u021bii de culori, structur\u0103 \u0219i design, selec\u021bia materialelor utilizate, acces \u0219i utilizare etc.), de\u021binut\u0103 de Pipote SL a site-ului web sau a licen\u021biatorilor acestuia. Toate drepturile rezervate. \u00cen virtutea prevederilor articolelor 8 \u0219i 32.1 al doilea paragraf din Legea propriet\u0103\u021bii intelectuale, reproducerea, distribuirea \u0219i comunicarea public\u0103, inclusiv metoda de a le pune la dispozi\u021bie, pentru toate sau o parte a datelor sunt expres interzise. con\u021binutul acestui site web, \u00een scopuri comerciale, \u00een orice suport \u0219i prin orice mijloace tehnice, f\u0103r\u0103 autorizarea Pipote SL . UTILIZATORUL se angajeaz\u0103 s\u0103 respecte drepturile de proprietate intelectual\u0103 \u0219i industrial\u0103 de\u021binute de Pipote SL. Pute\u021bi vizualiza elementele portalului \u0219i chiar le pute\u021bi imprima, copia \u0219i stoca pe hard diskul computerului dvs. sau pe orice alt suport fizic, at\u00e2ta timp c\u00e2t acesta este unic \u0219i exclusiv, pentru uz personal \u0219i privat. UTILIZATORUL trebuie s\u0103 se ab\u021bin\u0103 de la \u0219tergerea, modificarea, eludarea sau manipularea oric\u0103rui dispozitiv de protec\u021bie sau sistem de securitate care a fost instalat pe paginile Pipote S.L ..<\/p>\n<p>EXCLUDEREA GARAN\u021aIILOR \u0218I RESPONSABILIT\u0102\u021aII: Pipote S.L. Nu este responsabil, \u00een niciun caz, pentru daunele de orice natur\u0103 care ar putea provoca, spre exemplu: erori sau omisiuni \u00een con\u021binut, lipsa disponibilit\u0103\u021bii portalului sau transmiterea de viru\u0219i sau programe d\u0103un\u0103toare sau d\u0103un\u0103toare \u00een con\u021binut. , de\u0219i a adoptat toate m\u0103surile tehnologice necesare pentru a o evita.<\/p>\n<p>MODIFIC\u0102RI: Pipote S.L. \u00ee\u0219i rezerv\u0103 dreptul de a aduce modific\u0103rile pe care le consider\u0103 adecvate portalului s\u0103u f\u0103r\u0103 o notificare prealabil\u0103, put\u00e2nd modifica, \u0219terge sau ad\u0103uga at\u00e2t con\u021binutul \u0219i serviciile furnizate prin intermediul acestuia, c\u00e2t \u0219i modul \u00een care acestea sunt prezentate sau localizate \u00een portal.<\/p>\n<p>LINKURI: \u00cen cazul \u00een care www.landfillsolutions.eu con\u021bine linkuri sau hyperlinkuri c\u0103tre alte site-uri de internet, Pipote S.L. nu va exercita niciun fel de control asupra site-urilor \u0219i a con\u021binuturilor men\u021bionate. \u00cen niciun caz Pipote S.L. \u00ee\u0219i va asuma orice responsabilitate pentru con\u021binutul oric\u0103rui link apar\u021bin\u00e2nd unui site web ter\u021b\u0103 parte \u0219i nici nu va garanta disponibilitatea tehnic\u0103, calitatea, fiabilitatea, acurate\u021bea, l\u0103rgimea, veridicitatea, validitatea \u0219i constitu\u021bionalitatea oric\u0103rui material sau informa\u021bie con\u021binut\u0103 \u00een oricare dintre respectivele hyperlinkuri sau alte site-uri ale Internet. De asemenea, includerea acestor conexiuni externe nu va implica niciun tip de asociere, fuziune sau participare cu entit\u0103\u021bile conectate.<\/p>\n<p>DREPTUL DE EXCLUDERE: Pipote S.L. \u00ee\u0219i rezerv\u0103 dreptul de a refuza sau retrage accesul la portal \u0219i \/ sau la serviciile oferite f\u0103r\u0103 notificare prealabil\u0103, la cererea proprie sau de c\u0103tre o ter\u021b\u0103 parte, acelor utilizatori care nu respect\u0103 aceste Condi\u021bii Generale de Utilizare.<\/p>\n<p>GENERAL: Pipote S.L. va urm\u0103ri \u00eenc\u0103lcarea acestor condi\u021bii, precum \u0219i orice utilizare necorespunz\u0103toare a portalului s\u0103u prin exercitarea tuturor ac\u021biunilor civile \u0219i penale care pot corespunde prin lege.<\/p>\n<p>MODIFICAREA CONDI\u021aIILOR PREZENTE \u0218I DURATA: Pipote S.L. Pute\u021bi modifica oric\u00e2nd condi\u021biile stabilite aici, fiind publicate \u00een mod corespunz\u0103tor a\u0219a cum apar aici. Valabilitatea condi\u021biilor men\u021bionate anterior va depinde de expunerea lor \u0219i va fi \u00een vigoare p\u00e2n\u0103 c\u00e2nd vor fi modificate de c\u0103tre alte persoane publicate \u00een mod corespunz\u0103tor. LEGISLA\u021aIE<\/p>\n<p>LEGISLA\u021aIE APLICABIL\u0102 \u0218I JURISDIC\u021aIE: Rela\u021bia dintre Pipote S.L. iar UTILIZATORUL va fi guvernat de reglement\u0103rile spaniole actuale \u0219i orice controvers\u0103 va fi \u00eenaintat\u0103 instan\u021belor \u0219i tribunalelor din ora\u0219ul Madrid.<\/p>\n<p>[\/et_pb_text][\/et_pb_column][\/et_pb_row][\/et_pb_section][et_pb_section fb_built=\u00bb1&#8243; fullwidth=\u00bbon\u00bb _builder_version=\u00bb4.8.2&#8243; background_color=\u00bbrgba(0,126,61,0.32)\u00bb width=\u00bb100%\u00bb max_width=\u00bb100%\u00bb custom_margin=\u00bb||||false|false\u00bb custom_padding=\u00bb0.5%||||false|false\u00bb global_module=\u00bb1767&#8243; global_colors_info=\u00bb{}\u00bb][\/et_pb_section]<\/p>\n","protected":false},"excerpt":{"rendered":"<p>Termeni LegaliDATE DE IDENTIFICARE: LANDFILLSOLUTIONS este o marc\u0103 a PIPOTE S.L. \u00cen conformitate cu obliga\u021bia de informare cuprins\u0103 \u00een articolul 10 din Legea 34\/2002, din 11 iulie, privind Serviciile Societ\u0103\u021bii Informa\u021bionale \u0219i Comer\u021bului Electronic, urm\u0103toarele date sunt reflectate mai jos: compania care de\u021bine domeniul web este Pipote SL, cu adresa \u00een aceste scopuri la Calle [&hellip;]<\/p>\n","protected":false},"author":3,"featured_media":0,"parent":0,"menu_order":0,"comment_status":"closed","ping_status":"closed","template":"","meta":{"_et_pb_use_builder":"on","_et_pb_old_content":"","_et_gb_content_width":""},"_links":{"self":[{"href":"https:\/\/landfillsolutions.es\/ro\/wp-json\/wp\/v2\/pages\/1080"}],"collection":[{"href":"https:\/\/landfillsolutions.es\/ro\/wp-json\/wp\/v2\/pages"}],"about":[{"href":"https:\/\/landfillsolutions.es\/ro\/wp-json\/wp\/v2\/types\/page"}],"author":[{"embeddable":true,"href":"https:\/\/landfillsolutions.es\/ro\/wp-json\/wp\/v2\/users\/3"}],"replies":[{"embeddable":true,"href":"https:\/\/landfillsolutions.es\/ro\/wp-json\/wp\/v2\/comments?post=1080"}],"version-history":[{"count":14,"href":"https:\/\/landfillsolutions.es\/ro\/wp-json\/wp\/v2\/pages\/1080\/revisions"}],"predecessor-version":[{"id":255431,"href":"https:\/\/landfillsolutions.es\/ro\/wp-json\/wp\/v2\/pages\/1080\/revisions\/255431"}],"wp:attachment":[{"href":"https:\/\/landfillsolutions.es\/ro\/wp-json\/wp\/v2\/media?parent=1080"}],"curies":[{"name":"wp","href":"https:\/\/api.w.org\/{rel}","templated":true}]}}