{"id":1110,"date":"2020-01-29T10:25:07","date_gmt":"2020-01-29T10:25:07","guid":{"rendered":"http:\/\/landfillsolutions.eu\/?page_id=1110"},"modified":"2021-09-03T10:41:48","modified_gmt":"2021-09-03T10:41:48","slug":"separare","status":"publish","type":"page","link":"https:\/\/landfillsolutions.es\/ro\/separare\/","title":{"rendered":"Separare"},"content":{"rendered":"<p>[et_pb_section fb_built=\u00bb1&#8243; fullwidth=\u00bbon\u00bb _builder_version=\u00bb4.4.8&#8243; background_enable_color=\u00bboff\u00bb use_background_color_gradient=\u00bbon\u00bb background_color_gradient_start=\u00bbrgba(255,255,255,0.66)\u00bb background_color_gradient_end=\u00bb#29c695&#8243; background_image=\u00bbhttps:\/\/landfillsolutions.es\/ro\/wp-content\/uploads\/2020\/04\/banda1-1.jpg\u00bb background_position=\u00bbbottom_center\u00bb module_alignment=\u00bbcenter\u00bb custom_padding=\u00bb0px|0px|0px|0px\u00bb filter_saturate=\u00bb111%\u00bb locked=\u00bboff\u00bb global_colors_info=\u00bb{}\u00bb][et_pb_fullwidth_header title=\u00bbSeparare \u0219i clasificare\u00bb text_orientation=\u00bbcenter\u00bb header_scroll_down=\u00bbon\u00bb scroll_down_icon=\u00bb%%1%%\u00bb _builder_version=\u00bb4.8.2&#8243; title_font=\u00bb|700|||||||\u00bb title_text_align=\u00bbcenter\u00bb title_text_color=\u00bb#ffffff\u00bb title_font_size=\u00bb60px\u00bb content_font=\u00bb||||||||\u00bb background_color=\u00bbrgba(255,255,255,0.7)\u00bb use_background_color_gradient=\u00bbon\u00bb background_color_gradient_start=\u00bbrgba(0,126,61,0.41)\u00bb background_color_gradient_end=\u00bbrgba(0,126,61,0.41)\u00bb background_enable_image=\u00bboff\u00bb background_layout=\u00bblight\u00bb module_alignment=\u00bbcenter\u00bb custom_margin=\u00bb|||\u00bb custom_padding=\u00bb7.5%||7.5%||true|false\u00bb custom_padding_tablet=\u00bb10%||10%||true|false\u00bb custom_padding_phone=\u00bb3%||3%||true|false\u00bb custom_padding_last_edited=\u00bbon|phone\u00bb title_font_size_tablet=\u00bb50px\u00bb title_font_size_phone=\u00bb36px\u00bb title_font_size_last_edited=\u00bbon|phone\u00bb title_line_height_tablet=\u00bb\u00bb title_line_height_phone=\u00bb1.2em\u00bb title_line_height_last_edited=\u00bbon|phone\u00bb global_colors_info=\u00bb{}\u00bb button_one_text_size__hover_enabled=\u00bboff\u00bb button_two_text_size__hover_enabled=\u00bboff\u00bb button_one_text_color__hover_enabled=\u00bboff\u00bb button_two_text_color__hover_enabled=\u00bboff\u00bb button_one_border_width__hover_enabled=\u00bboff\u00bb button_two_border_width__hover_enabled=\u00bboff\u00bb button_one_border_color__hover_enabled=\u00bboff\u00bb button_two_border_color__hover_enabled=\u00bboff\u00bb button_one_border_radius__hover_enabled=\u00bboff\u00bb button_two_border_radius__hover_enabled=\u00bboff\u00bb button_one_letter_spacing__hover_enabled=\u00bboff\u00bb button_two_letter_spacing__hover_enabled=\u00bboff\u00bb button_one_bg_color__hover_enabled=\u00bboff\u00bb button_two_bg_color__hover_enabled=\u00bboff\u00bb][\/et_pb_fullwidth_header][\/et_pb_section][et_pb_section fb_built=\u00bb1&#8243; _builder_version=\u00bb4.6.6&#8243; custom_margin=\u00bb0px||||false|false\u00bb custom_padding=\u00bb0px||1px||false|false\u00bb locked=\u00bboff\u00bb global_colors_info=\u00bb{}\u00bb][et_pb_row column_structure=\u00bb1_2,1_2&#8243; use_custom_gutter=\u00bbon\u00bb gutter_width=\u00bb1&#8243; make_equal=\u00bbon\u00bb _builder_version=\u00bb4.6.6&#8243; width=\u00bb100%\u00bb min_height=\u00bb487.95px\u00bb min_height_tablet=\u00bb\u00bb min_height_phone=\u00bb\u00bb min_height_last_edited=\u00bbon|phone\u00bb height_tablet=\u00bb\u00bb height_phone=\u00bb\u00bb height_last_edited=\u00bbon|phone\u00bb custom_margin=\u00bb0px|auto||auto|false|false\u00bb custom_padding=\u00bb0px||3px||false|false\u00bb animation_style=\u00bbslide\u00bb animation_direction=\u00bbright\u00bb animation_intensity_slide=\u00bb5%\u00bb global_colors_info=\u00bb{}\u00bb][et_pb_column type=\u00bb1_2&#8243; disabled_on=\u00bboff|off|off\u00bb _builder_version=\u00bb4.4.8&#8243; background_color=\u00bbrgba(255,255,255,0.37)\u00bb background_image=\u00bbhttps:\/\/landfillsolutions.es\/ro\/wp-content\/uploads\/2020\/04\/loacker-1-1-2-1.jpg\u00bb background_blend=\u00bbcolor\u00bb custom_padding=\u00bb5%|3%|5%|3%|true|true\u00bb global_colors_info=\u00bb{}\u00bb][\/et_pb_column][et_pb_column type=\u00bb1_2&#8243; _builder_version=\u00bb4.3.2&#8243; background_color=\u00bb#f9f9f9&#8243; background_enable_video_mp4=\u00bboff\u00bb custom_padding=\u00bb3%|3%|3%|3%|true|true\u00bb custom_padding_tablet=\u00bb3%||3%||true|false\u00bb custom_padding_phone=\u00bb3%||3%||true|false\u00bb custom_padding_last_edited=\u00bbon|phone\u00bb global_colors_info=\u00bb{}\u00bb][et_pb_text _builder_version=\u00bb4.10.5&#8243; text_text_color=\u00bb#000000&#8243; text_font_size=\u00bb18px\u00bb text_orientation=\u00bbjustified\u00bb custom_padding=\u00bb||0px|||\u00bb hover_enabled=\u00bb0&#8243; global_colors_info=\u00bb{}\u00bb sticky_enabled=\u00bb0&#8243;]<\/p>\n<p>Odat<span>\u0103<\/span> ce toate camioanele ajung la groapa de gunoi cu de\u015feuri solide urbane, primul pas este organizarea selec\u021bia de gunoi \u00een a\u0219a fel \u00eenc\u00e2t s<span>\u0103<\/span> reu\u0219im separarea lor care se va trata \u00een continuare \u00een instala\u0163ie.<\/p>\n<p>\u00cen acest fel, elememtele care sunt considerate inerte sau impropii adic<span>\u0103<\/span> metalele, \u021b<span>\u0103<\/span>r\u00e2na, piatra, ceramica, etc. Care nu pot fi tratate prin procesele noastre REVALUO \u0219i care nu au nici un fel de beneficiu prin separarea lor. A\u0219a se face \u0219i cu apa care provine din gunoi.<\/p>\n<p>Trebuie men\u0163ionat c<span>\u0103<\/span> ceea ce se recupereaz<span>\u0103<\/span>, adic<span>\u0103<\/span> metalele fieroase \u0219i altele, au un pre\u0163 pe pia\u0163<span>\u0103<\/span> care trebuie luat in considerare, de exemplu aluminiul \u0219i cuprul, sticla, h\u00e2rtia \u0219i cartonul, etc.<\/p>\n<p>Exist<span>\u0103<\/span> dou<span>\u0103<\/span> tipuri de separare, \u00een func\u021bie de cantitatea de de\u0219euri care urmeaz<span>\u0103<\/span> a fi tratat<span>\u0103<\/span>, de scopul pentru care este destinat<span>\u0103<\/span> instala\u021bia sau modulul \u00een cauz<span>\u0103<\/span> \u0219i de costul for\u021bei de munc<span>\u0103<\/span> din \u021bara respectiv<span>\u0103<\/span>.<\/p>\n<p>Se poate face o separare manual<span>\u0103<\/span> \u00een cazul \u00een care gunoiul este a\u0219ezat pe benzi \u0219i oamenii de ambele p<span>\u0103<\/span>r\u021bi ale acesteia separ<span>\u0103<\/span> \u0219i selecteaz<span>\u0103<\/span>\u00a0tipul de element dorit.<\/p>\n<p>[\/et_pb_text][\/et_pb_column][\/et_pb_row][et_pb_row column_structure=\u00bb1_2,1_2&#8243; use_custom_gutter=\u00bbon\u00bb gutter_width=\u00bb1&#8243; make_equal=\u00bbon\u00bb _builder_version=\u00bb4.4.8&#8243; width=\u00bb100%\u00bb min_height=\u00bb487.95px\u00bb min_height_tablet=\u00bb\u00bb min_height_phone=\u00bb\u00bb min_height_last_edited=\u00bbon|phone\u00bb height_tablet=\u00bb\u00bb height_phone=\u00bb\u00bb height_last_edited=\u00bbon|phone\u00bb custom_margin=\u00bb-5px|auto|-4px|auto|false|false\u00bb custom_padding=\u00bb2px||3px||false|false\u00bb animation_style=\u00bbslide\u00bb animation_direction=\u00bbleft\u00bb animation_intensity_slide=\u00bb5%\u00bb global_colors_info=\u00bb{}\u00bb][et_pb_column type=\u00bb1_2&#8243; _builder_version=\u00bb4.3.2&#8243; background_color=\u00bb#f9f9f9&#8243; custom_padding=\u00bb3%|3%|3%|3%|true|true\u00bb global_colors_info=\u00bb{}\u00bb][et_pb_text _builder_version=\u00bb4.10.5&#8243; text_text_color=\u00bb#000000&#8243; text_font_size=\u00bb18px\u00bb text_orientation=\u00bbjustified\u00bb custom_padding=\u00bb||0px|||\u00bb hover_enabled=\u00bb0&#8243; global_colors_info=\u00bb{}\u00bb sticky_enabled=\u00bb0&#8243;]<\/p>\n<p>\u00cen videoclipul pe care \u00eel pute\u021bi vedea \u00een partea dreapt<span>\u0103<\/span>, se separ<span>\u0103<\/span> sticlele \u0219i materialele plastice, \u00een general, sunt separate astfel \u00eenc\u00e2t acestea s<span>\u0103<\/span> fie tratate ulterior de un modul specific de tratare a materialelor plastice cu care vor ob\u021bine un bunc<span>\u0103<\/span>r brut cu un procent de sulf care este de aproximativ 1%.<\/p>\n<p>\u00cen <strong>\u021b<span>\u0103<\/span>rile<\/strong> \u00een care costul for\u021bei de munc<span>\u0103<\/span> este foarte ridicat, se aleg de obicei ma\u0219ini specifice \u0219i specializate care fac acest lucru cu mai pu\u021bin capital uman \u0219i materialele sunt separate prin curele separatoare balistice, separatoare de aer, separatoare prin decantare, scutur<span>\u0103<\/span>toare, magne\u021bi industriali, etc. Implic<span>\u0103<\/span> o investi\u021bie ini\u021bial<span>\u0103<\/span> mai mare, dar cu o recuperare rapid<span>\u0103<\/span>.<\/p>\n<p>Indiferent de metoda de sortare aleas<span>\u0103<\/span>, manual<span>\u0103<\/span> sau automat<span>\u0103<\/span>, de\u0219eurile filtrate trec prin diferite toc<span>\u0103<\/span>toare, p\u00e2n<span>\u0103<\/span> c\u00e2nd dimensiunea necesar<span>\u0103<\/span> este ob\u021binut<span>\u0103<\/span> prin peletizator.<\/p>\n<p>[\/et_pb_text][et_pb_button button_url=\u00bbhttps:\/\/landfillsolutions.es\/ro\/procese\/\u00bb button_text=\u00bb\u00cenapoi la proces\u00bb button_alignment=\u00bbcenter\u00bb _builder_version=\u00bb4.7.3&#8243; custom_button=\u00bbon\u00bb button_text_size=\u00bb14px\u00bb button_text_color=\u00bb#362883&#8243; button_border_width=\u00bb1px\u00bb custom_margin=\u00bb5%||||false|false\u00bb global_colors_info=\u00bb{}\u00bb][\/et_pb_button][\/et_pb_column][et_pb_column type=\u00bb1_2&#8243; _builder_version=\u00bb4.4.8&#8243; background_color=\u00bb#0c71c3&#8243; background_video_mp4=\u00bbhttps:\/\/landfillsolutions.es\/ro\/wp-content\/uploads\/2020\/08\/VID-20180921-WA0089.mp4&#8243; custom_padding_tablet=\u00bb15%||15%||true|false\u00bb custom_padding_phone=\u00bb4%||4%||true|false\u00bb custom_padding_last_edited=\u00bbon|phone\u00bb global_colors_info=\u00bb{}\u00bb][et_pb_text _builder_version=\u00bb4.2.2&#8243; custom_padding_tablet=\u00bb\u00bb custom_padding_phone=\u00bb50%||||false|false\u00bb custom_padding_last_edited=\u00bbon|phone\u00bb global_colors_info=\u00bb{}\u00bb][\/et_pb_text][\/et_pb_column][\/et_pb_row][\/et_pb_section][et_pb_section fb_built=\u00bb1&#8243; fullwidth=\u00bbon\u00bb _builder_version=\u00bb4.8.2&#8243; background_color=\u00bbrgba(0,126,61,0.32)\u00bb width=\u00bb100%\u00bb max_width=\u00bb100%\u00bb custom_margin=\u00bb||||false|false\u00bb custom_padding=\u00bb0.5%||||false|false\u00bb global_module=\u00bb1767&#8243; global_colors_info=\u00bb{}\u00bb][\/et_pb_section]<\/p>\n","protected":false},"excerpt":{"rendered":"<p>Odat\u0103 ce toate camioanele ajung la groapa de gunoi cu de\u015feuri solide urbane, primul pas este organizarea selec\u021bia de gunoi \u00een a\u0219a fel \u00eenc\u00e2t s\u0103 reu\u0219im separarea lor care se va trata \u00een continuare \u00een instala\u0163ie. \u00cen acest fel, elememtele care sunt considerate inerte sau impropii adic\u0103 metalele, \u021b\u0103r\u00e2na, piatra, ceramica, etc. Care nu pot [&hellip;]<\/p>\n","protected":false},"author":3,"featured_media":0,"parent":0,"menu_order":0,"comment_status":"closed","ping_status":"closed","template":"","meta":{"_et_pb_use_builder":"on","_et_pb_old_content":"","_et_gb_content_width":""},"_links":{"self":[{"href":"https:\/\/landfillsolutions.es\/ro\/wp-json\/wp\/v2\/pages\/1110"}],"collection":[{"href":"https:\/\/landfillsolutions.es\/ro\/wp-json\/wp\/v2\/pages"}],"about":[{"href":"https:\/\/landfillsolutions.es\/ro\/wp-json\/wp\/v2\/types\/page"}],"author":[{"embeddable":true,"href":"https:\/\/landfillsolutions.es\/ro\/wp-json\/wp\/v2\/users\/3"}],"replies":[{"embeddable":true,"href":"https:\/\/landfillsolutions.es\/ro\/wp-json\/wp\/v2\/comments?post=1110"}],"version-history":[{"count":74,"href":"https:\/\/landfillsolutions.es\/ro\/wp-json\/wp\/v2\/pages\/1110\/revisions"}],"predecessor-version":[{"id":255386,"href":"https:\/\/landfillsolutions.es\/ro\/wp-json\/wp\/v2\/pages\/1110\/revisions\/255386"}],"wp:attachment":[{"href":"https:\/\/landfillsolutions.es\/ro\/wp-json\/wp\/v2\/media?parent=1110"}],"curies":[{"name":"wp","href":"https:\/\/api.w.org\/{rel}","templated":true}]}}