{"id":1113,"date":"2020-01-29T10:26:00","date_gmt":"2020-01-29T10:26:00","guid":{"rendered":"http:\/\/landfillsolutions.eu\/?page_id=1113"},"modified":"2021-09-03T10:49:16","modified_gmt":"2021-09-03T10:49:16","slug":"termoliza","status":"publish","type":"page","link":"https:\/\/landfillsolutions.es\/ro\/termoliza\/","title":{"rendered":"Termoliza"},"content":{"rendered":"<p>[et_pb_section fb_built=\u00bb1&#8243; fullwidth=\u00bbon\u00bb _builder_version=\u00bb4.7.3&#8243; background_enable_color=\u00bboff\u00bb use_background_color_gradient=\u00bbon\u00bb background_color_gradient_start=\u00bbrgba(255,255,255,0.66)\u00bb background_color_gradient_end=\u00bb#29c695&#8243; background_image=\u00bbhttps:\/\/landfillsolutions.es\/ro\/wp-content\/uploads\/2020\/04\/THERMOLYSIS-1.jpg\u00bb background_position=\u00bbbottom_center\u00bb custom_padding=\u00bb0px|0px|0px|0px\u00bb filter_saturate=\u00bb111%\u00bb locked=\u00bboff\u00bb global_colors_info=\u00bb{}\u00bb][et_pb_fullwidth_header title=\u00bbTermoliz\u0103\u00bb text_orientation=\u00bbcenter\u00bb header_scroll_down=\u00bbon\u00bb scroll_down_icon=\u00bb%%1%%\u00bb _builder_version=\u00bb4.8.2&#8243; title_font=\u00bb|700|||||||\u00bb title_text_color=\u00bb#ffffff\u00bb title_font_size=\u00bb60px\u00bb content_font=\u00bb||||||||\u00bb background_color=\u00bbrgba(255,255,255,0.7)\u00bb use_background_color_gradient=\u00bbon\u00bb background_color_gradient_start=\u00bbrgba(0,126,61,0.41)\u00bb background_color_gradient_end=\u00bbrgba(0,126,61,0.41)\u00bb background_enable_image=\u00bboff\u00bb background_layout=\u00bblight\u00bb custom_margin=\u00bb|||\u00bb custom_padding=\u00bb7.3%||7.3%||true|false\u00bb custom_padding_tablet=\u00bb10%||10%||true|false\u00bb custom_padding_phone=\u00bb13%||13%||true|false\u00bb custom_padding_last_edited=\u00bbon|phone\u00bb title_font_size_tablet=\u00bb\u00bb title_font_size_phone=\u00bb38px\u00bb title_font_size_last_edited=\u00bbon|phone\u00bb global_colors_info=\u00bb{}\u00bb button_one_text_size__hover_enabled=\u00bboff\u00bb button_two_text_size__hover_enabled=\u00bboff\u00bb button_one_text_color__hover_enabled=\u00bboff\u00bb button_two_text_color__hover_enabled=\u00bboff\u00bb button_one_border_width__hover_enabled=\u00bboff\u00bb button_two_border_width__hover_enabled=\u00bboff\u00bb button_one_border_color__hover_enabled=\u00bboff\u00bb button_two_border_color__hover_enabled=\u00bboff\u00bb button_one_border_radius__hover_enabled=\u00bboff\u00bb button_two_border_radius__hover_enabled=\u00bboff\u00bb button_one_letter_spacing__hover_enabled=\u00bboff\u00bb button_two_letter_spacing__hover_enabled=\u00bboff\u00bb button_one_bg_color__hover_enabled=\u00bboff\u00bb button_two_bg_color__hover_enabled=\u00bboff\u00bb][\/et_pb_fullwidth_header][\/et_pb_section][et_pb_section fb_built=\u00bb1&#8243; _builder_version=\u00bb4.7.3&#8243; custom_margin=\u00bb0px||0px||true|false\u00bb custom_padding=\u00bb0px||0px||true|false\u00bb locked=\u00bboff\u00bb global_colors_info=\u00bb{}\u00bb][et_pb_row column_structure=\u00bb1_2,1_2&#8243; use_custom_gutter=\u00bbon\u00bb gutter_width=\u00bb1&#8243; make_equal=\u00bbon\u00bb _builder_version=\u00bb4.7.3&#8243; width=\u00bb100%\u00bb min_height=\u00bb487.95px\u00bb custom_padding=\u00bb0px||0px||true|false\u00bb animation_style=\u00bbslide\u00bb animation_direction=\u00bbright\u00bb animation_intensity_slide=\u00bb5%\u00bb global_colors_info=\u00bb{}\u00bb][et_pb_column type=\u00bb1_2&#8243; _builder_version=\u00bb4.3.2&#8243; background_color=\u00bb#f9f9f9&#8243; custom_padding=\u00bb3%|3%|3%|3%|true|true\u00bb global_colors_info=\u00bb{}\u00bb][et_pb_text ul_type=\u00bbsquare\u00bb ul_position=\u00bbinside\u00bb _builder_version=\u00bb4.10.5&#8243; text_text_color=\u00bb#000000&#8243; text_font_size=\u00bb18px\u00bb ul_line_height=\u00bb1.4em\u00bb text_orientation=\u00bbjustified\u00bb hover_enabled=\u00bb0&#8243; global_colors_info=\u00bb{}\u00bb sticky_enabled=\u00bb0&#8243;]<\/p>\n<p>Termoliza implic<span>\u0103<\/span>\u00a0descompunerea termic<span>\u0103<\/span> a de\u0219eurilor prin presiune \u0219i temperatur<span>\u0103<\/span> cuprins<span>\u0103<\/span> \u00eentre 650\u00ba C \u0219i 1200\u00baC (\u00ee<strong><span style=\"color: #339966;\">nc<span>\u0103<\/span>lzire<\/span>, <span style=\"text-decoration: line-through; color: #ff0000;\">nu ardere<\/span><\/strong>).<strong> \u00cen absen\u021ba oxigenului<\/strong>, uniunea moleculelor con\u0163inute \u00een rezidurile solide se rup, regrup\u00e2nd atomii de gaze \u0219i c<span>\u0103<\/span>rbuni combustibili, \u0219i eliber\u00e2nd oxigen.<\/p>\n<p>Termoliza are <strong>emisii minime, mult sub <\/strong>indicele normei europene\u00a0deoarece de\u0219eurile sunt controlate \u0219i transformate \u00een energie, evit\u00e2nd astfel eliberarea toxinelor \u00een atmosfer<span>\u0103<\/span>.<\/p>\n<p>Mai jos este afi\u0219at o comparativ<span>\u0103<\/span> cu indicatori orientativi de emisii nocive de alte tecnologii:<\/p>\n<p>&nbsp;<\/p>\n<ul>\n<li>Incinerator: \u00eentre 1,13-18,52kg\/h de CO<sub style=\"font-size: 12px;\">2<\/sub>.<\/li>\n<li>Ma\u0219ina pe benzin<span>\u0103<\/span>: &gt;112g\/km 5,6kg\/h \u00een ora\u0219, 13,44 kg\/h autostrad<span>\u0103<\/span>.<\/li>\n<li>Ma\u0219ina hibrid<span>\u0103<\/span>\u00a0european<span>\u0103<\/span> (electric<span>\u0103<\/span> + benzin<span>\u0103<\/span>): &gt;55g\/km. 2,75 kg\/h \u00een ora\u0219, 6,6 kg\/h autostrad<span>\u0103<\/span>.<\/li>\n<li>Uzina de Termoliz<span>\u0103<\/span>:\u00a0 1,7 g\/h con DSU, 3,9 g\/h cu plastic.<\/li>\n<\/ul>\n<p>[\/et_pb_text][\/et_pb_column][et_pb_column type=\u00bb1_2&#8243; _builder_version=\u00bb4.7.3&#8243; background_color=\u00bb#ffffff\u00bb background_enable_image=\u00bboff\u00bb custom_padding=\u00bb||||true|true\u00bb custom_padding_tablet=\u00bb0px||0px||true|true\u00bb custom_padding_phone=\u00bb\u00bb custom_padding_last_edited=\u00bbon|tablet\u00bb global_colors_info=\u00bb{}\u00bb][et_pb_slider use_bg_overlay=\u00bboff\u00bb use_text_overlay=\u00bboff\u00bb _builder_version=\u00bb4.10.5&#8243; header_font=\u00bb|300|||||||\u00bb header_text_color=\u00bbrgba(0,0,0,0)\u00bb body_font=\u00bb|300|||||||\u00bb body_text_color=\u00bbrgba(0,0,0,0)\u00bb background_enable_color=\u00bboff\u00bb custom_button=\u00bbon\u00bb button_text_color=\u00bbrgba(0,0,0,0)\u00bb max_height=\u00bb100%\u00bb custom_margin=\u00bb||||false|true\u00bb custom_margin_tablet=\u00bb0%||||false|true\u00bb custom_margin_phone=\u00bb\u00bb custom_margin_last_edited=\u00bbon|tablet\u00bb custom_padding=\u00bb170px||170px||true|true\u00bb custom_padding_tablet=\u00bb13%||13%||true|true\u00bb custom_padding_phone=\u00bb\u00bb custom_padding_last_edited=\u00bbon|phone\u00bb auto=\u00bbon\u00bb hover_transition_duration=\u00bb20ms\u00bb hover_enabled=\u00bb0&#8243; border_color_all=\u00bbrgba(0,0,0,0)\u00bb global_colors_info=\u00bb{}\u00bb height=\u00bb614px\u00bb sticky_enabled=\u00bb0&#8243;][et_pb_slide heading=\u00bbSu t\u00edtulo va aqu\u00ed\u00bb button_text=\u00bbClics\u00bb _builder_version=\u00bb4.4.8&#8243; header_font=\u00bb|300|||||||\u00bb header_text_color=\u00bbrgba(0,0,0,0)\u00bb body_font=\u00bb|300|||||||\u00bb body_text_color=\u00bbrgba(0,0,0,0)\u00bb background_color=\u00bbrgba(0,126,61,0.32)\u00bb background_enable_color=\u00bbon\u00bb background_image=\u00bbhttps:\/\/landfillsolutions.es\/ro\/wp-content\/uploads\/2020\/02\/termolisis_2-rotated.jpg\u00bb background_enable_image=\u00bbon\u00bb custom_button=\u00bbon\u00bb button_text_color=\u00bbrgba(0,0,0,0)\u00bb global_colors_info=\u00bb{}\u00bb sticky_transition=\u00bbon\u00bb]<\/p>\n<p>Your content goes here. Edit or remove this text inline or in the module Content settings. You can also style every aspect of this content in the module Design settings and even apply custom CSS to this text in the module Advanced settings.<\/p>\n<p>[\/et_pb_slide][et_pb_slide heading=\u00bbSu t\u00edtulo va aqu\u00ed\u00bb _builder_version=\u00bb4.4.8&#8243; background_color=\u00bbrgba(0,126,61,0.32)\u00bb background_enable_color=\u00bbon\u00bb background_image=\u00bbhttps:\/\/landfillsolutions.es\/ro\/wp-content\/uploads\/2020\/02\/Plantas-6.png\u00bb background_enable_image=\u00bbon\u00bb global_colors_info=\u00bb{}\u00bb sticky_transition=\u00bbon\u00bb]<\/p>\n<p>Your content goes here. Edit or remove this text inline or in the module Content settings. You can also style every aspect of this content in the module Design settings and even apply custom CSS to this text in the module Advanced settings.<\/p>\n<p>[\/et_pb_slide][et_pb_slide heading=\u00bbSu t\u00edtulo va aqu\u00ed\u00bb _builder_version=\u00bb4.4.8&#8243; background_color=\u00bbrgba(0,126,61,0.32)\u00bb background_enable_color=\u00bbon\u00bb background_image=\u00bbhttps:\/\/landfillsolutions.es\/ro\/wp-content\/uploads\/2020\/02\/Planta-5.png\u00bb background_enable_image=\u00bbon\u00bb global_colors_info=\u00bb{}\u00bb sticky_transition=\u00bbon\u00bb]<\/p>\n<p>Your content goes here. Edit or remove this text inline or in the module Content settings. You can also style every aspect of this content in the module Design settings and even apply custom CSS to this text in the module Advanced settings.<\/p>\n<p>[\/et_pb_slide][et_pb_slide heading=\u00bbSu t\u00edtulo va aqu\u00ed\u00bb _builder_version=\u00bb4.4.8&#8243; background_color=\u00bbrgba(0,126,61,0.32)\u00bb background_enable_color=\u00bbon\u00bb background_image=\u00bbhttps:\/\/landfillsolutions.es\/ro\/wp-content\/uploads\/2020\/02\/Planta-4.png\u00bb background_enable_image=\u00bbon\u00bb global_colors_info=\u00bb{}\u00bb sticky_transition=\u00bbon\u00bb]<\/p>\n<p>Your content goes here. Edit or remove this text inline or in the module Content settings. You can also style every aspect of this content in the module Design settings and even apply custom CSS to this text in the module Advanced settings.<\/p>\n<p>[\/et_pb_slide][et_pb_slide heading=\u00bbSu t\u00edtulo va aqu\u00ed\u00bb _builder_version=\u00bb4.4.8&#8243; background_color=\u00bbrgba(0,126,61,0.32)\u00bb background_enable_color=\u00bbon\u00bb background_image=\u00bbhttps:\/\/landfillsolutions.es\/ro\/wp-content\/uploads\/2020\/02\/Planta-2.png\u00bb background_enable_image=\u00bbon\u00bb global_colors_info=\u00bb{}\u00bb sticky_transition=\u00bbon\u00bb]<\/p>\n<p>Your content goes here. Edit or remove this text inline or in the module Content settings. You can also style every aspect of this content in the module Design settings and even apply custom CSS to this text in the module Advanced settings.<\/p>\n<p>[\/et_pb_slide][et_pb_slide heading=\u00bbSu t\u00edtulo va aqu\u00ed\u00bb _builder_version=\u00bb4.4.8&#8243; background_image=\u00bbhttps:\/\/landfillsolutions.es\/ro\/wp-content\/uploads\/2020\/02\/planta-1.png\u00bb background_enable_image=\u00bbon\u00bb global_colors_info=\u00bb{}\u00bb sticky_transition=\u00bbon\u00bb]<\/p>\n<p>Your content goes here. Edit or remove this text inline or in the module Content settings. You can also style every aspect of this content in the module Design settings and even apply custom CSS to this text in the module Advanced settings.<\/p>\n<p>[\/et_pb_slide][\/et_pb_slider][\/et_pb_column][\/et_pb_row][et_pb_row column_structure=\u00bb1_2,1_2&#8243; use_custom_gutter=\u00bbon\u00bb gutter_width=\u00bb1&#8243; make_equal=\u00bbon\u00bb _builder_version=\u00bb4.8.2&#8243; width=\u00bb100%\u00bb custom_margin=\u00bb||||false|false\u00bb custom_padding=\u00bb0px||0px||false|false\u00bb animation_style=\u00bbslide\u00bb animation_direction=\u00bbleft\u00bb animation_intensity_slide=\u00bb5%\u00bb global_colors_info=\u00bb{}\u00bb][et_pb_column type=\u00bb1_2&#8243; _builder_version=\u00bb4.8.2&#8243; background_color=\u00bb#ffffff\u00bb background_enable_image=\u00bboff\u00bb background_size=\u00bbcontain\u00bb custom_padding=\u00bb||||true|true\u00bb custom_padding_tablet=\u00bb0px||0px||true|true\u00bb custom_padding_phone=\u00bb\u00bb custom_padding_last_edited=\u00bbon|tablet\u00bb global_colors_info=\u00bb{}\u00bb][et_pb_image src=\u00bbhttps:\/\/landfillsolutions.es\/ro\/wp-content\/uploads\/2021\/03\/Diagrama-de-baza-a-instalatiei-si-a-gazificatorului.jpg\u00bb title_text=\u00bbDiagrama de baz\u0103 a instala\u021biei \u0219i a gazificatorului\u00bb _builder_version=\u00bb4.10.5&#8243; _module_preset=\u00bbdefault\u00bb hover_enabled=\u00bb0&#8243; global_colors_info=\u00bb{}\u00bb sticky_enabled=\u00bb0&#8243; custom_margin=\u00bb5%||||false|false\u00bb][\/et_pb_image][\/et_pb_column][et_pb_column type=\u00bb1_2&#8243; _builder_version=\u00bb4.3.2&#8243; background_color=\u00bb#f9f9f9&#8243; custom_padding=\u00bb3%|3%|3%|3%|true|true\u00bb global_colors_info=\u00bb{}\u00bb][et_pb_text _builder_version=\u00bb4.10.5&#8243; text_text_color=\u00bb#000000&#8243; text_font_size=\u00bb18px\u00bb text_orientation=\u00bbjustified\u00bb custom_margin=\u00bb||||false|false\u00bb custom_padding=\u00bb||0px||false|false\u00bb hover_enabled=\u00bb0&#8243; global_colors_info=\u00bb{}\u00bb sticky_enabled=\u00bb0&#8243;]<\/p>\n<p>Diagrama de baz<span>\u0103<\/span> a instala\u021biei \u0219i a gazificatorului:<\/p>\n<p>\u00cen procesul de Termoliz<span>\u0103<\/span>, pele\u021bii deja usca\u021bi \u0219i prepara\u021bi \u00een procesul anterior sunt introdu\u0219i \u00eentr-un <strong>bunc<span>\u0103<\/span>r<\/strong> \u00abA\u00bb. Ma\u0219ina trebuie alimentat<span>\u0103<\/span> continuu. Un sistem de lame permite p<span>\u0103<\/span>trunderea acestuia \u00een timp ce limiteaz<span>\u0103<\/span> intrarea oxigenului, astfel \u00eenc\u00e2t s<span>\u0103<\/span> nu se produc<span>\u0103<\/span> nici o arsur<span>\u0103<\/span>.<\/p>\n<p>\u00abB\u00bb este un motor care rote\u0219te continuu ni\u0219te cilindri (\u00abC\u00bb) prin care peletele ruleaz<span>\u0103<\/span> \u00eentr-un proces care dureaz<span>\u0103<\/span>\u00a0\u00eentre 1 si 3 ore \u00een func\u021bie de morfologia peletelor de tratat. Retortul este \u00eenc<span>\u0103<\/span>lzit prin aprinderea gazului recuperat de instala\u021bia \u00eens<span>\u0103<\/span>\u0219i, temperatura din tubul superior este mai mic<span>\u0103<\/span> dec\u00e2t \u00een cea inferioar<span>\u0103<\/span>.<\/p>\n<p>\u00cen func\u021bie de produsul dorit, temperatura va fi reglat<span>\u0103<\/span>. Cu c\u00e2t este mai mare temperatura, se va ob\u021bine mai mult syngas \u0219i mai pu\u021bin c<span>\u0103<\/span>rbune \u0219i invers. Datorit<span>\u0103<\/span> acestei posibilit<span>\u0103<\/span>\u021bi, se ob\u021bine un randament mai mare dec\u00e2t \u00een instala\u021biile de piroliz<span>\u0103<\/span>.<\/p>\n<p>[\/et_pb_text][\/et_pb_column][\/et_pb_row][et_pb_row use_custom_gutter=\u00bbon\u00bb gutter_width=\u00bb1&#8243; make_equal=\u00bbon\u00bb _builder_version=\u00bb4.3.2&#8243; background_color=\u00bb#f9f9f9&#8243; width=\u00bb100%\u00bb width_tablet=\u00bb100%\u00bb width_phone=\u00bb100%\u00bb width_last_edited=\u00bbon|desktop\u00bb custom_margin=\u00bb||||false|false\u00bb custom_padding=\u00bb3%|3%|3%|3%|true|true\u00bb animation_style=\u00bbslide\u00bb animation_direction=\u00bbright\u00bb animation_intensity_slide=\u00bb5%\u00bb global_colors_info=\u00bb{}\u00bb][et_pb_column type=\u00bb4_4&#8243; _builder_version=\u00bb4.3.2&#8243; global_colors_info=\u00bb{}\u00bb][et_pb_text _builder_version=\u00bb4.10.5&#8243; text_text_color=\u00bb#000000&#8243; text_orientation=\u00bbjustified\u00bb hover_enabled=\u00bb0&#8243; global_colors_info=\u00bb{}\u00bb text_font_size=\u00bb18px\u00bb sticky_enabled=\u00bb0&#8243;]<\/p>\n<p>Presiunea intern<span>\u0103<\/span> din interiorul retortului este \u00eentre 1 \u0219i -1kPa (0,01 \u0219i -0,01 bar). \u00cen cazul unei cre\u0219teri a presiunii, exist<span>\u0103<\/span> o supap<span>\u0103<\/span> de siguran\u021b<span>\u0103<\/span> care este activat<span>\u0103<\/span> de la 15kPa (0,15 bar).<\/p>\n<p>Odat<span>\u0103<\/span> ce pele\u021bii au trecut prin ambii cilindri, s-au descompus \u0219i au eliberat toate gazele con\u021binute \u00een interiorul lor, ace\u0219tia cad pe benzile transportatoare (\u00abD\u00bb) sub form<span>\u0103<\/span> de fum de c<span>\u0103<\/span>rbune dac<span>\u0103<\/span> de\u0219eurile tratate au o componen\u021b<span>\u0103<\/span> anorganic\u00e3 sau sub form<span>\u0103<\/span> de biochar dac<span>\u0103<\/span> a fost tratat numai material organic.<\/p>\n<p>Gazele produse prin descompunera pele\u021bilor ajung la un gazificator unde sunt purificate pe masur<span>\u0103<\/span> ce se r<span>\u0103<\/span>cesc, trec\u00e2nd de la 650 la 40\u00ba C \u00een acest proces.<\/p>\n<p>[\/et_pb_text][et_pb_button button_url=\u00bbhttps:\/\/landfillsolutions.es\/ro\/procese\/\u00bb button_text=\u00bb\u00cenapoi la proces\u00bb button_alignment=\u00bbcenter\u00bb _builder_version=\u00bb4.7.3&#8243; custom_button=\u00bbon\u00bb button_text_size=\u00bb14px\u00bb button_text_color=\u00bb#362883&#8243; button_border_width=\u00bb1px\u00bb custom_margin=\u00bb5%||||false|false\u00bb global_colors_info=\u00bb{}\u00bb][\/et_pb_button][\/et_pb_column][\/et_pb_row][\/et_pb_section][et_pb_section fb_built=\u00bb1&#8243; fullwidth=\u00bbon\u00bb _builder_version=\u00bb4.8.2&#8243; background_color=\u00bbrgba(0,126,61,0.32)\u00bb width=\u00bb100%\u00bb max_width=\u00bb100%\u00bb custom_margin=\u00bb||||false|false\u00bb custom_padding=\u00bb0.5%||||false|false\u00bb global_module=\u00bb1767&#8243; global_colors_info=\u00bb{}\u00bb][\/et_pb_section]<\/p>\n","protected":false},"excerpt":{"rendered":"<p>Termoliza implic\u0103\u00a0descompunerea termic\u0103 a de\u0219eurilor prin presiune \u0219i temperatur\u0103 cuprins\u0103 \u00eentre 650\u00ba C \u0219i 1200\u00baC (\u00eenc\u0103lzire, nu ardere). \u00cen absen\u021ba oxigenului, uniunea moleculelor con\u0163inute \u00een rezidurile solide se rup, regrup\u00e2nd atomii de gaze \u0219i c\u0103rbuni combustibili, \u0219i eliber\u00e2nd oxigen. Termoliza are emisii minime, mult sub indicele normei europene\u00a0deoarece de\u0219eurile sunt controlate \u0219i transformate \u00een energie, [&hellip;]<\/p>\n","protected":false},"author":3,"featured_media":0,"parent":0,"menu_order":0,"comment_status":"closed","ping_status":"closed","template":"","meta":{"_et_pb_use_builder":"on","_et_pb_old_content":"","_et_gb_content_width":""},"_links":{"self":[{"href":"https:\/\/landfillsolutions.es\/ro\/wp-json\/wp\/v2\/pages\/1113"}],"collection":[{"href":"https:\/\/landfillsolutions.es\/ro\/wp-json\/wp\/v2\/pages"}],"about":[{"href":"https:\/\/landfillsolutions.es\/ro\/wp-json\/wp\/v2\/types\/page"}],"author":[{"embeddable":true,"href":"https:\/\/landfillsolutions.es\/ro\/wp-json\/wp\/v2\/users\/3"}],"replies":[{"embeddable":true,"href":"https:\/\/landfillsolutions.es\/ro\/wp-json\/wp\/v2\/comments?post=1113"}],"version-history":[{"count":76,"href":"https:\/\/landfillsolutions.es\/ro\/wp-json\/wp\/v2\/pages\/1113\/revisions"}],"predecessor-version":[{"id":255391,"href":"https:\/\/landfillsolutions.es\/ro\/wp-json\/wp\/v2\/pages\/1113\/revisions\/255391"}],"wp:attachment":[{"href":"https:\/\/landfillsolutions.es\/ro\/wp-json\/wp\/v2\/media?parent=1113"}],"curies":[{"name":"wp","href":"https:\/\/api.w.org\/{rel}","templated":true}]}}