{"id":1116,"date":"2020-01-29T10:27:46","date_gmt":"2020-01-29T10:27:46","guid":{"rendered":"http:\/\/landfillsolutions.eu\/?page_id=1116"},"modified":"2021-09-03T10:50:22","modified_gmt":"2021-09-03T10:50:22","slug":"exploatare-si-tratament","status":"publish","type":"page","link":"https:\/\/landfillsolutions.es\/ro\/exploatare-si-tratament\/","title":{"rendered":"Exploatare si Tratament"},"content":{"rendered":"<p>[et_pb_section fb_built=\u00bb1&#8243; fullwidth=\u00bbon\u00bb _builder_version=\u00bb4.4.8&#8243; background_enable_color=\u00bboff\u00bb use_background_color_gradient=\u00bbon\u00bb background_color_gradient_start=\u00bbrgba(255,255,255,0.66)\u00bb background_color_gradient_end=\u00bb#29c695&#8243; background_image=\u00bbhttps:\/\/landfillsolutions.es\/ro\/wp-content\/uploads\/2020\/04\/EXPLOITATION-TREATMENT-3.jpg\u00bb width=\u00bb100%\u00bb max_width=\u00bb100%\u00bb module_alignment=\u00bbcenter\u00bb custom_padding=\u00bb0px|0px|0px|0px\u00bb filter_saturate=\u00bb111%\u00bb locked=\u00bboff\u00bb global_colors_info=\u00bb{}\u00bb][et_pb_fullwidth_header title=\u00bbExploatarea \u0219i Tratamentul\u00bb text_orientation=\u00bbcenter\u00bb header_scroll_down=\u00bbon\u00bb scroll_down_icon=\u00bb%%1%%\u00bb _builder_version=\u00bb4.8.2&#8243; title_font=\u00bb|700|||||||\u00bb title_text_align=\u00bbcenter\u00bb title_text_color=\u00bb#ffffff\u00bb title_font_size=\u00bb55px\u00bb content_font=\u00bb||||||||\u00bb background_color=\u00bbrgba(255,255,255,0.7)\u00bb use_background_color_gradient=\u00bbon\u00bb background_color_gradient_start=\u00bbrgba(0,126,61,0.41)\u00bb background_color_gradient_end=\u00bbrgba(0,126,61,0.41)\u00bb background_enable_image=\u00bboff\u00bb background_layout=\u00bblight\u00bb width=\u00bb100%\u00bb max_width=\u00bb100%\u00bb custom_margin=\u00bb|||\u00bb custom_padding=\u00bb7.5%||7.5%||true|false\u00bb custom_padding_tablet=\u00bb10%||10%||true|false\u00bb custom_padding_phone=\u00bb5%||5%||true|false\u00bb custom_padding_last_edited=\u00bbon|phone\u00bb title_font_size_tablet=\u00bb\u00bb title_font_size_phone=\u00bb36px\u00bb title_font_size_last_edited=\u00bbon|phone\u00bb title_line_height_tablet=\u00bb\u00bb title_line_height_phone=\u00bb1.1em\u00bb title_line_height_last_edited=\u00bbon|phone\u00bb global_colors_info=\u00bb{}\u00bb button_one_text_size__hover_enabled=\u00bboff\u00bb button_two_text_size__hover_enabled=\u00bboff\u00bb button_one_text_color__hover_enabled=\u00bboff\u00bb button_two_text_color__hover_enabled=\u00bboff\u00bb button_one_border_width__hover_enabled=\u00bboff\u00bb button_two_border_width__hover_enabled=\u00bboff\u00bb button_one_border_color__hover_enabled=\u00bboff\u00bb button_two_border_color__hover_enabled=\u00bboff\u00bb button_one_border_radius__hover_enabled=\u00bboff\u00bb button_two_border_radius__hover_enabled=\u00bboff\u00bb button_one_letter_spacing__hover_enabled=\u00bboff\u00bb button_two_letter_spacing__hover_enabled=\u00bboff\u00bb button_one_bg_color__hover_enabled=\u00bboff\u00bb button_two_bg_color__hover_enabled=\u00bboff\u00bb][\/et_pb_fullwidth_header][\/et_pb_section][et_pb_section fb_built=\u00bb1&#8243; _builder_version=\u00bb4.2.2&#8243; custom_padding=\u00bb4px||1px||false|false\u00bb global_colors_info=\u00bb{}\u00bb][et_pb_row column_structure=\u00bb1_2,1_2&#8243; use_custom_gutter=\u00bbon\u00bb gutter_width=\u00bb1&#8243; make_equal=\u00bbon\u00bb _builder_version=\u00bb4.8.2&#8243; width=\u00bb100%\u00bb min_height=\u00bb487.95px\u00bb custom_margin=\u00bb-6px||-4px||false|false\u00bb custom_padding=\u00bb2px||0px||false|false\u00bb animation_style=\u00bbslide\u00bb animation_direction=\u00bbright\u00bb animation_intensity_slide=\u00bb5%\u00bb global_colors_info=\u00bb{}\u00bb][et_pb_column type=\u00bb1_2&#8243; _builder_version=\u00bb4.3.2&#8243; background_color=\u00bb#f9f9f9&#8243; custom_padding=\u00bb5%|3%|5%|3%|true|true\u00bb global_colors_info=\u00bb{}\u00bb][et_pb_text _builder_version=\u00bb4.10.5&#8243; text_text_color=\u00bb#000000&#8243; text_font_size=\u00bb18px\u00bb text_orientation=\u00bbjustified\u00bb hover_enabled=\u00bb0&#8243; global_colors_info=\u00bb{}\u00bb sticky_enabled=\u00bb0&#8243;]<\/p>\n<p>\u00cen procesul de separare \u0219i clasificare se recupereaz<span>\u0103<\/span> anumite produse care au valoare economic<span>\u0103<\/span> pe pia\u0163<span>\u0103<\/span>, altfel ar r<span>\u0103<\/span>m\u00e2ne \u00eengropate \u0219i uitate \u00een groapa de gunoi. C\u00e2teva exemple:<\/p>\n<p>&#8211; H\u00e2rtia \u0219i cartonul care se pot recicla,<\/p>\n<p>&#8211; Metale feroase \u0219i neferoase cum ar fi cuprul \u0219i aluminiul care se pot topi \u0219i utiliza din nou,<\/p>\n<p>&#8211; Anumite plasticuri care se pot recicla,<\/p>\n<p>&#8211; Sticla, care se poate vinde la fabrici produc<span>\u0103<\/span>toare sau recicla, d\u00e2ndu-le o a doua folosin\u021b<span>\u0103<\/span> \u00een fabrici de blaturi de buc<span>\u0103<\/span>t<span>\u0103<\/span>rie, mese de exterior sau pulveriz\u00e2ndu-le \u0219i v\u00e2nz\u00e2du-le fabricilor de vopsea pentru semnalizarea drumurilor.<\/p>\n<p>De asemenea se recupereaz<span>\u0103<\/span> elemente cu putere mare de contaminare cum ar fi bateriile care, cu trecerea anilor contamineaz<span>\u0103<\/span> apa care provine de la ploaie \u0219i se filtreaz\u00e3 \u00een p<span>\u0103<\/span>m\u00e2nt contamin\u00e2nd astfel apele subterane care alimenteaz<span>\u0103<\/span> pu\u0163urile, sta\u021biile de irigare,etc..<\/p>\n<p>[\/et_pb_text][\/et_pb_column][et_pb_column type=\u00bb1_2&#8243; _builder_version=\u00bb4.8.2&#8243; background_color=\u00bb#0c71c3&#8243; background_image=\u00bbhttps:\/\/landfillsolutions.es\/ro\/wp-content\/uploads\/2020\/04\/CONT2-2.jpg\u00bb custom_padding_tablet=\u00bb||||true|false\u00bb custom_padding_phone=\u00bb||||true|false\u00bb custom_padding_last_edited=\u00bbon|tablet\u00bb global_colors_info=\u00bb{}\u00bb][et_pb_text _builder_version=\u00bb4.2.2&#8243; text_text_color=\u00bbrgba(0,0,0,0)\u00bb custom_padding=\u00bb20%|20%|20%|20%|true|true\u00bb custom_padding_tablet=\u00bb10%||10%||true|true\u00bb custom_padding_phone=\u00bb15%||15%||true|true\u00bb custom_padding_last_edited=\u00bbon|desktop\u00bb global_colors_info=\u00bb{}\u00bb]<\/p>\n<p>Your content goes here. Edit or remove this text inline or in the module Content settings. You can also style every aspect of this content in the module Design settings and even apply custom CSS to this text in the module Advanced settings.<\/p>\n<p>[\/et_pb_text][\/et_pb_column][\/et_pb_row][\/et_pb_section][et_pb_section fb_built=\u00bb1&#8243; _builder_version=\u00bb4.3.2&#8243; global_colors_info=\u00bb{}\u00bb][et_pb_row use_custom_gutter=\u00bbon\u00bb gutter_width=\u00bb1&#8243; make_equal=\u00bbon\u00bb _builder_version=\u00bb4.3.2&#8243; background_color=\u00bb#f9f9f9&#8243; width=\u00bb100%\u00bb custom_margin=\u00bb-25px||-25px||false|false\u00bb custom_padding=\u00bb2%|2%|2%|2%|true|true\u00bb animation_style=\u00bbslide\u00bb animation_direction=\u00bbleft\u00bb animation_intensity_slide=\u00bb5%\u00bb global_colors_info=\u00bb{}\u00bb][et_pb_column type=\u00bb4_4&#8243; _builder_version=\u00bb4.3.2&#8243; global_colors_info=\u00bb{}\u00bb][et_pb_text ul_type=\u00bbsquare\u00bb _builder_version=\u00bb4.10.5&#8243; text_text_color=\u00bb#000000&#8243; text_font_size=\u00bb18px\u00bb ul_text_align=\u00bbjustify\u00bb ul_line_height=\u00bb2.1em\u00bb background_color=\u00bb#ffffff\u00bb text_orientation=\u00bbjustified\u00bb custom_padding=\u00bb3%|3%|3%|3%|true|true\u00bb hover_enabled=\u00bb0&#8243; global_colors_info=\u00bb{}\u00bb sticky_enabled=\u00bb0&#8243;]<\/p>\n<p>Produsele rezultate <span style=\"color: #339966;\"><a href=\"https:\/\/landfillsolutions.es\/ro\/rezultate-termolizei\/\" style=\"color: #339966;\">(vezi Rezultate)<\/a><\/span>\u00a0\u00een urma procesului de Termoliz<span>\u0103<\/span> variaz<span>\u0103<\/span> \u00een func\u021bie de tipologia rezidului tratat \u0219i se rezum<span>\u0103<\/span> astfel:<\/p>\n<p>&nbsp;<\/p>\n<ul>\n<li><span style=\"color: #0000ff;\"><a href=\"https:\/\/landfillsolutions.es\/ro\/rezultate-termolizei\/#bioetanol\" style=\"color: #0000ff;\"><span style=\"color: #362883;\">BioEtanol:<\/span><\/a><\/span> se poate folosi ca \u0219i oxigenant pentru benzin<span>\u0103<\/span> reduc\u00e2nd emisiile, pentru generarea altor energii de tip motorizate sau electrice, sau generarea de caldur<span>\u0103<\/span>.<a href=\"https:\/\/landfillsolutions.es\/ro\/rezultatele-termolizei\/#apa-distilata\"><span style=\"color: #362883;\"><\/span><\/a><\/li>\n<li><a href=\"https:\/\/landfillsolutions.es\/ro\/rezultate-termolizei\/#apa-distilata\"><span style=\"color: #362883;\">Apa distilat<span>\u0103<\/span><\/span>:<\/a> apa folosit<span>\u0103<\/span> \u00een procesul de Hidroliz<span>\u0103<\/span> se recupereaz<span>\u0103<\/span> sub form<span>\u0103<\/span> de ap<span>\u0103<\/span> distilat<span>\u0103<\/span>. Aceast<span>\u0103<\/span> ap<span>\u0103<\/span> se poate refolosi \u00een continuare \u00een alt proces de Hidroliz<span>\u0103<\/span>,dac<span>\u0103<\/span> este pia\u0163<span>\u0103<\/span> pentru aceasta se \u00eembuteliaz<span>\u0103<\/span> \u0219i se vinde la un pre\u0163 mult mai mare.<\/li>\n<li><a href=\"https:\/\/landfillsolutions.es\/ro\/rezultate-termolizei\/#biochar\"><span style=\"color: #362883;\">C<span>\u0103<\/span>rbun \u0219i Biochar:<\/span><\/a> \u00a0se vinde ca \u0219i ingr<span>\u0103<\/span>\u015f<span>\u0103<\/span>m\u00e2nt pentru p<span>\u0103<\/span>m\u00e2nt<\/li>\n<li><span style=\"color: #ff0000;\"><a href=\"https:\/\/landfillsolutions.es\/ro\/rezultate-termolizei\/#diverse\" style=\"color: #362883;\">Fumul de c<span>\u0103<\/span>rbun:<\/a> <\/span>se vinde \u00een special ca \u0219i combustibil la fabrici de ciment, fabrici termice, fabrici de sticl<span>\u0103<\/span>rie sau orice industrie care are nevoie.<\/li>\n<li><a href=\"https:\/\/landfillsolutions.es\/ro\/rezultate-termolizei\/#syngas\"><span style=\"color: #362883;\">Syngas:<\/span><\/a> se folose\u0219te pentru a genera energie electric\u00e3 destinat\u00e3 autoconsumului sau pentru a o vinde sistemului electric exitent.<\/li>\n<li><a href=\"https:\/\/landfillsolutions.es\/ro\/rezultate-termolizei\/#buncar\"><span style=\"color: #362883;\">Bunc<span>\u0103<\/span>r de combustibil:<\/span><\/a> se vinde ca \u0219i combustibil pentru m<span>\u0103<\/span>rile nave, centrale termice sau pentru industrii care necesit<span>\u0103<\/span> temperaturi mari cum ar fi ciment, fabrici de sticl<span>\u0103<\/span>, etc.<\/li>\n<li><span style=\"color: #ff0000;\"><a href=\"https:\/\/landfillsolutions.es\/ro\/rezultate-termolizei\/#caldura\" style=\"color: #362883;\">C<span>\u0103<\/span>ldura; <\/a><\/span>se va folosi pentru:<\/li>\n<\/ul>\n<p>&#8211; \u00cencalzirea apei printr-o metod<span>\u0103<\/span> a centralei \u0219i folosind turbina, gener\u00e2nd electricitate.<\/p>\n<p>&#8211; \u00cen fabrica de desalinizare pentru a furniza c<span>\u0103<\/span>ldura prin \u0163evile izolate.<\/p>\n<p>&#8211; Pentru a \u00eenc<span>\u0103<\/span>lzi pele\u021bii \u00eenainte de a intra \u00een procesul de Termoliz<span>\u0103<\/span> (\u00een zone de umiditate mare).<\/p>\n<ul>\n<li><a href=\"https:\/\/landfillsolutions.es\/ro\/rezultate-termolizei\/#sol\"><span style=\"color: #362883;\">\u00cengr<span>\u0103<\/span>\u015f<span>\u0103<\/span>m\u00e2nt pentru p<span>\u0103<\/span>m\u00e2nt:<\/span><\/a> datorat tratamentului de n<span>\u0103<\/span>mol levigat. Pentru a se vinde agricultorilor ca \u0219i \u00eengr<span>\u0103<\/span>\u0219<span>\u0103<\/span>m\u00e2nt natural.<\/li>\n<\/ul>\n<p>[\/et_pb_text][et_pb_button button_url=\u00bbhttps:\/\/landfillsolutions.es\/ro\/procese\/\u00bb button_text=\u00bb\u00cenapoi la proces\u00bb button_alignment=\u00bbcenter\u00bb _builder_version=\u00bb4.7.3&#8243; custom_button=\u00bbon\u00bb button_text_size=\u00bb14px\u00bb button_text_color=\u00bb#362883&#8243; button_border_width=\u00bb1px\u00bb custom_margin=\u00bb5%||||false|false\u00bb global_colors_info=\u00bb{}\u00bb][\/et_pb_button][\/et_pb_column][\/et_pb_row][\/et_pb_section][et_pb_section fb_built=\u00bb1&#8243; fullwidth=\u00bbon\u00bb _builder_version=\u00bb4.8.2&#8243; background_color=\u00bbrgba(0,126,61,0.32)\u00bb width=\u00bb100%\u00bb max_width=\u00bb100%\u00bb custom_margin=\u00bb||||false|false\u00bb custom_padding=\u00bb0.5%||||false|false\u00bb global_module=\u00bb1767&#8243; global_colors_info=\u00bb{}\u00bb][\/et_pb_section]<\/p>\n","protected":false},"excerpt":{"rendered":"<p>\u00cen procesul de separare \u0219i clasificare se recupereaz\u0103 anumite produse care au valoare economic\u0103 pe pia\u0163\u0103, altfel ar r\u0103m\u00e2ne \u00eengropate \u0219i uitate \u00een groapa de gunoi. C\u00e2teva exemple: &#8211; H\u00e2rtia \u0219i cartonul care se pot recicla, &#8211; Metale feroase \u0219i neferoase cum ar fi cuprul \u0219i aluminiul care se pot topi \u0219i utiliza din nou, [&hellip;]<\/p>\n","protected":false},"author":3,"featured_media":0,"parent":0,"menu_order":0,"comment_status":"closed","ping_status":"closed","template":"","meta":{"_et_pb_use_builder":"on","_et_pb_old_content":"","_et_gb_content_width":""},"_links":{"self":[{"href":"https:\/\/landfillsolutions.es\/ro\/wp-json\/wp\/v2\/pages\/1116"}],"collection":[{"href":"https:\/\/landfillsolutions.es\/ro\/wp-json\/wp\/v2\/pages"}],"about":[{"href":"https:\/\/landfillsolutions.es\/ro\/wp-json\/wp\/v2\/types\/page"}],"author":[{"embeddable":true,"href":"https:\/\/landfillsolutions.es\/ro\/wp-json\/wp\/v2\/users\/3"}],"replies":[{"embeddable":true,"href":"https:\/\/landfillsolutions.es\/ro\/wp-json\/wp\/v2\/comments?post=1116"}],"version-history":[{"count":75,"href":"https:\/\/landfillsolutions.es\/ro\/wp-json\/wp\/v2\/pages\/1116\/revisions"}],"predecessor-version":[{"id":255392,"href":"https:\/\/landfillsolutions.es\/ro\/wp-json\/wp\/v2\/pages\/1116\/revisions\/255392"}],"wp:attachment":[{"href":"https:\/\/landfillsolutions.es\/ro\/wp-json\/wp\/v2\/media?parent=1116"}],"curies":[{"name":"wp","href":"https:\/\/api.w.org\/{rel}","templated":true}]}}