{"id":1947,"date":"2020-02-18T11:38:23","date_gmt":"2020-02-18T11:38:23","guid":{"rendered":"http:\/\/landfillsolutions.eu\/?page_id=1947"},"modified":"2021-11-25T11:28:07","modified_gmt":"2021-11-25T11:28:07","slug":"intrebari-puse-frecvent","status":"publish","type":"page","link":"https:\/\/landfillsolutions.es\/ro\/intrebari-puse-frecvent\/","title":{"rendered":"FAQ &#8211; \u00centreb\u0103ri puse frecvent"},"content":{"rendered":"<p>[et_pb_section fb_built=\u00bb1&#8243; fullwidth=\u00bbon\u00bb _builder_version=\u00bb4.10.5&#8243; background_enable_color=\u00bboff\u00bb use_background_color_gradient=\u00bbon\u00bb background_color_gradient_start=\u00bbrgba(255,255,255,0.66)\u00bb background_color_gradient_end=\u00bb#29c695&#8243; background_image=\u00bbhttps:\/\/landfillsolutions.es\/ro\/wp-content\/uploads\/2021\/11\/Cu-sistemul-de-reciclare-a-des\u0326eurilor-REVALUO-de-la-Landfillsolutions.jpeg\u00bb custom_padding=\u00bb0px|0px|0px|0px\u00bb filter_saturate=\u00bb111%\u00bb hover_enabled=\u00bb0&#8243; locked=\u00bboff\u00bb global_colors_info=\u00bb{}\u00bb title_text=\u00bbCu sistemul de reciclare a des\u0326eurilor REVALUO de la Landfillsolutions\u00bb sticky_enabled=\u00bb0&#8243;][et_pb_fullwidth_header title=\u00bbFAQ\u00bb subhead=\u00bb\u00centreb\u0103ri  frecvente\u00bb text_orientation=\u00bbcenter\u00bb _builder_version=\u00bb4.10.5&#8243; title_font=\u00bb|700|||||||\u00bb title_text_color=\u00bb#ffffff\u00bb title_font_size=\u00bb60px\u00bb content_font=\u00bb||||||||\u00bb subhead_text_color=\u00bb#ffffff\u00bb subhead_font_size=\u00bb23px\u00bb subhead_line_height=\u00bb1.2em\u00bb background_enable_image=\u00bboff\u00bb background_layout=\u00bblight\u00bb custom_margin=\u00bb|||\u00bb custom_padding=\u00bb7.5%||7.5%||true|false\u00bb custom_padding_tablet=\u00bb\u00bb custom_padding_phone=\u00bb13%||13%||true|false\u00bb custom_padding_last_edited=\u00bbon|desktop\u00bb hover_enabled=\u00bb0&#8243; title_font_size_tablet=\u00bb\u00bb title_font_size_phone=\u00bb38px\u00bb title_font_size_last_edited=\u00bbon|phone\u00bb global_colors_info=\u00bb{}\u00bb button_one_text_size__hover_enabled=\u00bboff\u00bb button_two_text_size__hover_enabled=\u00bboff\u00bb button_one_text_color__hover_enabled=\u00bboff\u00bb button_two_text_color__hover_enabled=\u00bboff\u00bb button_one_border_width__hover_enabled=\u00bboff\u00bb button_two_border_width__hover_enabled=\u00bboff\u00bb button_one_border_color__hover_enabled=\u00bboff\u00bb button_two_border_color__hover_enabled=\u00bboff\u00bb button_one_border_radius__hover_enabled=\u00bboff\u00bb button_two_border_radius__hover_enabled=\u00bboff\u00bb button_one_letter_spacing__hover_enabled=\u00bboff\u00bb button_two_letter_spacing__hover_enabled=\u00bboff\u00bb button_one_bg_color__hover_enabled=\u00bboff\u00bb button_two_bg_color__hover_enabled=\u00bboff\u00bb background_enable_color=\u00bboff\u00bb sticky_enabled=\u00bb0&#8243;][\/et_pb_fullwidth_header][\/et_pb_section][et_pb_section fb_built=\u00bb1&#8243; _builder_version=\u00bb4.3.2&#8243; global_colors_info=\u00bb{}\u00bb][et_pb_row custom_padding_last_edited=\u00bbon|tablet\u00bb _builder_version=\u00bb4.3.2&#8243; background_color=\u00bbrgba(255,255,255,0.97)\u00bb background_enable_image=\u00bboff\u00bb background_blend=\u00bbhue\u00bb width_tablet=\u00bb\u00bb width_phone=\u00bb95%\u00bb width_last_edited=\u00bbon|phone\u00bb custom_padding=\u00bb2%|5%|2%|5%|true|true\u00bb custom_padding_tablet=\u00bb2%|1%|2%|1%|true|true\u00bb custom_padding_phone=\u00bb\u00bb global_colors_info=\u00bb{}\u00bb][et_pb_column type=\u00bb4_4&#8243; _builder_version=\u00bb4.3.2&#8243; global_colors_info=\u00bb{}\u00bb][et_pb_toggle title=\u00bbCe materiale poate pocesa Termoliza?\u00bb open_toggle_text_color=\u00bb#000000&#8243; open_toggle_background_color=\u00bb#ffffff\u00bb closed_toggle_background_color=\u00bb#ffffff\u00bb icon_color=\u00bbrgba(0,126,61,0.11)\u00bb _builder_version=\u00bb4.10.5&#8243; title_text_color=\u00bb#000000&#8243; title_font=\u00bb|600|||||||\u00bb title_font_size=\u00bb20px\u00bb body_font_size=\u00bb18px\u00bb text_orientation=\u00bbjustified\u00bb custom_padding=\u00bb5%||5%||false|false\u00bb animation_style=\u00bbslide\u00bb animation_direction=\u00bbbottom\u00bb animation_intensity_slide=\u00bb5%\u00bb border_color_all=\u00bbrgba(0,0,0,0)\u00bb border_color_top=\u00bb#007e3d\u00bb border_color_bottom=\u00bb#007e3d\u00bb global_colors_info=\u00bb{}\u00bb]<\/p>\n<p>Termoliza poate prelucra o gam<span>\u0103<\/span> larg<span>\u0103<\/span> de materiale reziduale, inclusiv de\u0219euri municipale (RSU), de\u0219euri comerciale \u0219i industriale, combustibil derivat din gunoi, materiale plastice, anvelope, de\u0219euri din lemn, de\u0219euri verzi, n<span>\u0103<\/span>mol de canalizare \u0219i multe de\u0219euri periculoase \u0219i spitalice\u0219ti. Este posibil s<span>\u0103<\/span> amesteca\u021bi mai multe dintre aceste de\u0219euri \u0219i s<span>\u0103<\/span> le prelucra\u021bi \u00eempreun<span>\u0103<\/span>.<\/p>\n<p>[\/et_pb_toggle][et_pb_toggle title=\u00bbC\u00e2te case pot fi alimentate cu energie cu o instala\u021bie de 2 MWh?\u00bb open_toggle_text_color=\u00bb#000000&#8243; open_toggle_background_color=\u00bb#ffffff\u00bb closed_toggle_background_color=\u00bb#ffffff\u00bb icon_color=\u00bbrgba(0,126,61,0.11)\u00bb _builder_version=\u00bb4.10.5&#8243; title_text_color=\u00bb#000000&#8243; title_font=\u00bb|600|||||||\u00bb title_font_size=\u00bb20px\u00bb body_font_size=\u00bb18px\u00bb text_orientation=\u00bbjustified\u00bb custom_padding=\u00bb||5%||false|false\u00bb custom_padding_tablet=\u00bb\u00bb custom_padding_phone=\u00bb0px||||false|false\u00bb custom_padding_last_edited=\u00bbon|phone\u00bb animation_style=\u00bbslide\u00bb animation_direction=\u00bbbottom\u00bb animation_intensity_slide=\u00bb5%\u00bb title_line_height_tablet=\u00bb1.2em\u00bb title_line_height_phone=\u00bb1.3em\u00bb title_line_height_last_edited=\u00bbon|tablet\u00bb border_color_all=\u00bbrgba(0,0,0,0)\u00bb border_color_bottom=\u00bb#007e3d\u00bb global_colors_info=\u00bb{}\u00bb]<\/p>\n<p>Aproximativ 5.880 de locuin\u021be cu un consum de 3,4 Kw\/h.<\/p>\n<p>[\/et_pb_toggle][et_pb_toggle title=\u00bbCe se \u00eent\u00e2mpl\u0103 cu emisiile de proces?\u00bb open_toggle_text_color=\u00bb#000000&#8243; open_toggle_background_color=\u00bb#ffffff\u00bb closed_toggle_background_color=\u00bb#ffffff\u00bb icon_color=\u00bbrgba(0,126,61,0.11)\u00bb _builder_version=\u00bb4.10.5&#8243; title_text_color=\u00bb#000000&#8243; title_font=\u00bb|600|||||||\u00bb title_font_size=\u00bb20px\u00bb body_font_size=\u00bb18px\u00bb text_orientation=\u00bbjustified\u00bb custom_padding=\u00bb||5%||false|false\u00bb custom_padding_tablet=\u00bb\u00bb custom_padding_phone=\u00bb0px||5%||false|false\u00bb custom_padding_last_edited=\u00bbon|phone\u00bb animation_style=\u00bbslide\u00bb animation_direction=\u00bbbottom\u00bb animation_intensity_slide=\u00bb5%\u00bb title_line_height_tablet=\u00bb\u00bb title_line_height_phone=\u00bb1.3em\u00bb title_line_height_last_edited=\u00bbon|phone\u00bb border_color_all=\u00bbrgba(0,0,0,0)\u00bb border_color_bottom=\u00bb#007e3d\u00bb global_colors_info=\u00bb{}\u00bb]<\/p>\n<p>Testele efectuate la uzinele din UE arat<span>\u0103<\/span> c<span>\u0103<\/span> Termoliza este mult sub parametrii permi\u0219i de Directiva privind incinerarea de\u0219eurilor (WID).<\/p>\n<p>Gazele produse \u00een timpul procesului de Termoliz<span>\u0103<\/span> sunt colectate de un gazificator care le trateaz<span>\u0103<\/span>, cur<span>\u0103<\/span>\u021b<span>\u0103<\/span> \u0219i depune \u00eentr-un rezervor. \u00cen interiorul acestuia, prin intermediul unui sistem de aeratoare, diferitele gaze sunt amestecate astfel \u00eenc\u00e2t s<span>\u0103<\/span> nu se depun<span>\u0103<\/span> \u00een straturi \u00een func\u021bie de densitatea lor. Aceste gaze vor fi utilizate precum combustibil pentru un motor de congenerare cu care electricitatea \u0219i c<span>\u0103<\/span>ldura vor fi produse \u00een acela\u0219i act.<\/p>\n<p>[\/et_pb_toggle][et_pb_toggle title=\u00bbCare este performan\u021ba medie a unui aparat de Termoliz\u0103 de 2 MW?\u00bb open_toggle_text_color=\u00bb#000000&#8243; open_toggle_background_color=\u00bb#ffffff\u00bb closed_toggle_background_color=\u00bb#ffffff\u00bb icon_color=\u00bbrgba(0,126,61,0.11)\u00bb _builder_version=\u00bb4.10.5&#8243; title_text_color=\u00bb#000000&#8243; title_font=\u00bb|600|||||||\u00bb title_font_size=\u00bb20px\u00bb closed_title_font_size=\u00bb20px\u00bb body_font_size=\u00bb18px\u00bb text_orientation=\u00bbjustified\u00bb custom_padding=\u00bb||5%||false|false\u00bb custom_padding_tablet=\u00bb\u00bb custom_padding_phone=\u00bb0px||5%||false|false\u00bb custom_padding_last_edited=\u00bbon|phone\u00bb animation_style=\u00bbslide\u00bb animation_direction=\u00bbbottom\u00bb animation_intensity_slide=\u00bb5%\u00bb title_line_height_tablet=\u00bb1.2em\u00bb title_line_height_phone=\u00bb\u00bb title_line_height_last_edited=\u00bbon|tablet\u00bb border_color_all=\u00bbrgba(0,0,0,0)\u00bb border_color_bottom=\u00bb#007e3d\u00bb global_colors_info=\u00bb{}\u00bb]<\/p>\n<p>Ma\u0219ina de Termoliz<span>\u0103<\/span> va consuma 2 tone de pelete pe or<span>\u0103<\/span> timp de 8.000 de ore ( 24x7x11 luni).<\/p>\n<p>[\/et_pb_toggle][et_pb_toggle title=\u00bbC\u00e2te de\u0219euri putem procesa?\u00bb open_toggle_text_color=\u00bb#000000&#8243; open_toggle_background_color=\u00bb#ffffff\u00bb closed_toggle_background_color=\u00bb#ffffff\u00bb icon_color=\u00bbrgba(0,126,61,0.11)\u00bb _builder_version=\u00bb4.10.5&#8243; title_text_color=\u00bb#000000&#8243; title_font=\u00bb|600|||||||\u00bb title_font_size=\u00bb20px\u00bb body_font_size=\u00bb18px\u00bb text_orientation=\u00bbjustified\u00bb custom_padding=\u00bb||5%||false|false\u00bb custom_padding_tablet=\u00bb\u00bb custom_padding_phone=\u00bb0px||5%||false|false\u00bb custom_padding_last_edited=\u00bbon|phone\u00bb animation_style=\u00bbslide\u00bb animation_direction=\u00bbbottom\u00bb animation_intensity_slide=\u00bb5%\u00bb title_line_height_tablet=\u00bb\u00bb title_line_height_phone=\u00bb1.3em\u00bb title_line_height_last_edited=\u00bbon|phone\u00bb border_color_all=\u00bbrgba(0,0,0,0)\u00bb border_color_bottom=\u00bb#007e3d\u00bb global_colors_info=\u00bb{}\u00bb]<\/p>\n<p>Procesul maxim al fabricii noastre de Termoliz\u00e3 este de 2 tone de de\u0219euri pe or<span>\u0103<\/span>. Module suplimentare de 2 tone pot fi ad<span>\u0103<\/span>ugate pentru a ob\u021bine performan\u021ba necesar<span>\u0103<\/span>. Construc\u021bia modular<span>\u0103<\/span> \u00eenseamn<span>\u0103<\/span> c<span>\u0103<\/span> poate fi dimensionat<span>\u0103<\/span> pentru orice cantitate prin ad<span>\u0103<\/span>ugarea mai multor unit<span>\u0103<\/span>\u021bi \u0219i optimizarea costurilor.<\/p>\n<p>[\/et_pb_toggle][\/et_pb_column][\/et_pb_row][\/et_pb_section][et_pb_section fb_built=\u00bb1&#8243; fullwidth=\u00bbon\u00bb _builder_version=\u00bb4.8.2&#8243; background_color=\u00bbrgba(0,126,61,0.32)\u00bb width=\u00bb100%\u00bb max_width=\u00bb100%\u00bb custom_margin=\u00bb||||false|false\u00bb custom_padding=\u00bb0.5%||||false|false\u00bb global_module=\u00bb1767&#8243; global_colors_info=\u00bb{}\u00bb][\/et_pb_section]<\/p>\n","protected":false},"excerpt":{"rendered":"<p>Termoliza poate prelucra o gam\u0103 larg\u0103 de materiale reziduale, inclusiv de\u0219euri municipale (RSU), de\u0219euri comerciale \u0219i industriale, combustibil derivat din gunoi, materiale plastice, anvelope, de\u0219euri din lemn, de\u0219euri verzi, n\u0103mol de canalizare \u0219i multe de\u0219euri periculoase \u0219i spitalice\u0219ti. Este posibil s\u0103 amesteca\u021bi mai multe dintre aceste de\u0219euri \u0219i s\u0103 le prelucra\u021bi \u00eempreun\u0103.Aproximativ 5.880 de locuin\u021be [&hellip;]<\/p>\n","protected":false},"author":3,"featured_media":0,"parent":0,"menu_order":0,"comment_status":"closed","ping_status":"closed","template":"","meta":{"_et_pb_use_builder":"on","_et_pb_old_content":"","_et_gb_content_width":""},"_links":{"self":[{"href":"https:\/\/landfillsolutions.es\/ro\/wp-json\/wp\/v2\/pages\/1947"}],"collection":[{"href":"https:\/\/landfillsolutions.es\/ro\/wp-json\/wp\/v2\/pages"}],"about":[{"href":"https:\/\/landfillsolutions.es\/ro\/wp-json\/wp\/v2\/types\/page"}],"author":[{"embeddable":true,"href":"https:\/\/landfillsolutions.es\/ro\/wp-json\/wp\/v2\/users\/3"}],"replies":[{"embeddable":true,"href":"https:\/\/landfillsolutions.es\/ro\/wp-json\/wp\/v2\/comments?post=1947"}],"version-history":[{"count":63,"href":"https:\/\/landfillsolutions.es\/ro\/wp-json\/wp\/v2\/pages\/1947\/revisions"}],"predecessor-version":[{"id":257075,"href":"https:\/\/landfillsolutions.es\/ro\/wp-json\/wp\/v2\/pages\/1947\/revisions\/257075"}],"wp:attachment":[{"href":"https:\/\/landfillsolutions.es\/ro\/wp-json\/wp\/v2\/media?parent=1947"}],"curies":[{"name":"wp","href":"https:\/\/api.w.org\/{rel}","templated":true}]}}