{"id":2359,"date":"2020-04-13T08:50:38","date_gmt":"2020-04-13T08:50:38","guid":{"rendered":"https:\/\/landfillsolutions.es\/ro\/?page_id=2359"},"modified":"2021-09-03T10:59:23","modified_gmt":"2021-09-03T10:59:23","slug":"exemplu-de-instalatii-de-termoliza","status":"publish","type":"page","link":"https:\/\/landfillsolutions.es\/ro\/exemplu-de-instalatii-de-termoliza\/","title":{"rendered":"Exemplu de instala\u0163ii de Termoliz\u00e3"},"content":{"rendered":"<p>[et_pb_section fb_built=\u00bb1&#8243; fullwidth=\u00bbon\u00bb _builder_version=\u00bb4.4.8&#8243; background_enable_color=\u00bboff\u00bb use_background_color_gradient=\u00bbon\u00bb background_color_gradient_start=\u00bb#29c695&#8243; background_color_gradient_end=\u00bb#29c695&#8243; background_image=\u00bbhttps:\/\/landfillsolutions.es\/ro\/wp-content\/uploads\/2020\/05\/industria-1-2.jpg\u00bb custom_padding=\u00bb0px|0px|0px|0px\u00bb filter_saturate=\u00bb111%\u00bb locked=\u00bboff\u00bb global_colors_info=\u00bb{}\u00bb][et_pb_fullwidth_header title=\u00bbExemplu de instala\u0163ii de Termoliz\u0103\u00bb text_orientation=\u00bbcenter\u00bb header_scroll_down=\u00bbon\u00bb scroll_down_icon=\u00bb%%1%%\u00bb _builder_version=\u00bb4.8.2&#8243; title_font=\u00bb|700|||||||\u00bb title_text_color=\u00bb#ffffff\u00bb title_font_size=\u00bb42px\u00bb content_font=\u00bb||||||||\u00bb background_color=\u00bbrgba(255,255,255,0.7)\u00bb use_background_color_gradient=\u00bbon\u00bb background_color_gradient_start=\u00bbrgba(0,126,61,0.41)\u00bb background_color_gradient_end=\u00bbrgba(0,126,61,0.41)\u00bb background_enable_image=\u00bboff\u00bb background_layout=\u00bblight\u00bb custom_margin=\u00bb|||\u00bb custom_padding=\u00bb100px||150px|\u00bb custom_padding_tablet=\u00bb\u00bb custom_padding_phone=\u00bb10%||10%||true|false\u00bb custom_padding_last_edited=\u00bbon|phone\u00bb title_font_size_tablet=\u00bb\u00bb title_font_size_phone=\u00bb37px\u00bb title_font_size_last_edited=\u00bbon|phone\u00bb global_colors_info=\u00bb{}\u00bb button_one_text_size__hover_enabled=\u00bboff\u00bb button_two_text_size__hover_enabled=\u00bboff\u00bb button_one_text_color__hover_enabled=\u00bboff\u00bb button_two_text_color__hover_enabled=\u00bboff\u00bb button_one_border_width__hover_enabled=\u00bboff\u00bb button_two_border_width__hover_enabled=\u00bboff\u00bb button_one_border_color__hover_enabled=\u00bboff\u00bb button_two_border_color__hover_enabled=\u00bboff\u00bb button_one_border_radius__hover_enabled=\u00bboff\u00bb button_two_border_radius__hover_enabled=\u00bboff\u00bb button_one_letter_spacing__hover_enabled=\u00bboff\u00bb button_two_letter_spacing__hover_enabled=\u00bboff\u00bb button_one_bg_color__hover_enabled=\u00bboff\u00bb button_two_bg_color__hover_enabled=\u00bboff\u00bb][\/et_pb_fullwidth_header][\/et_pb_section][et_pb_section fb_built=\u00bb1&#8243; custom_padding_last_edited=\u00bbon|phone\u00bb _builder_version=\u00bb4.4.8&#8243; custom_padding_tablet=\u00bb\u00bb custom_padding_phone=\u00bb5%||||false|false\u00bb global_colors_info=\u00bb{}\u00bb][et_pb_row _builder_version=\u00bb4.4.8&#8243; background_color=\u00bbrgba(0,0,0,0.04)\u00bb width_tablet=\u00bb\u00bb width_phone=\u00bb91%\u00bb width_last_edited=\u00bbon|phone\u00bb max_width_tablet=\u00bb\u00bb max_width_phone=\u00bb100%\u00bb max_width_last_edited=\u00bbon|phone\u00bb animation_style=\u00bbslide\u00bb animation_direction=\u00bbbottom\u00bb animation_intensity_slide=\u00bb2%\u00bb global_colors_info=\u00bb{}\u00bb][et_pb_column type=\u00bb4_4&#8243; _builder_version=\u00bb4.4.3&#8243; global_colors_info=\u00bb{}\u00bb][et_pb_text _builder_version=\u00bb4.10.5&#8243; text_text_color=\u00bb#000000&#8243; text_font_size=\u00bb18px\u00bb background_color=\u00bb#ffffff\u00bb text_orientation=\u00bbjustified\u00bb custom_margin=\u00bb-3%|2%|-3%|2%|true|true\u00bb custom_padding=\u00bb2%|2%|2%|2%|true|true\u00bb hover_enabled=\u00bb0&#8243; global_colors_info=\u00bb{}\u00bb sticky_enabled=\u00bb0&#8243;]<\/p>\n<p>\u00cen aceasta sec\u0163iune explic<span>\u0103<\/span>m pe scurt c\u00e2teva fabrici care au fost instalate \u0219i func\u0163ioneaz<span>\u0103<\/span> \u00een prezent cu rezultate bune.<br \/>Datele, planurile, dimensiunile \u015fi spa\u0163iile necesare sunt date pentru a ad<span>\u0103<\/span>posti diferitele echipamente \u0219i piesele care alc<span>\u0103<\/span>tuiesc aceste instala\u0163ii de tratare a de\u015feurilor printr-un proces de Termoliz<span>\u0103<\/span>.<\/p>\n<p>De asemenea se monitorizeaz<span>\u0103<\/span> pe scurt itinerariul gunoiului s<span>\u0103<\/span>u, \u00een cazul Filakovo, peletele odat<span>\u0103<\/span> ce acestea intr<span>\u0103<\/span> \u00een proces.<\/p>\n<p>Este important s<span>\u0103<\/span> \u00een\u021belegem c\u0103 fiecare instala\u021bie are caracteristici unice care sunt definite de diferi\u021bi factori, cum ar fi spa\u021biul disponibil, de\u0219eurile de tratat, echipamentele anterioare care pot exista \u00een instala\u021bie \u0219i care ar putea fi utilizate \u0219i asimilate de noua instala\u021bie sau produsul care urmeaz<span>\u0103<\/span> a fi ob\u0163inut.<\/p>\n<p>\u00cen func\u021bie de c\u00e2teva caracteristici diferite, sistemul permite la un moment dat, s\u0103 fie calibrat pentru a produce o cantitate mai mare sau mai mic\u0103 dintr-un produs secundar, fie juc\u00e2ndu-se cu temperatura, c\u00e2t timp gunoaiele r\u0103m\u00e2n \u00een interiorul instala\u0163iei etc.<\/p>\n<p>[\/et_pb_text][\/et_pb_column][\/et_pb_row][et_pb_row column_structure=\u00bb1_2,1_2&#8243; use_custom_gutter=\u00bbon\u00bb gutter_width=\u00bb2&#8243; make_equal=\u00bbon\u00bb custom_padding_last_edited=\u00bbon|phone\u00bb _builder_version=\u00bb4.4.8&#8243; module_alignment=\u00bbcenter\u00bb custom_margin=\u00bb2%||2%||true|false\u00bb custom_padding=\u00bb0px||0px||false|false\u00bb custom_padding_tablet=\u00bb\u00bb custom_padding_phone=\u00bb2%||0px||false|false\u00bb global_colors_info=\u00bb{}\u00bb][et_pb_column type=\u00bb1_2&#8243; _builder_version=\u00bb4.4.8&#8243; background_color=\u00bb#007e3d\u00bb background_enable_image=\u00bboff\u00bb animation_style=\u00bbslide\u00bb animation_direction=\u00bbleft\u00bb animation_intensity_slide=\u00bb5%\u00bb link_option_url=\u00bbhttps:\/\/landfillsolutions.es\/ro\/filakovo-slovakia\/\u00bb global_colors_info=\u00bb{}\u00bb][et_pb_text _builder_version=\u00bb4.8.2&#8243; text_font=\u00bb|600|||||||\u00bb text_text_color=\u00bb#ffffff\u00bb text_font_size=\u00bb27px\u00bb background_color=\u00bbrgba(255,255,255,0.5)\u00bb text_orientation=\u00bbcenter\u00bb custom_margin=\u00bb3%||3%||true|false\u00bb custom_padding=\u00bb10%||10%||true|false\u00bb global_colors_info=\u00bb{}\u00bb background__hover_enabled=\u00bbon|hover\u00bb background_color__hover=\u00bbrgba(0,0,0,0.34)\u00bb background_enable_color__hover=\u00bbon\u00bb]<\/p>\n<p>Filakovo, Slovacia<\/p>\n<p>[\/et_pb_text][\/et_pb_column][et_pb_column type=\u00bb1_2&#8243; _builder_version=\u00bb4.4.6&#8243; background_color=\u00bb#362883&#8243; animation_style=\u00bbslide\u00bb animation_direction=\u00bbright\u00bb animation_intensity_slide=\u00bb5%\u00bb global_colors_info=\u00bb{}\u00bb][et_pb_text _builder_version=\u00bb4.4.6&#8243; text_font=\u00bb|600|||||||\u00bb text_text_color=\u00bb#ffffff\u00bb text_font_size=\u00bb27px\u00bb background_color=\u00bbrgba(255,255,255,0.5)\u00bb text_orientation=\u00bbcenter\u00bb custom_margin=\u00bb3%||3%||true|false\u00bb custom_padding=\u00bb10%||10%||true|false\u00bb global_colors_info=\u00bb{}\u00bb background__hover_enabled=\u00bbon|hover\u00bb background_color__hover=\u00bbrgba(0,0,0,0.34)\u00bb background_enable_color__hover=\u00bbon\u00bb]<\/p>\n<p>Almaty, Kazakhstan<\/p>\n<p>[\/et_pb_text][\/et_pb_column][\/et_pb_row][\/et_pb_section][et_pb_section fb_built=\u00bb1&#8243; fullwidth=\u00bbon\u00bb _builder_version=\u00bb4.8.2&#8243; background_color=\u00bbrgba(0,126,61,0.32)\u00bb width=\u00bb100%\u00bb max_width=\u00bb100%\u00bb custom_margin=\u00bb||||false|false\u00bb custom_padding=\u00bb0.5%||||false|false\u00bb global_module=\u00bb1767&#8243; global_colors_info=\u00bb{}\u00bb][\/et_pb_section]<\/p>\n","protected":false},"excerpt":{"rendered":"<p>\u00cen aceasta sec\u0163iune explic\u0103m pe scurt c\u00e2teva fabrici care au fost instalate \u0219i func\u0163ioneaz\u0103 \u00een prezent cu rezultate bune.Datele, planurile, dimensiunile \u015fi spa\u0163iile necesare sunt date pentru a ad\u0103posti diferitele echipamente \u0219i piesele care alc\u0103tuiesc aceste instala\u0163ii de tratare a de\u015feurilor printr-un proces de Termoliz\u0103. De asemenea se monitorizeaz\u0103 pe scurt itinerariul gunoiului s\u0103u, \u00een [&hellip;]<\/p>\n","protected":false},"author":3,"featured_media":0,"parent":0,"menu_order":0,"comment_status":"closed","ping_status":"closed","template":"","meta":{"_et_pb_use_builder":"on","_et_pb_old_content":"","_et_gb_content_width":""},"_links":{"self":[{"href":"https:\/\/landfillsolutions.es\/ro\/wp-json\/wp\/v2\/pages\/2359"}],"collection":[{"href":"https:\/\/landfillsolutions.es\/ro\/wp-json\/wp\/v2\/pages"}],"about":[{"href":"https:\/\/landfillsolutions.es\/ro\/wp-json\/wp\/v2\/types\/page"}],"author":[{"embeddable":true,"href":"https:\/\/landfillsolutions.es\/ro\/wp-json\/wp\/v2\/users\/3"}],"replies":[{"embeddable":true,"href":"https:\/\/landfillsolutions.es\/ro\/wp-json\/wp\/v2\/comments?post=2359"}],"version-history":[{"count":53,"href":"https:\/\/landfillsolutions.es\/ro\/wp-json\/wp\/v2\/pages\/2359\/revisions"}],"predecessor-version":[{"id":255400,"href":"https:\/\/landfillsolutions.es\/ro\/wp-json\/wp\/v2\/pages\/2359\/revisions\/255400"}],"wp:attachment":[{"href":"https:\/\/landfillsolutions.es\/ro\/wp-json\/wp\/v2\/media?parent=2359"}],"curies":[{"name":"wp","href":"https:\/\/api.w.org\/{rel}","templated":true}]}}