{"id":4390,"date":"2021-01-18T09:53:52","date_gmt":"2021-01-18T09:53:52","guid":{"rendered":"https:\/\/landfillsolutions.es\/ro\/?page_id=4390"},"modified":"2022-03-22T11:26:11","modified_gmt":"2022-03-22T11:26:11","slug":"hidroliza","status":"publish","type":"page","link":"https:\/\/landfillsolutions.es\/ro\/hidroliza\/","title":{"rendered":"Hidroliza"},"content":{"rendered":"<p>[et_pb_section fb_built=\u00bb1&#8243; fullwidth=\u00bbon\u00bb _builder_version=\u00bb4.8.2&#8243; background_enable_color=\u00bboff\u00bb use_background_color_gradient=\u00bbon\u00bb background_color_gradient_start=\u00bbrgba(255,255,255,0.66)\u00bb background_color_gradient_end=\u00bb#29c695&#8243; background_image=\u00bbhttps:\/\/landfillsolutions.es\/ro\/wp-content\/uploads\/2021\/03\/Process-hydrolysis-fondo.jpg\u00bb custom_padding=\u00bb0px|0px|0px|0px\u00bb filter_saturate=\u00bb111%\u00bb locked=\u00bboff\u00bb global_colors_info=\u00bb{}\u00bb][et_pb_fullwidth_header title=\u00bbRevastex\u00bb text_orientation=\u00bbcenter\u00bb header_scroll_down=\u00bbon\u00bb scroll_down_icon=\u00bb%%1%%\u00bb _builder_version=\u00bb4.10.5&#8243; title_font=\u00bb|700|||||||\u00bb title_text_color=\u00bb#ffffff\u00bb title_font_size=\u00bb60px\u00bb content_font=\u00bb||||||||\u00bb background_color=\u00bbrgba(255,255,255,0.7)\u00bb use_background_color_gradient=\u00bbon\u00bb background_color_gradient_start=\u00bbrgba(0,126,61,0.41)\u00bb background_color_gradient_end=\u00bbrgba(0,126,61,0.41)\u00bb background_enable_image=\u00bboff\u00bb background_layout=\u00bblight\u00bb custom_margin=\u00bb|||\u00bb custom_padding=\u00bb100px||150px|\u00bb custom_padding_tablet=\u00bb\u00bb custom_padding_phone=\u00bb7.3%||7.3%||true|false\u00bb custom_padding_last_edited=\u00bbon|phone\u00bb title_font_size_tablet=\u00bb\u00bb title_font_size_phone=\u00bb38px\u00bb title_font_size_last_edited=\u00bbon|phone\u00bb global_colors_info=\u00bb{}\u00bb button_one_text_size__hover_enabled=\u00bboff\u00bb button_two_text_size__hover_enabled=\u00bboff\u00bb button_one_text_color__hover_enabled=\u00bboff\u00bb button_two_text_color__hover_enabled=\u00bboff\u00bb button_one_border_width__hover_enabled=\u00bboff\u00bb button_two_border_width__hover_enabled=\u00bboff\u00bb button_one_border_color__hover_enabled=\u00bboff\u00bb button_two_border_color__hover_enabled=\u00bboff\u00bb button_one_border_radius__hover_enabled=\u00bboff\u00bb button_two_border_radius__hover_enabled=\u00bboff\u00bb button_one_letter_spacing__hover_enabled=\u00bboff\u00bb button_two_letter_spacing__hover_enabled=\u00bboff\u00bb button_one_bg_color__hover_enabled=\u00bboff\u00bb button_two_bg_color__hover_enabled=\u00bboff\u00bb][\/et_pb_fullwidth_header][\/et_pb_section][et_pb_section fb_built=\u00bb1&#8243; _builder_version=\u00bb4.7.4&#8243; _module_preset=\u00bbdefault\u00bb global_colors_info=\u00bb{}\u00bb][et_pb_row column_structure=\u00bb1_2,1_2&#8243; use_custom_gutter=\u00bbon\u00bb gutter_width=\u00bb3&#8243; make_equal=\u00bbon\u00bb custom_padding_last_edited=\u00bbon|phone\u00bb _builder_version=\u00bb4.9.2&#8243; _module_preset=\u00bbdefault\u00bb custom_margin_tablet=\u00bb\u00bb custom_margin_phone=\u00bb0px||||false|false\u00bb custom_margin_last_edited=\u00bbon|phone\u00bb custom_padding_tablet=\u00bb\u00bb custom_padding_phone=\u00bb0px||||false|false\u00bb global_colors_info=\u00bb{}\u00bb][et_pb_column type=\u00bb1_2&#8243; _builder_version=\u00bb4.7.4&#8243; _module_preset=\u00bbdefault\u00bb animation_style=\u00bbslide\u00bb animation_direction=\u00bbleft\u00bb animation_intensity_slide=\u00bb5%\u00bb global_colors_info=\u00bb{}\u00bb][et_pb_text _builder_version=\u00bb4.10.5&#8243; _module_preset=\u00bbdefault\u00bb text_text_color=\u00bb#000000&#8243; text_font_size=\u00bb18px\u00bb text_orientation=\u00bbjustified\u00bb global_colors_info=\u00bb{}\u00bb]<\/p>\n<p><span style=\"font-weight: 400;\">\u00cen cadrul sistemului nostru <span style=\"color: #339966;\"><strong>REVALUO<\/strong><\/span>, odat\u0103 ce rezidurile s-au sortat \u0219i clasificat,toat\u0103 partea organic\u0103 trece printr-un proces de Hidroliz\u0103 de unde se extrag toate zaharurile posibile. Aceste zaharuri pot fi \u00een interiorul RSU (<strong>zaharuri libere<\/strong>), pot fi sub form\u00e3 de <strong>amidon<\/strong> provenit din resturile de alimente sau pot fi sub form\u0103 de <strong>celuloz\u0103<\/strong>\u00a0prezent\u0103 \u00een plastic, pamper\u0219i de unic\u0103 folosin\u021b\u0103 sau mici buc\u0103\u021bi de h\u00e2rtie sau carton. <\/span><\/p>\n<p><span style=\"font-weight: 400;\">Odat\u0103 ob\u021binut zah\u00e3rul, suntem \u00een stare s\u0103 producem BioEtanol.<\/span><\/p>\n<p>[\/et_pb_text][\/et_pb_column][et_pb_column type=\u00bb1_2&#8243; _builder_version=\u00bb4.7.4&#8243; _module_preset=\u00bbdefault\u00bb animation_style=\u00bbslide\u00bb animation_direction=\u00bbright\u00bb animation_intensity_slide=\u00bb5%\u00bb global_colors_info=\u00bb{}\u00bb][et_pb_image src=\u00bbhttps:\/\/landfillsolutions.es\/ro\/wp-content\/uploads\/2021\/03\/Ce-facem.png\u00bb title_text=\u00bbCe facem\u00bb show_in_lightbox=\u00bbon\u00bb _builder_version=\u00bb4.8.2&#8243; _module_preset=\u00bbdefault\u00bb global_colors_info=\u00bb{}\u00bb][\/et_pb_image][\/et_pb_column][\/et_pb_row][\/et_pb_section][et_pb_section fb_built=\u00bb1&#8243; _builder_version=\u00bb4.7.4&#8243; _module_preset=\u00bbdefault\u00bb background_color=\u00bbrgba(214,214,214,0.2)\u00bb global_colors_info=\u00bb{}\u00bb][et_pb_row custom_padding_last_edited=\u00bbon|phone\u00bb _builder_version=\u00bb4.9.2&#8243; _module_preset=\u00bbdefault\u00bb custom_margin=\u00bb||0px||false|false\u00bb custom_margin_tablet=\u00bb\u00bb custom_margin_phone=\u00bb0px||0px||false|false\u00bb custom_margin_last_edited=\u00bbon|phone\u00bb custom_padding=\u00bb||2%||false|false\u00bb custom_padding_tablet=\u00bb\u00bb custom_padding_phone=\u00bb0px||2%||false|false\u00bb animation_style=\u00bbslide\u00bb animation_direction=\u00bbleft\u00bb animation_intensity_slide=\u00bb5%\u00bb global_colors_info=\u00bb{}\u00bb][et_pb_column type=\u00bb4_4&#8243; _builder_version=\u00bb4.7.4&#8243; _module_preset=\u00bbdefault\u00bb global_colors_info=\u00bb{}\u00bb][et_pb_text _builder_version=\u00bb4.9.2&#8243; _module_preset=\u00bbdefault\u00bb text_font=\u00bb|600|||||||\u00bb text_text_color=\u00bb#362883&#8243; text_font_size=\u00bb24px\u00bb text_line_height=\u00bb1.2em\u00bb text_orientation=\u00bbjustified\u00bb custom_margin=\u00bb||||false|false\u00bb custom_margin_tablet=\u00bb8%||||false|false\u00bb custom_margin_phone=\u00bb0%||||false|false\u00bb custom_margin_last_edited=\u00bbon|tablet\u00bb custom_padding=\u00bb0px||0%||false|false\u00bb custom_padding_tablet=\u00bb\u00bb custom_padding_phone=\u00bb0px||0%||false|false\u00bb custom_padding_last_edited=\u00bbon|phone\u00bb text_font_size_tablet=\u00bb\u00bb text_font_size_phone=\u00bb18px\u00bb text_font_size_last_edited=\u00bbon|phone\u00bb global_colors_info=\u00bb{}\u00bb]<\/p>\n<p>\u00cen continuare v\u0103 prezent\u0103m o diagram\u0103 simplificat\u0103 a tehnologiei destinat\u0103 c\u0103tre BioEtanol a de\u015feurilor solide municipale.<\/p>\n<p>[\/et_pb_text][\/et_pb_column][\/et_pb_row][et_pb_row column_structure=\u00bb3_5,2_5&#8243; use_custom_gutter=\u00bbon\u00bb gutter_width=\u00bb2&#8243; make_equal=\u00bbon\u00bb custom_padding_last_edited=\u00bbon|phone\u00bb _builder_version=\u00bb4.9.2&#8243; _module_preset=\u00bbdefault\u00bb custom_margin=\u00bb0px||||false|false\u00bb custom_margin_tablet=\u00bb\u00bb custom_margin_phone=\u00bb4%||0px||false|false\u00bb custom_margin_last_edited=\u00bbon|phone\u00bb custom_padding=\u00bb0px||||false|false\u00bb custom_padding_tablet=\u00bb\u00bb custom_padding_phone=\u00bb0px||0px||false|false\u00bb global_colors_info=\u00bb{}\u00bb][et_pb_column type=\u00bb3_5&#8243; _builder_version=\u00bb4.7.4&#8243; _module_preset=\u00bbdefault\u00bb animation_style=\u00bbslide\u00bb animation_direction=\u00bbleft\u00bb animation_intensity_slide=\u00bb5%\u00bb global_colors_info=\u00bb{}\u00bb][et_pb_image src=\u00bbhttps:\/\/landfillsolutions.es\/ro\/wp-content\/uploads\/2022\/03\/Techonlogy-Revaluo-Tecnologia-Revaluo-RO-revastex.png\u00bb title_text=\u00bbTechonlogy-Revaluo&#8212;Tecnologia-Revaluo&#8212;RO&#8212;revastex\u00bb align=\u00bbcenter\u00bb _builder_version=\u00bb4.14.5&#8243; _module_preset=\u00bbdefault\u00bb hover_enabled=\u00bb0&#8243; global_colors_info=\u00bb{}\u00bb sticky_enabled=\u00bb0&#8243;][\/et_pb_image][\/et_pb_column][et_pb_column type=\u00bb2_5&#8243; _builder_version=\u00bb4.7.4&#8243; _module_preset=\u00bbdefault\u00bb animation_style=\u00bbslide\u00bb animation_direction=\u00bbright\u00bb animation_intensity_slide=\u00bb5%\u00bb global_colors_info=\u00bb{}\u00bb][et_pb_text _builder_version=\u00bb4.10.5&#8243; _module_preset=\u00bbdefault\u00bb text_text_color=\u00bb#000000&#8243; text_font_size=\u00bb18px\u00bb text_orientation=\u00bbjustified\u00bb custom_margin=\u00bb||||false|false\u00bb global_colors_info=\u00bb{}\u00bb]<\/p>\n<p>Procesul general prezentat anterior poate fi utilizat pentru mai multe biomase, unde fiecare biomas\u0103 necesit\u0103 un proces diferit de pretratament, tratamentul si un proces specific pentru tratamentul zaharurilor depinz\u00e2nd de procesul final dorit. Apa se separ\u0103 la finalul procesului ca \u0219i ap\u0103 distilat\u0103 \u015fi se \u00eencorporeaz\u0103 din nou \u00een procesul de \u00eembuteliere \u0219i se vinde ca \u0219i ap\u0103 distilat\u0103 pentru alte folosin\u0163e industriale. Surplusul produs \u00een form\u0103 de stagnare se \u00eencorporeaz\u0103 \u00een urm\u0103torul proces <span style=\"color: #339966;\"><strong>REVALUO<\/strong><\/span>,\u00a0 Termoliz\u0103.<\/p>\n<p>[\/et_pb_text][\/et_pb_column][\/et_pb_row][\/et_pb_section][et_pb_section fb_built=\u00bb1&#8243; _builder_version=\u00bb4.7.4&#8243; _module_preset=\u00bbdefault\u00bb global_colors_info=\u00bb{}\u00bb][et_pb_row custom_padding_last_edited=\u00bbon|phone\u00bb _builder_version=\u00bb4.9.2&#8243; _module_preset=\u00bbdefault\u00bb custom_margin_tablet=\u00bb\u00bb custom_margin_phone=\u00bb0px||||false|false\u00bb custom_margin_last_edited=\u00bbon|phone\u00bb custom_padding_tablet=\u00bb\u00bb custom_padding_phone=\u00bb0px||||false|false\u00bb animation_style=\u00bbfade\u00bb global_colors_info=\u00bb{}\u00bb][et_pb_column type=\u00bb4_4&#8243; _builder_version=\u00bb4.9.2&#8243; _module_preset=\u00bbdefault\u00bb global_colors_info=\u00bb{}\u00bb][et_pb_text _builder_version=\u00bb4.9.2&#8243; _module_preset=\u00bbdefault\u00bb text_font=\u00bb|600|||||||\u00bb text_text_color=\u00bb#362883&#8243; text_font_size=\u00bb24px\u00bb text_orientation=\u00bbcenter\u00bb custom_margin=\u00bb||||false|false\u00bb custom_margin_tablet=\u00bb8%||||false|false\u00bb custom_margin_phone=\u00bb0%||||false|false\u00bb custom_margin_last_edited=\u00bbon|tablet\u00bb custom_padding=\u00bb0px||0%||false|false\u00bb custom_padding_tablet=\u00bb\u00bb custom_padding_phone=\u00bb0px||0%|7%|false|false\u00bb custom_padding_last_edited=\u00bbon|phone\u00bb text_font_size_tablet=\u00bb\u00bb text_font_size_phone=\u00bb20px\u00bb text_font_size_last_edited=\u00bbon|phone\u00bb global_colors_info=\u00bb{}\u00bb]<\/p>\n<p>Tehnologia se poate utiliza pentru a procesa urm\u0103toarele materiale:<\/p>\n<p>[\/et_pb_text][\/et_pb_column][\/et_pb_row][et_pb_row column_structure=\u00bb1_4,1_4,1_4,1_4&#8243; use_custom_gutter=\u00bbon\u00bb gutter_width=\u00bb2&#8243; make_equal=\u00bbon\u00bb _builder_version=\u00bb4.7.3&#8243; _module_preset=\u00bbdefault\u00bb custom_margin=\u00bb||0px||false|false\u00bb custom_padding=\u00bb2%||2%||true|false\u00bb border_color_all=\u00bbrgba(0,126,61,0.18)\u00bb border_width_top=\u00bb0px\u00bb global_colors_info=\u00bb{}\u00bb][et_pb_column type=\u00bb1_4&#8243; _builder_version=\u00bb4.7.4&#8243; _module_preset=\u00bbdefault\u00bb animation_style=\u00bbzoom\u00bb global_colors_info=\u00bb{}\u00bb][et_pb_image src=\u00bbhttps:\/\/landfillsolutions.es\/ro\/wp-content\/uploads\/2021\/01\/edificios-2-1.png\u00bb title_text=\u00bbBiomasa de reziduuri solide urbane\u00bb _builder_version=\u00bb4.7.3&#8243; _module_preset=\u00bbdefault\u00bb width=\u00bb40%\u00bb module_alignment=\u00bbcenter\u00bb global_colors_info=\u00bb{}\u00bb][\/et_pb_image][et_pb_text _builder_version=\u00bb4.10.5&#8243; _module_preset=\u00bbdefault\u00bb text_text_color=\u00bb#000000&#8243; text_font_size=\u00bb18px\u00bb text_orientation=\u00bbcenter\u00bb global_colors_info=\u00bb{}\u00bb]<\/p>\n<p>Biomasa de reziduri solide urbane (RSU).<\/p>\n<p>[\/et_pb_text][\/et_pb_column][et_pb_column type=\u00bb1_4&#8243; _builder_version=\u00bb4.7.4&#8243; _module_preset=\u00bbdefault\u00bb animation_style=\u00bbzoom\u00bb global_colors_info=\u00bb{}\u00bb][et_pb_image src=\u00bbhttps:\/\/landfillsolutions.es\/ro\/wp-content\/uploads\/2021\/01\/hoja-cae-2.png\u00bb title_text=\u00bbBiomasa de reziduuri forestiere\u00bb _builder_version=\u00bb4.7.3&#8243; _module_preset=\u00bbdefault\u00bb width=\u00bb40%\u00bb module_alignment=\u00bbcenter\u00bb global_colors_info=\u00bb{}\u00bb][\/et_pb_image][et_pb_text _builder_version=\u00bb4.10.5&#8243; _module_preset=\u00bbdefault\u00bb text_text_color=\u00bb#000000&#8243; text_font_size=\u00bb18px\u00bb text_orientation=\u00bbcenter\u00bb global_colors_info=\u00bb{}\u00bb]<\/p>\n<p>Biomasa de reziduri forestiere:\u00a0r\u0103d\u0103cini, crengi sub\u021biri,\u00a0t\u0103ieri de arbori urbani.<\/p>\n<p>[\/et_pb_text][\/et_pb_column][et_pb_column type=\u00bb1_4&#8243; _builder_version=\u00bb4.7.4&#8243; _module_preset=\u00bbdefault\u00bb animation_style=\u00bbzoom\u00bb global_colors_info=\u00bb{}\u00bb][et_pb_image src=\u00bbhttps:\/\/landfillsolutions.es\/ro\/wp-content\/uploads\/2021\/01\/heno-1-1.png\u00bb title_text=\u00bbBiomasa de reziduuri agricole\u00bb _builder_version=\u00bb4.7.3&#8243; _module_preset=\u00bbdefault\u00bb width=\u00bb40%\u00bb module_alignment=\u00bbcenter\u00bb global_colors_info=\u00bb{}\u00bb][\/et_pb_image][et_pb_text _builder_version=\u00bb4.10.5&#8243; _module_preset=\u00bbdefault\u00bb text_text_color=\u00bb#000000&#8243; text_font_size=\u00bb18px\u00bb text_orientation=\u00bbcenter\u00bb global_colors_info=\u00bb{}\u00bb]<\/p>\n<p>Biomasa de reziduri agricole: coji de orez, paie de orez, porumb, sorg, t\u0103iere, etc.<\/p>\n<p>[\/et_pb_text][\/et_pb_column][et_pb_column type=\u00bb1_4&#8243; _builder_version=\u00bb4.7.4&#8243; _module_preset=\u00bbdefault\u00bb animation_style=\u00bbzoom\u00bb global_colors_info=\u00bb{}\u00bb][et_pb_image src=\u00bbhttps:\/\/landfillsolutions.es\/ro\/wp-content\/uploads\/2021\/01\/olivos-2.png\u00bb title_text=\u00bbBiomasa de reziduuri fructifere\u00bb align=\u00bbcenter\u00bb _builder_version=\u00bb4.7.3&#8243; _module_preset=\u00bbdefault\u00bb width=\u00bb36%\u00bb module_alignment=\u00bbcenter\u00bb global_colors_info=\u00bb{}\u00bb][\/et_pb_image][et_pb_text _builder_version=\u00bb4.10.5&#8243; _module_preset=\u00bbdefault\u00bb text_text_color=\u00bb#000000&#8243; text_font_size=\u00bb18px\u00bb text_orientation=\u00bbcenter\u00bb custom_margin=\u00bb||||false|false\u00bb custom_padding=\u00bb3%||||false|false\u00bb global_colors_info=\u00bb{}\u00bb]<\/p>\n<p>Biomasa din de\u0219euri de fructe: tescovin\u0103 de m\u0103sline \u0219i struguri,\u00a0r\u0103m\u0103\u0219i\u021be din industria fructelor (cidru, o\u021bet, uleiuri, coji de fructe uscate), etc.<\/p>\n<p>[\/et_pb_text][\/et_pb_column][\/et_pb_row][et_pb_row _builder_version=\u00bb4.7.4&#8243; _module_preset=\u00bbdefault\u00bb custom_margin=\u00bb0px||||false|false\u00bb custom_padding=\u00bb0px||0px||false|false\u00bb border_width_all=\u00bb2px\u00bb border_color_all=\u00bbrgba(0,126,61,0.18)\u00bb global_colors_info=\u00bb{}\u00bb][et_pb_column type=\u00bb4_4&#8243; _builder_version=\u00bb4.7.4&#8243; _module_preset=\u00bbdefault\u00bb global_colors_info=\u00bb{}\u00bb][\/et_pb_column][\/et_pb_row][et_pb_row _builder_version=\u00bb4.7.4&#8243; _module_preset=\u00bbdefault\u00bb global_colors_info=\u00bb{}\u00bb][et_pb_column type=\u00bb4_4&#8243; _builder_version=\u00bb4.7.4&#8243; _module_preset=\u00bbdefault\u00bb global_colors_info=\u00bb{}\u00bb][et_pb_text _builder_version=\u00bb4.9.2&#8243; _module_preset=\u00bbdefault\u00bb text_font=\u00bb|600|||||||\u00bb text_text_color=\u00bb#362883&#8243; text_font_size=\u00bb24px\u00bb text_orientation=\u00bbcenter\u00bb custom_margin=\u00bb||||false|false\u00bb custom_margin_tablet=\u00bb8%||||false|false\u00bb custom_margin_phone=\u00bb0%||||false|false\u00bb custom_margin_last_edited=\u00bbon|tablet\u00bb custom_padding=\u00bb0px||0%||false|false\u00bb custom_padding_tablet=\u00bb\u00bb custom_padding_phone=\u00bb0px||0%|7%|false|false\u00bb custom_padding_last_edited=\u00bbon|phone\u00bb animation_style=\u00bbfade\u00bb text_font_size_tablet=\u00bb\u00bb text_font_size_phone=\u00bb20px\u00bb text_font_size_last_edited=\u00bbon|phone\u00bb global_colors_info=\u00bb{}\u00bb]<\/p>\n<p>Detalii privind tehnologia de\u015feurilor solide urbane:<\/p>\n<p>[\/et_pb_text][et_pb_image src=\u00bbhttps:\/\/landfillsolutions.es\/ro\/wp-content\/uploads\/2021\/03\/Detalii-privind-tehnologia-deseurilor-solide-urbane-hidroliza.jpg\u00bb title_text=\u00bbDetalii privind tehnologia de\u015feurilor solide urbane-hidroliza\u00bb align=\u00bbcenter\u00bb _builder_version=\u00bb4.8.2&#8243; _module_preset=\u00bbdefault\u00bb animation_style=\u00bbslide\u00bb animation_intensity_slide=\u00bb5%\u00bb global_colors_info=\u00bb{}\u00bb][\/et_pb_image][\/et_pb_column][\/et_pb_row][et_pb_row column_structure=\u00bb1_2,1_2&#8243; use_custom_gutter=\u00bbon\u00bb gutter_width=\u00bb2&#8243; make_equal=\u00bbon\u00bb _builder_version=\u00bb4.9.2&#8243; _module_preset=\u00bbdefault\u00bb custom_margin=\u00bb0px||0px||true|false\u00bb custom_padding=\u00bb0px||0px||true|false\u00bb global_colors_info=\u00bb{}\u00bb][et_pb_column type=\u00bb1_2&#8243; _builder_version=\u00bb4.7.4&#8243; _module_preset=\u00bbdefault\u00bb background_enable_color=\u00bboff\u00bb animation_style=\u00bbfold\u00bb animation_direction=\u00bbleft\u00bb border_radii=\u00bbon|2%|2%|2%|2%\u00bb box_shadow_style=\u00bbpreset1&#8243; box_shadow_color=\u00bbrgba(0,126,61,0.15)\u00bb global_colors_info=\u00bb{}\u00bb][et_pb_text _builder_version=\u00bb4.10.5&#8243; _module_preset=\u00bbdefault\u00bb text_font_size=\u00bb18px\u00bb background_enable_color=\u00bboff\u00bb text_orientation=\u00bbjustified\u00bb custom_padding=\u00bb2%|3%|2%|3%|true|true\u00bb border_radii=\u00bbon|2%|2%|2%|2%\u00bb global_colors_info=\u00bb{}\u00bb]<\/p>\n<p><span style=\"color: #339966;\"><strong>1- Pretratamentul<\/strong><\/span><\/p>\n<p>&#8211; Sterilizarea \u0219i sp\u0103larea cu ap\u0103 fierbinte pentru a elimina zaharurile libere \u0219i tratamentul ini\u021bial al amidonului.<\/p>\n<p>&#8211; De\u015feul con\u021bine tot materialul original, inclusiv buc\u0103\u0163i mici de plastic si alte materiale.<\/p>\n<p><strong><span style=\"color: #339966;\">2- Hidroliza amidonului<\/span><\/strong><\/p>\n<p>&#8211; Folosirea a 2 enzime diferite (amilaze) la temperatur\u00e3 \u0219i pH specifice pentru a transforma amidonul \u00een zaharuri \u00eentr-un proces ce dureaz\u00e3 36 de ore.<\/p>\n<p>[\/et_pb_text][\/et_pb_column][et_pb_column type=\u00bb1_2&#8243; _builder_version=\u00bb4.7.4&#8243; _module_preset=\u00bbdefault\u00bb background_enable_color=\u00bboff\u00bb animation_style=\u00bbfold\u00bb border_radii=\u00bbon|2%|2%|2%|2%\u00bb box_shadow_style=\u00bbpreset1&#8243; box_shadow_color=\u00bbrgba(7,150,0,0.15)\u00bb global_colors_info=\u00bb{}\u00bb][et_pb_text _builder_version=\u00bb4.10.5&#8243; _module_preset=\u00bbdefault\u00bb text_font_size=\u00bb18px\u00bb background_enable_color=\u00bboff\u00bb text_orientation=\u00bbjustified\u00bb custom_padding=\u00bb2%|3%|2%|3%|true|true\u00bb border_radii=\u00bbon|2%|2%|2%|2%\u00bb global_colors_info=\u00bb{}\u00bb]<\/p>\n<p><span style=\"color: #339966;\"><strong>3- Hidroliza celulozei<\/strong><\/span><\/p>\n<p>&#8211; La finalul procesului de <span>Hidroliz\u0103<\/span>\u00a0al amidonului, se reduce temperatura \u0219i se regleaz\u0103 Ph-ul pentru a adauga enzima (celuloza) care va transforma celuloza \u00een glucoz\u0103.<\/p>\n<p>&#8211; Simultan cu <span>Hidroliza<\/span>\u00a0celulozei,\u00eencepem fermentarea zaharurilor deja disponibile \u00een curent.<\/p>\n<p><strong><span style=\"color: #339966;\">4- Fermentarea zaharurilor<\/span><\/strong><\/p>\n<p>&#8211; Faza de <span>Hidroliz<\/span>a celulozei \u0219i fermentarea simultan\u0103 dureaz\u0103 p\u00e2n\u0103 la 48 ore.<\/p>\n<p>[\/et_pb_text][\/et_pb_column][\/et_pb_row][et_pb_row column_structure=\u00bb1_2,1_2&#8243; use_custom_gutter=\u00bbon\u00bb gutter_width=\u00bb2&#8243; make_equal=\u00bbon\u00bb _builder_version=\u00bb4.7.4&#8243; _module_preset=\u00bbdefault\u00bb custom_margin=\u00bb1.5%||||false|false\u00bb custom_padding=\u00bb0px||||false|false\u00bb global_colors_info=\u00bb{}\u00bb][et_pb_column type=\u00bb1_2&#8243; _builder_version=\u00bb4.7.4&#8243; _module_preset=\u00bbdefault\u00bb background_enable_color=\u00bboff\u00bb animation_style=\u00bbfold\u00bb border_radii=\u00bbon|2%|2%|2%|2%\u00bb box_shadow_style=\u00bbpreset1&#8243; box_shadow_color=\u00bbrgba(7,150,0,0.15)\u00bb global_colors_info=\u00bb{}\u00bb][et_pb_text _builder_version=\u00bb4.10.5&#8243; _module_preset=\u00bbdefault\u00bb text_font_size=\u00bb18px\u00bb background_enable_color=\u00bboff\u00bb text_orientation=\u00bbjustified\u00bb custom_padding=\u00bb2%|3%|2%|3%|true|true\u00bb border_radii=\u00bbon|2%|2%|2%|2%\u00bb global_colors_info=\u00bb{}\u00bb]<\/p>\n<p><span style=\"color: #339966;\"><strong>5- Separarea solidelor<\/strong><\/span><\/p>\n<p>&#8211; Separarea \u0219i sp\u0103larea solidelor r\u0103mase \u00een fluxul de gunoi folosind o scurgere sau un filtru Press, depinz\u00e2nd de destina\u021bia care li se d\u0103 solidelor. \u00cen general, acestea sunt trimise la urm\u0103torul proces, Termoliz\u0103, cu o reducere \u00een mas\u0103 de p\u00e2n\u0103 la 30% \u0219i 50% de volum datorat cre\u015fterii \u00een densitate aparent al materialului.<\/p>\n<p><span style=\"color: #339966;\"><strong>6- Distilarea fluxului lichid<\/strong><\/span><\/p>\n<p>&#8211; Fluxul lichid trece printr-o coloana de distilare pentru a ob\u021bine BioEtanol cu un nivel de concentrare de 92% (96GL).<\/p>\n<p>&#8211; \u00cen partea inferioar\u0103 a coloanei avem un flux apos bogat \u00een materie organic\u0103, dar f\u0103r\u0103 etanol, numit\u0103 borhot.<\/p>\n<p>&#8211; Fluxul de BioEtanol generat se trimite la sistemul de deshidratare.<\/p>\n<p>[\/et_pb_text][\/et_pb_column][et_pb_column type=\u00bb1_2&#8243; _builder_version=\u00bb4.7.4&#8243; _module_preset=\u00bbdefault\u00bb background_enable_color=\u00bboff\u00bb animation_style=\u00bbfold\u00bb animation_direction=\u00bbleft\u00bb border_radii=\u00bbon|2%|2%|2%|2%\u00bb box_shadow_style=\u00bbpreset1&#8243; box_shadow_color=\u00bbrgba(0,126,61,0.15)\u00bb global_colors_info=\u00bb{}\u00bb][et_pb_text _builder_version=\u00bb4.10.5&#8243; _module_preset=\u00bbdefault\u00bb text_font_size=\u00bb18px\u00bb background_enable_color=\u00bboff\u00bb text_orientation=\u00bbjustified\u00bb custom_padding=\u00bb2%|3%|2%|3%|true|true\u00bb border_radii=\u00bbon|2%|2%|2%|2%\u00bb global_colors_info=\u00bb{}\u00bb]<\/p>\n<p><span style=\"color: #339966;\"><strong>7- Concentrarea \u0219i evaporarea borhotului<\/strong><\/span><\/p>\n<p>&#8211; Borhotul trece printr-un vaporizator cu efect triplu pentru a recupera apa utilizat\u0103 \u0219i pentru a ob\u0163ine un n\u0103mol cu un con\u021binut solid de 18%. N\u0103molul se va trimite la urm\u0103torul proces \u00een cadrul REVALUO, Termoliza.<\/p>\n<p><span style=\"color: #339966;\"><strong>8- Deshidratarea BioEtanolului<\/strong><\/span><\/p>\n<p>&#8211; Etanolul produs \u00een coloana de distilare se trimite la o coloan\u0103 de zeolit unde concentrarea se va ridica de la 92% la 99,5% \u0219i specifica\u0163iile vor fi adecvate pentru amestecul de benzin\u0103.<\/p>\n<p>[\/et_pb_text][\/et_pb_column][\/et_pb_row][et_pb_row _builder_version=\u00bb4.7.3&#8243; _module_preset=\u00bbdefault\u00bb custom_margin=\u00bb0px||||false|false\u00bb custom_padding=\u00bb0px||||false|false\u00bb global_colors_info=\u00bb{}\u00bb][et_pb_column type=\u00bb4_4&#8243; _builder_version=\u00bb4.7.3&#8243; _module_preset=\u00bbdefault\u00bb global_colors_info=\u00bb{}\u00bb][et_pb_button button_url=\u00bbhttps:\/\/landfillsolutions.es\/ro\/procese\/\u00bb button_text=\u00bb\u00cenapoi la proces\u00bb button_alignment=\u00bbcenter\u00bb _builder_version=\u00bb4.7.3&#8243; custom_button=\u00bbon\u00bb button_text_size=\u00bb14px\u00bb button_text_color=\u00bb#362883&#8243; button_border_width=\u00bb1px\u00bb custom_margin=\u00bb||||false|false\u00bb global_colors_info=\u00bb{}\u00bb][\/et_pb_button][\/et_pb_column][\/et_pb_row][\/et_pb_section][et_pb_section fb_built=\u00bb1&#8243; fullwidth=\u00bbon\u00bb _builder_version=\u00bb4.8.2&#8243; background_color=\u00bbrgba(0,126,61,0.32)\u00bb width=\u00bb100%\u00bb max_width=\u00bb100%\u00bb custom_margin=\u00bb||||false|false\u00bb custom_padding=\u00bb0.5%||||false|false\u00bb global_module=\u00bb1767&#8243; global_colors_info=\u00bb{}\u00bb][\/et_pb_section]<\/p>\n","protected":false},"excerpt":{"rendered":"<p>\u00cen cadrul sistemului nostru REVALUO, odat\u0103 ce rezidurile s-au sortat \u0219i clasificat,toat\u0103 partea organic\u0103 trece printr-un proces de Hidroliz\u0103 de unde se extrag toate zaharurile posibile. Aceste zaharuri pot fi \u00een interiorul RSU (zaharuri libere), pot fi sub form\u00e3 de amidon provenit din resturile de alimente sau pot fi sub form\u0103 de celuloz\u0103\u00a0prezent\u0103 \u00een plastic, [&hellip;]<\/p>\n","protected":false},"author":3,"featured_media":0,"parent":0,"menu_order":0,"comment_status":"closed","ping_status":"closed","template":"","meta":{"_et_pb_use_builder":"on","_et_pb_old_content":"","_et_gb_content_width":""},"_links":{"self":[{"href":"https:\/\/landfillsolutions.es\/ro\/wp-json\/wp\/v2\/pages\/4390"}],"collection":[{"href":"https:\/\/landfillsolutions.es\/ro\/wp-json\/wp\/v2\/pages"}],"about":[{"href":"https:\/\/landfillsolutions.es\/ro\/wp-json\/wp\/v2\/types\/page"}],"author":[{"embeddable":true,"href":"https:\/\/landfillsolutions.es\/ro\/wp-json\/wp\/v2\/users\/3"}],"replies":[{"embeddable":true,"href":"https:\/\/landfillsolutions.es\/ro\/wp-json\/wp\/v2\/comments?post=4390"}],"version-history":[{"count":35,"href":"https:\/\/landfillsolutions.es\/ro\/wp-json\/wp\/v2\/pages\/4390\/revisions"}],"predecessor-version":[{"id":257425,"href":"https:\/\/landfillsolutions.es\/ro\/wp-json\/wp\/v2\/pages\/4390\/revisions\/257425"}],"wp:attachment":[{"href":"https:\/\/landfillsolutions.es\/ro\/wp-json\/wp\/v2\/media?parent=4390"}],"curies":[{"name":"wp","href":"https:\/\/api.w.org\/{rel}","templated":true}]}}