{"id":905,"date":"2020-01-27T12:53:37","date_gmt":"2020-01-27T12:53:37","guid":{"rendered":"http:\/\/landfillsolutions.eu\/?page_id=905"},"modified":"2021-09-03T11:09:52","modified_gmt":"2021-09-03T11:09:52","slug":"politica-de-confidentialitate","status":"publish","type":"page","link":"https:\/\/landfillsolutions.es\/ro\/politica-de-confidentialitate\/","title":{"rendered":"Politica de confiden\u0163ialitate"},"content":{"rendered":"<p>[et_pb_section fb_built=\u00bb1&#8243; fullwidth=\u00bbon\u00bb _builder_version=\u00bb4.4.8&#8243; background_enable_color=\u00bboff\u00bb use_background_color_gradient=\u00bbon\u00bb background_color_gradient_start=\u00bbrgba(255,255,255,0.66)\u00bb background_color_gradient_end=\u00bb#29c695&#8243; background_image=\u00bbhttps:\/\/landfillsolutions.es\/ro\/wp-content\/uploads\/2020\/01\/meadow-3743023_1920.jpg\u00bb background_position=\u00bbbottom_center\u00bb custom_padding=\u00bb0px|0px|0px|0px\u00bb filter_saturate=\u00bb111%\u00bb locked=\u00bboff\u00bb global_colors_info=\u00bb{}\u00bb][et_pb_fullwidth_header title=\u00bbPolitica de Confiden\u0163ialitate\u00bb text_orientation=\u00bbcenter\u00bb header_scroll_down=\u00bbon\u00bb scroll_down_icon=\u00bb%%1%%\u00bb _builder_version=\u00bb4.7.3&#8243; title_font=\u00bb|700|||||||\u00bb title_text_color=\u00bb#ffffff\u00bb title_font_size=\u00bb50px\u00bb content_font=\u00bb||||||||\u00bb background_color=\u00bbrgba(255,255,255,0.7)\u00bb use_background_color_gradient=\u00bbon\u00bb background_color_gradient_start=\u00bbrgba(0,126,61,0.41)\u00bb background_color_gradient_end=\u00bbrgba(54,40,131,0.22)\u00bb background_enable_image=\u00bboff\u00bb background_layout=\u00bblight\u00bb custom_margin=\u00bb|||\u00bb custom_padding=\u00bb100px||150px|\u00bb custom_padding_tablet=\u00bb\u00bb custom_padding_phone=\u00bb12%||12%||true|false\u00bb custom_padding_last_edited=\u00bbon|phone\u00bb title_font_size_tablet=\u00bb\u00bb title_font_size_phone=\u00bb30px\u00bb title_font_size_last_edited=\u00bbon|phone\u00bb global_colors_info=\u00bb{}\u00bb button_one_text_size__hover_enabled=\u00bboff\u00bb button_two_text_size__hover_enabled=\u00bboff\u00bb button_one_text_color__hover_enabled=\u00bboff\u00bb button_two_text_color__hover_enabled=\u00bboff\u00bb button_one_border_width__hover_enabled=\u00bboff\u00bb button_two_border_width__hover_enabled=\u00bboff\u00bb button_one_border_color__hover_enabled=\u00bboff\u00bb button_two_border_color__hover_enabled=\u00bboff\u00bb button_one_border_radius__hover_enabled=\u00bboff\u00bb button_two_border_radius__hover_enabled=\u00bboff\u00bb button_one_letter_spacing__hover_enabled=\u00bboff\u00bb button_two_letter_spacing__hover_enabled=\u00bboff\u00bb button_one_bg_color__hover_enabled=\u00bboff\u00bb button_two_bg_color__hover_enabled=\u00bboff\u00bb][\/et_pb_fullwidth_header][\/et_pb_section][et_pb_section fb_built=\u00bb1&#8243; _builder_version=\u00bb4.2.2&#8243; global_colors_info=\u00bb{}\u00bb][et_pb_row _builder_version=\u00bb4.2.2&#8243; global_colors_info=\u00bb{}\u00bb][et_pb_column type=\u00bb4_4&#8243; _builder_version=\u00bb4.2.2&#8243; global_colors_info=\u00bb{}\u00bb][et_pb_text _builder_version=\u00bb4.7.3&#8243; text_font=\u00bb|700|||||||\u00bb text_text_color=\u00bb#000000&#8243; text_font_size=\u00bb26px\u00bb global_colors_info=\u00bb{}\u00bb]<\/p>\n<p>Politica de confiden\u0163ialitate<\/p>\n<p>[\/et_pb_text][et_pb_text _builder_version=\u00bb4.10.5&#8243; text_text_color=\u00bb#000000&#8243; text_font_size=\u00bb18px\u00bb text_line_height=\u00bb1.2em\u00bb text_orientation=\u00bbjustified\u00bb hover_enabled=\u00bb0&#8243; global_colors_info=\u00bb{}\u00bb sticky_enabled=\u00bb0&#8243;]<\/p>\n<p>\u00cen conformitate cu prevederile Regulamentului General privind Protec\u021bia Datelor, datele cu caracter personal furnizate vor fi prelucrate de Pipote SL., cu CIF B84959113, pentru a gestiona rela\u021bia cu clientul \u0219i facturarea \u0219i colectarea serviciilor noastre. Furnizarea de date \u00een acest scop este obligatorie, altfel \u00eempiedic\u00e2nd furnizarea serviciului \u0219i \u00eendeplinirea contractului. Datele de contact ale acestei entit\u0103\u021bi sunt urm\u0103toarele: C \/ Raimundo Fdez. Villaverde 45, 28003 &#8211; Madrid, E-mail: info@landfillsolutions.eu.<\/p>\n<p>Datele vor fi tratate pe baza rela\u021biei contractuale men\u021binute de p\u0103r\u021bi \u0219i vor fi p\u0103strate at\u00e2t timp c\u00e2t contractul este \u00een vigoare. Odat\u0103 ce rela\u021bia men\u021bionat\u0103 s-a \u00eencheiat, acolo unde este cazul, datele pot fi p\u0103strate pentru timpul solicitat de legisla\u021bia aplicabil\u0103 \u0219i p\u00e2n\u0103 c\u00e2nd sunt prescrise eventualele responsabilit\u0103\u021bi derivate din contract.<\/p>\n<p>\u00cen scopul indicat, datele dvs. vor fi transferate c\u0103tre Administra\u021biile Publice competente, \u00een cazurile prev\u0103zute de lege \u0219i \u00een scopurile definite \u00een aceasta, \u0219i c\u0103tre entit\u0103\u021bile financiare prin care se articuleaz\u0103 gestionarea \u00eencas\u0103rilor \u0219i pl\u0103\u021bilor.<\/p>\n<p>\u00cen acela\u0219i mod, datele vor fi prelucrate pentru trimiterea de comunic\u0103ri comerciale ale serviciilor noastre, cu excep\u021bia cazului \u00een care v\u0103 exprima\u021bi voin\u021ba \u00eempotriva prin orice mijloace. \u00cen orice caz, autoriza\u021bia de prelucrare a datelor dvs. \u00een acest scop este voluntar\u0103 \u0219i refuzul dvs. ar avea ca rezultat doar faptul c\u0103 nu a\u021bi primi oferte comerciale pentru serviciile noastre. Datele pentru trimiterea de comunic\u0103ri comerciale ale serviciilor noastre vor fi p\u0103strate pe termen nelimitat, p\u00e2n\u0103 c\u00e2nd, dup\u0103 caz, v\u0103 exprima\u021bi dorin\u021ba de a le \u0219terge.<\/p>\n<p>Drepturile de acces, rectificare, \u0219tergere, limitare, portabilitate \u0219i opozi\u021bie pot fi exercitate \u00een scris, la care este ata\u0219at\u0103 o copie a DNI, adresat\u0103 la adresa de contact (at\u00e2t fizic\u0103, c\u00e2t \u0219i electronic\u0103) men\u021bionat\u0103 mai sus. \u00cen cazul oric\u0103rei posibile \u00eenc\u0103lc\u0103ri a drepturilor dvs., pute\u021bi depune o cerere la Agen\u021bia Spaniol\u0103 pentru Protec\u021bia Datelor.<\/p>\n<p>\u00cen cazul \u00een care au fost furnizate date de la ter\u021bi, este responsabilitatea oricui face acest lucru s\u0103 \u00eei informeze cu privire la tot ceea ce este stabilit \u00een aceast\u0103 clauz\u0103 \u0219i, \u00een special, cu privire la dispozi\u021biile articolului 14 din Regulamentul General Privind Protec\u021bia Datelor \u0219i s\u0103 le fi ob\u021binut acordul prealabil pentru a face acest lucru.<\/p>\n<p>[\/et_pb_text][\/et_pb_column][\/et_pb_row][\/et_pb_section][et_pb_section fb_built=\u00bb1&#8243; fullwidth=\u00bbon\u00bb _builder_version=\u00bb4.8.2&#8243; background_color=\u00bbrgba(0,126,61,0.32)\u00bb width=\u00bb100%\u00bb max_width=\u00bb100%\u00bb custom_margin=\u00bb||||false|false\u00bb custom_padding=\u00bb0.5%||||false|false\u00bb global_module=\u00bb1767&#8243; global_colors_info=\u00bb{}\u00bb][\/et_pb_section]<\/p>\n","protected":false},"excerpt":{"rendered":"<p>Politica de confiden\u0163ialitate\u00cen conformitate cu prevederile Regulamentului General privind Protec\u021bia Datelor, datele cu caracter personal furnizate vor fi prelucrate de Pipote SL., cu CIF B84959113, pentru a gestiona rela\u021bia cu clientul \u0219i facturarea \u0219i colectarea serviciilor noastre. Furnizarea de date \u00een acest scop este obligatorie, altfel \u00eempiedic\u00e2nd furnizarea serviciului \u0219i \u00eendeplinirea contractului. Datele de contact [&hellip;]<\/p>\n","protected":false},"author":3,"featured_media":0,"parent":0,"menu_order":0,"comment_status":"closed","ping_status":"closed","template":"","meta":{"_et_pb_use_builder":"on","_et_pb_old_content":"","_et_gb_content_width":""},"_links":{"self":[{"href":"https:\/\/landfillsolutions.es\/ro\/wp-json\/wp\/v2\/pages\/905"}],"collection":[{"href":"https:\/\/landfillsolutions.es\/ro\/wp-json\/wp\/v2\/pages"}],"about":[{"href":"https:\/\/landfillsolutions.es\/ro\/wp-json\/wp\/v2\/types\/page"}],"author":[{"embeddable":true,"href":"https:\/\/landfillsolutions.es\/ro\/wp-json\/wp\/v2\/users\/3"}],"replies":[{"embeddable":true,"href":"https:\/\/landfillsolutions.es\/ro\/wp-json\/wp\/v2\/comments?post=905"}],"version-history":[{"count":15,"href":"https:\/\/landfillsolutions.es\/ro\/wp-json\/wp\/v2\/pages\/905\/revisions"}],"predecessor-version":[{"id":255409,"href":"https:\/\/landfillsolutions.es\/ro\/wp-json\/wp\/v2\/pages\/905\/revisions\/255409"}],"wp:attachment":[{"href":"https:\/\/landfillsolutions.es\/ro\/wp-json\/wp\/v2\/media?parent=905"}],"curies":[{"name":"wp","href":"https:\/\/api.w.org\/{rel}","templated":true}]}}