{"id":907,"date":"2020-01-27T12:54:21","date_gmt":"2020-01-27T12:54:21","guid":{"rendered":"http:\/\/landfillsolutions.eu\/?page_id=907"},"modified":"2021-09-03T11:09:45","modified_gmt":"2021-09-03T11:09:45","slug":"politica-privind-cookie-urile","status":"publish","type":"page","link":"https:\/\/landfillsolutions.es\/ro\/politica-privind-cookie-urile\/","title":{"rendered":"Politica privind cookie-urile"},"content":{"rendered":"<p>[et_pb_section fb_built=\u00bb1&#8243; fullwidth=\u00bbon\u00bb _builder_version=\u00bb4.4.8&#8243; background_enable_color=\u00bboff\u00bb use_background_color_gradient=\u00bbon\u00bb background_color_gradient_start=\u00bbrgba(255,255,255,0.66)\u00bb background_color_gradient_end=\u00bb#29c695&#8243; background_image=\u00bbhttps:\/\/landfillsolutions.es\/ro\/wp-content\/uploads\/2020\/01\/meadow-3743023_1920.jpg\u00bb background_position=\u00bbbottom_center\u00bb custom_padding=\u00bb0px|0px|0px|0px\u00bb filter_saturate=\u00bb111%\u00bb locked=\u00bboff\u00bb global_colors_info=\u00bb{}\u00bb][et_pb_fullwidth_header title=\u00bbPolitica Privind Cookie-urile\u00bb text_orientation=\u00bbcenter\u00bb header_scroll_down=\u00bbon\u00bb scroll_down_icon=\u00bb%%1%%\u00bb _builder_version=\u00bb4.7.3&#8243; title_font=\u00bb|700|||||||\u00bb title_text_color=\u00bb#ffffff\u00bb title_font_size=\u00bb50px\u00bb content_font=\u00bb||||||||\u00bb background_color=\u00bbrgba(255,255,255,0.7)\u00bb use_background_color_gradient=\u00bbon\u00bb background_color_gradient_start=\u00bbrgba(0,126,61,0.41)\u00bb background_color_gradient_end=\u00bbrgba(54,40,131,0.22)\u00bb background_enable_image=\u00bboff\u00bb background_layout=\u00bblight\u00bb custom_margin=\u00bb|||\u00bb custom_padding=\u00bb100px||150px|\u00bb custom_padding_tablet=\u00bb\u00bb custom_padding_phone=\u00bb12%||12%||true|false\u00bb custom_padding_last_edited=\u00bbon|phone\u00bb title_font_size_tablet=\u00bb\u00bb title_font_size_phone=\u00bb30px\u00bb title_font_size_last_edited=\u00bbon|phone\u00bb global_colors_info=\u00bb{}\u00bb button_one_text_size__hover_enabled=\u00bboff\u00bb button_two_text_size__hover_enabled=\u00bboff\u00bb button_one_text_color__hover_enabled=\u00bboff\u00bb button_two_text_color__hover_enabled=\u00bboff\u00bb button_one_border_width__hover_enabled=\u00bboff\u00bb button_two_border_width__hover_enabled=\u00bboff\u00bb button_one_border_color__hover_enabled=\u00bboff\u00bb button_two_border_color__hover_enabled=\u00bboff\u00bb button_one_border_radius__hover_enabled=\u00bboff\u00bb button_two_border_radius__hover_enabled=\u00bboff\u00bb button_one_letter_spacing__hover_enabled=\u00bboff\u00bb button_two_letter_spacing__hover_enabled=\u00bboff\u00bb button_one_bg_color__hover_enabled=\u00bboff\u00bb button_two_bg_color__hover_enabled=\u00bboff\u00bb][\/et_pb_fullwidth_header][\/et_pb_section][et_pb_section fb_built=\u00bb1&#8243; _builder_version=\u00bb4.2.2&#8243; global_colors_info=\u00bb{}\u00bb][et_pb_row _builder_version=\u00bb4.2.2&#8243; global_colors_info=\u00bb{}\u00bb][et_pb_column type=\u00bb4_4&#8243; _builder_version=\u00bb4.2.2&#8243; global_colors_info=\u00bb{}\u00bb][et_pb_text _builder_version=\u00bb4.7.3&#8243; text_font=\u00bb|700|||||||\u00bb text_text_color=\u00bb#000000&#8243; text_font_size=\u00bb24px\u00bb global_colors_info=\u00bb{}\u00bb]<\/p>\n<p>Politica de utilizare cookie-uri landfillsolutions<\/p>\n<p>[\/et_pb_text][et_pb_text _builder_version=\u00bb4.10.5&#8243; text_text_color=\u00bb#000000&#8243; text_font_size=\u00bb18px\u00bb text_line_height=\u00bb1.2em\u00bb text_orientation=\u00bbjustified\u00bb hover_enabled=\u00bb0&#8243; global_colors_info=\u00bb{}\u00bb sticky_enabled=\u00bb0&#8243;]<\/p>\n<p>Un Cookie este un fi\u0219ier care este desc\u0103rcat pe computerul dvs. atunci c\u00e2nd accesa\u021bi anumite pagini web. Cookie-urile permit unei pagini web, printre altele, s\u0103 stocheze \u0219i s\u0103 recupereze informa\u021bii despre obiceiurile de navigare ale unui utilizator sau ale echipamentului acestuia \u0219i, \u00een func\u021bie de informa\u021biile pe care le con\u021bin \u0219i de modul \u00een care \u00ee\u0219i utilizeaz\u0103 echipamentul, pot fi utilizate pentru a recunoa\u0219te utilizatorului. Browserul utilizatorului memoreaz\u0103 cookie-urile de pe hard disk numai \u00een timpul sesiunii curente, ocup\u00e2nd un spa\u021biu minim de memorie \u0219i f\u0103r\u0103 a afecta computerul. Cookie-urile nu con\u021bin niciun fel de informa\u021bii personale specifice, iar majoritatea sunt \u0219terse de pe hard disk la sf\u00e2r\u0219itul sesiunii browserului (a\u0219a-numitele cookie-uri de sesiune).<\/p>\n<p>Majoritatea browserelor accept\u0103 cookie-urile ca standard \u0219i, indiferent de acestea, permit sau previn cookie-urile temporare sau memorate \u00een set\u0103rile de securitate.<\/p>\n<p>F\u0103r\u0103 consim\u021b\u0103m\u00e2ntul dumneavoastr\u0103 expres &#8211; prin activarea cookie-urilor \u00een browserul dvs. &#8211; XXXXX nu va lega \u00een cookie-urile datele stocate cu datele dvs. personale furnizate \u00een momentul \u00eenregistr\u0103rii sau cump\u0103r\u0103rii.<\/p>\n<p>Exemple de cookie-uri pe care site-urile web le pot utiliza?<\/p>\n<p>&#8211; Cookie-uri tehnice: Acestea sunt cele care permit utilizatorului s\u0103 navigheze printr-o pagin\u0103 web, platform\u0103 sau aplica\u021bie \u0219i s\u0103 utilizeze diferitele op\u021biuni sau servicii care exist\u0103 \u00een ea, cum ar fi, de exemplu, controlul traficului \u0219i comunicarea datelor, identificarea sesiune, accesa\u021bi p\u0103r\u021bi de acces restric\u021bionat, aminti\u021bi-v\u0103 elementele care alc\u0103tuiesc o comand\u0103, efectua\u021bi procesul de cump\u0103rare a unei comenzi, face\u021bi cererea de \u00eenregistrare sau participare la un eveniment, utiliza\u021bi elemente de securitate \u00een timpul navig\u0103rii, stoca\u021bi con\u021binutul difuzarea de videoclipuri sau sunet sau partajarea de con\u021binut prin intermediul re\u021belelor sociale.<\/p>\n<p>&#8211; Cookie-uri de personalizare: Acestea sunt cele care permit utilizatorului s\u0103 acceseze serviciul cu unele caracteristici generale predefinite pe baza unei serii de criterii din terminalul utilizatorului, cum ar fi limba, tipul de browser prin care utilizatorul acceseaz\u0103 serviciu, localizarea de unde accesa\u021bi serviciul etc.<\/p>\n<p>&#8211; Cookie-uri de analiz\u0103: sunt cele care sunt bine tratate de c\u0103tre noi sau de c\u0103tre ter\u021bi, ne permit s\u0103 cuantific\u0103m num\u0103rul de utilizatori \u0219i astfel s\u0103 efectu\u0103m m\u0103surarea statistic\u0103 \u0219i analiza utiliz\u0103rii pe care utilizatorii o fac de serviciul oferit. Pentru aceasta, navigarea dvs. pe site-ul nostru web este analizat\u0103 pentru a \u00eembun\u0103t\u0103\u021bi oferta de produse sau servicii pe care vi le oferim.<\/p>\n<p>&#8211; Cookie-uri publicitare: Acestea sunt cele care, bine tratate de noi sau de ter\u021bi, ne permit s\u0103 gestion\u0103m \u00een cel mai eficient mod posibil oferta de spa\u021bii publicitare de pe site, adapt\u00e2nd con\u021binutul reclamei la con\u021binutul serviciului solicitat sau la folosi\u021bi-v\u0103 pe site-ul nostru. Pentru aceasta putem analiza obiceiurile dvs. de navigare pe Internet \u0219i v\u0103 putem ar\u0103ta publicitate legat\u0103 de profilul dvs. de navigare.<\/p>\n<p>&#8211; Cookie-uri publicitare comportamentale: Acestea sunt cele care permit gestionarea, \u00een cel mai eficient mod posibil, a spa\u021biilor publicitare pe care, dup\u0103 caz, editorul le-a inclus \u00eentr-o pagin\u0103 web, aplica\u021bie sau platform\u0103 de pe care este furnizat serviciul solicitat. Aceste cookie-uri stocheaz\u0103 informa\u021bii despre comportamentul utilizatorilor ob\u021binute prin observarea continu\u0103 a obiceiurilor lor de navigare, ceea ce permite dezvoltarea unui profil specific pentru a afi\u0219a publicitate pe baza acestuia.<br \/>Cookie-uri ter\u021b\u0103 parte: Site-ul web www.landfillsolutions.eu poate utiliza servicii ter\u021be care, \u00een numele www.landfillsolutions.eu, vor colecta informa\u021bii \u00een scopuri statistice, cu privire la utilizarea site-ului de c\u0103tre utilizator \u0219i pentru furnizarea altor servicii legate de Activitatea site-ului web \u0219i alte servicii de internet.<\/p>\n<p>\u00cen special, acest site web folose\u0219te Google Analytics, un serviciu de analiz\u0103 web furnizat de Google, Inc. domiciliat \u00een Statele Unite cu sediul la 1600 Amphitheatre Parkway, Mountain View, California 94043. Pentru furnizarea acestor servicii, ace\u0219tia folosesc Cookie-uri care colecteaz\u0103 informa\u021bii, inclusiv adresa IP a utilizatorului, care vor fi transmise, procesate \u0219i stocate de Google \u00een termenii stabili\u021bi pe site-ul Google.com. Inclusiv posibila transmitere a informa\u021biilor respective c\u0103tre ter\u021bi din motive de cerin\u021b\u0103 legal\u0103 sau atunci c\u00e2nd ter\u021bii men\u021biona\u021bi proceseaz\u0103 informa\u021biile \u00een numele Google.<\/p>\n<p>Utilizatorul accept\u0103 \u00een mod expres, prin utilizarea acestui site, tratamentul informa\u021biilor colectate \u00een modul \u0219i \u00een scopurile men\u021bionate mai sus. \u0218i recunoa\u0219te, de asemenea, cunoa\u0219terea posibilit\u0103\u021bii de a respinge tratamentul unor astfel de date sau informa\u021bii prin respingerea utiliz\u0103rii cookie-urilor prin selectarea set\u0103rilor adecvate \u00een acest scop \u00een browserul dvs. De\u0219i aceast\u0103 op\u021biune de blocare a cookie-urilor din browserul dvs. poate s\u0103 nu v\u0103 permit\u0103 s\u0103 utiliza\u021bi pe deplin toate func\u021bionalit\u0103\u021bile site-ului.<\/p>\n<p>Pute\u021bi permite, bloca sau \u0219terge cookie-urile instalate pe computerul dvs. configur\u00e2nd op\u021biunile browserului instalate pe computer:<\/p>\n<p>Chrome<br \/>Explorator<br \/>Firefox<br \/>Safari<\/p>\n<p>[\/et_pb_text][\/et_pb_column][\/et_pb_row][\/et_pb_section][et_pb_section fb_built=\u00bb1&#8243; fullwidth=\u00bbon\u00bb _builder_version=\u00bb4.8.2&#8243; background_color=\u00bbrgba(0,126,61,0.32)\u00bb width=\u00bb100%\u00bb max_width=\u00bb100%\u00bb custom_margin=\u00bb||||false|false\u00bb custom_padding=\u00bb0.5%||||false|false\u00bb global_module=\u00bb1767&#8243; global_colors_info=\u00bb{}\u00bb][\/et_pb_section]<\/p>\n","protected":false},"excerpt":{"rendered":"<p>Politica de utilizare cookie-uri landfillsolutionsUn Cookie este un fi\u0219ier care este desc\u0103rcat pe computerul dvs. atunci c\u00e2nd accesa\u021bi anumite pagini web. Cookie-urile permit unei pagini web, printre altele, s\u0103 stocheze \u0219i s\u0103 recupereze informa\u021bii despre obiceiurile de navigare ale unui utilizator sau ale echipamentului acestuia \u0219i, \u00een func\u021bie de informa\u021biile pe care le con\u021bin \u0219i [&hellip;]<\/p>\n","protected":false},"author":3,"featured_media":0,"parent":0,"menu_order":0,"comment_status":"closed","ping_status":"closed","template":"","meta":{"_et_pb_use_builder":"on","_et_pb_old_content":"","_et_gb_content_width":""},"_links":{"self":[{"href":"https:\/\/landfillsolutions.es\/ro\/wp-json\/wp\/v2\/pages\/907"}],"collection":[{"href":"https:\/\/landfillsolutions.es\/ro\/wp-json\/wp\/v2\/pages"}],"about":[{"href":"https:\/\/landfillsolutions.es\/ro\/wp-json\/wp\/v2\/types\/page"}],"author":[{"embeddable":true,"href":"https:\/\/landfillsolutions.es\/ro\/wp-json\/wp\/v2\/users\/3"}],"replies":[{"embeddable":true,"href":"https:\/\/landfillsolutions.es\/ro\/wp-json\/wp\/v2\/comments?post=907"}],"version-history":[{"count":16,"href":"https:\/\/landfillsolutions.es\/ro\/wp-json\/wp\/v2\/pages\/907\/revisions"}],"predecessor-version":[{"id":255407,"href":"https:\/\/landfillsolutions.es\/ro\/wp-json\/wp\/v2\/pages\/907\/revisions\/255407"}],"wp:attachment":[{"href":"https:\/\/landfillsolutions.es\/ro\/wp-json\/wp\/v2\/media?parent=907"}],"curies":[{"name":"wp","href":"https:\/\/api.w.org\/{rel}","templated":true}]}}